{"id":133,"date":"2017-08-03T09:47:39","date_gmt":"2017-08-03T09:47:39","guid":{"rendered":"http:\/\/art-badkrozingen.de\/?page_id=133"},"modified":"2021-04-07T07:38:31","modified_gmt":"2021-04-07T07:38:31","slug":"renate-keller","status":"publish","type":"page","link":"http:\/\/art-badkrozingen.de\/?page_id=133","title":{"rendered":"Renate Keller"},"content":{"rendered":"<p>&nbsp;<\/p>\n<h4>Malerin<\/h4>\n<p>Geboren 1950, in Staufen aufgewachsen und jetzt wohnhaft in Bad Krozingen, malt seit ihrer Jugend.<img loading=\"lazy\" class=\"wp-image-3818 alignright\" src=\"https:\/\/art-badkrozingen.de\/wp-content\/uploads\/2021\/04\/20210406_164537-e1617779663343.jpg\" alt=\"\" width=\"249\" height=\"296\"><br \/>\nZuerst als Abteilungsleiterin im Einzelhandel t\u00e4tig, nach Umschulung im elterlichen Betrieb als Kachelofenbauerin gearbeitet hat sie sp\u00e4ter auf dem G\u00fctertransportschiff ihres Mannes den Steuermann ersetzt.<\/p>\n<p>\u00dcber die eigene Kunstgalerie in den 90er Jahren wieder zur Malerei zur\u00fcck gekehrt. Zun\u00e4chst als Autodidaktin surrealistisch orientiert und mit diversen Farben und Materialien experimentiert.<\/p>\n<p>Nach Seminaren bei verschiedenen K\u00fcnstlern zur impressionistischen \u00d6lmalerei gefunden.<br \/>\nMalen ist f\u00fcr sie die M\u00f6glichkeit, auf emotionale Art Gef\u00fchle und Eindr\u00fccke wieder zu geben. Sie findet,<br \/>\nFarben dr\u00fccken Stimmungen aus, vermitteln Freude beim Malen und k\u00f6nnen auch beim Betrachter<br \/>\nEmotionen ausl\u00f6sen. Die Malerei bedeutet f\u00fcr sie eine Bereicherung f\u00fcr ihr Leben.<\/p>\n<p>Sie ist \u00fcber folgende e-mail-Adresse zu erreichen: <a href=\"mailto:renatekeller@gmx.net\">renatekeller@gmx.net<\/a><\/p>\n<!-- index.php -->\n<div\n\tclass=\"ngg-galleryoverview ngg-ajax-pagination-none\"\n\tid=\"ngg-gallery-98ac3059514001786d71d6b704bf446a-1\">\n\n    \t<div class=\"slideshowlink\">\n        <a href='http:\/\/art-badkrozingen.de\/index.php\/nggallery\/slideshow?page_id=133'>&#091;Zeige eine Slideshow&#093;<\/a>\n\t\t\n\t<\/div>\n\t\t\t<!-- Thumbnails -->\n\t\t\t\t<div id=\"ngg-image-0\" class=\"ngg-gallery-thumbnail-box\" >\n\t\t\t\t        <div class=\"ngg-gallery-thumbnail\">\n            <a href=\"http:\/\/art-badkrozingen.de\/wp-content\/gallery\/renate-keller-galerie\/20210406_151110-scaled-e1617779555190.jpg\"\n               title=\"\"\n               data-src=\"http:\/\/art-badkrozingen.de\/wp-content\/gallery\/renate-keller-galerie\/20210406_151110-scaled-e1617779555190.jpg\"\n               data-thumbnail=\"http:\/\/art-badkrozingen.de\/wp-content\/gallery\/renate-keller-galerie\/thumbs\/thumbs_20210406_151110-scaled-e1617779555190.jpg\"\n               data-image-id=\"511\"\n               data-title=\"20210406_151110-scaled-e1617779555190\"\n               data-description=\"\"\n               data-image-slug=\"20210406_151110-scaled-e1617779555190\"\n               class=\"ngg-fancybox\" rel=\"98ac3059514001786d71d6b704bf446a\">\n                <img\n                    title=\"20210406_151110-scaled-e1617779555190\"\n                    alt=\"20210406_151110-scaled-e1617779555190\"\n                    src=\"http:\/\/art-badkrozingen.de\/wp-content\/gallery\/renate-keller-galerie\/thumbs\/thumbs_20210406_151110-scaled-e1617779555190.jpg\"\n                    width=\"200\"\n                    height=\"155\"\n                    style=\"max-width:100%;\"\n                \/>\n            <\/a>\n        <\/div>\n\t\t\t\t\t\t\t<\/div> \n\t\t\t\n        \n\t\t\t\t<div id=\"ngg-image-1\" class=\"ngg-gallery-thumbnail-box\" >\n\t\t\t\t        <div class=\"ngg-gallery-thumbnail\">\n            <a href=\"http:\/\/art-badkrozingen.de\/wp-content\/gallery\/renate-keller-galerie\/20210406_151227-scaled-e1617779611175.jpg\"\n               title=\"\"\n               data-src=\"http:\/\/art-badkrozingen.de\/wp-content\/gallery\/renate-keller-galerie\/20210406_151227-scaled-e1617779611175.jpg\"\n               data-thumbnail=\"http:\/\/art-badkrozingen.de\/wp-content\/gallery\/renate-keller-galerie\/thumbs\/thumbs_20210406_151227-scaled-e1617779611175.jpg\"\n               data-image-id=\"512\"\n               data-title=\"20210406_151227-scaled-e1617779611175\"\n               data-description=\"\"\n               data-image-slug=\"20210406_151227-scaled-e1617779611175\"\n               class=\"ngg-fancybox\" rel=\"98ac3059514001786d71d6b704bf446a\">\n                <img\n                    title=\"20210406_151227-scaled-e1617779611175\"\n                    alt=\"20210406_151227-scaled-e1617779611175\"\n                    src=\"http:\/\/art-badkrozingen.de\/wp-content\/gallery\/renate-keller-galerie\/thumbs\/thumbs_20210406_151227-scaled-e1617779611175.jpg\"\n                    width=\"200\"\n                    height=\"155\"\n                    style=\"max-width:100%;\"\n                \/>\n            <\/a>\n        <\/div>\n\t\t\t\t\t\t\t<\/div> \n\t\t\t\n        \n\t\t\t\t<div id=\"ngg-image-2\" class=\"ngg-gallery-thumbnail-box\" >\n\t\t\t\t        <div class=\"ngg-gallery-thumbnail\">\n            <a href=\"http:\/\/art-badkrozingen.de\/wp-content\/gallery\/renate-keller-galerie\/20210406_163541-scaled-e1617779641169.jpg\"\n               title=\"\"\n               data-src=\"http:\/\/art-badkrozingen.de\/wp-content\/gallery\/renate-keller-galerie\/20210406_163541-scaled-e1617779641169.jpg\"\n               data-thumbnail=\"http:\/\/art-badkrozingen.de\/wp-content\/gallery\/renate-keller-galerie\/thumbs\/thumbs_20210406_163541-scaled-e1617779641169.jpg\"\n               data-image-id=\"513\"\n               data-title=\"20210406_163541-scaled-e1617779641169\"\n               data-description=\"\"\n               data-image-slug=\"20210406_163541-scaled-e1617779641169\"\n               class=\"ngg-fancybox\" rel=\"98ac3059514001786d71d6b704bf446a\">\n                <img\n                    title=\"20210406_163541-scaled-e1617779641169\"\n                    alt=\"20210406_163541-scaled-e1617779641169\"\n                    src=\"http:\/\/art-badkrozingen.de\/wp-content\/gallery\/renate-keller-galerie\/thumbs\/thumbs_20210406_163541-scaled-e1617779641169.jpg\"\n                    width=\"200\"\n                    height=\"155\"\n                    style=\"max-width:100%;\"\n                \/>\n            <\/a>\n        <\/div>\n\t\t\t\t\t\t\t<\/div> \n\t\t\t\n        \n\t\t\t\t<div id=\"ngg-image-3\" class=\"ngg-gallery-thumbnail-box\" >\n\t\t\t\t        <div class=\"ngg-gallery-thumbnail\">\n            <a href=\"http:\/\/art-badkrozingen.de\/wp-content\/gallery\/renate-keller-galerie\/20200511_133334-scaled-e1617779685418.jpg\"\n               title=\"\"\n               data-src=\"http:\/\/art-badkrozingen.de\/wp-content\/gallery\/renate-keller-galerie\/20200511_133334-scaled-e1617779685418.jpg\"\n               data-thumbnail=\"http:\/\/art-badkrozingen.de\/wp-content\/gallery\/renate-keller-galerie\/thumbs\/thumbs_20200511_133334-scaled-e1617779685418.jpg\"\n               data-image-id=\"514\"\n               data-title=\"20200511_133334-scaled-e1617779685418\"\n               data-description=\"\"\n               data-image-slug=\"20200511_133334-scaled-e1617779685418\"\n               class=\"ngg-fancybox\" rel=\"98ac3059514001786d71d6b704bf446a\">\n                <img\n                    title=\"20200511_133334-scaled-e1617779685418\"\n                    alt=\"20200511_133334-scaled-e1617779685418\"\n                    src=\"http:\/\/art-badkrozingen.de\/wp-content\/gallery\/renate-keller-galerie\/thumbs\/thumbs_20200511_133334-scaled-e1617779685418.jpg\"\n                    width=\"200\"\n                    height=\"155\"\n                    style=\"max-width:100%;\"\n                \/>\n            <\/a>\n        <\/div>\n\t\t\t\t\t\t\t<\/div> \n\t\t\t\n        \n\t\t\t\t<div id=\"ngg-image-4\" class=\"ngg-gallery-thumbnail-box\" >\n\t\t\t\t        <div class=\"ngg-gallery-thumbnail\">\n            <a href=\"http:\/\/art-badkrozingen.de\/wp-content\/gallery\/renate-keller-galerie\/20210406_144140-scaled-e1617779704688.jpg\"\n               title=\"\"\n               data-src=\"http:\/\/art-badkrozingen.de\/wp-content\/gallery\/renate-keller-galerie\/20210406_144140-scaled-e1617779704688.jpg\"\n               data-thumbnail=\"http:\/\/art-badkrozingen.de\/wp-content\/gallery\/renate-keller-galerie\/thumbs\/thumbs_20210406_144140-scaled-e1617779704688.jpg\"\n               data-image-id=\"515\"\n               data-title=\"20210406_144140-scaled-e1617779704688\"\n               data-description=\"\"\n               data-image-slug=\"20210406_144140-scaled-e1617779704688\"\n               class=\"ngg-fancybox\" rel=\"98ac3059514001786d71d6b704bf446a\">\n                <img\n                    title=\"20210406_144140-scaled-e1617779704688\"\n                    alt=\"20210406_144140-scaled-e1617779704688\"\n                    src=\"http:\/\/art-badkrozingen.de\/wp-content\/gallery\/renate-keller-galerie\/thumbs\/thumbs_20210406_144140-scaled-e1617779704688.jpg\"\n                    width=\"200\"\n                    height=\"155\"\n                    style=\"max-width:100%;\"\n                \/>\n            <\/a>\n        <\/div>\n\t\t\t\t\t\t\t<\/div> \n\t\t\t\n        \n\t\t\n\t\t<!-- Pagination -->\n\t<div class='ngg-clear'><\/div>\t<\/div>\n\n<p>&nbsp;<\/p>\n<p>&nbsp;<\/p>\n<p>&nbsp;<\/p>\n<p>&nbsp;<\/p>\n","protected":false},"excerpt":{"rendered":"<p>&nbsp; Malerin Geboren 1950, in Staufen aufgewachsen und jetzt wohnhaft in Bad Krozingen, malt seit ihrer Jugend. Zuerst als Abteilungsleiterin im Einzelhandel t\u00e4tig, nach Umschulung im elterlichen Betrieb als Kachelofenbauerin gearbeitet hat sie sp\u00e4ter auf dem G\u00fctertransportschiff ihres Mannes den Steuermann ersetzt. \u00dcber die eigene Kunstgalerie in den 90er Jahren wieder zur Malerei zur\u00fcck gekehrt. [&hellip;]<\/p>\n","protected":false},"author":1,"featured_media":0,"parent":0,"menu_order":0,"comment_status":"closed","ping_status":"closed","template":"","meta":{"ngg_post_thumbnail":0},"_links":{"self":[{"href":"http:\/\/art-badkrozingen.de\/index.php?rest_route=\/wp\/v2\/pages\/133"}],"collection":[{"href":"http:\/\/art-badkrozingen.de\/index.php?rest_route=\/wp\/v2\/pages"}],"about":[{"href":"http:\/\/art-badkrozingen.de\/index.php?rest_route=\/wp\/v2\/types\/page"}],"author":[{"embeddable":true,"href":"http:\/\/art-badkrozingen.de\/index.php?rest_route=\/wp\/v2\/users\/1"}],"replies":[{"embeddable":true,"href":"http:\/\/art-badkrozingen.de\/index.php?rest_route=%2Fwp%2Fv2%2Fcomments&post=133"}],"version-history":[{"count":25,"href":"http:\/\/art-badkrozingen.de\/index.php?rest_route=\/wp\/v2\/pages\/133\/revisions"}],"predecessor-version":[{"id":192,"href":"http:\/\/art-badkrozingen.de\/index.php?rest_route=\/wp\/v2\/pages\/133\/revisions\/192"}],"wp:attachment":[{"href":"http:\/\/art-badkrozingen.de\/index.php?rest_route=%2Fwp%2Fv2%2Fmedia&parent=133"}],"curies":[{"name":"wp","href":"https:\/\/api.w.org\/{rel}","templated":true}]}}