{"id":1407,"date":"2017-09-29T16:08:20","date_gmt":"2017-09-29T16:08:20","guid":{"rendered":"http:\/\/art-badkrozingen.de\/?page_id=1407"},"modified":"2021-06-20T14:08:18","modified_gmt":"2021-06-20T14:08:18","slug":"gesa-friede","status":"publish","type":"page","link":"http:\/\/art-badkrozingen.de\/?page_id=1407","title":{"rendered":"Gesa Friede"},"content":{"rendered":"<h4>Malerin<\/h4>\n<p><img loading=\"lazy\" class=\"size-full wp-image-1435 alignright\" src=\"http:\/\/art-badkrozingen.de\/wp-content\/uploads\/2017\/09\/GesaFriede4.jpg\" alt=\"\" width=\"267\" height=\"200\"><\/p>\n<p>geb. 1963 in Ansbach<\/p>\n<p>1983 &#8211; 1990 Studium der Germanistik, Philosophie und Geschichte an der Universit\u00e4t Freiburg;<br \/>\n1986 &#8211; 1991 Studium an der Freien Akademie f\u00fcr Bildende K\u00fcnste, Freiburg und an der Kunstakademie D\u00fcsseldorf;<br \/>\n1997 Kunstpreis der Stadt Euskirchen.&nbsp;<\/p>\n<p><a href=\"mailto:gesa23@outlook.de\">gesa23@outlook.de<\/a><\/p>\n<h4>&nbsp;&nbsp;<\/h4>\n<p>&nbsp;<\/p>\n<p><img loading=\"lazy\" class=\"alignnone size-full wp-image-1522\" src=\"http:\/\/art-badkrozingen.de\/wp-content\/uploads\/2017\/09\/GesaFriede21.jpg\" alt=\"\" width=\"381\" height=\"377\" srcset=\"http:\/\/art-badkrozingen.de\/wp-content\/uploads\/2017\/09\/GesaFriede21.jpg 381w, http:\/\/art-badkrozingen.de\/wp-content\/uploads\/2017\/09\/GesaFriede21-300x297.jpg 300w\" sizes=\"(max-width: 381px) 100vw, 381px\" \/><img loading=\"lazy\" class=\"alignnone size-full wp-image-1523\" src=\"http:\/\/art-badkrozingen.de\/wp-content\/uploads\/2017\/09\/GesaFriede22.jpg\" alt=\"\" width=\"381\" height=\"255\" srcset=\"http:\/\/art-badkrozingen.de\/wp-content\/uploads\/2017\/09\/GesaFriede22.jpg 381w, http:\/\/art-badkrozingen.de\/wp-content\/uploads\/2017\/09\/GesaFriede22-300x201.jpg 300w\" sizes=\"(max-width: 381px) 100vw, 381px\" \/><\/p>\n","protected":false},"excerpt":{"rendered":"<p>Malerin geb. 1963 in Ansbach 1983 &#8211; 1990 Studium der Germanistik, Philosophie und Geschichte an der Universit\u00e4t Freiburg; 1986 &#8211; 1991 Studium an der Freien Akademie f\u00fcr Bildende K\u00fcnste, Freiburg und an der Kunstakademie D\u00fcsseldorf; 1997 Kunstpreis der Stadt Euskirchen.&nbsp; gesa23@outlook.de &nbsp;&nbsp; &nbsp;<\/p>\n","protected":false},"author":1,"featured_media":0,"parent":0,"menu_order":0,"comment_status":"closed","ping_status":"closed","template":"","meta":{"ngg_post_thumbnail":0},"_links":{"self":[{"href":"http:\/\/art-badkrozingen.de\/index.php?rest_route=\/wp\/v2\/pages\/1407"}],"collection":[{"href":"http:\/\/art-badkrozingen.de\/index.php?rest_route=\/wp\/v2\/pages"}],"about":[{"href":"http:\/\/art-badkrozingen.de\/index.php?rest_route=\/wp\/v2\/types\/page"}],"author":[{"embeddable":true,"href":"http:\/\/art-badkrozingen.de\/index.php?rest_route=\/wp\/v2\/users\/1"}],"replies":[{"embeddable":true,"href":"http:\/\/art-badkrozingen.de\/index.php?rest_route=%2Fwp%2Fv2%2Fcomments&post=1407"}],"version-history":[{"count":10,"href":"http:\/\/art-badkrozingen.de\/index.php?rest_route=\/wp\/v2\/pages\/1407\/revisions"}],"predecessor-version":[{"id":4015,"href":"http:\/\/art-badkrozingen.de\/index.php?rest_route=\/wp\/v2\/pages\/1407\/revisions\/4015"}],"wp:attachment":[{"href":"http:\/\/art-badkrozingen.de\/index.php?rest_route=%2Fwp%2Fv2%2Fmedia&parent=1407"}],"curies":[{"name":"wp","href":"https:\/\/api.w.org\/{rel}","templated":true}]}}