{"id":1556,"date":"2017-12-08T12:11:53","date_gmt":"2017-12-08T12:11:53","guid":{"rendered":"http:\/\/art-badkrozingen.de\/?page_id=1556"},"modified":"2023-05-20T13:58:26","modified_gmt":"2023-05-20T13:58:26","slug":"edda-humbert-mueller","status":"publish","type":"page","link":"http:\/\/art-badkrozingen.de\/?page_id=1556","title":{"rendered":"Edda Humbert-M\u00fcller"},"content":{"rendered":"<h4><img loading=\"lazy\" class=\"alignright size-full wp-image-1589\" src=\"http:\/\/art-badkrozingen.de\/wp-content\/uploads\/2017\/12\/Edda_Humbert-Mueller.jpg\" alt=\"\" width=\"200\" height=\"181\">Malerin<\/h4>\n<p>Jahrgang 1954<\/p>\n<p>1977-1982: Studium der Soz.P\u00e4d.\/Soziale Arbeit; Semesterarbeiten in den Bereichen Radierung und Linolschnitt sowie Malen, Holzarbeiten und T\u00f6pfern<\/p>\n<p>1991-1995: Lehramtsstudium; Lehrerin\/Schulleitung; seither Kunstunterricht mit Kindern<\/p>\n<p>seit 2014: Ausbildung im Bereich Malen; Kunstkurse bei Prof. E. Gross, G\u00fcnther Reichenbach, Michael Broermann, Hinrich Sch\u00fcler<\/p>\n<p>2016-2020 Kunststudium an der Visual Art School Basel,&nbsp;Diplomabschluss September 2020<\/p>\n<p>Ausstellungen: 2014 und 2015 Gruppenausstellung San Sebastiono \/ Italien; 1. (2016) und 2. (2017) Baustelle Kunst \/Bad Krozingen, ab 2016 verschiedene Ausstellungen in der Region<\/p>\n<p><a href=\"http:\/\/www.kunst-in-schlatt.de\" target=\"_blank\" rel=\"noopener\">www.kunst-in-schlatt.de<\/a>&nbsp;<\/p>\n<p>Ausgehend von konkreten Motiven versucht die K\u00fcnstlerin in ihren Bildern eine Abstraktion zu erreichen und entfernt sich so immer mehr vom konkreten Ursprungsmotiv. Oft erkennt man das Ausgangsmotiv noch gut, manchmal entstehen Fl\u00e4chenkompositionen und das urspr\u00fcngliche Motiv bleibt dem Betrachter verborgen und bietet Raum f\u00fcr eigene Interpretationen und Sichtweisen.<\/p>\n<p>Die K\u00fcnstlerin arbeitet mit hochwertigen Acrylfarben, die sie mit teilweise selbst hergestellten Pigmenten anmischt. Durch den Einsatz von Kohle, Tusche und \u00d6lkreide werden lineare Strukturen geschaffen.&nbsp;Als Malgrund werden Leinwand und Papier verwendet.<\/p>\n<!-- index.php -->\n<div\n\tclass=\"ngg-galleryoverview ngg-ajax-pagination-none\"\n\tid=\"ngg-gallery-9b5d8660d43772cc26a7fa90d4275b4e-1\">\n\n    \t<div class=\"slideshowlink\">\n        <a href='http:\/\/art-badkrozingen.de\/index.php\/nggallery\/slideshow?page_id=1556'>[Zeige eine Slideshow]<\/a>\n\t\t\n\t<\/div>\n\t\t\t<!-- Thumbnails -->\n\t\t\t\t<div id=\"ngg-image-0\" class=\"ngg-gallery-thumbnail-box\" >\n\t\t\t\t        <div class=\"ngg-gallery-thumbnail\">\n            <a href=\"http:\/\/art-badkrozingen.de\/wp-content\/gallery\/edda-humbert-mueller\/Akt.jpg\"\n               title=\"\"\n               data-src=\"http:\/\/art-badkrozingen.de\/wp-content\/gallery\/edda-humbert-mueller\/Akt.jpg\"\n               data-thumbnail=\"http:\/\/art-badkrozingen.de\/wp-content\/gallery\/edda-humbert-mueller\/thumbs\/thumbs_Akt.jpg\"\n               data-image-id=\"937\"\n               data-title=\"Akt\"\n               data-description=\"\"\n               data-image-slug=\"akt\"\n               class=\"ngg-fancybox\" rel=\"9b5d8660d43772cc26a7fa90d4275b4e\">\n                <img\n                    title=\"Akt\"\n                    alt=\"Akt\"\n                    src=\"http:\/\/art-badkrozingen.de\/wp-content\/gallery\/edda-humbert-mueller\/thumbs\/thumbs_Akt.jpg\"\n                    width=\"200\"\n                    height=\"155\"\n                    style=\"max-width:100%;\"\n                \/>\n            <\/a>\n        <\/div>\n\t\t\t\t\t\t\t<\/div> \n\t\t\t\n        \n\t\t\t\t<div id=\"ngg-image-1\" class=\"ngg-gallery-thumbnail-box\" >\n\t\t\t\t        <div class=\"ngg-gallery-thumbnail\">\n            <a href=\"http:\/\/art-badkrozingen.de\/wp-content\/gallery\/edda-humbert-mueller\/blau-abstrakt.jpg\"\n               title=\"\"\n               data-src=\"http:\/\/art-badkrozingen.de\/wp-content\/gallery\/edda-humbert-mueller\/blau-abstrakt.jpg\"\n               data-thumbnail=\"http:\/\/art-badkrozingen.de\/wp-content\/gallery\/edda-humbert-mueller\/thumbs\/thumbs_blau-abstrakt.jpg\"\n               data-image-id=\"938\"\n               data-title=\"blau-abstrakt\"\n               data-description=\"\"\n               data-image-slug=\"blau-abstrakt\"\n               class=\"ngg-fancybox\" rel=\"9b5d8660d43772cc26a7fa90d4275b4e\">\n                <img\n                    title=\"blau-abstrakt\"\n                    alt=\"blau-abstrakt\"\n                    src=\"http:\/\/art-badkrozingen.de\/wp-content\/gallery\/edda-humbert-mueller\/thumbs\/thumbs_blau-abstrakt.jpg\"\n                    width=\"200\"\n                    height=\"155\"\n                    style=\"max-width:100%;\"\n                \/>\n            <\/a>\n        <\/div>\n\t\t\t\t\t\t\t<\/div> \n\t\t\t\n        \n\t\t\t\t<div id=\"ngg-image-2\" class=\"ngg-gallery-thumbnail-box\" >\n\t\t\t\t        <div class=\"ngg-gallery-thumbnail\">\n            <a href=\"http:\/\/art-badkrozingen.de\/wp-content\/gallery\/edda-humbert-mueller\/Maedchen.jpg\"\n               title=\"\"\n               data-src=\"http:\/\/art-badkrozingen.de\/wp-content\/gallery\/edda-humbert-mueller\/Maedchen.jpg\"\n               data-thumbnail=\"http:\/\/art-badkrozingen.de\/wp-content\/gallery\/edda-humbert-mueller\/thumbs\/thumbs_Maedchen.jpg\"\n               data-image-id=\"939\"\n               data-title=\"Maedchen\"\n               data-description=\"\"\n               data-image-slug=\"maedchen\"\n               class=\"ngg-fancybox\" rel=\"9b5d8660d43772cc26a7fa90d4275b4e\">\n                <img\n                    title=\"Maedchen\"\n                    alt=\"Maedchen\"\n                    src=\"http:\/\/art-badkrozingen.de\/wp-content\/gallery\/edda-humbert-mueller\/thumbs\/thumbs_Maedchen.jpg\"\n                    width=\"200\"\n                    height=\"155\"\n                    style=\"max-width:100%;\"\n                \/>\n            <\/a>\n        <\/div>\n\t\t\t\t\t\t\t<\/div> \n\t\t\t\n        \n\t\t\t\t<div id=\"ngg-image-3\" class=\"ngg-gallery-thumbnail-box\" >\n\t\t\t\t        <div class=\"ngg-gallery-thumbnail\">\n            <a href=\"http:\/\/art-badkrozingen.de\/wp-content\/gallery\/edda-humbert-mueller\/Giraffe.JPG\"\n               title=\"\"\n               data-src=\"http:\/\/art-badkrozingen.de\/wp-content\/gallery\/edda-humbert-mueller\/Giraffe.JPG\"\n               data-thumbnail=\"http:\/\/art-badkrozingen.de\/wp-content\/gallery\/edda-humbert-mueller\/thumbs\/thumbs_Giraffe.JPG\"\n               data-image-id=\"940\"\n               data-title=\"Giraffe\"\n               data-description=\"\"\n               data-image-slug=\"giraffe\"\n               class=\"ngg-fancybox\" rel=\"9b5d8660d43772cc26a7fa90d4275b4e\">\n                <img\n                    title=\"Giraffe\"\n                    alt=\"Giraffe\"\n                    src=\"http:\/\/art-badkrozingen.de\/wp-content\/gallery\/edda-humbert-mueller\/thumbs\/thumbs_Giraffe.JPG\"\n                    width=\"200\"\n                    height=\"155\"\n                    style=\"max-width:100%;\"\n                \/>\n            <\/a>\n        <\/div>\n\t\t\t\t\t\t\t<\/div> \n\t\t\t\n        \n\t\t\t\t<div id=\"ngg-image-4\" class=\"ngg-gallery-thumbnail-box\" >\n\t\t\t\t        <div class=\"ngg-gallery-thumbnail\">\n            <a href=\"http:\/\/art-badkrozingen.de\/wp-content\/gallery\/edda-humbert-mueller\/gruen-abstrakt.JPG\"\n               title=\"\"\n               data-src=\"http:\/\/art-badkrozingen.de\/wp-content\/gallery\/edda-humbert-mueller\/gruen-abstrakt.JPG\"\n               data-thumbnail=\"http:\/\/art-badkrozingen.de\/wp-content\/gallery\/edda-humbert-mueller\/thumbs\/thumbs_gruen-abstrakt.JPG\"\n               data-image-id=\"941\"\n               data-title=\"gruen-abstrakt\"\n               data-description=\"\"\n               data-image-slug=\"gruen-abstrakt\"\n               class=\"ngg-fancybox\" rel=\"9b5d8660d43772cc26a7fa90d4275b4e\">\n                <img\n                    title=\"gruen-abstrakt\"\n                    alt=\"gruen-abstrakt\"\n                    src=\"http:\/\/art-badkrozingen.de\/wp-content\/gallery\/edda-humbert-mueller\/thumbs\/thumbs_gruen-abstrakt.JPG\"\n                    width=\"200\"\n                    height=\"155\"\n                    style=\"max-width:100%;\"\n                \/>\n            <\/a>\n        <\/div>\n\t\t\t\t\t\t\t<\/div> \n\t\t\t\n        \n\t\t\t\t<div id=\"ngg-image-5\" class=\"ngg-gallery-thumbnail-box\" >\n\t\t\t\t        <div class=\"ngg-gallery-thumbnail\">\n            <a href=\"http:\/\/art-badkrozingen.de\/wp-content\/gallery\/edda-humbert-mueller\/abstrakt.jpg\"\n               title=\"\"\n               data-src=\"http:\/\/art-badkrozingen.de\/wp-content\/gallery\/edda-humbert-mueller\/abstrakt.jpg\"\n               data-thumbnail=\"http:\/\/art-badkrozingen.de\/wp-content\/gallery\/edda-humbert-mueller\/thumbs\/thumbs_abstrakt.jpg\"\n               data-image-id=\"942\"\n               data-title=\"abstrakt\"\n               data-description=\"\"\n               data-image-slug=\"abstrakt\"\n               class=\"ngg-fancybox\" rel=\"9b5d8660d43772cc26a7fa90d4275b4e\">\n                <img\n                    title=\"abstrakt\"\n                    alt=\"abstrakt\"\n                    src=\"http:\/\/art-badkrozingen.de\/wp-content\/gallery\/edda-humbert-mueller\/thumbs\/thumbs_abstrakt.jpg\"\n                    width=\"200\"\n                    height=\"155\"\n                    style=\"max-width:100%;\"\n                \/>\n            <\/a>\n        <\/div>\n\t\t\t\t\t\t\t<\/div> \n\t\t\t\n        \n\t\t\t\t<div id=\"ngg-image-6\" class=\"ngg-gallery-thumbnail-box\" >\n\t\t\t\t        <div class=\"ngg-gallery-thumbnail\">\n            <a href=\"http:\/\/art-badkrozingen.de\/wp-content\/gallery\/edda-humbert-mueller\/Fruehling.jpg\"\n               title=\"\"\n               data-src=\"http:\/\/art-badkrozingen.de\/wp-content\/gallery\/edda-humbert-mueller\/Fruehling.jpg\"\n               data-thumbnail=\"http:\/\/art-badkrozingen.de\/wp-content\/gallery\/edda-humbert-mueller\/thumbs\/thumbs_Fruehling.jpg\"\n               data-image-id=\"943\"\n               data-title=\"Fruehling\"\n               data-description=\"\"\n               data-image-slug=\"fruehling\"\n               class=\"ngg-fancybox\" rel=\"9b5d8660d43772cc26a7fa90d4275b4e\">\n                <img\n                    title=\"Fruehling\"\n                    alt=\"Fruehling\"\n                    src=\"http:\/\/art-badkrozingen.de\/wp-content\/gallery\/edda-humbert-mueller\/thumbs\/thumbs_Fruehling.jpg\"\n                    width=\"200\"\n                    height=\"155\"\n                    style=\"max-width:100%;\"\n                \/>\n            <\/a>\n        <\/div>\n\t\t\t\t\t\t\t<\/div> \n\t\t\t\n        \n\t\t\t\t<div id=\"ngg-image-7\" class=\"ngg-gallery-thumbnail-box\" >\n\t\t\t\t        <div class=\"ngg-gallery-thumbnail\">\n            <a href=\"http:\/\/art-badkrozingen.de\/wp-content\/gallery\/edda-humbert-mueller\/Blumen.jpg\"\n               title=\"\"\n               data-src=\"http:\/\/art-badkrozingen.de\/wp-content\/gallery\/edda-humbert-mueller\/Blumen.jpg\"\n               data-thumbnail=\"http:\/\/art-badkrozingen.de\/wp-content\/gallery\/edda-humbert-mueller\/thumbs\/thumbs_Blumen.jpg\"\n               data-image-id=\"944\"\n               data-title=\"Blumen\"\n               data-description=\"\"\n               data-image-slug=\"blumen\"\n               class=\"ngg-fancybox\" rel=\"9b5d8660d43772cc26a7fa90d4275b4e\">\n                <img\n                    title=\"Blumen\"\n                    alt=\"Blumen\"\n                    src=\"http:\/\/art-badkrozingen.de\/wp-content\/gallery\/edda-humbert-mueller\/thumbs\/thumbs_Blumen.jpg\"\n                    width=\"200\"\n                    height=\"155\"\n                    style=\"max-width:100%;\"\n                \/>\n            <\/a>\n        <\/div>\n\t\t\t\t\t\t\t<\/div> \n\t\t\t\n        \n\t\t\t\t<div id=\"ngg-image-8\" class=\"ngg-gallery-thumbnail-box\" >\n\t\t\t\t        <div class=\"ngg-gallery-thumbnail\">\n            <a href=\"http:\/\/art-badkrozingen.de\/wp-content\/gallery\/edda-humbert-mueller\/Farbkreis.jpg\"\n               title=\"\"\n               data-src=\"http:\/\/art-badkrozingen.de\/wp-content\/gallery\/edda-humbert-mueller\/Farbkreis.jpg\"\n               data-thumbnail=\"http:\/\/art-badkrozingen.de\/wp-content\/gallery\/edda-humbert-mueller\/thumbs\/thumbs_Farbkreis.jpg\"\n               data-image-id=\"945\"\n               data-title=\"Farbkreis\"\n               data-description=\"\"\n               data-image-slug=\"farbkreis\"\n               class=\"ngg-fancybox\" rel=\"9b5d8660d43772cc26a7fa90d4275b4e\">\n                <img\n                    title=\"Farbkreis\"\n                    alt=\"Farbkreis\"\n                    src=\"http:\/\/art-badkrozingen.de\/wp-content\/gallery\/edda-humbert-mueller\/thumbs\/thumbs_Farbkreis.jpg\"\n                    width=\"200\"\n                    height=\"155\"\n                    style=\"max-width:100%;\"\n                \/>\n            <\/a>\n        <\/div>\n\t\t\t\t\t\t\t<\/div> \n\t\t\t\n        \n\t\t\t\t<div id=\"ngg-image-9\" class=\"ngg-gallery-thumbnail-box\" >\n\t\t\t\t        <div class=\"ngg-gallery-thumbnail\">\n            <a href=\"http:\/\/art-badkrozingen.de\/wp-content\/gallery\/edda-humbert-mueller\/Obst.jpg\"\n               title=\"\"\n               data-src=\"http:\/\/art-badkrozingen.de\/wp-content\/gallery\/edda-humbert-mueller\/Obst.jpg\"\n               data-thumbnail=\"http:\/\/art-badkrozingen.de\/wp-content\/gallery\/edda-humbert-mueller\/thumbs\/thumbs_Obst.jpg\"\n               data-image-id=\"946\"\n               data-title=\"Obst\"\n               data-description=\"\"\n               data-image-slug=\"obst\"\n               class=\"ngg-fancybox\" rel=\"9b5d8660d43772cc26a7fa90d4275b4e\">\n                <img\n                    title=\"Obst\"\n                    alt=\"Obst\"\n                    src=\"http:\/\/art-badkrozingen.de\/wp-content\/gallery\/edda-humbert-mueller\/thumbs\/thumbs_Obst.jpg\"\n                    width=\"200\"\n                    height=\"155\"\n                    style=\"max-width:100%;\"\n                \/>\n            <\/a>\n        <\/div>\n\t\t\t\t\t\t\t<\/div> \n\t\t\t\n        \n\t\t\n\t\t<!-- Pagination -->\n\t<div class='ngg-clear'><\/div>\t<\/div>\n\n","protected":false},"excerpt":{"rendered":"<p>Malerin Jahrgang 1954 1977-1982: Studium der Soz.P\u00e4d.\/Soziale Arbeit; Semesterarbeiten in den Bereichen Radierung und Linolschnitt sowie Malen, Holzarbeiten und T\u00f6pfern 1991-1995: Lehramtsstudium; Lehrerin\/Schulleitung; seither Kunstunterricht mit Kindern seit 2014: Ausbildung im Bereich Malen; Kunstkurse bei Prof. E. Gross, G\u00fcnther Reichenbach, Michael Broermann, Hinrich Sch\u00fcler 2016-2020 Kunststudium an der Visual Art School Basel,&nbsp;Diplomabschluss September 2020 Ausstellungen: [&hellip;]<\/p>\n","protected":false},"author":1,"featured_media":0,"parent":0,"menu_order":0,"comment_status":"closed","ping_status":"closed","template":"","meta":{"ngg_post_thumbnail":0},"_links":{"self":[{"href":"http:\/\/art-badkrozingen.de\/index.php?rest_route=\/wp\/v2\/pages\/1556"}],"collection":[{"href":"http:\/\/art-badkrozingen.de\/index.php?rest_route=\/wp\/v2\/pages"}],"about":[{"href":"http:\/\/art-badkrozingen.de\/index.php?rest_route=\/wp\/v2\/types\/page"}],"author":[{"embeddable":true,"href":"http:\/\/art-badkrozingen.de\/index.php?rest_route=\/wp\/v2\/users\/1"}],"replies":[{"embeddable":true,"href":"http:\/\/art-badkrozingen.de\/index.php?rest_route=%2Fwp%2Fv2%2Fcomments&post=1556"}],"version-history":[{"count":12,"href":"http:\/\/art-badkrozingen.de\/index.php?rest_route=\/wp\/v2\/pages\/1556\/revisions"}],"predecessor-version":[{"id":5262,"href":"http:\/\/art-badkrozingen.de\/index.php?rest_route=\/wp\/v2\/pages\/1556\/revisions\/5262"}],"wp:attachment":[{"href":"http:\/\/art-badkrozingen.de\/index.php?rest_route=%2Fwp%2Fv2%2Fmedia&parent=1556"}],"curies":[{"name":"wp","href":"https:\/\/api.w.org\/{rel}","templated":true}]}}