{"id":1582,"date":"2017-12-08T14:11:05","date_gmt":"2017-12-08T14:11:05","guid":{"rendered":"http:\/\/art-badkrozingen.de\/?page_id=1582"},"modified":"2017-12-11T12:14:53","modified_gmt":"2017-12-11T12:14:53","slug":"ulrich-mueller","status":"publish","type":"page","link":"http:\/\/art-badkrozingen.de\/?page_id=1582","title":{"rendered":"Ulrich A. M\u00fcller"},"content":{"rendered":"<h4><img loading=\"lazy\" class=\"alignright size-full wp-image-1613\" src=\"http:\/\/art-badkrozingen.de\/wp-content\/uploads\/2017\/12\/Ulrich_Mueller.jpg\" alt=\"\" width=\"299\" height=\"200\"><\/h4>\n<p><strong>Skulpturen<\/strong><\/p>\n<p>geb. November 1947 in Freiburg<\/p>\n<p>Viele Jahre als Psychologe und Psychotherapeut in der Forensik gearbeitet.<\/p>\n<p>Aufgewachsen auf einem landwirtschaftlichen Hof in Bad Krozingen-Schlatt und daher auf nat\u00fcrliche Weise schon sehr fr\u00fch mit Materialien wie Holz, Stein oder Eisen in Ber\u00fchrung gekommen.<\/p>\n<p>Seit Studentenzeit mit Ton, Gips, Yton oder auch Speckstein experimentiert, meist inspiriert von afrikanischen Masken oder Figuren. Seit 2011 Arbeiten mit Holz und Stein.<\/p>\n<p>2012: Weiterbildungskurse in Holz bei Matthias Matt, Freiburg. Seit 2014 regelm\u00e4\u00dfige Ausbildungskurse bei Sebastian Probst (Meistersch\u00fcler bei Prof. L\u00fcpertz, <u><a href=\"http:\/\/www.art-projekt-k\u00f6ln.de\">www.art-projekt-k\u00f6ln.de<\/a><\/u>) in K\u00f6ln und San Sebastiano, Italien. Seit 2015 j\u00e4hrliche Teilnahme an \u201eBildhauertage in Schlatt\u201c, Markgr\u00e4flerland (Dozent Sebastian Probst, K\u00f6ln).<\/p>\n<p>Lebt und arbeitet in Bad Krozingen-Schlatt. In den landwirtschaftlichen Geb\u00e4uden in Schlatt, Lazariterstrasse 9, befindet sich auch das Atelier. Ein Besuch ist immer herzlich willkommen.<\/p>\n<p><img loading=\"lazy\" class=\"alignnone size-full wp-image-1610\" src=\"http:\/\/art-badkrozingen.de\/wp-content\/uploads\/2017\/12\/Ulrich_Mueller11-1.jpg\" alt=\"\" width=\"290\" height=\"422\" srcset=\"http:\/\/art-badkrozingen.de\/wp-content\/uploads\/2017\/12\/Ulrich_Mueller11-1.jpg 290w, http:\/\/art-badkrozingen.de\/wp-content\/uploads\/2017\/12\/Ulrich_Mueller11-1-206x300.jpg 206w\" sizes=\"(max-width: 290px) 100vw, 290px\" \/><img loading=\"lazy\" class=\"alignnone size-full wp-image-1607\" src=\"http:\/\/art-badkrozingen.de\/wp-content\/uploads\/2017\/12\/Ulrich_Mueller-22.jpg\" alt=\"\" width=\"290\" height=\"440\" srcset=\"http:\/\/art-badkrozingen.de\/wp-content\/uploads\/2017\/12\/Ulrich_Mueller-22.jpg 290w, http:\/\/art-badkrozingen.de\/wp-content\/uploads\/2017\/12\/Ulrich_Mueller-22-198x300.jpg 198w\" sizes=\"(max-width: 290px) 100vw, 290px\" \/><img loading=\"lazy\" class=\"alignnone size-full wp-image-1608\" src=\"http:\/\/art-badkrozingen.de\/wp-content\/uploads\/2017\/12\/Ulrich_Mueller-33.jpg\" alt=\"\" width=\"290\" height=\"410\" srcset=\"http:\/\/art-badkrozingen.de\/wp-content\/uploads\/2017\/12\/Ulrich_Mueller-33.jpg 290w, http:\/\/art-badkrozingen.de\/wp-content\/uploads\/2017\/12\/Ulrich_Mueller-33-212x300.jpg 212w\" sizes=\"(max-width: 290px) 100vw, 290px\" \/><\/p>\n","protected":false},"excerpt":{"rendered":"<p>Skulpturen geb. November 1947 in Freiburg Viele Jahre als Psychologe und Psychotherapeut in der Forensik gearbeitet. Aufgewachsen auf einem landwirtschaftlichen Hof in Bad Krozingen-Schlatt und daher auf nat\u00fcrliche Weise schon sehr fr\u00fch mit Materialien wie Holz, Stein oder Eisen in Ber\u00fchrung gekommen. Seit Studentenzeit mit Ton, Gips, Yton oder auch Speckstein experimentiert, meist inspiriert von [&hellip;]<\/p>\n","protected":false},"author":1,"featured_media":0,"parent":0,"menu_order":0,"comment_status":"closed","ping_status":"closed","template":"","meta":{"ngg_post_thumbnail":0},"_links":{"self":[{"href":"http:\/\/art-badkrozingen.de\/index.php?rest_route=\/wp\/v2\/pages\/1582"}],"collection":[{"href":"http:\/\/art-badkrozingen.de\/index.php?rest_route=\/wp\/v2\/pages"}],"about":[{"href":"http:\/\/art-badkrozingen.de\/index.php?rest_route=\/wp\/v2\/types\/page"}],"author":[{"embeddable":true,"href":"http:\/\/art-badkrozingen.de\/index.php?rest_route=\/wp\/v2\/users\/1"}],"replies":[{"embeddable":true,"href":"http:\/\/art-badkrozingen.de\/index.php?rest_route=%2Fwp%2Fv2%2Fcomments&post=1582"}],"version-history":[{"count":10,"href":"http:\/\/art-badkrozingen.de\/index.php?rest_route=\/wp\/v2\/pages\/1582\/revisions"}],"predecessor-version":[{"id":1617,"href":"http:\/\/art-badkrozingen.de\/index.php?rest_route=\/wp\/v2\/pages\/1582\/revisions\/1617"}],"wp:attachment":[{"href":"http:\/\/art-badkrozingen.de\/index.php?rest_route=%2Fwp%2Fv2%2Fmedia&parent=1582"}],"curies":[{"name":"wp","href":"https:\/\/api.w.org\/{rel}","templated":true}]}}