{"id":19,"date":"2017-08-02T16:57:26","date_gmt":"2017-08-02T16:57:26","guid":{"rendered":"http:\/\/art-badkrozingen.de\/?page_id=19"},"modified":"2026-04-15T06:59:41","modified_gmt":"2026-04-15T06:59:41","slug":"impressum","status":"publish","type":"page","link":"http:\/\/art-badkrozingen.de\/?page_id=19","title":{"rendered":"Impressum"},"content":{"rendered":"<p><strong>ART Bad Krozingen e.V.<\/strong><\/p>\n<table style=\"height: 97px;\" width=\"733\">\n<tbody>\n<tr>\n<td><strong>1. Vorsitzende (V.i.S.d.P.)<\/strong><\/p>\n<p>Sybille Lorscheid<\/p>\n<p><a href=\"mailto:info@art-bad-krozingen.de\">info@art-bad-krozingen.de<br \/>\n<\/a><\/td>\n<td><strong>2. Vorsitzende<\/strong><\/p>\n<p>Claudia Erhart<\/p>\n<p><a href=\"mailto:ce-art@web.de\" target=\"_blank\" rel=\"noopener\">ce-art@web.de<\/a><\/td>\n<\/tr>\n<tr>\n<td><strong>Pressereferent<\/strong><\/p>\n<p>Thomas Th\u00fcrling<br \/>\n<a href=\"mailto:thomas.th\u00fcrling@gmx.de\">thomas.th\u00fcrling@gmx.de<\/a><\/td>\n<td><strong>Bildnachweise:<\/strong><br \/>\nDiverse Bilder: von Mitgliedern, Privat<br \/>\nBild Gr\u00fcndung: Bianca Breuhaus<br \/>\nBilder&amp;Beitr\u00e4ge K\u00fcnstlerseiten:<br \/>\nvon den K\u00fcnstlern bereitgestellt<br \/>\nWeitere Bilder: Ewald Gutsche, Klaus Kepp<\/td>\n<\/tr>\n<\/tbody>\n<\/table>\n<p><strong>Webdesign<\/strong><br \/>\nSandra Simon Skylar Schmidt<br \/>\n<a href=\"http:\/\/www.das-zeichen-design.de\" target=\"_blank\" rel=\"noopener\">www.das-zeichen-design.de<\/a>&nbsp;<\/p>\n<p><strong>Logo&amp;Designidee Print<\/strong><br \/>\nTypoGrafik Johannes Klatt<br \/>\n79189 Bad Krozingen Tunsel<br \/>\n<a href=\"mailto:info@johannesklatt.de\">info@johannesklatt.de<\/a><br \/>\n<a href=\"http:\/\/www.johannesklatt.de\" target=\"_blank\" rel=\"noopener\">www.johannesklatt.de<\/a><\/p>\n<p><strong>Vereinsregisternummer:<\/strong> VR 700894<br \/>\nAmtsgericht Freiburg<br \/>\nGemeinn\u00fctzigkeitsbescheinigung des Finanzamtes M\u00fcllheim vom 15.02.2019<br \/>\nAz. 12\/180\/0326 6<\/p>\n<p><strong>AGB Kunstfahrten\/ -ausfl\u00fcge<\/strong><br \/>\nDie Teilnahme an Kunstreisen oder Ausfl\u00fcgen steht allen Interessierten offen, Vereinsmitglieder erhalten einen Rabatt auf die jeweiligen Teilnahmegeb\u00fchren. Die verbindliche Anmeldung erfolgt per e-Mail. Die Vorab\u00fcberweisung muss nach Reservierungsbest\u00e4tigung des Kunstvereins ART Bad Krozingen e.V. unter Angabe der Teilnehmernamen erfolgen. Die Teilnahme kann seitens des Vereins abgelehnt werden, bspw. bei \u00dcberbuchung. In diesem Fall wird die Teilnahmegeb\u00fchr zur\u00fcck erstattet.<br \/>\nBei Nichterscheinen zum Reisebeginn verf\u00e4llt die gezahlte Teilnahmegeb\u00fchr, eine Stornierung der Teilnahme ist bis eine Woche vor Beginn m\u00f6glich. Bei Nichterreichen der vorab definierten Mindestteilnehmerzahl kann die Reise abgesagt werden, die gezahlten Geb\u00fchren werden zur\u00fcck erstattet. Die Teilnahme erfolgt auf eigene Gefahr.<br \/>\nDie Mailadresse f\u00fcr Anmeldungen zu Kunstfahrten lautet: <a href=\"mailto:kunstfahrt@art-bad-krozingen.de\">kunstfahrt@art-bad-krozingen.de<\/a><\/p>\n<p>&nbsp;<\/p>\n<h2>Angaben gem\u00e4\u00df \u00a7 5 TMG:<\/h2>\n<p><strong>ART Bad Krozingen e.V.<\/strong><br \/>\nStaufener Str. 48<br \/>\nc\/o Sybille Lorscheid<br \/>\n79189 Bad Krozingen<\/p>\n<h2>Postadresse:<\/h2>\n<p>info@art-bad-krozingen.de<\/p>\n<h2>Vertreten durch:<\/h2>\n<p>e.V. vertreten durch den Vorstand Sybille Lorscheid<\/p>\n<h2>Kontakt:<\/h2>\n<table>\n<tbody>\n<tr>\n<td>Telefon:<\/td>\n<td>07633-160549<\/td>\n<\/tr>\n<tr>\n<td>&nbsp;<\/td>\n<td>&nbsp;<\/td>\n<\/tr>\n<tr>\n<td>E-Mail:<\/td>\n<td><a href=\"mailto:info@art-bad-krozingen.de\">info@art-bad-krozingen.de<\/a><\/td>\n<\/tr>\n<\/tbody>\n<\/table>\n<h2>Registereintrag:<\/h2>\n<p>Eintragung im Vereinsregister.<br \/>\nRegistergericht: Amtsgericht Freiburg<br \/>\nRegisternummer: VR 700894<\/p>\n<p>Umsatzsteuer-Identifikationsnummer gem\u00e4\u00df \u00a727 a Umsatzsteuergesetz:<br \/>\n12180\/03266<\/p>\n<p>Wir sind nicht bereit oder verpflichtet, an Streitbeilegungsverfahren vor einer<br \/>\nVerbraucherschlichtungsstelle teilzunehmen.<\/p>\n<h2>Haftung f\u00fcr Inhalte<\/h2>\n<p>Als Diensteanbieter sind wir gem\u00e4\u00df \u00a7 7 Abs.1 TMG f\u00fcr eigene Inhalte auf diesen Seiten<br \/>\nnach den allgemeinen Gesetzen verantwortlich. Nach \u00a7\u00a7 8 bis 10 TMG sind wir als<br \/>\nDiensteanbieter jedoch nicht verpflichtet, \u00fcbermittelte oder gespeicherte fremde Informationen zu<br \/>\n\u00fcberwachen oder nach Umst\u00e4nden zu forschen, die auf eine rechtswidrige T\u00e4tigkeit<br \/>\nhinweisen.<\/p>\n<p>Verpflichtungen zur Entfernung oder Sperrung der Nutzung von Informationen nach<br \/>\nden allgemeinen Gesetzen bleiben hiervon unber\u00fchrt. Eine diesbez\u00fcgliche Haftung ist jedoch<br \/>\nerst ab dem Zeitpunkt der Kenntnis einer konkreten Rechtsverletzung m\u00f6glich. Bei Bekanntwerden<br \/>\nvon entsprechenden Rechtsverletzungen werden wir diese Inhalte umgehend entfernen.<\/p>\n<h2>Haftung f\u00fcr Links<\/h2>\n<p>Unser Angebot enth\u00e4lt Links zu externen Webseiten Dritter, auf deren Inhalte wir keinen Einfluss haben. Deshalb k\u00f6nnen wir f\u00fcr diese fremden Inhalte auch keine Gew\u00e4hr \u00fcbernehmen. F\u00fcr die Inhalte der verlinkten Seiten ist stets der jeweilige Anbieter oder Betreiber der Seiten verantwortlich. Die verlinkten Seiten wurden zum Zeitpunkt der Verlinkung auf m\u00f6gliche Rechtsverst\u00f6\u00dfe \u00fcberpr\u00fcft. Rechtswidrige Inhaltewaren zum Zeitpunkt der Verlinkung nicht erkennbar.<\/p>\n<p>Eine permanente inhaltliche Kontrolle der verlinkten Seiten ist jedoch ohne konkrete Anhaltspunkte einer Rechtsverletzung nicht zumutbar. Bei Bekanntwerden von Rechtsverletzungen werden wir derartige Links umgehend entfernen.<\/p>\n<h2>Urheberrecht<\/h2>\n<p>Die durch die Seitenbetreiber erstellten Inhalte und Werke auf diesen Seiten unterliegen dem deutschen Urheberrecht. Die Vervielf\u00e4ltigung, Bearbeitung, Verbreitung und jede Art der Verwertung au\u00dferhalb der Grenzen des Urheberrechtes bed\u00fcrfen der schriftlichen Zustimmung des jeweiligen Autors bzw. Erstellers.<\/p>\n<p>Soweit die Inhalte auf dieser Seite nicht vom Betreiber erstellt wurden, werden die Urheberrechte Dritter beachtet. Insbesondere werden Inhalte Dritter als solche gekennzeichnet. Sollten Sie trotzdem auf eine Urheberrechtsverletzung aufmerksam werden, bitten wir um einen entsprechenden Hinweis. Bei Bekanntwerden von Rechtsverletzungen werden wir derartige Inhalte umgehend entfernen.<\/p>\n<p>&nbsp;<\/p>\n<h2>Datenschutz<\/h2>\n<p>Die Betreiber dieser Seiten nehmen den Schutz Ihrer pers\u00f6nlichen Daten sehr ernst. Wir behandeln Ihre personenbezogenen Daten vertraulich und entsprechend der gesetzlichen Datenschutzvorschriften sowie dieser Datenschutzerkl\u00e4rung.<\/p>\n<p>Die Nutzung unserer Webseite ist in der Regel ohne Angabe personenbezogener Daten m\u00f6glich. Soweit auf unseren Seiten personenbezogene Daten (beispielsweise Name, Anschrift oder E-Mail-Adressen) erhoben werden, erfolgt dies, soweit m\u00f6glich, stets auf freiwilliger Basis. Diese Daten werden ohne Ihre ausdr\u00fcckliche Zustimmung nicht an Dritte weitergegeben.<\/p>\n<p>Wir weisen darauf hin, dass die Daten\u00fcbertragung im Internet (z.B. bei der Kommunikation per E-Mail) Sicherheitsl\u00fccken aufweisen kann. Ein l\u00fcckenloser Schutz der Daten vor dem Zugriff durch Dritte ist nicht m\u00f6glich.<\/p>\n<p>&nbsp;<\/p>\n<h2>Cookies<\/h2>\n<p>Die Internetseiten verwenden teilweise so genannte Cookies. Cookies richten auf Ihrem Rechner keinen Schaden an und enthalten keine Viren. Cookies dienen dazu, unser Angebot nutzerfreundlicher, effektiver und sicherer zu machen. Cookies sind kleine Textdateien, die auf Ihrem Rechner abgelegt werden und die Ihr Browser speichert.<\/p>\n<p>Die meisten der von uns verwendeten Cookies sind so genannte \u201eSession-Cookies\u201c. Sie werden nach Ende Ihres Besuchs automatisch gel\u00f6scht. Andere Cookies bleiben auf Ihrem Endger\u00e4t gespeichert, bis Sie diese l\u00f6schen. Diese Cookies erm\u00f6glichen es uns, Ihren Browser beim n\u00e4chsten Besuch<br \/>\nwiederzuerkennen.<\/p>\n<p>Sie k\u00f6nnen Ihren Browser so einstellen, dass Sie \u00fcber das Setzen von Cookies informiert werden und Cookies nur im Einzelfall erlauben, die Annahme von Cookies f\u00fcr bestimmte F\u00e4lle oder generell ausschlie\u00dfen sowie das automatische L\u00f6schen der Cookies beim Schlie\u00dfen des Browser aktivieren. Bei der Deaktivierung von Cookies kann die Funktionalit\u00e4t dieser Website eingeschr\u00e4nkt sein.<\/p>\n<p>&nbsp;<\/p>\n<h2>Kontaktformular<\/h2>\n<p>Wenn Sie uns per Kontaktformular Anfragen zukommen lassen, werden Ihre<br \/>\nAngaben aus dem Anfrageformular inklusive der von Ihnen dort angegebenen Kontaktdaten zwecks<br \/>\nBearbeitung der Anfrage und f\u00fcr den Fall von Anschlussfragen bei uns gespeichert. Diese Daten<br \/>\ngeben wir nicht ohne Ihre Einwilligung weiter.<\/p>\n<p>&nbsp;<\/p>\n<h2>Newsletterdaten<\/h2>\n<p>Wenn Sie den nur f\u00fcr Mitglieder angebotenen Newsletter beziehen m\u00f6chten, ben\u00f6tigen wir von Ihnen<br \/>\neine E-Mail-Adresse sowie Informationen, welche uns die \u00dcberpr\u00fcfung gestatten, dass Sie der<br \/>\nInhaber der angegebenen E-Mail-Adresse sind und mit dem Empfang des Newsletters einverstanden<br \/>\nsind. Weitere Daten werden nicht erhoben. Diese Daten verwenden wir ausschlie\u00dflich f\u00fcr den<br \/>\nVersand der angeforderten Informationen und geben sie nicht an Dritte weiter.<\/p>\n<p>Die erteilte<br \/>\nEinwilligung zur Speicherung der Daten, der E-Mail-Adresse sowie deren Nutzung zum Versand des<br \/>\nNewsletters k\u00f6nnen Sie jederzeit widerrufen, etwa \u00fcber ein Mail an info@art-bad-krozingen.de.<\/p>\n<p>&nbsp;<\/p>\n<h2><strong>Google Analytics<\/strong><\/h2>\n<p>Diese Website nutzt Funktionen des Webanalysedienstes Google Analytics. Anbieter ist die Google Inc., 1600 Amphitheatre Parkway Mountain View, CA 94043, USA. Google Analytics verwendet so genannte &#8220;Cookies&#8221;. Das sind Textdateien, die auf Ihrem Computer gespeichert werden und die eine Analyse der Benutzung der Website durch Sie erm\u00f6glichen. Die durch den Cookie erzeugten Informationen \u00fcber Ihre Benutzung dieser Website werden in der Regel an einen Server von Google in den USA \u00fcbertragen und dort gespeichert. Mehr Informationen zum Umgang mit Nutzerdaten bei Google Analytics finden Sie in der Datenschutzerkl\u00e4rung von Google: https:\/\/support.google.com\/analytics\/answer\/6004245?hl=de<\/p>\n<p>&nbsp;<\/p>\n<h2>Datenschutzerkl\u00e4rung f\u00fcr die Nutzung von<br \/>\nYouTube<\/h2>\n<p>Unsere Webseite nutzt Plugins der von Google betriebenen Seite YouTube. Betreiber<br \/>\nder Seiten ist die YouTube, LLC, 901 Cherry Ave., San Bruno, CA 94066, USA. Wenn Sie eine unserer<br \/>\nmit einem YouTube-Plugin ausgestatteten Seiten besuchen, wird eine Verbindung zu den Servern von<br \/>\nYouTube hergestellt. Dabei wird dem Youtube-Server mitgeteilt, welche unserer Seiten Sie besucht<br \/>\nhaben.<\/p>\n<p>Wenn Sie in Ihrem YouTube-Account eingeloggt sind erm\u00f6glichen Sie YouTube, Ihr<br \/>\nSurfverhalten direkt Ihrem pers\u00f6nlichen Profil zuzuordnen. Dies k\u00f6nnen Sie verhindern, indem<br \/>\nSie sich aus Ihrem YouTube-Account ausloggen.<\/p>\n<p>Weitere Informationen zum Umgang von<br \/>\nNutzerdaten finden Sie in der Datenschutzerkl\u00e4rung von YouTube unter: <a href=\"https:\/\/www.google.de\/intl\/de\/policies\/privacy\">https:\/\/www.google.de\/intl\/de\/policies\/privacy<\/a><\/p>\n<p>Quelle: <a href=\"https:\/\/www.e-recht24.de\">https:\/\/www.e-recht24.de<\/a><\/p>\n<p>&nbsp;<\/p>\n<h2>Erg\u00e4nzende Bestimmungen gem\u00e4\u00df DS-GVO&nbsp;<\/h2>\n<ul>\n<li>Zum Zwecke der Mitgliederverwaltung werden der Name, Vorname, Adresse, eMail-Adresse und Geburtstage verarbeitet. Die Rechtsgrundlage hierf\u00fcr ist Art. 6 Abs. lit. b) DS-GVO.<\/li>\n<li>Zum Zwecke der Beitragsverwaltung wird die Bankverbindung verarbeitet. Die Rechtsgrundlage hierf\u00fcr ist Art. 6 Abs. lit. b) DS-GVO.<\/li>\n<li>Zum Zwecke der Au\u00dfendarstellung werden Fotos der Mitglieder\/von Veranstaltungen auf der Vereinswebseite www.art-bad-krozingen.de ver\u00f6ffentlicht. Die Rechtsgrundlage hierf\u00fcr ist Art. 6 Abs. lit a) DS-GVO.<\/li>\n<li>Zum Zwecke der Eigenwerbung des Kunstvereins ART Bad Krozingen wird Werbung an die E-Mail-Adresse der Mitglieder versendet. Die Rechtsgrundlage hierf\u00fcr ist Art. 6 Abs. lit. f) DS-GVO.<\/li>\n<li>Wir geben keinerlei Daten an Dritte weiter.<\/li>\n<li>Die f\u00fcr die Mitgliederverwaltung notwendigen Daten werden nach Beendigung der Vereinsmitgliedschaft gel\u00f6scht.<\/li>\n<li>Die f\u00fcr das Finanzamt notwendigen Daten werden nach 10 Jahren gel\u00f6scht.<\/li>\n<\/ul>\n<p>Quelle:&nbsp;LfDI BW &#8211; Datenschutz im Verein nach der DS-GVO (https:\/\/www.baden-wuerttemberg.datenschutz.de\/wp-content\/uploads\/2018\/05\/Praxisratgeber-f%C3%BCr-Vereine.pdf)<\/p>\n<p>&nbsp;<\/p>\n<h2>KI Widerspruch<\/h2>\n<p>Der Inhaber dieser Website verbietet die Nutzung oder das Herunterladen von Inhalten dieser Website durch Dritte f\u00fcr die Entwicklung, das Training oder den Betrieb von k\u00fcnstlicher Intelligenz oder anderen maschinellen Lernsystemen (\u201eText- und Data-Mining\u201c) vorbehaltlich einer ausdr\u00fccklichen schriftlichen Zustimmung des Inhabers der Website. Ohne eine solche Zustimmung ist es untersagt, die Inhalte der Website f\u00fcr Text- und Data-Mining zu verwenden. Vorhandene Meta-Angaben im HTML-Code sind zu beachten (\u201e&lt;meta name=\u201crobots\u201c content=\u201cnoai, noimageai\u201c&gt;\u201c). Der Nutzungsvorbehalt gilt jedoch auch dann, wenn auf der Website keine Meta-Angaben vorhanden sind, die entsprechende Verfahren aussperren, und selbst dann, wenn Bots, die den Zweck haben, die Website zu Zwecken des Text- und Data-Minings auszulesen, nicht mittels technischer Verfahren ausgesperrt werden.<\/p>\n","protected":false},"excerpt":{"rendered":"<p>ART Bad Krozingen e.V. 1. Vorsitzende (V.i.S.d.P.) Sybille Lorscheid info@art-bad-krozingen.de 2. Vorsitzende Claudia Erhart ce-art@web.de Pressereferent Thomas Th\u00fcrling thomas.th\u00fcrling@gmx.de Bildnachweise: Diverse Bilder: von Mitgliedern, Privat Bild Gr\u00fcndung: Bianca Breuhaus Bilder&amp;Beitr\u00e4ge K\u00fcnstlerseiten: von den K\u00fcnstlern bereitgestellt Weitere Bilder: Ewald Gutsche, Klaus Kepp Webdesign Sandra Simon Skylar Schmidt www.das-zeichen-design.de&nbsp; Logo&amp;Designidee Print TypoGrafik Johannes Klatt 79189 Bad Krozingen [&hellip;]<\/p>\n","protected":false},"author":1,"featured_media":0,"parent":0,"menu_order":10,"comment_status":"closed","ping_status":"closed","template":"","meta":{"ngg_post_thumbnail":0},"_links":{"self":[{"href":"http:\/\/art-badkrozingen.de\/index.php?rest_route=\/wp\/v2\/pages\/19"}],"collection":[{"href":"http:\/\/art-badkrozingen.de\/index.php?rest_route=\/wp\/v2\/pages"}],"about":[{"href":"http:\/\/art-badkrozingen.de\/index.php?rest_route=\/wp\/v2\/types\/page"}],"author":[{"embeddable":true,"href":"http:\/\/art-badkrozingen.de\/index.php?rest_route=\/wp\/v2\/users\/1"}],"replies":[{"embeddable":true,"href":"http:\/\/art-badkrozingen.de\/index.php?rest_route=%2Fwp%2Fv2%2Fcomments&post=19"}],"version-history":[{"count":57,"href":"http:\/\/art-badkrozingen.de\/index.php?rest_route=\/wp\/v2\/pages\/19\/revisions"}],"predecessor-version":[{"id":7628,"href":"http:\/\/art-badkrozingen.de\/index.php?rest_route=\/wp\/v2\/pages\/19\/revisions\/7628"}],"wp:attachment":[{"href":"http:\/\/art-badkrozingen.de\/index.php?rest_route=%2Fwp%2Fv2%2Fmedia&parent=19"}],"curies":[{"name":"wp","href":"https:\/\/api.w.org\/{rel}","templated":true}]}}