{"id":2,"date":"2016-05-10T03:48:21","date_gmt":"2016-05-10T03:48:21","guid":{"rendered":"http:\/\/art-badkrozingen.de\/?page_id=2"},"modified":"2023-06-11T13:30:48","modified_gmt":"2023-06-11T13:30:48","slug":"sample-page","status":"publish","type":"page","link":"http:\/\/art-badkrozingen.de\/?page_id=2","title":{"rendered":"ART Verein"},"content":{"rendered":"<p><img loading=\"lazy\" class=\"size-full wp-image-300 alignleft\" src=\"http:\/\/art-badkrozingen.de\/wp-content\/uploads\/2016\/05\/Artig1.jpg\" alt=\"\" width=\"265\" height=\"144\"><strong>ART Bad Krozingen e.V.<\/strong> wurde als Kunstverein am 17. Juli 2014 im Kurhaus Bad Krozingen gegr\u00fcndet. Zweck des Vereins ist die F\u00f6rderung von Kunst und Kultur. Der Satzungszweck wird insbesondere verwirklicht durch die Veranstaltung von Kunstausstellungen, durch Vortr\u00e4ge und sonstige kunstf\u00f6rdernde T\u00e4tigkeiten f\u00fcr die \u00d6ffentlichkeit. Daneben soll der Verein eine Basis f\u00fcr K\u00fcnstler und Kunstinteressierte schaffen. Dabei versteht er sich auch als Schnittstelle zwischen verschiedenen Kunstformen. Der Verein ist unabh\u00e4ngig und offen f\u00fcr Jeden und jede Kunstform.<\/p>\n<p>Unser Ziel ist, in unserem kommunalen Umfeld Begeisterung und Engagement f\u00fcr Kunst und Kultur anzuregen. Ganz bewusst sind wir ein offener Verein, in dem jede\/r zu einem geringen Jahresbeitrag mitmachen kann, ein Verein, in dem viele unterschiedliche Menschen zusammenkommen, um sich gemeinsam im \u00f6ffentlichen Raum auch ohne gro\u00dfe Vorkenntnisse k\u00fcnstlerisch zu bet\u00e4tigen oder einfach nur Freude an Kunst und kulturellem Tun zu haben. Wir verstehen uns dabei als aktiver Teil der B\u00fcrgerschaft unserer Kommune und wollen&nbsp; dazu beitragen, unser Lebensumfeld k\u00fcnstlerisch zu gestalten und den Gemeinsinn zu st\u00e4rken.&nbsp;<img loading=\"lazy\" class=\"size-full wp-image-298 alignright\" src=\"http:\/\/art-badkrozingen.de\/wp-content\/uploads\/2016\/05\/UnArtig.jpg\" alt=\"\" width=\"265\" height=\"144\"><\/p>\n<p>ART hat z. Zt. (Juni 2023) 135 Mitglieder, von denen ungef\u00e4hr die H\u00e4lfte selbst k\u00fcnstlerisch t\u00e4tig&nbsp; ist (vom Anf\u00e4nger bis zum Profi). Wir freuen uns auf das Interesse von K\u00fcnstlern jedes Genres und Kunstbegeisterten, die bei uns mitmachen wollen. Reinschnuppern kann jede\/r gerne bei unserem monatlichen ART-Treffen im Bad Krozinger Kurhaus, die dort in der Regel jeweils am ersten Mittwoch eines Monats um 19:00 Uhr stattfinden. Hier planen wir unsere Aktivit\u00e4ten wie z.B. Themenausstellungen drau\u00dfen und drinnen, Kunstprojekte f\u00fcr den \u00f6ffentlichen Raum, kreative Kunstevents, Kunstfahrten regional und \u00fcberregional, Kunstfilme im JOKI, Vortr\u00e4ge zu Kunstthemen und viele weitere Ideen; mal verr\u00fcckt, mal frech, mal was Neues, mal konventionell, eben ganz nach unserem Motto: <strong>ART<\/strong>ig und un<strong>ART<\/strong>ig.&nbsp;&nbsp;<\/p>\n<p><a href=\"http:\/\/art-badkrozingen.de\/?page_id=17\">Mitglied werden<\/a><\/p>\n<p>Da die F\u00f6rderung von Kunst und Kultur auch f\u00fcr uns Geld kostet, hei\u00dfen wir Sponsoren und F\u00f6rderer herzlich willkommen. Da wir als gemeinn\u00fctzig anerkannt sind, k\u00f6nnen wir Ihnen f\u00fcr Ihre Zuwendung gerne eine Spendenbescheinigung zukommen lassen.<\/p>\n<p><a href=\"http:\/\/art-badkrozingen.de\/?page_id=28\">Sponsor werden<\/a><\/p>\n<p>&nbsp;<\/p>\n","protected":false},"excerpt":{"rendered":"<p>ART Bad Krozingen e.V. wurde als Kunstverein am 17. Juli 2014 im Kurhaus Bad Krozingen gegr\u00fcndet. Zweck des Vereins ist die F\u00f6rderung von Kunst und Kultur. Der Satzungszweck wird insbesondere verwirklicht durch die Veranstaltung von Kunstausstellungen, durch Vortr\u00e4ge und sonstige kunstf\u00f6rdernde T\u00e4tigkeiten f\u00fcr die \u00d6ffentlichkeit. Daneben soll der Verein eine Basis f\u00fcr K\u00fcnstler und Kunstinteressierte [&hellip;]<\/p>\n","protected":false},"author":1,"featured_media":0,"parent":0,"menu_order":2,"comment_status":"closed","ping_status":"closed","template":"","meta":{"ngg_post_thumbnail":0},"_links":{"self":[{"href":"http:\/\/art-badkrozingen.de\/index.php?rest_route=\/wp\/v2\/pages\/2"}],"collection":[{"href":"http:\/\/art-badkrozingen.de\/index.php?rest_route=\/wp\/v2\/pages"}],"about":[{"href":"http:\/\/art-badkrozingen.de\/index.php?rest_route=\/wp\/v2\/types\/page"}],"author":[{"embeddable":true,"href":"http:\/\/art-badkrozingen.de\/index.php?rest_route=\/wp\/v2\/users\/1"}],"replies":[{"embeddable":true,"href":"http:\/\/art-badkrozingen.de\/index.php?rest_route=%2Fwp%2Fv2%2Fcomments&post=2"}],"version-history":[{"count":30,"href":"http:\/\/art-badkrozingen.de\/index.php?rest_route=\/wp\/v2\/pages\/2\/revisions"}],"predecessor-version":[{"id":5312,"href":"http:\/\/art-badkrozingen.de\/index.php?rest_route=\/wp\/v2\/pages\/2\/revisions\/5312"}],"wp:attachment":[{"href":"http:\/\/art-badkrozingen.de\/index.php?rest_route=%2Fwp%2Fv2%2Fmedia&parent=2"}],"curies":[{"name":"wp","href":"https:\/\/api.w.org\/{rel}","templated":true}]}}