{"id":220,"date":"2017-08-04T13:44:33","date_gmt":"2017-08-04T13:44:33","guid":{"rendered":"http:\/\/art-badkrozingen.de\/?page_id=220"},"modified":"2026-04-24T14:59:13","modified_gmt":"2026-04-24T14:59:13","slug":"art-vorstand","status":"publish","type":"page","link":"http:\/\/art-badkrozingen.de\/?page_id=220","title":{"rendered":"ART Vorstand"},"content":{"rendered":"<div id=\"attachment_294\" style=\"width: 610px\" class=\"wp-caption alignnone\"><img aria-describedby=\"caption-attachment-294\" loading=\"lazy\" class=\"wp-image-294\" src=\"http:\/\/art-badkrozingen.de\/wp-content\/uploads\/2017\/08\/Art_Gruendung.jpg\" alt=\"\" width=\"600\" height=\"450\" srcset=\"http:\/\/art-badkrozingen.de\/wp-content\/uploads\/2017\/08\/Art_Gruendung.jpg 1024w, http:\/\/art-badkrozingen.de\/wp-content\/uploads\/2017\/08\/Art_Gruendung-300x225.jpg 300w, http:\/\/art-badkrozingen.de\/wp-content\/uploads\/2017\/08\/Art_Gruendung-768x576.jpg 768w\" sizes=\"(max-width: 600px) 100vw, 600px\" \/><p id=\"caption-attachment-294\" class=\"wp-caption-text\">Die Vereinsgr\u00fcndung von ART Bad Krozingen e.V. im Jahr 2014. Das Foto zeigt die Gr\u00fcndungsmitglieder, zu denen zus\u00e4tzlich auch die Stadt Bad Krozingen geh\u00f6rt.Von links: J\u00fcrgen Hellmuth, Christina Filian, Dr. Thomas Lorscheid, Monika Degen-Hellmuth, Michael v. Beckerath (verst. 20.01.2020), Sybille Lorscheid, Manuela Pfefferle, Ulrike Falk, Thomas Th\u00fcrling. Nicht auf dem Foto: Peter Falk.<\/p><\/div>\n<p style=\"text-align: center;\">***<\/p>\n<p><strong>Unser aktueller Vorstand (gew\u00e4hlt am 11. M\u00e4rz 2026):<\/strong><\/p>\n<p><strong>Erste Vorsitzende:<\/strong> Sybille Lorscheid<br \/>\n<strong>Zweite Vorsitzende:<\/strong> Claudia Erhart<br \/>\n<strong>Schatzmeisterin:<\/strong>&nbsp;Gerda Raddy<br \/>\n<strong>Schriftf\u00fchrer:<\/strong> Dr. Thomas Lorscheid<br \/>\n<strong>Pressereferent:<\/strong>&nbsp;Thomas Th\u00fcrling<br \/>\n<strong>BeisitzerInnen:<\/strong> Monika Degen-Hellmuth (Kunstfahrten), Birgit Martin (Kunstfilme), Yanica Kacimi und Dieter Riesterer (k\u00fcnstlerische Beisitzer)<\/p>\n<p><img loading=\"lazy\" class=\"alignnone wp-image-7612\" src=\"https:\/\/art-badkrozingen.de\/wp-content\/uploads\/2026\/03\/IMG-20260314-WA0001.jpg\" alt=\"\" width=\"643\" height=\"362\" srcset=\"http:\/\/art-badkrozingen.de\/wp-content\/uploads\/2026\/03\/IMG-20260314-WA0001.jpg 1632w, http:\/\/art-badkrozingen.de\/wp-content\/uploads\/2026\/03\/IMG-20260314-WA0001-300x169.jpg 300w, http:\/\/art-badkrozingen.de\/wp-content\/uploads\/2026\/03\/IMG-20260314-WA0001-1024x577.jpg 1024w, http:\/\/art-badkrozingen.de\/wp-content\/uploads\/2026\/03\/IMG-20260314-WA0001-768x432.jpg 768w, http:\/\/art-badkrozingen.de\/wp-content\/uploads\/2026\/03\/IMG-20260314-WA0001-1536x865.jpg 1536w\" sizes=\"(max-width: 643px) 100vw, 643px\" \/><\/p>\n<p>&nbsp;<\/p>\n<p>&nbsp;<\/p>\n","protected":false},"excerpt":{"rendered":"<p>*** Unser aktueller Vorstand (gew\u00e4hlt am 11. M\u00e4rz 2026): Erste Vorsitzende: Sybille Lorscheid Zweite Vorsitzende: Claudia Erhart Schatzmeisterin:&nbsp;Gerda Raddy Schriftf\u00fchrer: Dr. Thomas Lorscheid Pressereferent:&nbsp;Thomas Th\u00fcrling BeisitzerInnen: Monika Degen-Hellmuth (Kunstfahrten), Birgit Martin (Kunstfilme), Yanica Kacimi und Dieter Riesterer (k\u00fcnstlerische Beisitzer) &nbsp; &nbsp;<\/p>\n","protected":false},"author":1,"featured_media":0,"parent":2,"menu_order":2,"comment_status":"closed","ping_status":"closed","template":"","meta":{"ngg_post_thumbnail":0},"_links":{"self":[{"href":"http:\/\/art-badkrozingen.de\/index.php?rest_route=\/wp\/v2\/pages\/220"}],"collection":[{"href":"http:\/\/art-badkrozingen.de\/index.php?rest_route=\/wp\/v2\/pages"}],"about":[{"href":"http:\/\/art-badkrozingen.de\/index.php?rest_route=\/wp\/v2\/types\/page"}],"author":[{"embeddable":true,"href":"http:\/\/art-badkrozingen.de\/index.php?rest_route=\/wp\/v2\/users\/1"}],"replies":[{"embeddable":true,"href":"http:\/\/art-badkrozingen.de\/index.php?rest_route=%2Fwp%2Fv2%2Fcomments&post=220"}],"version-history":[{"count":42,"href":"http:\/\/art-badkrozingen.de\/index.php?rest_route=\/wp\/v2\/pages\/220\/revisions"}],"predecessor-version":[{"id":7635,"href":"http:\/\/art-badkrozingen.de\/index.php?rest_route=\/wp\/v2\/pages\/220\/revisions\/7635"}],"up":[{"embeddable":true,"href":"http:\/\/art-badkrozingen.de\/index.php?rest_route=\/wp\/v2\/pages\/2"}],"wp:attachment":[{"href":"http:\/\/art-badkrozingen.de\/index.php?rest_route=%2Fwp%2Fv2%2Fmedia&parent=220"}],"curies":[{"name":"wp","href":"https:\/\/api.w.org\/{rel}","templated":true}]}}