{"id":222,"date":"2017-08-04T13:44:55","date_gmt":"2017-08-04T13:44:55","guid":{"rendered":"http:\/\/art-badkrozingen.de\/?page_id=222"},"modified":"2018-03-07T13:50:48","modified_gmt":"2018-03-07T13:50:48","slug":"rt-satzung","status":"publish","type":"page","link":"http:\/\/art-badkrozingen.de\/?page_id=222","title":{"rendered":"ART Satzung"},"content":{"rendered":"<h4>Satzung von ART Bad Krozingen e.V.<\/h4>\n<p><strong>\u00a7 1 Name, Sitz, Gesch\u00e4ftsjahr<\/strong><br \/>\nDer Verein wird als eingetragener Verein gegr\u00fcndet und f\u00fchrt den Namen<br \/>\n\u201e ART Bad Krozingen e.V.\u201c<br \/>\nDer Verein hat seinen Sitz in 79189 Bad Krozingen.<br \/>\nDas Gesch\u00e4ftsjahr des Vereins ist das Kalenderjahr.<\/p>\n<p><strong>\u00a7 2 Vereinszweck<\/strong><br \/>\nZweck des Vereins ist die F\u00f6rderung von Kunst und Kultur. Der Satzungszweck wird<br \/>\ninsbesondere verwirklicht durch die Veranstaltung von Kunstausstellungen, durch<br \/>\nVortr\u00e4ge und sonstige kunstf\u00f6rdernde T\u00e4tigkeiten. Daneben soll der Verein eine<br \/>\nBasis f\u00fcr K\u00fcnstler und Kunstinteressierte sein.<\/p>\n<p><strong>\u00a7 3 Gemeinn\u00fctzigkeit<\/strong><br \/>\nDer Verein verfolgt ausschlie\u00dflich und unmittelbar gemeinn\u00fctzige Zwecke im Sinne<br \/>\ndes Abschnitts \u201eSteuerbeg\u00fcnstigte Zwecke\u201c der Abgabenordnung.<br \/>\nDer Verein ist selbstlos t\u00e4tig, er verfolgt nicht in erster Linie eigenwirtschaftliche<br \/>\nZwecke. Mittel des Vereins d\u00fcrfen nur f\u00fcr satzungsgem\u00e4\u00dfe Zwecke verwendet<br \/>\nwerden. Die Mitglieder erhalten keine Zuwendungen aus Mitteln des Vereins, auch<br \/>\nnicht bei ihrem Ausscheiden.<br \/>\nEs darf keine Person durch Ausgaben, die dem Zweck des Vereins fremd sind oder<br \/>\ndurch unverh\u00e4ltnism\u00e4\u00dfig hohe Verg\u00fctung beg\u00fcnstigt werden.<\/p>\n<p><strong> \u00a7 4 Mitgliedschaft<\/strong><br \/>\nVereinsmitglieder k\u00f6nnen nat\u00fcrliche vollj\u00e4hrige und juristische Personen werden.<br \/>\nJugendliche unter 16 Jahren bed\u00fcrfen der Erlaubnis der Eltern.<br \/>\nMitglieder, die das 16. Lebensjahr vollendet haben, haben volles Antrags- und<br \/>\nStimmrecht in der Mitgliederversammlung. Jedes Mitglied hat eine Stimme.<br \/>\nDie Mitgliederversammlung kann Personen zu Ehrenmitgliedern benennen. Der<br \/>\nVorstand hat ein Vorschlagsrecht.<br \/>\nDie Aufnahme erfolgt durch schriftlichen Antrag. \u00dcber den Aufnahmeantrag<br \/>\nentscheidet der Vorstand.<\/p>\n<p>Bei Ablehnung des Aufnahmeantrages ist der Vorstand nicht verpflichtet, dem<br \/>\nAntragsteller die Gr\u00fcnde mitzuteilen.<br \/>\nMit Zustimmung des Vorstands k\u00f6nnen auch weitere Personen (Nichtmitglieder) auf<br \/>\nbestimmte Zeit aktiv f\u00fcr den Verein t\u00e4tig werden.<\/p>\n<p><strong>\u00a7 5 Mitgliedsbeitrag<\/strong><br \/>\nVon den Mitgliedern werden Mitgliedsbeitr\u00e4ge zu Beginn des Gesch\u00e4ftsjahres<br \/>\nerhoben.<br \/>\nDie H\u00f6he der jeweiligen Beitr\u00e4ge werden gem\u00e4\u00df Vorschlag des Vorstands von der<br \/>\nMitgliederversammlung festgesetzt.<br \/>\nEhrenmitglieder sind von der Beitragszahlung entbunden.<\/p>\n<p><strong> \u00a7 6 Beendigung der Mitgliedschaft<\/strong><br \/>\nDie Mitgliedschaft endet mit dem Tod des Mitglieds, freiwilligen Austritt, Ausschluss<br \/>\naus dem Verein oder Verlust der Rechtsf\u00e4higkeit der juristischen Person.<br \/>\nEin Mitglied kann durch schriftliche Erkl\u00e4rung gegen\u00fcber einem Vorstandsmitglied<br \/>\nden Austritt erkl\u00e4ren. Die K\u00fcndigungsfrist betr\u00e4gt 3 Monate zum Jahresende.<br \/>\nWenn ein Mitglied schuldhaft in grober Weise die Interessen des Vereins verletzt,<br \/>\ninsbesondere gegen Satzung, Grunds\u00e4tze oder Beschl\u00fcsse des Vereins versto\u00dfen<br \/>\nhat, kann es durch Beschluss des Vorstands aus dem Verein ausgeschlossen<br \/>\nwerden. Vor der Beschlussfassung muss der Vorstand dem Mitglied Gelegenheit zur<br \/>\nm\u00fcndlichen oder schriftlichen Stellungnahme geben. Der Beschluss des Vorstands<br \/>\nist zu begr\u00fcnden und dem Mitglied schriftlich mitzuteilen. Gegen den Beschluss kann<br \/>\ndas Mitglied Berufung an die Mitgliederversammlung einlegen. Die Berufung ist<br \/>\ninnerhalb eines Monats nach Zugang des Beschlusses beim Vorstand einzulegen.<br \/>\nDer Vorstand hat binnen eines Monats nach fristgem\u00e4\u00dfer Einlegung der Berufung<br \/>\neine Mitgliederversammlung einzuberufen, die abschlie\u00dfend vereinsintern mit 2\/3-<br \/>\nMehrheit \u00fcber den Ausschluss entscheidet. Bis zur Entscheidung der<br \/>\nMitgliederversammlung ruhen die Mitgliedschaftsrechte.<br \/>\nMitglieder k\u00f6nnen aus dem Verein ausgeschlossen werden, wenn sie nach<br \/>\nvorheriger schriftlicher Mahnung mit mehr als einem Jahresbeitrag in R\u00fcckstand<br \/>\ngeraten.<br \/>\nMitglieder, deren Mitgliedschaft erloschen ist, haben keinen Anspruch auf Anteile aus<br \/>\ndem Verm\u00f6gen des Vereins. Andere Anspr\u00fcche gegen den Verein m\u00fcssen binnen<br \/>\nsechs Monaten nach Erl\u00f6schen der Mitgliedschaft durch eingeschriebenen Brief<br \/>\ngeltend gemacht und begr\u00fcndet werden.<\/p>\n<p><strong>\u00a7 7 Finanzierung<\/strong><br \/>\nDer Verein finanziert seine Arbeit haupts\u00e4chlich aus Mitglieds- und F\u00f6rderbeitr\u00e4gen<br \/>\nsowie Spenden.<\/p>\n<p><strong>\u00a7 8 Verg\u00fctung f\u00fcr Vereinst\u00e4tigkeit<\/strong><br \/>\nDie Vereinsorgane f\u00fchren ihre T\u00e4tigkeit grunds\u00e4tzlich ehrenamtlich aus.<br \/>\nBei Bedarf k\u00f6nnen Vereins\u00e4mter im Rahmen der haushaltsrechtlichen M\u00f6glichkeiten<br \/>\nentgeltlich auf der Grundlage eines Dienstvertrages oder gegen Zahlung einer<br \/>\nAufwandsentsch\u00e4digung nach \u00a7 3 Nr.26a EstG ausge\u00fcbt werden.<br \/>\nDie Entscheidung \u00fcber eine entgeltliche Vereinst\u00e4tigkeit sowie deren H\u00f6he nach \u00a73<br \/>\nAbsatz 3 trifft die Mitgliederversammlung auf Vorschlag des Vorstands unter<br \/>\nBer\u00fccksichtigung der Haushaltslage des Vereins.<\/p>\n<p><strong>\u00a7 9 Organe des Vereins<\/strong><br \/>\nVereinsorgane sind die Mitgliederversammlung und der Vorstand.<\/p>\n<p><strong>\u00a7 10 Mitgliederversammlung<\/strong><br \/>\nIm ersten Quartal eines jeden Gesch\u00e4ftsjahres findet eine ordentliche<br \/>\nMitgliederversammlung statt. Diese wird vom Vorstand mit einer Frist von vier<br \/>\nWochen unter Angabe der Tagesordnung durch schriftliche Einladung per Post oder<br \/>\nals Mail-Versand durchgef\u00fchrt. Au\u00dferdem wird die Einladung in der Bad Krozinger<br \/>\nStadtzeitung ver\u00f6ffentlicht.<br \/>\nDer Vorstand ist zur Einberufung einer au\u00dferordentlichen Mitgliederversammlung<br \/>\nverpflichtet, wenn mindestens ein Drittel der Mitglieder dies schriftlich unter Angabe<br \/>\nvon Gr\u00fcnden verlangt.<br \/>\nDie Mitgliederversammlung ist ohne R\u00fccksicht auf die Zahl der erschienenen<br \/>\nMitglieder beschlussf\u00e4hig.<br \/>\nDie Mitgliederversammlung wird von einem Vorstandsmitglied geleitet. Die Aufgaben<br \/>\nder Mitgliederversammlung sind wie folgt:<\/p>\n<ul>\n<li>Festsetzung und H\u00f6he des Mitgliederbeitrags auf Vorschlag des Vorstands<\/li>\n<li>Wahl und Abberufung des Vorstands<\/li>\n<li>Beschlussfassung \u00fcber \u00c4nderung der Satzung<\/li>\n<li>Aufl\u00f6sung des Vereins<\/li>\n<li>Beschlussfassung \u00fcber den Ausschluss eines Mitglieds<\/li>\n<li>Beschluss \u00fcber den Ausschluss bzw. die Abberufung eines Vorstandsmitglieds<\/li>\n<li>Ernennung von Ehrenmitgliedern<\/li>\n<\/ul>\n<p>Festsetzung und H\u00f6he des Mitgliederbeitrags auf Vorschlag des Vorstands<br \/>\nWahl und Abberufung des Vorstands<br \/>\nBeschlussfassung \u00fcber \u00c4nderung der Satzung<br \/>\nAufl\u00f6sung des Vereins<br \/>\nBeschlussfassung \u00fcber den Ausschluss eines Mitglieds<br \/>\nBeschluss \u00fcber den Ausschluss bzw. die Abberufung eines Vorstandsmitglieds<br \/>\nErnennung von Ehrenmitgliedern<br \/>\n\u00dcber die Mitgliederversammlung ist ein Protokoll vom Schriftf\u00fchrer anzufertigen.<br \/>\nDieses Protokoll ist sowohl vom Schriftf\u00fchrer als auch vom Vorsitzenden zu<br \/>\nunterzeichnen.<br \/>\nJedes Mitglied hat eine Stimme. Das Stimmrecht kann nur pers\u00f6nlich ausge\u00fcbt<br \/>\nwerden.<br \/>\nBei Abstimmungen entscheidet die einfache Mehrheit der abgegebenen Stimmen.<br \/>\nSatzungs\u00e4nderungen und die Aufl\u00f6sung des Vereins k\u00f6nnen nur mit einer Mehrheit<br \/>\nvon 2\/3 der anwesenden Mitglieder beschlossen werden. Stimmenthaltungen und<br \/>\nung\u00fcltige Stimmen bleiben au\u00dfer Betracht.<\/p>\n<p><strong>\u00a7 11 Vorstand<\/strong><br \/>\nDer Vorstand besteht aus<br \/>\n&#8211; Erster Vorsitzender \/ Vorsitzende<br \/>\n&#8211; Zweiter Vorsitzender \/ Vorsitzende<br \/>\n&#8211; Schriftf\u00fchrer \/ Schriftf\u00fchrerin<br \/>\n&#8211; Pressearbeit \/ \u00d6ffentlichkeitsarbeit<br \/>\n&#8211; Kassenwart \/ Kassenwartin<br \/>\n&#8211; Beisitzer \/ Beisitzerin<br \/>\n\u00dcber die Anzahl der Beisitzer \/ Beisitzerinnen entscheidet der Vorstand. Ein<br \/>\nVorstandsmitglied sollte in der Regel nur eine dieser Funktionen \u00fcbernehmen.<br \/>\nGesetzliche Vertreter im Sinne des \u00a7 26 BGB sind der \/ die erste Vorsitzende und<br \/>\nder \/ die zweite Vorsitzende. Jeder zeichnet mit einem weiteren Vorstandsmitglied.<br \/>\nDie Amtszeit des gesamten Vorstands betr\u00e4gt zwei Jahre. Eine Wiederwahl ist<br \/>\nzul\u00e4ssig.<br \/>\n\u00dcber die Sitzungen des Vorstands ist ein vom Schriftf\u00fchrer zu unterzeichnendes<br \/>\nProtokoll anzufertigen. Beschl\u00fcsse und Protokolle werden vom Schriftf\u00fchrer allen<br \/>\nMitgliedern des Vorstands zur Kenntnis gebracht.<br \/>\nDer Vorstand bleibt solange im Amt bis ein neuer Vorstand gew\u00e4hlt ist.<br \/>\nBei Beendigung der Mitgliedschaft im Verein endet auch das Amt als Vorstand.<br \/>\nVorstandsmitglieder k\u00f6nnen nur Mitglieder des Vereins werden.<br \/>\nDer Vorstand haftet den Mitgliedern gegen\u00fcber nur insoweit als dies durch eine<br \/>\nbestehende Versicherung abgedeckt ist.<br \/>\nDie Information der Mitglieder ist eine Kernaufgabe des Vorstands.<\/p>\n<p><strong>\u00a7 12 Datenschutz<\/strong><br \/>\nIm Rahmen der Mitgliederverwaltung werden von den Mitgliedern folgende Daten<br \/>\nerhoben (Name, Vorname &#8230; ). Diese Daten werden im Rahmen der Mitgliedschaft<br \/>\nverarbeitet und gespeichert. Der Verein ver\u00f6ffentlicht Daten seiner Mitglieder [auf der<br \/>\nHomepage, der Vereinszeitschrift, dem Schwarzen Brett, dem Schaukasten] nur,<br \/>\nwenn die Mitgliederversammlung einen entsprechenden Beschluss gefasst hat und<br \/>\ndas Mitglied nicht widersprochen hat.<\/p>\n<p><strong>\u00a7 13 Eintragung im Vereinsregister<\/strong><br \/>\nDer Verein soll in das Vereinsregister beim zust\u00e4ndigen Amtsgericht eingetragen<br \/>\nwerden.<\/p>\n<p><strong>&nbsp;\u00a7 14 Aufl\u00f6sung<\/strong><br \/>\nDie Aufl\u00f6sung des Vereins kann nur in einer zu diesem Zweck einberufenen<br \/>\nMitgliederversammlung beschlossen werden.<br \/>\nBei Aufl\u00f6sung des Vereins oder bei Wegfall steuerbeg\u00fcnstigter Zwecke f\u00e4llt das<br \/>\nVerm\u00f6gen des Vereins an die Stadt Bad Krozingen, die es unmittelbar und<br \/>\nausschlie\u00dflich zur F\u00f6rderung von Kunst und Kultur zu verwenden hat.<br \/>\nGr\u00fcndungsversammlung in Bad Krozingen, den 17.07.2014<\/p>\n","protected":false},"excerpt":{"rendered":"<p>Satzung von ART Bad Krozingen e.V. \u00a7 1 Name, Sitz, Gesch\u00e4ftsjahr Der Verein wird als eingetragener Verein gegr\u00fcndet und f\u00fchrt den Namen \u201e ART Bad Krozingen e.V.\u201c Der Verein hat seinen Sitz in 79189 Bad Krozingen. Das Gesch\u00e4ftsjahr des Vereins ist das Kalenderjahr. \u00a7 2 Vereinszweck Zweck des Vereins ist die F\u00f6rderung von Kunst und [&hellip;]<\/p>\n","protected":false},"author":1,"featured_media":0,"parent":2,"menu_order":3,"comment_status":"closed","ping_status":"closed","template":"","meta":{"ngg_post_thumbnail":0},"_links":{"self":[{"href":"http:\/\/art-badkrozingen.de\/index.php?rest_route=\/wp\/v2\/pages\/222"}],"collection":[{"href":"http:\/\/art-badkrozingen.de\/index.php?rest_route=\/wp\/v2\/pages"}],"about":[{"href":"http:\/\/art-badkrozingen.de\/index.php?rest_route=\/wp\/v2\/types\/page"}],"author":[{"embeddable":true,"href":"http:\/\/art-badkrozingen.de\/index.php?rest_route=\/wp\/v2\/users\/1"}],"replies":[{"embeddable":true,"href":"http:\/\/art-badkrozingen.de\/index.php?rest_route=%2Fwp%2Fv2%2Fcomments&post=222"}],"version-history":[{"count":12,"href":"http:\/\/art-badkrozingen.de\/index.php?rest_route=\/wp\/v2\/pages\/222\/revisions"}],"predecessor-version":[{"id":1820,"href":"http:\/\/art-badkrozingen.de\/index.php?rest_route=\/wp\/v2\/pages\/222\/revisions\/1820"}],"up":[{"embeddable":true,"href":"http:\/\/art-badkrozingen.de\/index.php?rest_route=\/wp\/v2\/pages\/2"}],"wp:attachment":[{"href":"http:\/\/art-badkrozingen.de\/index.php?rest_route=%2Fwp%2Fv2%2Fmedia&parent=222"}],"curies":[{"name":"wp","href":"https:\/\/api.w.org\/{rel}","templated":true}]}}