{"id":3364,"date":"2019-12-15T15:35:44","date_gmt":"2019-12-15T15:35:44","guid":{"rendered":"http:\/\/art-badkrozingen.de\/?page_id=3364"},"modified":"2025-11-05T10:30:18","modified_gmt":"2025-11-05T10:30:18","slug":"bettina-boecherer","status":"publish","type":"page","link":"http:\/\/art-badkrozingen.de\/?page_id=3364","title":{"rendered":"Bettina B\u00f6cherer"},"content":{"rendered":"<p><strong>Malerei<\/strong><\/p>\n<p>Ich bin 1963 geboren und aufgewachsen in Emmendingen. Schon als Kind und Jugendliche habe ich schon immer gerne gemalt und gezeichnet.<strong>&nbsp;<\/strong><\/p>\n<p>W\u00e4hrend meiner beruflichen T\u00e4tigkeiten verlor ich das Interesse an der Malerei.&nbsp;Aus beruflichen Gr\u00fcnden zog ich 1996 nach Bad Krozingen.<\/p>\n<p>W\u00e4hrend eines Klinikaufenthaltes 2007 entdeckte ich die Malerei aufs neue. Das Spielen der Farben und Formen begann mich wieder zu faszinieren. In einem Kurs lernte ich mit&nbsp;Acrylfarben Landschafts- und Blumenbildern zu malen.&nbsp;In Malb\u00fcchern von Bob Ross, Hans-Peter Dietmann und andere K\u00fcnstlern, bekam ich mehr&nbsp;Einblicke und Tipps zur Malerei und auch abstrakte Kunst.<\/p>\n<p>In der Abstrakten Kunst spielen Farben eine riesige Rolle. Daher ist es f\u00fcr mich von gro\u00dfer&nbsp;Bedeutung, meine eigenen Emotionen mit Komponenten auf der Leinwand auszudr\u00fccken.&nbsp;Formen mit verschiedenen Farben ist wie eine Art nonverbale Kommunikation,&nbsp;bei der das gesamte Bild eine Botschaft vermittelt.<\/p>\n<p>Au\u00dferdem besch\u00e4ftige ich mich mit Zentangle. Es macht Freude und Spa\u00df zu Tangeln, zu&nbsp;sehen wie die ineinander \u00fcbergehenden Muster ein faszinierendes , oft verbl\u00fcffend&nbsp;komplexes Gesamtmotiv darstellt.&nbsp;So entstehen Bilder mit eigenen, kreativen Kompositionen, entweder nur gezeichnet mit&nbsp;schwarzen, bunten Fineliner, oder auf Leinwand mit verschiedenen Acrylfarben als Hintergrund.<\/p>\n<p>&nbsp;<\/p>\n<p>Bettina B\u00f6cherer, Schulstr.&nbsp; 24,&nbsp;79189 Bad Krozingen<\/p>\n<p>Website: <strong>bettboe-acryl20wix.com<\/strong><\/p>\n<!-- index.php -->\n<div\n\tclass=\"ngg-galleryoverview ngg-ajax-pagination-none\"\n\tid=\"ngg-gallery-942e87121a6f482df4e3a17257f11ebb-1\">\n\n    \t<div class=\"slideshowlink\">\n        <a href='http:\/\/art-badkrozingen.de\/index.php\/nggallery\/slideshow?page_id=3364'>[Zeige eine Slideshow]<\/a>\n\t\t\n\t<\/div>\n\t\t\t<!-- Thumbnails -->\n\t\t\t\t<div id=\"ngg-image-0\" class=\"ngg-gallery-thumbnail-box\" >\n\t\t\t\t        <div class=\"ngg-gallery-thumbnail\">\n            <a href=\"http:\/\/art-badkrozingen.de\/wp-content\/gallery\/bettina-boecherer\/Ballons.jpg\"\n               title=\"\"\n               data-src=\"http:\/\/art-badkrozingen.de\/wp-content\/gallery\/bettina-boecherer\/Ballons.jpg\"\n               data-thumbnail=\"http:\/\/art-badkrozingen.de\/wp-content\/gallery\/bettina-boecherer\/thumbs\/thumbs_Ballons.jpg\"\n               data-image-id=\"920\"\n               data-title=\"Ballons\"\n               data-description=\"\"\n               data-image-slug=\"ballons\"\n               class=\"ngg-fancybox\" rel=\"942e87121a6f482df4e3a17257f11ebb\">\n                <img\n                    title=\"Ballons\"\n                    alt=\"Ballons\"\n                    src=\"http:\/\/art-badkrozingen.de\/wp-content\/gallery\/bettina-boecherer\/thumbs\/thumbs_Ballons.jpg\"\n                    width=\"200\"\n                    height=\"155\"\n                    style=\"max-width:100%;\"\n                \/>\n            <\/a>\n        <\/div>\n\t\t\t\t\t\t\t<\/div> \n\t\t\t\n        \n\t\t\t\t<div id=\"ngg-image-1\" class=\"ngg-gallery-thumbnail-box\" >\n\t\t\t\t        <div class=\"ngg-gallery-thumbnail\">\n            <a href=\"http:\/\/art-badkrozingen.de\/wp-content\/gallery\/bettina-boecherer\/Elegant.jpg\"\n               title=\"\"\n               data-src=\"http:\/\/art-badkrozingen.de\/wp-content\/gallery\/bettina-boecherer\/Elegant.jpg\"\n               data-thumbnail=\"http:\/\/art-badkrozingen.de\/wp-content\/gallery\/bettina-boecherer\/thumbs\/thumbs_Elegant.jpg\"\n               data-image-id=\"921\"\n               data-title=\"Elegant\"\n               data-description=\"\"\n               data-image-slug=\"elegant\"\n               class=\"ngg-fancybox\" rel=\"942e87121a6f482df4e3a17257f11ebb\">\n                <img\n                    title=\"Elegant\"\n                    alt=\"Elegant\"\n                    src=\"http:\/\/art-badkrozingen.de\/wp-content\/gallery\/bettina-boecherer\/thumbs\/thumbs_Elegant.jpg\"\n                    width=\"200\"\n                    height=\"155\"\n                    style=\"max-width:100%;\"\n                \/>\n            <\/a>\n        <\/div>\n\t\t\t\t\t\t\t<\/div> \n\t\t\t\n        \n\t\t\t\t<div id=\"ngg-image-2\" class=\"ngg-gallery-thumbnail-box\" >\n\t\t\t\t        <div class=\"ngg-gallery-thumbnail\">\n            <a href=\"http:\/\/art-badkrozingen.de\/wp-content\/gallery\/bettina-boecherer\/Happiness.jpg\"\n               title=\"\"\n               data-src=\"http:\/\/art-badkrozingen.de\/wp-content\/gallery\/bettina-boecherer\/Happiness.jpg\"\n               data-thumbnail=\"http:\/\/art-badkrozingen.de\/wp-content\/gallery\/bettina-boecherer\/thumbs\/thumbs_Happiness.jpg\"\n               data-image-id=\"922\"\n               data-title=\"Happiness\"\n               data-description=\"\"\n               data-image-slug=\"happiness\"\n               class=\"ngg-fancybox\" rel=\"942e87121a6f482df4e3a17257f11ebb\">\n                <img\n                    title=\"Happiness\"\n                    alt=\"Happiness\"\n                    src=\"http:\/\/art-badkrozingen.de\/wp-content\/gallery\/bettina-boecherer\/thumbs\/thumbs_Happiness.jpg\"\n                    width=\"200\"\n                    height=\"155\"\n                    style=\"max-width:100%;\"\n                \/>\n            <\/a>\n        <\/div>\n\t\t\t\t\t\t\t<\/div> \n\t\t\t\n        \n\t\t\t\t<div id=\"ngg-image-3\" class=\"ngg-gallery-thumbnail-box\" >\n\t\t\t\t        <div class=\"ngg-gallery-thumbnail\">\n            <a href=\"http:\/\/art-badkrozingen.de\/wp-content\/gallery\/bettina-boecherer\/Eisige-Zeiten-1.jpg\"\n               title=\"\"\n               data-src=\"http:\/\/art-badkrozingen.de\/wp-content\/gallery\/bettina-boecherer\/Eisige-Zeiten-1.jpg\"\n               data-thumbnail=\"http:\/\/art-badkrozingen.de\/wp-content\/gallery\/bettina-boecherer\/thumbs\/thumbs_Eisige-Zeiten-1.jpg\"\n               data-image-id=\"923\"\n               data-title=\"Eisige-Zeiten-1\"\n               data-description=\"\"\n               data-image-slug=\"eisige-zeiten-1\"\n               class=\"ngg-fancybox\" rel=\"942e87121a6f482df4e3a17257f11ebb\">\n                <img\n                    title=\"Eisige-Zeiten-1\"\n                    alt=\"Eisige-Zeiten-1\"\n                    src=\"http:\/\/art-badkrozingen.de\/wp-content\/gallery\/bettina-boecherer\/thumbs\/thumbs_Eisige-Zeiten-1.jpg\"\n                    width=\"200\"\n                    height=\"155\"\n                    style=\"max-width:100%;\"\n                \/>\n            <\/a>\n        <\/div>\n\t\t\t\t\t\t\t<\/div> \n\t\t\t\n        \n\t\t\t\t<div id=\"ngg-image-4\" class=\"ngg-gallery-thumbnail-box\" >\n\t\t\t\t        <div class=\"ngg-gallery-thumbnail\">\n            <a href=\"http:\/\/art-badkrozingen.de\/wp-content\/gallery\/bettina-boecherer\/Flowers-Rocks.jpg\"\n               title=\"\"\n               data-src=\"http:\/\/art-badkrozingen.de\/wp-content\/gallery\/bettina-boecherer\/Flowers-Rocks.jpg\"\n               data-thumbnail=\"http:\/\/art-badkrozingen.de\/wp-content\/gallery\/bettina-boecherer\/thumbs\/thumbs_Flowers-Rocks.jpg\"\n               data-image-id=\"924\"\n               data-title=\"Flowers-Rocks\"\n               data-description=\"\"\n               data-image-slug=\"flowers-rocks\"\n               class=\"ngg-fancybox\" rel=\"942e87121a6f482df4e3a17257f11ebb\">\n                <img\n                    title=\"Flowers-Rocks\"\n                    alt=\"Flowers-Rocks\"\n                    src=\"http:\/\/art-badkrozingen.de\/wp-content\/gallery\/bettina-boecherer\/thumbs\/thumbs_Flowers-Rocks.jpg\"\n                    width=\"200\"\n                    height=\"155\"\n                    style=\"max-width:100%;\"\n                \/>\n            <\/a>\n        <\/div>\n\t\t\t\t\t\t\t<\/div> \n\t\t\t\n        \n\t\t\t\t<div id=\"ngg-image-5\" class=\"ngg-gallery-thumbnail-box\" >\n\t\t\t\t        <div class=\"ngg-gallery-thumbnail\">\n            <a href=\"http:\/\/art-badkrozingen.de\/wp-content\/gallery\/bettina-boecherer\/Mittendrin.jpg\"\n               title=\"\"\n               data-src=\"http:\/\/art-badkrozingen.de\/wp-content\/gallery\/bettina-boecherer\/Mittendrin.jpg\"\n               data-thumbnail=\"http:\/\/art-badkrozingen.de\/wp-content\/gallery\/bettina-boecherer\/thumbs\/thumbs_Mittendrin.jpg\"\n               data-image-id=\"925\"\n               data-title=\"Mittendrin\"\n               data-description=\"\"\n               data-image-slug=\"mittendrin\"\n               class=\"ngg-fancybox\" rel=\"942e87121a6f482df4e3a17257f11ebb\">\n                <img\n                    title=\"Mittendrin\"\n                    alt=\"Mittendrin\"\n                    src=\"http:\/\/art-badkrozingen.de\/wp-content\/gallery\/bettina-boecherer\/thumbs\/thumbs_Mittendrin.jpg\"\n                    width=\"200\"\n                    height=\"155\"\n                    style=\"max-width:100%;\"\n                \/>\n            <\/a>\n        <\/div>\n\t\t\t\t\t\t\t<\/div> \n\t\t\t\n        \n\t\t\t\t<div id=\"ngg-image-6\" class=\"ngg-gallery-thumbnail-box\" >\n\t\t\t\t        <div class=\"ngg-gallery-thumbnail\">\n            <a href=\"http:\/\/art-badkrozingen.de\/wp-content\/gallery\/bettina-boecherer\/indian-flair.jpg\"\n               title=\"\"\n               data-src=\"http:\/\/art-badkrozingen.de\/wp-content\/gallery\/bettina-boecherer\/indian-flair.jpg\"\n               data-thumbnail=\"http:\/\/art-badkrozingen.de\/wp-content\/gallery\/bettina-boecherer\/thumbs\/thumbs_indian-flair.jpg\"\n               data-image-id=\"926\"\n               data-title=\"indian-flair\"\n               data-description=\"\"\n               data-image-slug=\"indian-flair\"\n               class=\"ngg-fancybox\" rel=\"942e87121a6f482df4e3a17257f11ebb\">\n                <img\n                    title=\"indian-flair\"\n                    alt=\"indian-flair\"\n                    src=\"http:\/\/art-badkrozingen.de\/wp-content\/gallery\/bettina-boecherer\/thumbs\/thumbs_indian-flair.jpg\"\n                    width=\"200\"\n                    height=\"155\"\n                    style=\"max-width:100%;\"\n                \/>\n            <\/a>\n        <\/div>\n\t\t\t\t\t\t\t<\/div> \n\t\t\t\n        \n\t\t\t\t<div id=\"ngg-image-7\" class=\"ngg-gallery-thumbnail-box\" >\n\t\t\t\t        <div class=\"ngg-gallery-thumbnail\">\n            <a href=\"http:\/\/art-badkrozingen.de\/wp-content\/gallery\/bettina-boecherer\/Lichter-und-Schatten.jpg\"\n               title=\"\"\n               data-src=\"http:\/\/art-badkrozingen.de\/wp-content\/gallery\/bettina-boecherer\/Lichter-und-Schatten.jpg\"\n               data-thumbnail=\"http:\/\/art-badkrozingen.de\/wp-content\/gallery\/bettina-boecherer\/thumbs\/thumbs_Lichter-und-Schatten.jpg\"\n               data-image-id=\"1822\"\n               data-title=\"Lichter-und-Schatten\"\n               data-description=\"\"\n               data-image-slug=\"lichter-und-schatten\"\n               class=\"ngg-fancybox\" rel=\"942e87121a6f482df4e3a17257f11ebb\">\n                <img\n                    title=\"Lichter-und-Schatten\"\n                    alt=\"Lichter-und-Schatten\"\n                    src=\"http:\/\/art-badkrozingen.de\/wp-content\/gallery\/bettina-boecherer\/thumbs\/thumbs_Lichter-und-Schatten.jpg\"\n                    width=\"200\"\n                    height=\"155\"\n                    style=\"max-width:100%;\"\n                \/>\n            <\/a>\n        <\/div>\n\t\t\t\t\t\t\t<\/div> \n\t\t\t\n        \n\t\t\t\t<div id=\"ngg-image-8\" class=\"ngg-gallery-thumbnail-box\" >\n\t\t\t\t        <div class=\"ngg-gallery-thumbnail\">\n            <a href=\"http:\/\/art-badkrozingen.de\/wp-content\/gallery\/bettina-boecherer\/wie-ein-Segel-im-Wind.jpg\"\n               title=\"\"\n               data-src=\"http:\/\/art-badkrozingen.de\/wp-content\/gallery\/bettina-boecherer\/wie-ein-Segel-im-Wind.jpg\"\n               data-thumbnail=\"http:\/\/art-badkrozingen.de\/wp-content\/gallery\/bettina-boecherer\/thumbs\/thumbs_wie-ein-Segel-im-Wind.jpg\"\n               data-image-id=\"1823\"\n               data-title=\"wie-ein-Segel-im-Wind\"\n               data-description=\"\"\n               data-image-slug=\"wie-ein-segel-im-wind\"\n               class=\"ngg-fancybox\" rel=\"942e87121a6f482df4e3a17257f11ebb\">\n                <img\n                    title=\"wie-ein-Segel-im-Wind\"\n                    alt=\"wie-ein-Segel-im-Wind\"\n                    src=\"http:\/\/art-badkrozingen.de\/wp-content\/gallery\/bettina-boecherer\/thumbs\/thumbs_wie-ein-Segel-im-Wind.jpg\"\n                    width=\"200\"\n                    height=\"155\"\n                    style=\"max-width:100%;\"\n                \/>\n            <\/a>\n        <\/div>\n\t\t\t\t\t\t\t<\/div> \n\t\t\t\n        \n\t\t\t\t<div id=\"ngg-image-9\" class=\"ngg-gallery-thumbnail-box\" >\n\t\t\t\t        <div class=\"ngg-gallery-thumbnail\">\n            <a href=\"http:\/\/art-badkrozingen.de\/wp-content\/gallery\/bettina-boecherer\/Blumenwiese.jpg\"\n               title=\"\"\n               data-src=\"http:\/\/art-badkrozingen.de\/wp-content\/gallery\/bettina-boecherer\/Blumenwiese.jpg\"\n               data-thumbnail=\"http:\/\/art-badkrozingen.de\/wp-content\/gallery\/bettina-boecherer\/thumbs\/thumbs_Blumenwiese.jpg\"\n               data-image-id=\"1824\"\n               data-title=\"Blumenwiese\"\n               data-description=\"\"\n               data-image-slug=\"blumenwiese\"\n               class=\"ngg-fancybox\" rel=\"942e87121a6f482df4e3a17257f11ebb\">\n                <img\n                    title=\"Blumenwiese\"\n                    alt=\"Blumenwiese\"\n                    src=\"http:\/\/art-badkrozingen.de\/wp-content\/gallery\/bettina-boecherer\/thumbs\/thumbs_Blumenwiese.jpg\"\n                    width=\"200\"\n                    height=\"155\"\n                    style=\"max-width:100%;\"\n                \/>\n            <\/a>\n        <\/div>\n\t\t\t\t\t\t\t<\/div> \n\t\t\t\n        \n\t\t\t\t<div id=\"ngg-image-10\" class=\"ngg-gallery-thumbnail-box\" >\n\t\t\t\t        <div class=\"ngg-gallery-thumbnail\">\n            <a href=\"http:\/\/art-badkrozingen.de\/wp-content\/gallery\/bettina-boecherer\/orangegelbe-Augenblick.jpg\"\n               title=\"\"\n               data-src=\"http:\/\/art-badkrozingen.de\/wp-content\/gallery\/bettina-boecherer\/orangegelbe-Augenblick.jpg\"\n               data-thumbnail=\"http:\/\/art-badkrozingen.de\/wp-content\/gallery\/bettina-boecherer\/thumbs\/thumbs_orangegelbe-Augenblick.jpg\"\n               data-image-id=\"1825\"\n               data-title=\"orangegelbe-Augenblick\"\n               data-description=\"\"\n               data-image-slug=\"orangegelbe-augenblick\"\n               class=\"ngg-fancybox\" rel=\"942e87121a6f482df4e3a17257f11ebb\">\n                <img\n                    title=\"orangegelbe-Augenblick\"\n                    alt=\"orangegelbe-Augenblick\"\n                    src=\"http:\/\/art-badkrozingen.de\/wp-content\/gallery\/bettina-boecherer\/thumbs\/thumbs_orangegelbe-Augenblick.jpg\"\n                    width=\"200\"\n                    height=\"155\"\n                    style=\"max-width:100%;\"\n                \/>\n            <\/a>\n        <\/div>\n\t\t\t\t\t\t\t<\/div> \n\t\t\t\n        \n\t\t\t\t<div id=\"ngg-image-11\" class=\"ngg-gallery-thumbnail-box\" >\n\t\t\t\t        <div class=\"ngg-gallery-thumbnail\">\n            <a href=\"http:\/\/art-badkrozingen.de\/wp-content\/gallery\/bettina-boecherer\/Muster-12.jpg\"\n               title=\"\"\n               data-src=\"http:\/\/art-badkrozingen.de\/wp-content\/gallery\/bettina-boecherer\/Muster-12.jpg\"\n               data-thumbnail=\"http:\/\/art-badkrozingen.de\/wp-content\/gallery\/bettina-boecherer\/thumbs\/thumbs_Muster-12.jpg\"\n               data-image-id=\"1826\"\n               data-title=\"Muster-12\"\n               data-description=\"\"\n               data-image-slug=\"muster-12\"\n               class=\"ngg-fancybox\" rel=\"942e87121a6f482df4e3a17257f11ebb\">\n                <img\n                    title=\"Muster-12\"\n                    alt=\"Muster-12\"\n                    src=\"http:\/\/art-badkrozingen.de\/wp-content\/gallery\/bettina-boecherer\/thumbs\/thumbs_Muster-12.jpg\"\n                    width=\"200\"\n                    height=\"155\"\n                    style=\"max-width:100%;\"\n                \/>\n            <\/a>\n        <\/div>\n\t\t\t\t\t\t\t<\/div> \n\t\t\t\n        \n\t\t\t\t<div id=\"ngg-image-12\" class=\"ngg-gallery-thumbnail-box\" >\n\t\t\t\t        <div class=\"ngg-gallery-thumbnail\">\n            <a href=\"http:\/\/art-badkrozingen.de\/wp-content\/gallery\/bettina-boecherer\/Muster-23.jpg\"\n               title=\"\"\n               data-src=\"http:\/\/art-badkrozingen.de\/wp-content\/gallery\/bettina-boecherer\/Muster-23.jpg\"\n               data-thumbnail=\"http:\/\/art-badkrozingen.de\/wp-content\/gallery\/bettina-boecherer\/thumbs\/thumbs_Muster-23.jpg\"\n               data-image-id=\"1827\"\n               data-title=\"Muster-23\"\n               data-description=\"\"\n               data-image-slug=\"muster-23\"\n               class=\"ngg-fancybox\" rel=\"942e87121a6f482df4e3a17257f11ebb\">\n                <img\n                    title=\"Muster-23\"\n                    alt=\"Muster-23\"\n                    src=\"http:\/\/art-badkrozingen.de\/wp-content\/gallery\/bettina-boecherer\/thumbs\/thumbs_Muster-23.jpg\"\n                    width=\"200\"\n                    height=\"155\"\n                    style=\"max-width:100%;\"\n                \/>\n            <\/a>\n        <\/div>\n\t\t\t\t\t\t\t<\/div> \n\t\t\t\n        \n\t\t\t\t<div id=\"ngg-image-13\" class=\"ngg-gallery-thumbnail-box\" >\n\t\t\t\t        <div class=\"ngg-gallery-thumbnail\">\n            <a href=\"http:\/\/art-badkrozingen.de\/wp-content\/gallery\/bettina-boecherer\/Muster-34.jpg\"\n               title=\"\"\n               data-src=\"http:\/\/art-badkrozingen.de\/wp-content\/gallery\/bettina-boecherer\/Muster-34.jpg\"\n               data-thumbnail=\"http:\/\/art-badkrozingen.de\/wp-content\/gallery\/bettina-boecherer\/thumbs\/thumbs_Muster-34.jpg\"\n               data-image-id=\"1828\"\n               data-title=\"Muster-34\"\n               data-description=\"\"\n               data-image-slug=\"muster-34\"\n               class=\"ngg-fancybox\" rel=\"942e87121a6f482df4e3a17257f11ebb\">\n                <img\n                    title=\"Muster-34\"\n                    alt=\"Muster-34\"\n                    src=\"http:\/\/art-badkrozingen.de\/wp-content\/gallery\/bettina-boecherer\/thumbs\/thumbs_Muster-34.jpg\"\n                    width=\"200\"\n                    height=\"155\"\n                    style=\"max-width:100%;\"\n                \/>\n            <\/a>\n        <\/div>\n\t\t\t\t\t\t\t<\/div> \n\t\t\t\n        \n\t\t\t\t<div id=\"ngg-image-14\" class=\"ngg-gallery-thumbnail-box\" >\n\t\t\t\t        <div class=\"ngg-gallery-thumbnail\">\n            <a href=\"http:\/\/art-badkrozingen.de\/wp-content\/gallery\/bettina-boecherer\/Muster-45T.jpg\"\n               title=\"\"\n               data-src=\"http:\/\/art-badkrozingen.de\/wp-content\/gallery\/bettina-boecherer\/Muster-45T.jpg\"\n               data-thumbnail=\"http:\/\/art-badkrozingen.de\/wp-content\/gallery\/bettina-boecherer\/thumbs\/thumbs_Muster-45T.jpg\"\n               data-image-id=\"1829\"\n               data-title=\"Muster-45T\"\n               data-description=\"\"\n               data-image-slug=\"muster-45t\"\n               class=\"ngg-fancybox\" rel=\"942e87121a6f482df4e3a17257f11ebb\">\n                <img\n                    title=\"Muster-45T\"\n                    alt=\"Muster-45T\"\n                    src=\"http:\/\/art-badkrozingen.de\/wp-content\/gallery\/bettina-boecherer\/thumbs\/thumbs_Muster-45T.jpg\"\n                    width=\"200\"\n                    height=\"155\"\n                    style=\"max-width:100%;\"\n                \/>\n            <\/a>\n        <\/div>\n\t\t\t\t\t\t\t<\/div> \n\t\t\t\n        \n\t\t\n\t\t<!-- Pagination -->\n\t<div class='ngg-clear'><\/div>\t<\/div>\n\n<p>&nbsp;<\/p>\n","protected":false},"excerpt":{"rendered":"<p>Malerei Ich bin 1963 geboren und aufgewachsen in Emmendingen. Schon als Kind und Jugendliche habe ich schon immer gerne gemalt und gezeichnet.&nbsp; W\u00e4hrend meiner beruflichen T\u00e4tigkeiten verlor ich das Interesse an der Malerei.&nbsp;Aus beruflichen Gr\u00fcnden zog ich 1996 nach Bad Krozingen. W\u00e4hrend eines Klinikaufenthaltes 2007 entdeckte ich die Malerei aufs neue. Das Spielen der Farben [&hellip;]<\/p>\n","protected":false},"author":1,"featured_media":0,"parent":0,"menu_order":0,"comment_status":"closed","ping_status":"closed","template":"","meta":{"ngg_post_thumbnail":0},"_links":{"self":[{"href":"http:\/\/art-badkrozingen.de\/index.php?rest_route=\/wp\/v2\/pages\/3364"}],"collection":[{"href":"http:\/\/art-badkrozingen.de\/index.php?rest_route=\/wp\/v2\/pages"}],"about":[{"href":"http:\/\/art-badkrozingen.de\/index.php?rest_route=\/wp\/v2\/types\/page"}],"author":[{"embeddable":true,"href":"http:\/\/art-badkrozingen.de\/index.php?rest_route=\/wp\/v2\/users\/1"}],"replies":[{"embeddable":true,"href":"http:\/\/art-badkrozingen.de\/index.php?rest_route=%2Fwp%2Fv2%2Fcomments&post=3364"}],"version-history":[{"count":17,"href":"http:\/\/art-badkrozingen.de\/index.php?rest_route=\/wp\/v2\/pages\/3364\/revisions"}],"predecessor-version":[{"id":7365,"href":"http:\/\/art-badkrozingen.de\/index.php?rest_route=\/wp\/v2\/pages\/3364\/revisions\/7365"}],"wp:attachment":[{"href":"http:\/\/art-badkrozingen.de\/index.php?rest_route=%2Fwp%2Fv2%2Fmedia&parent=3364"}],"curies":[{"name":"wp","href":"https:\/\/api.w.org\/{rel}","templated":true}]}}