{"id":3547,"date":"2020-05-24T15:18:34","date_gmt":"2020-05-24T15:18:34","guid":{"rendered":"http:\/\/art-badkrozingen.de\/?page_id=3547"},"modified":"2024-02-04T15:05:05","modified_gmt":"2024-02-04T15:05:05","slug":"sonja-karle","status":"publish","type":"page","link":"http:\/\/art-badkrozingen.de\/?page_id=3547","title":{"rendered":"Sonja Karle"},"content":{"rendered":"<p><strong>Malerin<\/strong><\/p>\n<p><img loading=\"lazy\" class=\" wp-image-3553 alignleft\" src=\"https:\/\/art-badkrozingen.de\/wp-content\/uploads\/2020\/05\/Foto-Sonja-Karle.jpg\" alt=\"\" width=\"152\" height=\"271\" srcset=\"http:\/\/art-badkrozingen.de\/wp-content\/uploads\/2020\/05\/Foto-Sonja-Karle.jpg 411w, http:\/\/art-badkrozingen.de\/wp-content\/uploads\/2020\/05\/Foto-Sonja-Karle-168x300.jpg 168w\" sizes=\"(max-width: 152px) 100vw, 152px\" \/><\/p>\n<p>Sonja Karle, wohnhaft in Bad Krozingen<br \/>\nAusbildung zur Industriekauffrau sowie zur Personalfachkauffrau<br \/>\nAls Rentnerin genie\u00dfe ich nun meine Freiheit u.a. mit Malen und vielen anderen sch\u00f6nen Dingen<\/p>\n<p>&nbsp;<\/p>\n<p>&nbsp;<\/p>\n<p>&nbsp;<\/p>\n<p>&nbsp;<\/p>\n<p>&nbsp;<\/p>\n<p>&nbsp;<\/p>\n<p>Mal- und Zeichenkurse seit 2005 bei VHS und PH Freiburg,&nbsp;Workshops und Malreisen u.a. bei Fred R\u00f6del, Jos Biersack, Gerhard Mangold, Gerhard Ruhland, Heinz B\u00fcchele, Ingrid Buchthal, Holger Figge, Reiner Grunwald.<\/p>\n<p>Teilnahme an diversen Gemeinschaftsausstellungen,&nbsp;Einzelausstellung Caf\u00e9 Mohrenk\u00f6pfle<\/p>\n<p>Meine Liebe zu Griechenland und der malerischen Inselwelt f\u00fchrten mich durch eine Malreise 2010 auf die Insel Patmos. Dort hat mich die Begeisterung f\u00fcrs pleinair aquarellieren erfasst und der Wunsch diese Technik weiter zu verbessern und zu verfeinern. Seither j\u00e4hrliche Aquarellmalreise zu meiner Lieblingsinsel Patmos.<\/p>\n<p>Nach dem Motto \u201eMalen macht gl\u00fccklich\u201c male ich auf Reisen, in Workshops und Zuhause &#8211; &nbsp;am liebsten \u201egriechische Aquarelle\u201c, Blumen, Architektur und Landschaft in Aquarelltechnik, teilweise erg\u00e4nzt mit Tusche, Moorlauge und \u00d6lkreide.<\/p>\n<p>Viele meiner Bilder gibt\u2019s auch als Kunstkarten f\u00fcr frohe Anl\u00e4sse und Gl\u00fcckw\u00fcnsche.<\/p>\n<p>Seit 2020 bin ich Mitglied beim ART Verein Bad Krozingen<\/p>\n<p>Kontakt: Sonja Karle<\/p>\n<p>Tel. 07633\/9398364<\/p>\n<p>Email:&nbsp; <a href=\"mailto:sonika@web.de\">sonika@web.de<\/a><\/p>\n<!-- index.php -->\n<div\n\tclass=\"ngg-galleryoverview ngg-ajax-pagination-none\"\n\tid=\"ngg-gallery-6882f42d46c9c81881e4227cf343b362-1\">\n\n    \t<div class=\"slideshowlink\">\n        <a href='http:\/\/art-badkrozingen.de\/index.php\/nggallery\/slideshow?page_id=3547'>[Zeige eine Slideshow]<\/a>\n\t\t\n\t<\/div>\n\t\t\t<!-- Thumbnails -->\n\t\t\t\t<div id=\"ngg-image-0\" class=\"ngg-gallery-thumbnail-box\" >\n\t\t\t\t        <div class=\"ngg-gallery-thumbnail\">\n            <a href=\"http:\/\/art-badkrozingen.de\/wp-content\/gallery\/sonja-karle\/IMG_3447.jpg\"\n               title=\"\"\n               data-src=\"http:\/\/art-badkrozingen.de\/wp-content\/gallery\/sonja-karle\/IMG_3447.jpg\"\n               data-thumbnail=\"http:\/\/art-badkrozingen.de\/wp-content\/gallery\/sonja-karle\/thumbs\/thumbs_IMG_3447.jpg\"\n               data-image-id=\"1250\"\n               data-title=\"IMG_3447\"\n               data-description=\"\"\n               data-image-slug=\"img_3447\"\n               class=\"ngg-fancybox\" rel=\"6882f42d46c9c81881e4227cf343b362\">\n                <img\n                    title=\"IMG_3447\"\n                    alt=\"IMG_3447\"\n                    src=\"http:\/\/art-badkrozingen.de\/wp-content\/gallery\/sonja-karle\/thumbs\/thumbs_IMG_3447.jpg\"\n                    width=\"200\"\n                    height=\"155\"\n                    style=\"max-width:100%;\"\n                \/>\n            <\/a>\n        <\/div>\n\t\t\t\t\t\t\t<\/div> \n\t\t\t\n        \n\t\t\t\t<div id=\"ngg-image-1\" class=\"ngg-gallery-thumbnail-box\" >\n\t\t\t\t        <div class=\"ngg-gallery-thumbnail\">\n            <a href=\"http:\/\/art-badkrozingen.de\/wp-content\/gallery\/sonja-karle\/IMG_0790.jpg\"\n               title=\"\"\n               data-src=\"http:\/\/art-badkrozingen.de\/wp-content\/gallery\/sonja-karle\/IMG_0790.jpg\"\n               data-thumbnail=\"http:\/\/art-badkrozingen.de\/wp-content\/gallery\/sonja-karle\/thumbs\/thumbs_IMG_0790.jpg\"\n               data-image-id=\"1251\"\n               data-title=\"IMG_0790\"\n               data-description=\"\"\n               data-image-slug=\"img_0790\"\n               class=\"ngg-fancybox\" rel=\"6882f42d46c9c81881e4227cf343b362\">\n                <img\n                    title=\"IMG_0790\"\n                    alt=\"IMG_0790\"\n                    src=\"http:\/\/art-badkrozingen.de\/wp-content\/gallery\/sonja-karle\/thumbs\/thumbs_IMG_0790.jpg\"\n                    width=\"200\"\n                    height=\"155\"\n                    style=\"max-width:100%;\"\n                \/>\n            <\/a>\n        <\/div>\n\t\t\t\t\t\t\t<\/div> \n\t\t\t\n        \n\t\t\t\t<div id=\"ngg-image-2\" class=\"ngg-gallery-thumbnail-box\" >\n\t\t\t\t        <div class=\"ngg-gallery-thumbnail\">\n            <a href=\"http:\/\/art-badkrozingen.de\/wp-content\/gallery\/sonja-karle\/IMG_5495.jpg\"\n               title=\"\"\n               data-src=\"http:\/\/art-badkrozingen.de\/wp-content\/gallery\/sonja-karle\/IMG_5495.jpg\"\n               data-thumbnail=\"http:\/\/art-badkrozingen.de\/wp-content\/gallery\/sonja-karle\/thumbs\/thumbs_IMG_5495.jpg\"\n               data-image-id=\"1252\"\n               data-title=\"IMG_5495\"\n               data-description=\"\"\n               data-image-slug=\"img_5495\"\n               class=\"ngg-fancybox\" rel=\"6882f42d46c9c81881e4227cf343b362\">\n                <img\n                    title=\"IMG_5495\"\n                    alt=\"IMG_5495\"\n                    src=\"http:\/\/art-badkrozingen.de\/wp-content\/gallery\/sonja-karle\/thumbs\/thumbs_IMG_5495.jpg\"\n                    width=\"200\"\n                    height=\"155\"\n                    style=\"max-width:100%;\"\n                \/>\n            <\/a>\n        <\/div>\n\t\t\t\t\t\t\t<\/div> \n\t\t\t\n        \n\t\t\t\t<div id=\"ngg-image-3\" class=\"ngg-gallery-thumbnail-box\" >\n\t\t\t\t        <div class=\"ngg-gallery-thumbnail\">\n            <a href=\"http:\/\/art-badkrozingen.de\/wp-content\/gallery\/sonja-karle\/IMG_6746.jpg\"\n               title=\"\"\n               data-src=\"http:\/\/art-badkrozingen.de\/wp-content\/gallery\/sonja-karle\/IMG_6746.jpg\"\n               data-thumbnail=\"http:\/\/art-badkrozingen.de\/wp-content\/gallery\/sonja-karle\/thumbs\/thumbs_IMG_6746.jpg\"\n               data-image-id=\"1253\"\n               data-title=\"IMG_6746\"\n               data-description=\"\"\n               data-image-slug=\"img_6746\"\n               class=\"ngg-fancybox\" rel=\"6882f42d46c9c81881e4227cf343b362\">\n                <img\n                    title=\"IMG_6746\"\n                    alt=\"IMG_6746\"\n                    src=\"http:\/\/art-badkrozingen.de\/wp-content\/gallery\/sonja-karle\/thumbs\/thumbs_IMG_6746.jpg\"\n                    width=\"200\"\n                    height=\"155\"\n                    style=\"max-width:100%;\"\n                \/>\n            <\/a>\n        <\/div>\n\t\t\t\t\t\t\t<\/div> \n\t\t\t\n        \n\t\t\t\t<div id=\"ngg-image-4\" class=\"ngg-gallery-thumbnail-box\" >\n\t\t\t\t        <div class=\"ngg-gallery-thumbnail\">\n            <a href=\"http:\/\/art-badkrozingen.de\/wp-content\/gallery\/sonja-karle\/IMG_5903.jpg\"\n               title=\"\"\n               data-src=\"http:\/\/art-badkrozingen.de\/wp-content\/gallery\/sonja-karle\/IMG_5903.jpg\"\n               data-thumbnail=\"http:\/\/art-badkrozingen.de\/wp-content\/gallery\/sonja-karle\/thumbs\/thumbs_IMG_5903.jpg\"\n               data-image-id=\"1254\"\n               data-title=\"IMG_5903\"\n               data-description=\"\"\n               data-image-slug=\"img_5903\"\n               class=\"ngg-fancybox\" rel=\"6882f42d46c9c81881e4227cf343b362\">\n                <img\n                    title=\"IMG_5903\"\n                    alt=\"IMG_5903\"\n                    src=\"http:\/\/art-badkrozingen.de\/wp-content\/gallery\/sonja-karle\/thumbs\/thumbs_IMG_5903.jpg\"\n                    width=\"200\"\n                    height=\"155\"\n                    style=\"max-width:100%;\"\n                \/>\n            <\/a>\n        <\/div>\n\t\t\t\t\t\t\t<\/div> \n\t\t\t\n        \n\t\t\t\t<div id=\"ngg-image-5\" class=\"ngg-gallery-thumbnail-box\" >\n\t\t\t\t        <div class=\"ngg-gallery-thumbnail\">\n            <a href=\"http:\/\/art-badkrozingen.de\/wp-content\/gallery\/sonja-karle\/IMG_8485.jpg\"\n               title=\"\"\n               data-src=\"http:\/\/art-badkrozingen.de\/wp-content\/gallery\/sonja-karle\/IMG_8485.jpg\"\n               data-thumbnail=\"http:\/\/art-badkrozingen.de\/wp-content\/gallery\/sonja-karle\/thumbs\/thumbs_IMG_8485.jpg\"\n               data-image-id=\"1255\"\n               data-title=\"IMG_8485\"\n               data-description=\"\"\n               data-image-slug=\"img_8485\"\n               class=\"ngg-fancybox\" rel=\"6882f42d46c9c81881e4227cf343b362\">\n                <img\n                    title=\"IMG_8485\"\n                    alt=\"IMG_8485\"\n                    src=\"http:\/\/art-badkrozingen.de\/wp-content\/gallery\/sonja-karle\/thumbs\/thumbs_IMG_8485.jpg\"\n                    width=\"200\"\n                    height=\"155\"\n                    style=\"max-width:100%;\"\n                \/>\n            <\/a>\n        <\/div>\n\t\t\t\t\t\t\t<\/div> \n\t\t\t\n        \n\t\t\t\t<div id=\"ngg-image-6\" class=\"ngg-gallery-thumbnail-box\" >\n\t\t\t\t        <div class=\"ngg-gallery-thumbnail\">\n            <a href=\"http:\/\/art-badkrozingen.de\/wp-content\/gallery\/sonja-karle\/IMG_2572-e1716650846316.jpg\"\n               title=\"\"\n               data-src=\"http:\/\/art-badkrozingen.de\/wp-content\/gallery\/sonja-karle\/IMG_2572-e1716650846316.jpg\"\n               data-thumbnail=\"http:\/\/art-badkrozingen.de\/wp-content\/gallery\/sonja-karle\/thumbs\/thumbs_IMG_2572-e1716650846316.jpg\"\n               data-image-id=\"1281\"\n               data-title=\"IMG_2572-e1716650846316\"\n               data-description=\"\"\n               data-image-slug=\"img_2572-e1716650846316\"\n               class=\"ngg-fancybox\" rel=\"6882f42d46c9c81881e4227cf343b362\">\n                <img\n                    title=\"IMG_2572-e1716650846316\"\n                    alt=\"IMG_2572-e1716650846316\"\n                    src=\"http:\/\/art-badkrozingen.de\/wp-content\/gallery\/sonja-karle\/thumbs\/thumbs_IMG_2572-e1716650846316.jpg\"\n                    width=\"200\"\n                    height=\"155\"\n                    style=\"max-width:100%;\"\n                \/>\n            <\/a>\n        <\/div>\n\t\t\t\t\t\t\t<\/div> \n\t\t\t\n        \n\t\t\t\t<div id=\"ngg-image-7\" class=\"ngg-gallery-thumbnail-box\" >\n\t\t\t\t        <div class=\"ngg-gallery-thumbnail\">\n            <a href=\"http:\/\/art-badkrozingen.de\/wp-content\/gallery\/sonja-karle\/IMG_3437-e1716650824248.jpg\"\n               title=\"\"\n               data-src=\"http:\/\/art-badkrozingen.de\/wp-content\/gallery\/sonja-karle\/IMG_3437-e1716650824248.jpg\"\n               data-thumbnail=\"http:\/\/art-badkrozingen.de\/wp-content\/gallery\/sonja-karle\/thumbs\/thumbs_IMG_3437-e1716650824248.jpg\"\n               data-image-id=\"1282\"\n               data-title=\"IMG_3437-e1716650824248\"\n               data-description=\"\"\n               data-image-slug=\"img_3437-e1716650824248\"\n               class=\"ngg-fancybox\" rel=\"6882f42d46c9c81881e4227cf343b362\">\n                <img\n                    title=\"IMG_3437-e1716650824248\"\n                    alt=\"IMG_3437-e1716650824248\"\n                    src=\"http:\/\/art-badkrozingen.de\/wp-content\/gallery\/sonja-karle\/thumbs\/thumbs_IMG_3437-e1716650824248.jpg\"\n                    width=\"200\"\n                    height=\"155\"\n                    style=\"max-width:100%;\"\n                \/>\n            <\/a>\n        <\/div>\n\t\t\t\t\t\t\t<\/div> \n\t\t\t\n        \n\t\t\t\t<div id=\"ngg-image-8\" class=\"ngg-gallery-thumbnail-box\" >\n\t\t\t\t        <div class=\"ngg-gallery-thumbnail\">\n            <a href=\"http:\/\/art-badkrozingen.de\/wp-content\/gallery\/sonja-karle\/IMG_7414-e1716650801823.jpg\"\n               title=\"\"\n               data-src=\"http:\/\/art-badkrozingen.de\/wp-content\/gallery\/sonja-karle\/IMG_7414-e1716650801823.jpg\"\n               data-thumbnail=\"http:\/\/art-badkrozingen.de\/wp-content\/gallery\/sonja-karle\/thumbs\/thumbs_IMG_7414-e1716650801823.jpg\"\n               data-image-id=\"1283\"\n               data-title=\"IMG_7414-e1716650801823\"\n               data-description=\"\"\n               data-image-slug=\"img_7414-e1716650801823\"\n               class=\"ngg-fancybox\" rel=\"6882f42d46c9c81881e4227cf343b362\">\n                <img\n                    title=\"IMG_7414-e1716650801823\"\n                    alt=\"IMG_7414-e1716650801823\"\n                    src=\"http:\/\/art-badkrozingen.de\/wp-content\/gallery\/sonja-karle\/thumbs\/thumbs_IMG_7414-e1716650801823.jpg\"\n                    width=\"200\"\n                    height=\"155\"\n                    style=\"max-width:100%;\"\n                \/>\n            <\/a>\n        <\/div>\n\t\t\t\t\t\t\t<\/div> \n\t\t\t\n        \n\t\t\t\t<div id=\"ngg-image-9\" class=\"ngg-gallery-thumbnail-box\" >\n\t\t\t\t        <div class=\"ngg-gallery-thumbnail\">\n            <a href=\"http:\/\/art-badkrozingen.de\/wp-content\/gallery\/sonja-karle\/IMG_8482-e1716650781311.jpg\"\n               title=\"\"\n               data-src=\"http:\/\/art-badkrozingen.de\/wp-content\/gallery\/sonja-karle\/IMG_8482-e1716650781311.jpg\"\n               data-thumbnail=\"http:\/\/art-badkrozingen.de\/wp-content\/gallery\/sonja-karle\/thumbs\/thumbs_IMG_8482-e1716650781311.jpg\"\n               data-image-id=\"1284\"\n               data-title=\"IMG_8482-e1716650781311\"\n               data-description=\"\"\n               data-image-slug=\"img_8482-e1716650781311\"\n               class=\"ngg-fancybox\" rel=\"6882f42d46c9c81881e4227cf343b362\">\n                <img\n                    title=\"IMG_8482-e1716650781311\"\n                    alt=\"IMG_8482-e1716650781311\"\n                    src=\"http:\/\/art-badkrozingen.de\/wp-content\/gallery\/sonja-karle\/thumbs\/thumbs_IMG_8482-e1716650781311.jpg\"\n                    width=\"200\"\n                    height=\"155\"\n                    style=\"max-width:100%;\"\n                \/>\n            <\/a>\n        <\/div>\n\t\t\t\t\t\t\t<\/div> \n\t\t\t\n        \n\t\t\t\t<div id=\"ngg-image-10\" class=\"ngg-gallery-thumbnail-box\" >\n\t\t\t\t        <div class=\"ngg-gallery-thumbnail\">\n            <a href=\"http:\/\/art-badkrozingen.de\/wp-content\/gallery\/sonja-karle\/Orangen-2-e1716650739383.jpg\"\n               title=\"\"\n               data-src=\"http:\/\/art-badkrozingen.de\/wp-content\/gallery\/sonja-karle\/Orangen-2-e1716650739383.jpg\"\n               data-thumbnail=\"http:\/\/art-badkrozingen.de\/wp-content\/gallery\/sonja-karle\/thumbs\/thumbs_Orangen-2-e1716650739383.jpg\"\n               data-image-id=\"1285\"\n               data-title=\"Orangen-2-e1716650739383\"\n               data-description=\"\"\n               data-image-slug=\"orangen-2-e1716650739383\"\n               class=\"ngg-fancybox\" rel=\"6882f42d46c9c81881e4227cf343b362\">\n                <img\n                    title=\"Orangen-2-e1716650739383\"\n                    alt=\"Orangen-2-e1716650739383\"\n                    src=\"http:\/\/art-badkrozingen.de\/wp-content\/gallery\/sonja-karle\/thumbs\/thumbs_Orangen-2-e1716650739383.jpg\"\n                    width=\"200\"\n                    height=\"155\"\n                    style=\"max-width:100%;\"\n                \/>\n            <\/a>\n        <\/div>\n\t\t\t\t\t\t\t<\/div> \n\t\t\t\n        \n\t\t\n\t\t<!-- Pagination -->\n\t<div class='ngg-clear'><\/div>\t<\/div>\n\n<p>&nbsp;<\/p>\n<p>&nbsp;<\/p>\n<p>&nbsp;<\/p>\n","protected":false},"excerpt":{"rendered":"<p>Malerin Sonja Karle, wohnhaft in Bad Krozingen Ausbildung zur Industriekauffrau sowie zur Personalfachkauffrau Als Rentnerin genie\u00dfe ich nun meine Freiheit u.a. mit Malen und vielen anderen sch\u00f6nen Dingen &nbsp; &nbsp; &nbsp; &nbsp; &nbsp; &nbsp; Mal- und Zeichenkurse seit 2005 bei VHS und PH Freiburg,&nbsp;Workshops und Malreisen u.a. bei Fred R\u00f6del, Jos Biersack, Gerhard Mangold, Gerhard [&hellip;]<\/p>\n","protected":false},"author":1,"featured_media":0,"parent":0,"menu_order":0,"comment_status":"closed","ping_status":"closed","template":"","meta":{"ngg_post_thumbnail":0},"_links":{"self":[{"href":"http:\/\/art-badkrozingen.de\/index.php?rest_route=\/wp\/v2\/pages\/3547"}],"collection":[{"href":"http:\/\/art-badkrozingen.de\/index.php?rest_route=\/wp\/v2\/pages"}],"about":[{"href":"http:\/\/art-badkrozingen.de\/index.php?rest_route=\/wp\/v2\/types\/page"}],"author":[{"embeddable":true,"href":"http:\/\/art-badkrozingen.de\/index.php?rest_route=\/wp\/v2\/users\/1"}],"replies":[{"embeddable":true,"href":"http:\/\/art-badkrozingen.de\/index.php?rest_route=%2Fwp%2Fv2%2Fcomments&post=3547"}],"version-history":[{"count":10,"href":"http:\/\/art-badkrozingen.de\/index.php?rest_route=\/wp\/v2\/pages\/3547\/revisions"}],"predecessor-version":[{"id":5872,"href":"http:\/\/art-badkrozingen.de\/index.php?rest_route=\/wp\/v2\/pages\/3547\/revisions\/5872"}],"wp:attachment":[{"href":"http:\/\/art-badkrozingen.de\/index.php?rest_route=%2Fwp%2Fv2%2Fmedia&parent=3547"}],"curies":[{"name":"wp","href":"https:\/\/api.w.org\/{rel}","templated":true}]}}