{"id":3847,"date":"2021-04-07T10:07:33","date_gmt":"2021-04-07T10:07:33","guid":{"rendered":"http:\/\/art-badkrozingen.de\/?page_id=3847"},"modified":"2021-04-13T11:44:03","modified_gmt":"2021-04-13T11:44:03","slug":"rudi-bienroth","status":"publish","type":"page","link":"http:\/\/art-badkrozingen.de\/?page_id=3847","title":{"rendered":"Rudi Bienroth"},"content":{"rendered":"<p><strong>Maler<\/strong><\/p>\n<p><img loading=\"lazy\" class=\" wp-image-3881 alignright\" src=\"https:\/\/art-badkrozingen.de\/wp-content\/uploads\/2021\/04\/bienroth-1-e1617798742292.jpg\" alt=\"\" width=\"212\" height=\"202\"><\/p>\n<p>In Freiburg geboren, verbrachte ich meine Kindheit im idyllischen Hartheim am Rhein. In jungen Jahren entdeckte ich schon die&nbsp;Faszination der Farben und der Malerei. Wirklich intensiv konnte ich mich erst in den sp\u00e4teren Jahren dem fortlaufenden Schaffen und dem Akt des Experimentierens unterziehen. Ich erarbeitete mir eine Bandbreite an Genres und Maltechniken, die sich von der Arbeit mit dem chinesischen Tuschestein \u00fcber Aquarell- und \u00d6l- bis zur Acrylmalerei erstreckt. Ein Kernst\u00fcck meiner Arbeiten ist die abstrakte Malerei mit ihrer enormen Farbexpressivit\u00e4t. Meine Aquarellserien mit Altrheinmotiven bilden dazu einen starken Kontrast und sind Ausdruck jahrelanger Verbundenheit mit meiner Heimat am Rhein.&nbsp;Heute lebe ich in Breisach am Rhein.<\/p>\n<p>Die ganze Bandbreite des Schaffens und weitere Informationen, insbesondere auch Hinweise zum Kontakt, finden Sie auf <a href=\"http:\/\/www.rubiarts.de\" target=\"_blank\" rel=\"noopener\">www.rubiarts.de<\/a><\/p>\n<p>Hier finden Sie den Flyer von Rudi Bienroth: <a href=\"https:\/\/art-badkrozingen.de\/wp-content\/uploads\/2021\/04\/flyer-bienroth-2021-2.pdf\" target=\"_blank\" rel=\"noopener\">flyer-bienroth-2021-2<\/a><\/p>\n<!-- index.php -->\n<div\n\tclass=\"ngg-galleryoverview ngg-ajax-pagination-none\"\n\tid=\"ngg-gallery-da687fa0c115e06f390daa791e3da63e-1\">\n\n    \t<div class=\"slideshowlink\">\n        <a href='http:\/\/art-badkrozingen.de\/index.php\/nggallery\/slideshow?page_id=3847'>&#091;Zeige eine Slideshow&#093;<\/a>\n\t\t\n\t<\/div>\n\t\t\t<!-- Thumbnails -->\n\t\t\t\t<div id=\"ngg-image-0\" class=\"ngg-gallery-thumbnail-box\" >\n\t\t\t\t        <div class=\"ngg-gallery-thumbnail\">\n            <a href=\"http:\/\/art-badkrozingen.de\/wp-content\/gallery\/rudi-bienroth-galerie-1\/CIMG0450-1-e1617788113672.jpg\"\n               title=\"\"\n               data-src=\"http:\/\/art-badkrozingen.de\/wp-content\/gallery\/rudi-bienroth-galerie-1\/CIMG0450-1-e1617788113672.jpg\"\n               data-thumbnail=\"http:\/\/art-badkrozingen.de\/wp-content\/gallery\/rudi-bienroth-galerie-1\/thumbs\/thumbs_CIMG0450-1-e1617788113672.jpg\"\n               data-image-id=\"520\"\n               data-title=\"CIMG0450-1-e1617788113672\"\n               data-description=\"\"\n               data-image-slug=\"cimg0450-1-e1617788113672\"\n               class=\"ngg-fancybox\" rel=\"da687fa0c115e06f390daa791e3da63e\">\n                <img\n                    title=\"CIMG0450-1-e1617788113672\"\n                    alt=\"CIMG0450-1-e1617788113672\"\n                    src=\"http:\/\/art-badkrozingen.de\/wp-content\/gallery\/rudi-bienroth-galerie-1\/thumbs\/thumbs_CIMG0450-1-e1617788113672.jpg\"\n                    width=\"200\"\n                    height=\"155\"\n                    style=\"max-width:100%;\"\n                \/>\n            <\/a>\n        <\/div>\n\t\t\t\t\t\t\t<\/div> \n\t\t\t\n        \n\t\t\t\t<div id=\"ngg-image-1\" class=\"ngg-gallery-thumbnail-box\" >\n\t\t\t\t        <div class=\"ngg-gallery-thumbnail\">\n            <a href=\"http:\/\/art-badkrozingen.de\/wp-content\/gallery\/rudi-bienroth-galerie-1\/CIMG3940-scaled-e1617788089477.jpg\"\n               title=\"\"\n               data-src=\"http:\/\/art-badkrozingen.de\/wp-content\/gallery\/rudi-bienroth-galerie-1\/CIMG3940-scaled-e1617788089477.jpg\"\n               data-thumbnail=\"http:\/\/art-badkrozingen.de\/wp-content\/gallery\/rudi-bienroth-galerie-1\/thumbs\/thumbs_CIMG3940-scaled-e1617788089477.jpg\"\n               data-image-id=\"521\"\n               data-title=\"CIMG3940-scaled-e1617788089477\"\n               data-description=\"\"\n               data-image-slug=\"cimg3940-scaled-e1617788089477\"\n               class=\"ngg-fancybox\" rel=\"da687fa0c115e06f390daa791e3da63e\">\n                <img\n                    title=\"CIMG3940-scaled-e1617788089477\"\n                    alt=\"CIMG3940-scaled-e1617788089477\"\n                    src=\"http:\/\/art-badkrozingen.de\/wp-content\/gallery\/rudi-bienroth-galerie-1\/thumbs\/thumbs_CIMG3940-scaled-e1617788089477.jpg\"\n                    width=\"200\"\n                    height=\"155\"\n                    style=\"max-width:100%;\"\n                \/>\n            <\/a>\n        <\/div>\n\t\t\t\t\t\t\t<\/div> \n\t\t\t\n        \n\t\t\t\t<div id=\"ngg-image-2\" class=\"ngg-gallery-thumbnail-box\" >\n\t\t\t\t        <div class=\"ngg-gallery-thumbnail\">\n            <a href=\"http:\/\/art-badkrozingen.de\/wp-content\/gallery\/rudi-bienroth-galerie-1\/Rudi-Krieg-und-Frieden-scaled-e1617788066797.jpg\"\n               title=\"\"\n               data-src=\"http:\/\/art-badkrozingen.de\/wp-content\/gallery\/rudi-bienroth-galerie-1\/Rudi-Krieg-und-Frieden-scaled-e1617788066797.jpg\"\n               data-thumbnail=\"http:\/\/art-badkrozingen.de\/wp-content\/gallery\/rudi-bienroth-galerie-1\/thumbs\/thumbs_Rudi-Krieg-und-Frieden-scaled-e1617788066797.jpg\"\n               data-image-id=\"522\"\n               data-title=\"Digital Camera\"\n               data-description=\"\"\n               data-image-slug=\"rudi-krieg-und-frieden-scaled-e1617788066797\"\n               class=\"ngg-fancybox\" rel=\"da687fa0c115e06f390daa791e3da63e\">\n                <img\n                    title=\"Digital Camera\"\n                    alt=\"Digital Camera\"\n                    src=\"http:\/\/art-badkrozingen.de\/wp-content\/gallery\/rudi-bienroth-galerie-1\/thumbs\/thumbs_Rudi-Krieg-und-Frieden-scaled-e1617788066797.jpg\"\n                    width=\"200\"\n                    height=\"155\"\n                    style=\"max-width:100%;\"\n                \/>\n            <\/a>\n        <\/div>\n\t\t\t\t\t\t\t<\/div> \n\t\t\t\n        \n\t\t\t\t<div id=\"ngg-image-3\" class=\"ngg-gallery-thumbnail-box\" >\n\t\t\t\t        <div class=\"ngg-gallery-thumbnail\">\n            <a href=\"http:\/\/art-badkrozingen.de\/wp-content\/gallery\/rudi-bienroth-galerie-1\/065-scaled-e1617788047950.jpg\"\n               title=\"Vernissage 2013\"\n               data-src=\"http:\/\/art-badkrozingen.de\/wp-content\/gallery\/rudi-bienroth-galerie-1\/065-scaled-e1617788047950.jpg\"\n               data-thumbnail=\"http:\/\/art-badkrozingen.de\/wp-content\/gallery\/rudi-bienroth-galerie-1\/thumbs\/thumbs_065-scaled-e1617788047950.jpg\"\n               data-image-id=\"523\"\n               data-title=\"Vernissage 2013\"\n               data-description=\"Vernissage 2013\"\n               data-image-slug=\"065-scaled-e1617788047950\"\n               class=\"ngg-fancybox\" rel=\"da687fa0c115e06f390daa791e3da63e\">\n                <img\n                    title=\"Vernissage 2013\"\n                    alt=\"Vernissage 2013\"\n                    src=\"http:\/\/art-badkrozingen.de\/wp-content\/gallery\/rudi-bienroth-galerie-1\/thumbs\/thumbs_065-scaled-e1617788047950.jpg\"\n                    width=\"200\"\n                    height=\"155\"\n                    style=\"max-width:100%;\"\n                \/>\n            <\/a>\n        <\/div>\n\t\t\t\t\t\t\t<\/div> \n\t\t\t\n        \n\t\t\n\t\t<!-- Pagination -->\n\t<div class='ngg-clear'><\/div>\t<\/div>\n\n","protected":false},"excerpt":{"rendered":"<p>Maler In Freiburg geboren, verbrachte ich meine Kindheit im idyllischen Hartheim am Rhein. In jungen Jahren entdeckte ich schon die&nbsp;Faszination der Farben und der Malerei. Wirklich intensiv konnte ich mich erst in den sp\u00e4teren Jahren dem fortlaufenden Schaffen und dem Akt des Experimentierens unterziehen. Ich erarbeitete mir eine Bandbreite an Genres und Maltechniken, die sich [&hellip;]<\/p>\n","protected":false},"author":1,"featured_media":0,"parent":0,"menu_order":0,"comment_status":"closed","ping_status":"closed","template":"","meta":{"ngg_post_thumbnail":0},"_links":{"self":[{"href":"http:\/\/art-badkrozingen.de\/index.php?rest_route=\/wp\/v2\/pages\/3847"}],"collection":[{"href":"http:\/\/art-badkrozingen.de\/index.php?rest_route=\/wp\/v2\/pages"}],"about":[{"href":"http:\/\/art-badkrozingen.de\/index.php?rest_route=\/wp\/v2\/types\/page"}],"author":[{"embeddable":true,"href":"http:\/\/art-badkrozingen.de\/index.php?rest_route=\/wp\/v2\/users\/1"}],"replies":[{"embeddable":true,"href":"http:\/\/art-badkrozingen.de\/index.php?rest_route=%2Fwp%2Fv2%2Fcomments&post=3847"}],"version-history":[{"count":13,"href":"http:\/\/art-badkrozingen.de\/index.php?rest_route=\/wp\/v2\/pages\/3847\/revisions"}],"predecessor-version":[{"id":3892,"href":"http:\/\/art-badkrozingen.de\/index.php?rest_route=\/wp\/v2\/pages\/3847\/revisions\/3892"}],"wp:attachment":[{"href":"http:\/\/art-badkrozingen.de\/index.php?rest_route=%2Fwp%2Fv2%2Fmedia&parent=3847"}],"curies":[{"name":"wp","href":"https:\/\/api.w.org\/{rel}","templated":true}]}}