{"id":4120,"date":"2021-09-15T13:47:01","date_gmt":"2021-09-15T13:47:01","guid":{"rendered":"https:\/\/art-badkrozingen.de\/?page_id=4120"},"modified":"2021-09-15T14:46:00","modified_gmt":"2021-09-15T14:46:00","slug":"susanne-erhart","status":"publish","type":"page","link":"http:\/\/art-badkrozingen.de\/?page_id=4120","title":{"rendered":"Susanne Erhart"},"content":{"rendered":"<p><img loading=\"lazy\" class=\" wp-image-4119 alignright\" src=\"https:\/\/art-badkrozingen.de\/wp-content\/uploads\/2021\/09\/Susanne-Erhart.jpg\" alt=\"\" width=\"304\" height=\"353\" srcset=\"http:\/\/art-badkrozingen.de\/wp-content\/uploads\/2021\/09\/Susanne-Erhart.jpg 620w, http:\/\/art-badkrozingen.de\/wp-content\/uploads\/2021\/09\/Susanne-Erhart-258x300.jpg 258w\" sizes=\"(max-width: 304px) 100vw, 304px\" \/>Autodidaktische Zeichlerin<\/p>\n<p>In Freiburg geboren und aufgewachsen, habe ich schon fr\u00fch mein Talent zum Malen und Zeichnen entdeckt, das in einem sp\u00e4teren&nbsp; berufsbegleitendem Fernstudium f\u00fcr Grafik Design einige Jahre professionell gef\u00f6rdert wurde, aber leider nie beruflich ausge\u00fcbt werden konnte.<\/p>\n<p>In jahrzehntelangen fordernden Vollzeitjobs im kaufm\u00e4nnischen Bereich blieben Malerei und Mu\u00dfe komplett auf der Strecke und wurden erst vor einigen Jahren wieder zum Leben erweckt.&nbsp;Seither versuche ich, mir die Zeit zu nehmen f\u00fcr das, was mich&nbsp;wirklich gl\u00fccklich macht.<\/p>\n<p>Beim Malen und Zeichnen komme ich zur Ruhe, vergesse Zeit und&nbsp;Sorgen und konzentriere mich nur auf den Entstehungsprozess.&nbsp;Meine Motive finde ich in der Natur, in der Tierwelt; im t\u00e4glichen&nbsp;Leben und in meiner Phantasie.&nbsp;Ob Acrylfarben, Pastell-, Kohle oder Tusche, ich versuche stets, meinen Werken Leben einzuhauchen und die jeweilige Stimmung einzufangen.&nbsp;<\/p>\n<p>Gerne fertige ich auch Ihre Auftragsarbeit an.&nbsp;<\/p>\n<p><strong>Kontakt: <a href=\"mailto:Susa-E-ART@gmx.de\">Susa-E-ART@gmx.de<\/a><\/strong><\/p>\n<!-- index.php -->\n<div\n\tclass=\"ngg-galleryoverview ngg-ajax-pagination-none\"\n\tid=\"ngg-gallery-c67e95a82753039d80d42ad9435e3866-1\">\n\n    \t<div class=\"slideshowlink\">\n        <a href='http:\/\/art-badkrozingen.de\/index.php\/nggallery\/slideshow?page_id=4120'>[Zeige eine Slideshow]<\/a>\n\t\t\n\t<\/div>\n\t\t\t<!-- Thumbnails -->\n\t\t\t\t<div id=\"ngg-image-0\" class=\"ngg-gallery-thumbnail-box\" >\n\t\t\t\t        <div class=\"ngg-gallery-thumbnail\">\n            <a href=\"http:\/\/art-badkrozingen.de\/wp-content\/gallery\/susanne-erhart\/20170307_093659-1-Kopie.jpg\"\n               title=\"\"\n               data-src=\"http:\/\/art-badkrozingen.de\/wp-content\/gallery\/susanne-erhart\/20170307_093659-1-Kopie.jpg\"\n               data-thumbnail=\"http:\/\/art-badkrozingen.de\/wp-content\/gallery\/susanne-erhart\/thumbs\/thumbs_20170307_093659-1-Kopie.jpg\"\n               data-image-id=\"573\"\n               data-title=\"20170307_093659-1-Kopie\"\n               data-description=\"\"\n               data-image-slug=\"20170307_093659-1-kopie\"\n               class=\"ngg-fancybox\" rel=\"c67e95a82753039d80d42ad9435e3866\">\n                <img\n                    title=\"20170307_093659-1-Kopie\"\n                    alt=\"20170307_093659-1-Kopie\"\n                    src=\"http:\/\/art-badkrozingen.de\/wp-content\/gallery\/susanne-erhart\/thumbs\/thumbs_20170307_093659-1-Kopie.jpg\"\n                    width=\"200\"\n                    height=\"155\"\n                    style=\"max-width:100%;\"\n                \/>\n            <\/a>\n        <\/div>\n\t\t\t\t\t\t\t<\/div> \n\t\t\t\n        \n\t\t\t\t<div id=\"ngg-image-1\" class=\"ngg-gallery-thumbnail-box\" >\n\t\t\t\t        <div class=\"ngg-gallery-thumbnail\">\n            <a href=\"http:\/\/art-badkrozingen.de\/wp-content\/gallery\/susanne-erhart\/20201105_111549-Kopie.jpg\"\n               title=\"\"\n               data-src=\"http:\/\/art-badkrozingen.de\/wp-content\/gallery\/susanne-erhart\/20201105_111549-Kopie.jpg\"\n               data-thumbnail=\"http:\/\/art-badkrozingen.de\/wp-content\/gallery\/susanne-erhart\/thumbs\/thumbs_20201105_111549-Kopie.jpg\"\n               data-image-id=\"572\"\n               data-title=\"20201105_111549-Kopie\"\n               data-description=\"\"\n               data-image-slug=\"20201105_111549-kopie\"\n               class=\"ngg-fancybox\" rel=\"c67e95a82753039d80d42ad9435e3866\">\n                <img\n                    title=\"20201105_111549-Kopie\"\n                    alt=\"20201105_111549-Kopie\"\n                    src=\"http:\/\/art-badkrozingen.de\/wp-content\/gallery\/susanne-erhart\/thumbs\/thumbs_20201105_111549-Kopie.jpg\"\n                    width=\"200\"\n                    height=\"155\"\n                    style=\"max-width:100%;\"\n                \/>\n            <\/a>\n        <\/div>\n\t\t\t\t\t\t\t<\/div> \n\t\t\t\n        \n\t\t\t\t<div id=\"ngg-image-2\" class=\"ngg-gallery-thumbnail-box\" >\n\t\t\t\t        <div class=\"ngg-gallery-thumbnail\">\n            <a href=\"http:\/\/art-badkrozingen.de\/wp-content\/gallery\/susanne-erhart\/20201105_112657-Kopie.jpg\"\n               title=\"\"\n               data-src=\"http:\/\/art-badkrozingen.de\/wp-content\/gallery\/susanne-erhart\/20201105_112657-Kopie.jpg\"\n               data-thumbnail=\"http:\/\/art-badkrozingen.de\/wp-content\/gallery\/susanne-erhart\/thumbs\/thumbs_20201105_112657-Kopie.jpg\"\n               data-image-id=\"574\"\n               data-title=\"20201105_112657-Kopie\"\n               data-description=\"\"\n               data-image-slug=\"20201105_112657-kopie\"\n               class=\"ngg-fancybox\" rel=\"c67e95a82753039d80d42ad9435e3866\">\n                <img\n                    title=\"20201105_112657-Kopie\"\n                    alt=\"20201105_112657-Kopie\"\n                    src=\"http:\/\/art-badkrozingen.de\/wp-content\/gallery\/susanne-erhart\/thumbs\/thumbs_20201105_112657-Kopie.jpg\"\n                    width=\"200\"\n                    height=\"155\"\n                    style=\"max-width:100%;\"\n                \/>\n            <\/a>\n        <\/div>\n\t\t\t\t\t\t\t<\/div> \n\t\t\t\n        \n\t\t\t\t<div id=\"ngg-image-3\" class=\"ngg-gallery-thumbnail-box\" >\n\t\t\t\t        <div class=\"ngg-gallery-thumbnail\">\n            <a href=\"http:\/\/art-badkrozingen.de\/wp-content\/gallery\/susanne-erhart\/20201105_113029-Kopie.jpg\"\n               title=\"\"\n               data-src=\"http:\/\/art-badkrozingen.de\/wp-content\/gallery\/susanne-erhart\/20201105_113029-Kopie.jpg\"\n               data-thumbnail=\"http:\/\/art-badkrozingen.de\/wp-content\/gallery\/susanne-erhart\/thumbs\/thumbs_20201105_113029-Kopie.jpg\"\n               data-image-id=\"575\"\n               data-title=\"20201105_113029-Kopie\"\n               data-description=\"\"\n               data-image-slug=\"20201105_113029-kopie\"\n               class=\"ngg-fancybox\" rel=\"c67e95a82753039d80d42ad9435e3866\">\n                <img\n                    title=\"20201105_113029-Kopie\"\n                    alt=\"20201105_113029-Kopie\"\n                    src=\"http:\/\/art-badkrozingen.de\/wp-content\/gallery\/susanne-erhart\/thumbs\/thumbs_20201105_113029-Kopie.jpg\"\n                    width=\"200\"\n                    height=\"155\"\n                    style=\"max-width:100%;\"\n                \/>\n            <\/a>\n        <\/div>\n\t\t\t\t\t\t\t<\/div> \n\t\t\t\n        \n\t\t\t\t<div id=\"ngg-image-4\" class=\"ngg-gallery-thumbnail-box\" >\n\t\t\t\t        <div class=\"ngg-gallery-thumbnail\">\n            <a href=\"http:\/\/art-badkrozingen.de\/wp-content\/gallery\/susanne-erhart\/20201008_205908-Kopie.jpg\"\n               title=\"\"\n               data-src=\"http:\/\/art-badkrozingen.de\/wp-content\/gallery\/susanne-erhart\/20201008_205908-Kopie.jpg\"\n               data-thumbnail=\"http:\/\/art-badkrozingen.de\/wp-content\/gallery\/susanne-erhart\/thumbs\/thumbs_20201008_205908-Kopie.jpg\"\n               data-image-id=\"576\"\n               data-title=\"20201008_205908-Kopie\"\n               data-description=\"\"\n               data-image-slug=\"20201008_205908-kopie\"\n               class=\"ngg-fancybox\" rel=\"c67e95a82753039d80d42ad9435e3866\">\n                <img\n                    title=\"20201008_205908-Kopie\"\n                    alt=\"20201008_205908-Kopie\"\n                    src=\"http:\/\/art-badkrozingen.de\/wp-content\/gallery\/susanne-erhart\/thumbs\/thumbs_20201008_205908-Kopie.jpg\"\n                    width=\"200\"\n                    height=\"155\"\n                    style=\"max-width:100%;\"\n                \/>\n            <\/a>\n        <\/div>\n\t\t\t\t\t\t\t<\/div> \n\t\t\t\n        \n\t\t\t\t<div id=\"ngg-image-5\" class=\"ngg-gallery-thumbnail-box\" >\n\t\t\t\t        <div class=\"ngg-gallery-thumbnail\">\n            <a href=\"http:\/\/art-badkrozingen.de\/wp-content\/gallery\/susanne-erhart\/Papillon.jpg\"\n               title=\"\"\n               data-src=\"http:\/\/art-badkrozingen.de\/wp-content\/gallery\/susanne-erhart\/Papillon.jpg\"\n               data-thumbnail=\"http:\/\/art-badkrozingen.de\/wp-content\/gallery\/susanne-erhart\/thumbs\/thumbs_Papillon.jpg\"\n               data-image-id=\"577\"\n               data-title=\"Papillon\"\n               data-description=\"\"\n               data-image-slug=\"papillon\"\n               class=\"ngg-fancybox\" rel=\"c67e95a82753039d80d42ad9435e3866\">\n                <img\n                    title=\"Papillon\"\n                    alt=\"Papillon\"\n                    src=\"http:\/\/art-badkrozingen.de\/wp-content\/gallery\/susanne-erhart\/thumbs\/thumbs_Papillon.jpg\"\n                    width=\"200\"\n                    height=\"155\"\n                    style=\"max-width:100%;\"\n                \/>\n            <\/a>\n        <\/div>\n\t\t\t\t\t\t\t<\/div> \n\t\t\t\n        \n\t\t\t\t<div id=\"ngg-image-6\" class=\"ngg-gallery-thumbnail-box\" >\n\t\t\t\t        <div class=\"ngg-gallery-thumbnail\">\n            <a href=\"http:\/\/art-badkrozingen.de\/wp-content\/gallery\/susanne-erhart\/Chip-die-Heuschrecke-Susanne-Erhart.jpg\"\n               title=\"\"\n               data-src=\"http:\/\/art-badkrozingen.de\/wp-content\/gallery\/susanne-erhart\/Chip-die-Heuschrecke-Susanne-Erhart.jpg\"\n               data-thumbnail=\"http:\/\/art-badkrozingen.de\/wp-content\/gallery\/susanne-erhart\/thumbs\/thumbs_Chip-die-Heuschrecke-Susanne-Erhart.jpg\"\n               data-image-id=\"578\"\n               data-title=\"Chip-die-Heuschrecke-Susanne-Erhart\"\n               data-description=\"\"\n               data-image-slug=\"chip-die-heuschrecke-susanne-erhart\"\n               class=\"ngg-fancybox\" rel=\"c67e95a82753039d80d42ad9435e3866\">\n                <img\n                    title=\"Chip-die-Heuschrecke-Susanne-Erhart\"\n                    alt=\"Chip-die-Heuschrecke-Susanne-Erhart\"\n                    src=\"http:\/\/art-badkrozingen.de\/wp-content\/gallery\/susanne-erhart\/thumbs\/thumbs_Chip-die-Heuschrecke-Susanne-Erhart.jpg\"\n                    width=\"200\"\n                    height=\"155\"\n                    style=\"max-width:100%;\"\n                \/>\n            <\/a>\n        <\/div>\n\t\t\t\t\t\t\t<\/div> \n\t\t\t\n        \n\t\t\t\t<div id=\"ngg-image-7\" class=\"ngg-gallery-thumbnail-box\" >\n\t\t\t\t        <div class=\"ngg-gallery-thumbnail\">\n            <a href=\"http:\/\/art-badkrozingen.de\/wp-content\/gallery\/susanne-erhart\/Copper-Kopie.jpg\"\n               title=\"\"\n               data-src=\"http:\/\/art-badkrozingen.de\/wp-content\/gallery\/susanne-erhart\/Copper-Kopie.jpg\"\n               data-thumbnail=\"http:\/\/art-badkrozingen.de\/wp-content\/gallery\/susanne-erhart\/thumbs\/thumbs_Copper-Kopie.jpg\"\n               data-image-id=\"571\"\n               data-title=\"Copper-Kopie\"\n               data-description=\"\"\n               data-image-slug=\"copper-kopie\"\n               class=\"ngg-fancybox\" rel=\"c67e95a82753039d80d42ad9435e3866\">\n                <img\n                    title=\"Copper-Kopie\"\n                    alt=\"Copper-Kopie\"\n                    src=\"http:\/\/art-badkrozingen.de\/wp-content\/gallery\/susanne-erhart\/thumbs\/thumbs_Copper-Kopie.jpg\"\n                    width=\"200\"\n                    height=\"155\"\n                    style=\"max-width:100%;\"\n                \/>\n            <\/a>\n        <\/div>\n\t\t\t\t\t\t\t<\/div> \n\t\t\t\n        \n\t\t\n\t\t<!-- Pagination -->\n\t<div class='ngg-clear'><\/div>\t<\/div>\n\n","protected":false},"excerpt":{"rendered":"<p>Autodidaktische Zeichlerin In Freiburg geboren und aufgewachsen, habe ich schon fr\u00fch mein Talent zum Malen und Zeichnen entdeckt, das in einem sp\u00e4teren&nbsp; berufsbegleitendem Fernstudium f\u00fcr Grafik Design einige Jahre professionell gef\u00f6rdert wurde, aber leider nie beruflich ausge\u00fcbt werden konnte. In jahrzehntelangen fordernden Vollzeitjobs im kaufm\u00e4nnischen Bereich blieben Malerei und Mu\u00dfe komplett auf der Strecke und [&hellip;]<\/p>\n","protected":false},"author":1,"featured_media":0,"parent":0,"menu_order":0,"comment_status":"closed","ping_status":"closed","template":"","meta":{"ngg_post_thumbnail":0},"_links":{"self":[{"href":"http:\/\/art-badkrozingen.de\/index.php?rest_route=\/wp\/v2\/pages\/4120"}],"collection":[{"href":"http:\/\/art-badkrozingen.de\/index.php?rest_route=\/wp\/v2\/pages"}],"about":[{"href":"http:\/\/art-badkrozingen.de\/index.php?rest_route=\/wp\/v2\/types\/page"}],"author":[{"embeddable":true,"href":"http:\/\/art-badkrozingen.de\/index.php?rest_route=\/wp\/v2\/users\/1"}],"replies":[{"embeddable":true,"href":"http:\/\/art-badkrozingen.de\/index.php?rest_route=%2Fwp%2Fv2%2Fcomments&post=4120"}],"version-history":[{"count":7,"href":"http:\/\/art-badkrozingen.de\/index.php?rest_route=\/wp\/v2\/pages\/4120\/revisions"}],"predecessor-version":[{"id":4136,"href":"http:\/\/art-badkrozingen.de\/index.php?rest_route=\/wp\/v2\/pages\/4120\/revisions\/4136"}],"wp:attachment":[{"href":"http:\/\/art-badkrozingen.de\/index.php?rest_route=%2Fwp%2Fv2%2Fmedia&parent=4120"}],"curies":[{"name":"wp","href":"https:\/\/api.w.org\/{rel}","templated":true}]}}