{"id":4545,"date":"2022-05-10T15:24:29","date_gmt":"2022-05-10T15:24:29","guid":{"rendered":"https:\/\/art-badkrozingen.de\/?page_id=4545"},"modified":"2024-01-23T16:44:15","modified_gmt":"2024-01-23T16:44:15","slug":"mueller-harald","status":"publish","type":"page","link":"http:\/\/art-badkrozingen.de\/?page_id=4545","title":{"rendered":"Harald M\u00fcller"},"content":{"rendered":"<p><strong>Malerei <img loading=\"lazy\" class=\" wp-image-4548 alignright\" src=\"https:\/\/art-badkrozingen.de\/wp-content\/uploads\/2022\/05\/IMG_0818.jpeg\" alt=\"\" width=\"227\" height=\"236\" srcset=\"http:\/\/art-badkrozingen.de\/wp-content\/uploads\/2022\/05\/IMG_0818.jpeg 406w, http:\/\/art-badkrozingen.de\/wp-content\/uploads\/2022\/05\/IMG_0818-289x300.jpeg 289w\" sizes=\"(max-width: 227px) 100vw, 227px\" \/><\/strong><\/p>\n<p>&nbsp;<br \/>\n&nbsp;geb. 1950&nbsp;&nbsp;&nbsp;&nbsp;&nbsp; Architekt<br \/>\nwohnhaft in Bad Krozingen<\/p>\n<p>In meinem Ruhestand erarbeite und gestalte ich Graphiken. Mal stringent, mal in freier Strich- und Linienf\u00fchrung. Ich arbeite mit Acryl, \u00d6lpastellkreide, Wasserfarbe und \u00d6lfarbe. Weitere Arbeiten sind auf meiner Website unter&nbsp; malm\u00fcllerskunst.de&nbsp; zu sehen.<\/p>\n<!-- index.php -->\n<div\n\tclass=\"ngg-galleryoverview ngg-ajax-pagination-none\"\n\tid=\"ngg-gallery-660a694595a5384511f19c240fdb8ccc-1\">\n\n    \t<div class=\"slideshowlink\">\n        <a href='http:\/\/art-badkrozingen.de\/index.php\/nggallery\/slideshow?page_id=4545'>[Zeige eine Slideshow]<\/a>\n\t\t\n\t<\/div>\n\t\t\t<!-- Thumbnails -->\n\t\t\t\t<div id=\"ngg-image-0\" class=\"ngg-gallery-thumbnail-box\" >\n\t\t\t\t        <div class=\"ngg-gallery-thumbnail\">\n            <a href=\"http:\/\/art-badkrozingen.de\/wp-content\/gallery\/mueller-harald-1\/IMG_0623.jpeg\"\n               title=\"\"\n               data-src=\"http:\/\/art-badkrozingen.de\/wp-content\/gallery\/mueller-harald-1\/IMG_0623.jpeg\"\n               data-thumbnail=\"http:\/\/art-badkrozingen.de\/wp-content\/gallery\/mueller-harald-1\/thumbs\/thumbs_IMG_0623.jpeg\"\n               data-image-id=\"685\"\n               data-title=\"IMG_0623\"\n               data-description=\"\"\n               data-image-slug=\"img_0623\"\n               class=\"ngg-fancybox\" rel=\"660a694595a5384511f19c240fdb8ccc\">\n                <img\n                    title=\"IMG_0623\"\n                    alt=\"IMG_0623\"\n                    src=\"http:\/\/art-badkrozingen.de\/wp-content\/gallery\/mueller-harald-1\/thumbs\/thumbs_IMG_0623.jpeg\"\n                    width=\"200\"\n                    height=\"155\"\n                    style=\"max-width:100%;\"\n                \/>\n            <\/a>\n        <\/div>\n\t\t\t\t\t\t\t<\/div> \n\t\t\t\n        \n\t\t\t\t<div id=\"ngg-image-1\" class=\"ngg-gallery-thumbnail-box\" >\n\t\t\t\t        <div class=\"ngg-gallery-thumbnail\">\n            <a href=\"http:\/\/art-badkrozingen.de\/wp-content\/gallery\/mueller-harald-1\/IMG_0740.jpeg\"\n               title=\"\"\n               data-src=\"http:\/\/art-badkrozingen.de\/wp-content\/gallery\/mueller-harald-1\/IMG_0740.jpeg\"\n               data-thumbnail=\"http:\/\/art-badkrozingen.de\/wp-content\/gallery\/mueller-harald-1\/thumbs\/thumbs_IMG_0740.jpeg\"\n               data-image-id=\"686\"\n               data-title=\"IMG_0740\"\n               data-description=\"\"\n               data-image-slug=\"img_0740\"\n               class=\"ngg-fancybox\" rel=\"660a694595a5384511f19c240fdb8ccc\">\n                <img\n                    title=\"IMG_0740\"\n                    alt=\"IMG_0740\"\n                    src=\"http:\/\/art-badkrozingen.de\/wp-content\/gallery\/mueller-harald-1\/thumbs\/thumbs_IMG_0740.jpeg\"\n                    width=\"200\"\n                    height=\"155\"\n                    style=\"max-width:100%;\"\n                \/>\n            <\/a>\n        <\/div>\n\t\t\t\t\t\t\t<\/div> \n\t\t\t\n        \n\t\t\t\t<div id=\"ngg-image-2\" class=\"ngg-gallery-thumbnail-box\" >\n\t\t\t\t        <div class=\"ngg-gallery-thumbnail\">\n            <a href=\"http:\/\/art-badkrozingen.de\/wp-content\/gallery\/mueller-harald-1\/IMG_0094.jpeg\"\n               title=\"\"\n               data-src=\"http:\/\/art-badkrozingen.de\/wp-content\/gallery\/mueller-harald-1\/IMG_0094.jpeg\"\n               data-thumbnail=\"http:\/\/art-badkrozingen.de\/wp-content\/gallery\/mueller-harald-1\/thumbs\/thumbs_IMG_0094.jpeg\"\n               data-image-id=\"687\"\n               data-title=\"IMG_0094\"\n               data-description=\"\"\n               data-image-slug=\"img_0094\"\n               class=\"ngg-fancybox\" rel=\"660a694595a5384511f19c240fdb8ccc\">\n                <img\n                    title=\"IMG_0094\"\n                    alt=\"IMG_0094\"\n                    src=\"http:\/\/art-badkrozingen.de\/wp-content\/gallery\/mueller-harald-1\/thumbs\/thumbs_IMG_0094.jpeg\"\n                    width=\"200\"\n                    height=\"155\"\n                    style=\"max-width:100%;\"\n                \/>\n            <\/a>\n        <\/div>\n\t\t\t\t\t\t\t<\/div> \n\t\t\t\n        \n\t\t\t\t<div id=\"ngg-image-3\" class=\"ngg-gallery-thumbnail-box\" >\n\t\t\t\t        <div class=\"ngg-gallery-thumbnail\">\n            <a href=\"http:\/\/art-badkrozingen.de\/wp-content\/gallery\/mueller-harald-1\/IMG_0333.jpeg\"\n               title=\"\"\n               data-src=\"http:\/\/art-badkrozingen.de\/wp-content\/gallery\/mueller-harald-1\/IMG_0333.jpeg\"\n               data-thumbnail=\"http:\/\/art-badkrozingen.de\/wp-content\/gallery\/mueller-harald-1\/thumbs\/thumbs_IMG_0333.jpeg\"\n               data-image-id=\"688\"\n               data-title=\"IMG_0333\"\n               data-description=\"\"\n               data-image-slug=\"img_0333\"\n               class=\"ngg-fancybox\" rel=\"660a694595a5384511f19c240fdb8ccc\">\n                <img\n                    title=\"IMG_0333\"\n                    alt=\"IMG_0333\"\n                    src=\"http:\/\/art-badkrozingen.de\/wp-content\/gallery\/mueller-harald-1\/thumbs\/thumbs_IMG_0333.jpeg\"\n                    width=\"200\"\n                    height=\"155\"\n                    style=\"max-width:100%;\"\n                \/>\n            <\/a>\n        <\/div>\n\t\t\t\t\t\t\t<\/div> \n\t\t\t\n        \n\t\t\t\t<div id=\"ngg-image-4\" class=\"ngg-gallery-thumbnail-box\" >\n\t\t\t\t        <div class=\"ngg-gallery-thumbnail\">\n            <a href=\"http:\/\/art-badkrozingen.de\/wp-content\/gallery\/mueller-harald-1\/IMG_1123.jpeg\"\n               title=\"\"\n               data-src=\"http:\/\/art-badkrozingen.de\/wp-content\/gallery\/mueller-harald-1\/IMG_1123.jpeg\"\n               data-thumbnail=\"http:\/\/art-badkrozingen.de\/wp-content\/gallery\/mueller-harald-1\/thumbs\/thumbs_IMG_1123.jpeg\"\n               data-image-id=\"689\"\n               data-title=\"IMG_1123\"\n               data-description=\"\"\n               data-image-slug=\"img_1123\"\n               class=\"ngg-fancybox\" rel=\"660a694595a5384511f19c240fdb8ccc\">\n                <img\n                    title=\"IMG_1123\"\n                    alt=\"IMG_1123\"\n                    src=\"http:\/\/art-badkrozingen.de\/wp-content\/gallery\/mueller-harald-1\/thumbs\/thumbs_IMG_1123.jpeg\"\n                    width=\"200\"\n                    height=\"155\"\n                    style=\"max-width:100%;\"\n                \/>\n            <\/a>\n        <\/div>\n\t\t\t\t\t\t\t<\/div> \n\t\t\t\n        \n\t\t\t\t<div id=\"ngg-image-5\" class=\"ngg-gallery-thumbnail-box\" >\n\t\t\t\t        <div class=\"ngg-gallery-thumbnail\">\n            <a href=\"http:\/\/art-badkrozingen.de\/wp-content\/gallery\/mueller-harald-1\/IMG_2305.jpeg\"\n               title=\"\"\n               data-src=\"http:\/\/art-badkrozingen.de\/wp-content\/gallery\/mueller-harald-1\/IMG_2305.jpeg\"\n               data-thumbnail=\"http:\/\/art-badkrozingen.de\/wp-content\/gallery\/mueller-harald-1\/thumbs\/thumbs_IMG_2305.jpeg\"\n               data-image-id=\"1110\"\n               data-title=\"IMG_2305\"\n               data-description=\"\"\n               data-image-slug=\"img_2305\"\n               class=\"ngg-fancybox\" rel=\"660a694595a5384511f19c240fdb8ccc\">\n                <img\n                    title=\"IMG_2305\"\n                    alt=\"IMG_2305\"\n                    src=\"http:\/\/art-badkrozingen.de\/wp-content\/gallery\/mueller-harald-1\/thumbs\/thumbs_IMG_2305.jpeg\"\n                    width=\"200\"\n                    height=\"155\"\n                    style=\"max-width:100%;\"\n                \/>\n            <\/a>\n        <\/div>\n\t\t\t\t\t\t\t<\/div> \n\t\t\t\n        \n\t\t\n\t\t<!-- Pagination -->\n\t<div class='ngg-clear'><\/div>\t<\/div>\n\n","protected":false},"excerpt":{"rendered":"<p>Malerei &nbsp; &nbsp;geb. 1950&nbsp;&nbsp;&nbsp;&nbsp;&nbsp; Architekt wohnhaft in Bad Krozingen In meinem Ruhestand erarbeite und gestalte ich Graphiken. Mal stringent, mal in freier Strich- und Linienf\u00fchrung. Ich arbeite mit Acryl, \u00d6lpastellkreide, Wasserfarbe und \u00d6lfarbe. Weitere Arbeiten sind auf meiner Website unter&nbsp; malm\u00fcllerskunst.de&nbsp; zu sehen.<\/p>\n","protected":false},"author":1,"featured_media":0,"parent":0,"menu_order":0,"comment_status":"closed","ping_status":"closed","template":"","meta":{"ngg_post_thumbnail":0},"_links":{"self":[{"href":"http:\/\/art-badkrozingen.de\/index.php?rest_route=\/wp\/v2\/pages\/4545"}],"collection":[{"href":"http:\/\/art-badkrozingen.de\/index.php?rest_route=\/wp\/v2\/pages"}],"about":[{"href":"http:\/\/art-badkrozingen.de\/index.php?rest_route=\/wp\/v2\/types\/page"}],"author":[{"embeddable":true,"href":"http:\/\/art-badkrozingen.de\/index.php?rest_route=\/wp\/v2\/users\/1"}],"replies":[{"embeddable":true,"href":"http:\/\/art-badkrozingen.de\/index.php?rest_route=%2Fwp%2Fv2%2Fcomments&post=4545"}],"version-history":[{"count":3,"href":"http:\/\/art-badkrozingen.de\/index.php?rest_route=\/wp\/v2\/pages\/4545\/revisions"}],"predecessor-version":[{"id":4560,"href":"http:\/\/art-badkrozingen.de\/index.php?rest_route=\/wp\/v2\/pages\/4545\/revisions\/4560"}],"wp:attachment":[{"href":"http:\/\/art-badkrozingen.de\/index.php?rest_route=%2Fwp%2Fv2%2Fmedia&parent=4545"}],"curies":[{"name":"wp","href":"https:\/\/api.w.org\/{rel}","templated":true}]}}