{"id":4783,"date":"2022-09-05T14:45:36","date_gmt":"2022-09-05T14:45:36","guid":{"rendered":"https:\/\/art-badkrozingen.de\/?page_id=4783"},"modified":"2022-09-05T14:50:03","modified_gmt":"2022-09-05T14:50:03","slug":"vera-goepfert","status":"publish","type":"page","link":"http:\/\/art-badkrozingen.de\/?page_id=4783","title":{"rendered":"Vera G\u00f6pfert"},"content":{"rendered":"<p><img loading=\"lazy\" class=\" wp-image-4786 alignleft\" src=\"https:\/\/art-badkrozingen.de\/wp-content\/uploads\/2022\/09\/Vera-Goepfert-225x300.jpg\" alt=\"\" width=\"215\" height=\"287\" srcset=\"http:\/\/art-badkrozingen.de\/wp-content\/uploads\/2022\/09\/Vera-Goepfert-225x300.jpg 225w, http:\/\/art-badkrozingen.de\/wp-content\/uploads\/2022\/09\/Vera-Goepfert.jpg 300w\" sizes=\"(max-width: 215px) 100vw, 215px\" \/><\/p>\n<p><strong>Malerei<\/strong><\/p>\n<p>&nbsp;<\/p>\n<p>1952 in 24534 Neum\u00fcnster (Schleswig-Holstein) geboren.<br \/>\nSchon als Kind hatte ich Freude am Malen und sehr oft Pinsel oder Stift zur Hand.<br \/>\nIch habe viele Jahre an der Nordseek\u00fcste in Dithmarschen gelebt und war dort beruflich als Industriekauffrau t\u00e4tig.<br \/>\nDie Landschaft und das Meer haben mich damals schon zur Malerei inspiriert.<\/p>\n<p>Mitte der 90er Jahre habe ich dann an einem Kunstlehrgang, Aquarellmalerei, teilgenommen.<br \/>\nBedingt durch meinen Beruf hatte ich leider nicht allzu viel Zeit f\u00fcr mein Hobby.<\/p>\n<p>&nbsp;<br \/>\nIm Jahre 2000 zog es mich nach Baden-W\u00fcrttemberg, wo ich dann auch meine ersten Ausstellungen hatte:<\/p>\n<p>2001 Gemeinschaftsausstellung im Gasthaus Krone 79268 B\u00f6tzingen<br \/>\n2002 Gemeinschaftsausstellung meiner Werke in der Volksbank 79268 B\u00f6tzingen<br \/>\n2002 Gemeinschaftsausstellung im Kurhaus 79348 Freiamt<br \/>\n2022 Teilnahme internationaler Kunstsalon in 79415 Bad Bellingen<\/p>\n<p>Nach einer l\u00e4ngeren Schaffenspause habe ich mich, nachdem ich in den wohlverdienten Ruhestand ging, an der Acryl- und \u00d6lmalerei neu orientiert und es sind weitere viele sch\u00f6ne Kunstwerke entstanden.<\/p>\n<p>Seit September 2020 Mitglied im Kunstverein artstages Breisach.<br \/>\nSeit Juli 2022 Mitglied im Kunstverein ART Bad Krozingen.<\/p>\n<!-- index.php -->\n<div\n\tclass=\"ngg-galleryoverview ngg-ajax-pagination-none\"\n\tid=\"ngg-gallery-a7f17223cc857fd888921baec367ca1d-1\">\n\n    \t<div class=\"slideshowlink\">\n        <a href='http:\/\/art-badkrozingen.de\/index.php\/nggallery\/slideshow?page_id=4783'>[Zeige eine Slideshow]<\/a>\n\t\t\n\t<\/div>\n\t\t\t<!-- Thumbnails -->\n\t\t\t\t<div id=\"ngg-image-0\" class=\"ngg-gallery-thumbnail-box\" >\n\t\t\t\t        <div class=\"ngg-gallery-thumbnail\">\n            <a href=\"http:\/\/art-badkrozingen.de\/wp-content\/gallery\/vera-goepfert-1\/HAHN.jpg\"\n               title=\"\"\n               data-src=\"http:\/\/art-badkrozingen.de\/wp-content\/gallery\/vera-goepfert-1\/HAHN.jpg\"\n               data-thumbnail=\"http:\/\/art-badkrozingen.de\/wp-content\/gallery\/vera-goepfert-1\/thumbs\/thumbs_HAHN.jpg\"\n               data-image-id=\"776\"\n               data-title=\"HAHN\"\n               data-description=\"\"\n               data-image-slug=\"hahn\"\n               class=\"ngg-fancybox\" rel=\"a7f17223cc857fd888921baec367ca1d\">\n                <img\n                    title=\"HAHN\"\n                    alt=\"HAHN\"\n                    src=\"http:\/\/art-badkrozingen.de\/wp-content\/gallery\/vera-goepfert-1\/thumbs\/thumbs_HAHN.jpg\"\n                    width=\"125\"\n                    height=\"100\"\n                    style=\"max-width:100%;\"\n                \/>\n            <\/a>\n        <\/div>\n\t\t\t\t\t\t\t<\/div> \n\t\t\t\n        \n\t\t\t\t<div id=\"ngg-image-1\" class=\"ngg-gallery-thumbnail-box\" >\n\t\t\t\t        <div class=\"ngg-gallery-thumbnail\">\n            <a href=\"http:\/\/art-badkrozingen.de\/wp-content\/gallery\/vera-goepfert-1\/Mix-40-cm-x-50-cm-Lilie.jpg\"\n               title=\"\"\n               data-src=\"http:\/\/art-badkrozingen.de\/wp-content\/gallery\/vera-goepfert-1\/Mix-40-cm-x-50-cm-Lilie.jpg\"\n               data-thumbnail=\"http:\/\/art-badkrozingen.de\/wp-content\/gallery\/vera-goepfert-1\/thumbs\/thumbs_Mix-40-cm-x-50-cm-Lilie.jpg\"\n               data-image-id=\"777\"\n               data-title=\"Mix-40-cm-x-50-cm-Lilie\"\n               data-description=\"\"\n               data-image-slug=\"mix-40-cm-x-50-cm-lilie\"\n               class=\"ngg-fancybox\" rel=\"a7f17223cc857fd888921baec367ca1d\">\n                <img\n                    title=\"Mix-40-cm-x-50-cm-Lilie\"\n                    alt=\"Mix-40-cm-x-50-cm-Lilie\"\n                    src=\"http:\/\/art-badkrozingen.de\/wp-content\/gallery\/vera-goepfert-1\/thumbs\/thumbs_Mix-40-cm-x-50-cm-Lilie.jpg\"\n                    width=\"200\"\n                    height=\"155\"\n                    style=\"max-width:100%;\"\n                \/>\n            <\/a>\n        <\/div>\n\t\t\t\t\t\t\t<\/div> \n\t\t\t\n        \n\t\t\t\t<div id=\"ngg-image-2\" class=\"ngg-gallery-thumbnail-box\" >\n\t\t\t\t        <div class=\"ngg-gallery-thumbnail\">\n            <a href=\"http:\/\/art-badkrozingen.de\/wp-content\/gallery\/vera-goepfert-1\/IMG_20200809_14051234.jpg\"\n               title=\"\"\n               data-src=\"http:\/\/art-badkrozingen.de\/wp-content\/gallery\/vera-goepfert-1\/IMG_20200809_14051234.jpg\"\n               data-thumbnail=\"http:\/\/art-badkrozingen.de\/wp-content\/gallery\/vera-goepfert-1\/thumbs\/thumbs_IMG_20200809_14051234.jpg\"\n               data-image-id=\"778\"\n               data-title=\"IMG_20200809_14051234\"\n               data-description=\"\"\n               data-image-slug=\"img_20200809_14051234\"\n               class=\"ngg-fancybox\" rel=\"a7f17223cc857fd888921baec367ca1d\">\n                <img\n                    title=\"IMG_20200809_14051234\"\n                    alt=\"IMG_20200809_14051234\"\n                    src=\"http:\/\/art-badkrozingen.de\/wp-content\/gallery\/vera-goepfert-1\/thumbs\/thumbs_IMG_20200809_14051234.jpg\"\n                    width=\"200\"\n                    height=\"155\"\n                    style=\"max-width:100%;\"\n                \/>\n            <\/a>\n        <\/div>\n\t\t\t\t\t\t\t<\/div> \n\t\t\t\n        \n\t\t\t\t<div id=\"ngg-image-3\" class=\"ngg-gallery-thumbnail-box\" >\n\t\t\t\t        <div class=\"ngg-gallery-thumbnail\">\n            <a href=\"http:\/\/art-badkrozingen.de\/wp-content\/gallery\/vera-goepfert-1\/IMG_20201009_16013822.jpg\"\n               title=\"\"\n               data-src=\"http:\/\/art-badkrozingen.de\/wp-content\/gallery\/vera-goepfert-1\/IMG_20201009_16013822.jpg\"\n               data-thumbnail=\"http:\/\/art-badkrozingen.de\/wp-content\/gallery\/vera-goepfert-1\/thumbs\/thumbs_IMG_20201009_16013822.jpg\"\n               data-image-id=\"779\"\n               data-title=\"IMG_20201009_16013822\"\n               data-description=\"\"\n               data-image-slug=\"img_20201009_16013822\"\n               class=\"ngg-fancybox\" rel=\"a7f17223cc857fd888921baec367ca1d\">\n                <img\n                    title=\"IMG_20201009_16013822\"\n                    alt=\"IMG_20201009_16013822\"\n                    src=\"http:\/\/art-badkrozingen.de\/wp-content\/gallery\/vera-goepfert-1\/thumbs\/thumbs_IMG_20201009_16013822.jpg\"\n                    width=\"200\"\n                    height=\"155\"\n                    style=\"max-width:100%;\"\n                \/>\n            <\/a>\n        <\/div>\n\t\t\t\t\t\t\t<\/div> \n\t\t\t\n        \n\t\t\t\t<div id=\"ngg-image-4\" class=\"ngg-gallery-thumbnail-box\" >\n\t\t\t\t        <div class=\"ngg-gallery-thumbnail\">\n            <a href=\"http:\/\/art-badkrozingen.de\/wp-content\/gallery\/vera-goepfert-1\/1636886931858.jpg\"\n               title=\"\"\n               data-src=\"http:\/\/art-badkrozingen.de\/wp-content\/gallery\/vera-goepfert-1\/1636886931858.jpg\"\n               data-thumbnail=\"http:\/\/art-badkrozingen.de\/wp-content\/gallery\/vera-goepfert-1\/thumbs\/thumbs_1636886931858.jpg\"\n               data-image-id=\"780\"\n               data-title=\"1636886931858\"\n               data-description=\"\"\n               data-image-slug=\"1636886931858\"\n               class=\"ngg-fancybox\" rel=\"a7f17223cc857fd888921baec367ca1d\">\n                <img\n                    title=\"1636886931858\"\n                    alt=\"1636886931858\"\n                    src=\"http:\/\/art-badkrozingen.de\/wp-content\/gallery\/vera-goepfert-1\/thumbs\/thumbs_1636886931858.jpg\"\n                    width=\"200\"\n                    height=\"155\"\n                    style=\"max-width:100%;\"\n                \/>\n            <\/a>\n        <\/div>\n\t\t\t\t\t\t\t<\/div> \n\t\t\t\n        \n\t\t\t\t<div id=\"ngg-image-5\" class=\"ngg-gallery-thumbnail-box\" >\n\t\t\t\t        <div class=\"ngg-gallery-thumbnail\">\n            <a href=\"http:\/\/art-badkrozingen.de\/wp-content\/gallery\/vera-goepfert-1\/1612428838427.jpg\"\n               title=\"\"\n               data-src=\"http:\/\/art-badkrozingen.de\/wp-content\/gallery\/vera-goepfert-1\/1612428838427.jpg\"\n               data-thumbnail=\"http:\/\/art-badkrozingen.de\/wp-content\/gallery\/vera-goepfert-1\/thumbs\/thumbs_1612428838427.jpg\"\n               data-image-id=\"781\"\n               data-title=\"1612428838427\"\n               data-description=\"\"\n               data-image-slug=\"1612428838427\"\n               class=\"ngg-fancybox\" rel=\"a7f17223cc857fd888921baec367ca1d\">\n                <img\n                    title=\"1612428838427\"\n                    alt=\"1612428838427\"\n                    src=\"http:\/\/art-badkrozingen.de\/wp-content\/gallery\/vera-goepfert-1\/thumbs\/thumbs_1612428838427.jpg\"\n                    width=\"200\"\n                    height=\"155\"\n                    style=\"max-width:100%;\"\n                \/>\n            <\/a>\n        <\/div>\n\t\t\t\t\t\t\t<\/div> \n\t\t\t\n        \n\t\t\t\t<div id=\"ngg-image-6\" class=\"ngg-gallery-thumbnail-box\" >\n\t\t\t\t        <div class=\"ngg-gallery-thumbnail\">\n            <a href=\"http:\/\/art-badkrozingen.de\/wp-content\/gallery\/vera-goepfert-1\/1637054548642.jpg\"\n               title=\"\"\n               data-src=\"http:\/\/art-badkrozingen.de\/wp-content\/gallery\/vera-goepfert-1\/1637054548642.jpg\"\n               data-thumbnail=\"http:\/\/art-badkrozingen.de\/wp-content\/gallery\/vera-goepfert-1\/thumbs\/thumbs_1637054548642.jpg\"\n               data-image-id=\"782\"\n               data-title=\"1637054548642\"\n               data-description=\"\"\n               data-image-slug=\"1637054548642\"\n               class=\"ngg-fancybox\" rel=\"a7f17223cc857fd888921baec367ca1d\">\n                <img\n                    title=\"1637054548642\"\n                    alt=\"1637054548642\"\n                    src=\"http:\/\/art-badkrozingen.de\/wp-content\/gallery\/vera-goepfert-1\/thumbs\/thumbs_1637054548642.jpg\"\n                    width=\"200\"\n                    height=\"155\"\n                    style=\"max-width:100%;\"\n                \/>\n            <\/a>\n        <\/div>\n\t\t\t\t\t\t\t<\/div> \n\t\t\t\n        \n\t\t\t\t<div id=\"ngg-image-7\" class=\"ngg-gallery-thumbnail-box\" >\n\t\t\t\t        <div class=\"ngg-gallery-thumbnail\">\n            <a href=\"http:\/\/art-badkrozingen.de\/wp-content\/gallery\/vera-goepfert-1\/50-x-60.jpg\"\n               title=\"\"\n               data-src=\"http:\/\/art-badkrozingen.de\/wp-content\/gallery\/vera-goepfert-1\/50-x-60.jpg\"\n               data-thumbnail=\"http:\/\/art-badkrozingen.de\/wp-content\/gallery\/vera-goepfert-1\/thumbs\/thumbs_50-x-60.jpg\"\n               data-image-id=\"783\"\n               data-title=\"50-x-60\"\n               data-description=\"\"\n               data-image-slug=\"50-x-60\"\n               class=\"ngg-fancybox\" rel=\"a7f17223cc857fd888921baec367ca1d\">\n                <img\n                    title=\"50-x-60\"\n                    alt=\"50-x-60\"\n                    src=\"http:\/\/art-badkrozingen.de\/wp-content\/gallery\/vera-goepfert-1\/thumbs\/thumbs_50-x-60.jpg\"\n                    width=\"200\"\n                    height=\"155\"\n                    style=\"max-width:100%;\"\n                \/>\n            <\/a>\n        <\/div>\n\t\t\t\t\t\t\t<\/div> \n\t\t\t\n        \n\t\t\n\t\t<!-- Pagination -->\n\t<div class='ngg-clear'><\/div>\t<\/div>\n\n","protected":false},"excerpt":{"rendered":"<p>Malerei &nbsp; 1952 in 24534 Neum\u00fcnster (Schleswig-Holstein) geboren. Schon als Kind hatte ich Freude am Malen und sehr oft Pinsel oder Stift zur Hand. Ich habe viele Jahre an der Nordseek\u00fcste in Dithmarschen gelebt und war dort beruflich als Industriekauffrau t\u00e4tig. Die Landschaft und das Meer haben mich damals schon zur Malerei inspiriert. Mitte der [&hellip;]<\/p>\n","protected":false},"author":1,"featured_media":0,"parent":0,"menu_order":0,"comment_status":"closed","ping_status":"closed","template":"","meta":{"ngg_post_thumbnail":0},"_links":{"self":[{"href":"http:\/\/art-badkrozingen.de\/index.php?rest_route=\/wp\/v2\/pages\/4783"}],"collection":[{"href":"http:\/\/art-badkrozingen.de\/index.php?rest_route=\/wp\/v2\/pages"}],"about":[{"href":"http:\/\/art-badkrozingen.de\/index.php?rest_route=\/wp\/v2\/types\/page"}],"author":[{"embeddable":true,"href":"http:\/\/art-badkrozingen.de\/index.php?rest_route=\/wp\/v2\/users\/1"}],"replies":[{"embeddable":true,"href":"http:\/\/art-badkrozingen.de\/index.php?rest_route=%2Fwp%2Fv2%2Fcomments&post=4783"}],"version-history":[{"count":7,"href":"http:\/\/art-badkrozingen.de\/index.php?rest_route=\/wp\/v2\/pages\/4783\/revisions"}],"predecessor-version":[{"id":4802,"href":"http:\/\/art-badkrozingen.de\/index.php?rest_route=\/wp\/v2\/pages\/4783\/revisions\/4802"}],"wp:attachment":[{"href":"http:\/\/art-badkrozingen.de\/index.php?rest_route=%2Fwp%2Fv2%2Fmedia&parent=4783"}],"curies":[{"name":"wp","href":"https:\/\/api.w.org\/{rel}","templated":true}]}}