{"id":5514,"date":"2023-07-19T13:12:31","date_gmt":"2023-07-19T13:12:31","guid":{"rendered":"https:\/\/art-badkrozingen.de\/?page_id=5514"},"modified":"2024-03-19T07:26:46","modified_gmt":"2024-03-19T07:26:46","slug":"claudia-erhart","status":"publish","type":"page","link":"http:\/\/art-badkrozingen.de\/?page_id=5514","title":{"rendered":"Claudia Erhart"},"content":{"rendered":"<p><strong>Malerei<\/strong><\/p>\n<p><img loading=\"lazy\" class=\"size-medium wp-image-5528 alignleft\" src=\"https:\/\/art-badkrozingen.de\/wp-content\/uploads\/2023\/07\/20210507_152541-rotated-e1690208879826-225x300.jpg\" alt=\"\" width=\"225\" height=\"300\" srcset=\"http:\/\/art-badkrozingen.de\/wp-content\/uploads\/2023\/07\/20210507_152541-rotated-e1690208879826-225x300.jpg 225w, http:\/\/art-badkrozingen.de\/wp-content\/uploads\/2023\/07\/20210507_152541-rotated-e1690208879826.jpg 600w\" sizes=\"(max-width: 225px) 100vw, 225px\" \/><\/p>\n<p>Ich hei\u00dfe Claudia Erhart und wohne seit 2007 in Heitersheim. Schon als Kind habe ich gerne gemalt und in der Schule hat mir das Fach Bildende Kunst sehr viel Spa\u00df gemacht. Allerdings habe ich dann, mit dem Start ins Berufsleben, meine kreative Seite erst einmal \u201everloren\u201c. Erst um meinen 40. Geburtstag herum habe ich meine Leidenschaft f\u00fcr das Kreativsein wiederentdeckt und vieles ausprobiert. \u00dcber N\u00e4hen und Bastelarbeiten bin ich dann letztendlich wieder beim Malen angekommen. Ich male mit Acrylfarben auf Leinwand und aktuell am liebsten Tiere. Dabei fasziniert mich zum einen die M\u00f6glichkeit, Farben und Formen zu kombinieren und den Gesichtern durch die Gestaltung der Augen Ausdruck zu verleihen. Aber auch abstrakte Motive machen mir Spa\u00df, die zum Beispiel beim Pouring entstehen. Beim Malen vergesse ich Zeit und Raum um mich herum. Ich liebe es, mit anderen zusammen zu malen, den Austausch zu den Motiven, Farben und Techniken und zu erleben, wie letztendlich die unterschiedlichsten Bilder entstehen.<\/p>\n<!-- index.php -->\n<div\n\tclass=\"ngg-galleryoverview ngg-ajax-pagination-none\"\n\tid=\"ngg-gallery-c3ce9ea163702f1d2b0da53f408b32fa-1\">\n\n    \t<div class=\"slideshowlink\">\n        <a href='http:\/\/art-badkrozingen.de\/index.php\/nggallery\/slideshow?page_id=5514'>[Zeige eine Slideshow]<\/a>\n\t\t\n\t<\/div>\n\t\t\t<!-- Thumbnails -->\n\t\t\t\t<div id=\"ngg-image-0\" class=\"ngg-gallery-thumbnail-box\" >\n\t\t\t\t        <div class=\"ngg-gallery-thumbnail\">\n            <a href=\"http:\/\/art-badkrozingen.de\/wp-content\/gallery\/claudia-erhart\/Chamaeleon.jpg\"\n               title=\"\"\n               data-src=\"http:\/\/art-badkrozingen.de\/wp-content\/gallery\/claudia-erhart\/Chamaeleon.jpg\"\n               data-thumbnail=\"http:\/\/art-badkrozingen.de\/wp-content\/gallery\/claudia-erhart\/thumbs\/thumbs_Chamaeleon.jpg\"\n               data-image-id=\"1090\"\n               data-title=\"Chamaeleon\"\n               data-description=\"\"\n               data-image-slug=\"chamaeleon\"\n               class=\"ngg-fancybox\" rel=\"c3ce9ea163702f1d2b0da53f408b32fa\">\n                <img\n                    title=\"Chamaeleon\"\n                    alt=\"Chamaeleon\"\n                    src=\"http:\/\/art-badkrozingen.de\/wp-content\/gallery\/claudia-erhart\/thumbs\/thumbs_Chamaeleon.jpg\"\n                    width=\"200\"\n                    height=\"155\"\n                    style=\"max-width:100%;\"\n                \/>\n            <\/a>\n        <\/div>\n\t\t\t\t\t\t\t<\/div> \n\t\t\t\n        \n\t\t\t\t<div id=\"ngg-image-1\" class=\"ngg-gallery-thumbnail-box\" >\n\t\t\t\t        <div class=\"ngg-gallery-thumbnail\">\n            <a href=\"http:\/\/art-badkrozingen.de\/wp-content\/gallery\/claudia-erhart\/Aufbruch_2022.jpg\"\n               title=\"\"\n               data-src=\"http:\/\/art-badkrozingen.de\/wp-content\/gallery\/claudia-erhart\/Aufbruch_2022.jpg\"\n               data-thumbnail=\"http:\/\/art-badkrozingen.de\/wp-content\/gallery\/claudia-erhart\/thumbs\/thumbs_Aufbruch_2022.jpg\"\n               data-image-id=\"1091\"\n               data-title=\"Aufbruch_2022\"\n               data-description=\"\"\n               data-image-slug=\"aufbruch_2022\"\n               class=\"ngg-fancybox\" rel=\"c3ce9ea163702f1d2b0da53f408b32fa\">\n                <img\n                    title=\"Aufbruch_2022\"\n                    alt=\"Aufbruch_2022\"\n                    src=\"http:\/\/art-badkrozingen.de\/wp-content\/gallery\/claudia-erhart\/thumbs\/thumbs_Aufbruch_2022.jpg\"\n                    width=\"200\"\n                    height=\"155\"\n                    style=\"max-width:100%;\"\n                \/>\n            <\/a>\n        <\/div>\n\t\t\t\t\t\t\t<\/div> \n\t\t\t\n        \n\t\t\t\t<div id=\"ngg-image-2\" class=\"ngg-gallery-thumbnail-box\" >\n\t\t\t\t        <div class=\"ngg-gallery-thumbnail\">\n            <a href=\"http:\/\/art-badkrozingen.de\/wp-content\/gallery\/claudia-erhart\/Joschi.jpg\"\n               title=\"\"\n               data-src=\"http:\/\/art-badkrozingen.de\/wp-content\/gallery\/claudia-erhart\/Joschi.jpg\"\n               data-thumbnail=\"http:\/\/art-badkrozingen.de\/wp-content\/gallery\/claudia-erhart\/thumbs\/thumbs_Joschi.jpg\"\n               data-image-id=\"1092\"\n               data-title=\"Joschi\"\n               data-description=\"\"\n               data-image-slug=\"joschi\"\n               class=\"ngg-fancybox\" rel=\"c3ce9ea163702f1d2b0da53f408b32fa\">\n                <img\n                    title=\"Joschi\"\n                    alt=\"Joschi\"\n                    src=\"http:\/\/art-badkrozingen.de\/wp-content\/gallery\/claudia-erhart\/thumbs\/thumbs_Joschi.jpg\"\n                    width=\"200\"\n                    height=\"155\"\n                    style=\"max-width:100%;\"\n                \/>\n            <\/a>\n        <\/div>\n\t\t\t\t\t\t\t<\/div> \n\t\t\t\n        \n\t\t\t\t<div id=\"ngg-image-3\" class=\"ngg-gallery-thumbnail-box\" >\n\t\t\t\t        <div class=\"ngg-gallery-thumbnail\">\n            <a href=\"http:\/\/art-badkrozingen.de\/wp-content\/gallery\/claudia-erhart\/Pouring.jpg\"\n               title=\"\"\n               data-src=\"http:\/\/art-badkrozingen.de\/wp-content\/gallery\/claudia-erhart\/Pouring.jpg\"\n               data-thumbnail=\"http:\/\/art-badkrozingen.de\/wp-content\/gallery\/claudia-erhart\/thumbs\/thumbs_Pouring.jpg\"\n               data-image-id=\"1093\"\n               data-title=\"Pouring\"\n               data-description=\"\"\n               data-image-slug=\"pouring\"\n               class=\"ngg-fancybox\" rel=\"c3ce9ea163702f1d2b0da53f408b32fa\">\n                <img\n                    title=\"Pouring\"\n                    alt=\"Pouring\"\n                    src=\"http:\/\/art-badkrozingen.de\/wp-content\/gallery\/claudia-erhart\/thumbs\/thumbs_Pouring.jpg\"\n                    width=\"200\"\n                    height=\"155\"\n                    style=\"max-width:100%;\"\n                \/>\n            <\/a>\n        <\/div>\n\t\t\t\t\t\t\t<\/div> \n\t\t\t\n        \n\t\t\t\t<div id=\"ngg-image-4\" class=\"ngg-gallery-thumbnail-box\" >\n\t\t\t\t        <div class=\"ngg-gallery-thumbnail\">\n            <a href=\"http:\/\/art-badkrozingen.de\/wp-content\/gallery\/claudia-erhart\/Hund.jpg\"\n               title=\"\"\n               data-src=\"http:\/\/art-badkrozingen.de\/wp-content\/gallery\/claudia-erhart\/Hund.jpg\"\n               data-thumbnail=\"http:\/\/art-badkrozingen.de\/wp-content\/gallery\/claudia-erhart\/thumbs\/thumbs_Hund.jpg\"\n               data-image-id=\"1094\"\n               data-title=\"Hund\"\n               data-description=\"\"\n               data-image-slug=\"hund\"\n               class=\"ngg-fancybox\" rel=\"c3ce9ea163702f1d2b0da53f408b32fa\">\n                <img\n                    title=\"Hund\"\n                    alt=\"Hund\"\n                    src=\"http:\/\/art-badkrozingen.de\/wp-content\/gallery\/claudia-erhart\/thumbs\/thumbs_Hund.jpg\"\n                    width=\"200\"\n                    height=\"155\"\n                    style=\"max-width:100%;\"\n                \/>\n            <\/a>\n        <\/div>\n\t\t\t\t\t\t\t<\/div> \n\t\t\t\n        \n\t\t\t\t<div id=\"ngg-image-5\" class=\"ngg-gallery-thumbnail-box\" >\n\t\t\t\t        <div class=\"ngg-gallery-thumbnail\">\n            <a href=\"http:\/\/art-badkrozingen.de\/wp-content\/gallery\/claudia-erhart\/Berti.jpg\"\n               title=\"\"\n               data-src=\"http:\/\/art-badkrozingen.de\/wp-content\/gallery\/claudia-erhart\/Berti.jpg\"\n               data-thumbnail=\"http:\/\/art-badkrozingen.de\/wp-content\/gallery\/claudia-erhart\/thumbs\/thumbs_Berti.jpg\"\n               data-image-id=\"1095\"\n               data-title=\"Berti\"\n               data-description=\"\"\n               data-image-slug=\"berti\"\n               class=\"ngg-fancybox\" rel=\"c3ce9ea163702f1d2b0da53f408b32fa\">\n                <img\n                    title=\"Berti\"\n                    alt=\"Berti\"\n                    src=\"http:\/\/art-badkrozingen.de\/wp-content\/gallery\/claudia-erhart\/thumbs\/thumbs_Berti.jpg\"\n                    width=\"200\"\n                    height=\"155\"\n                    style=\"max-width:100%;\"\n                \/>\n            <\/a>\n        <\/div>\n\t\t\t\t\t\t\t<\/div> \n\t\t\t\n        \n\t\t\t\t<div id=\"ngg-image-6\" class=\"ngg-gallery-thumbnail-box\" >\n\t\t\t\t        <div class=\"ngg-gallery-thumbnail\">\n            <a href=\"http:\/\/art-badkrozingen.de\/wp-content\/gallery\/claudia-erhart\/Raben.jpg\"\n               title=\"\"\n               data-src=\"http:\/\/art-badkrozingen.de\/wp-content\/gallery\/claudia-erhart\/Raben.jpg\"\n               data-thumbnail=\"http:\/\/art-badkrozingen.de\/wp-content\/gallery\/claudia-erhart\/thumbs\/thumbs_Raben.jpg\"\n               data-image-id=\"1096\"\n               data-title=\"Raben\"\n               data-description=\"\"\n               data-image-slug=\"raben\"\n               class=\"ngg-fancybox\" rel=\"c3ce9ea163702f1d2b0da53f408b32fa\">\n                <img\n                    title=\"Raben\"\n                    alt=\"Raben\"\n                    src=\"http:\/\/art-badkrozingen.de\/wp-content\/gallery\/claudia-erhart\/thumbs\/thumbs_Raben.jpg\"\n                    width=\"200\"\n                    height=\"155\"\n                    style=\"max-width:100%;\"\n                \/>\n            <\/a>\n        <\/div>\n\t\t\t\t\t\t\t<\/div> \n\t\t\t\n        \n\t\t\t\t<div id=\"ngg-image-7\" class=\"ngg-gallery-thumbnail-box\" >\n\t\t\t\t        <div class=\"ngg-gallery-thumbnail\">\n            <a href=\"http:\/\/art-badkrozingen.de\/wp-content\/gallery\/claudia-erhart\/Rosi.jpg\"\n               title=\"\"\n               data-src=\"http:\/\/art-badkrozingen.de\/wp-content\/gallery\/claudia-erhart\/Rosi.jpg\"\n               data-thumbnail=\"http:\/\/art-badkrozingen.de\/wp-content\/gallery\/claudia-erhart\/thumbs\/thumbs_Rosi.jpg\"\n               data-image-id=\"1097\"\n               data-title=\"Rosi\"\n               data-description=\"\"\n               data-image-slug=\"rosi\"\n               class=\"ngg-fancybox\" rel=\"c3ce9ea163702f1d2b0da53f408b32fa\">\n                <img\n                    title=\"Rosi\"\n                    alt=\"Rosi\"\n                    src=\"http:\/\/art-badkrozingen.de\/wp-content\/gallery\/claudia-erhart\/thumbs\/thumbs_Rosi.jpg\"\n                    width=\"200\"\n                    height=\"155\"\n                    style=\"max-width:100%;\"\n                \/>\n            <\/a>\n        <\/div>\n\t\t\t\t\t\t\t<\/div> \n\t\t\t\n        \n\t\t\n\t\t<!-- Pagination -->\n\t<div class='ngg-clear'><\/div>\t<\/div>\n\n","protected":false},"excerpt":{"rendered":"<p>Malerei Ich hei\u00dfe Claudia Erhart und wohne seit 2007 in Heitersheim. Schon als Kind habe ich gerne gemalt und in der Schule hat mir das Fach Bildende Kunst sehr viel Spa\u00df gemacht. Allerdings habe ich dann, mit dem Start ins Berufsleben, meine kreative Seite erst einmal \u201everloren\u201c. Erst um meinen 40. Geburtstag herum habe ich [&hellip;]<\/p>\n","protected":false},"author":1,"featured_media":0,"parent":0,"menu_order":0,"comment_status":"closed","ping_status":"closed","template":"","meta":{"ngg_post_thumbnail":0},"_links":{"self":[{"href":"http:\/\/art-badkrozingen.de\/index.php?rest_route=\/wp\/v2\/pages\/5514"}],"collection":[{"href":"http:\/\/art-badkrozingen.de\/index.php?rest_route=\/wp\/v2\/pages"}],"about":[{"href":"http:\/\/art-badkrozingen.de\/index.php?rest_route=\/wp\/v2\/types\/page"}],"author":[{"embeddable":true,"href":"http:\/\/art-badkrozingen.de\/index.php?rest_route=\/wp\/v2\/users\/1"}],"replies":[{"embeddable":true,"href":"http:\/\/art-badkrozingen.de\/index.php?rest_route=%2Fwp%2Fv2%2Fcomments&post=5514"}],"version-history":[{"count":4,"href":"http:\/\/art-badkrozingen.de\/index.php?rest_route=\/wp\/v2\/pages\/5514\/revisions"}],"predecessor-version":[{"id":5530,"href":"http:\/\/art-badkrozingen.de\/index.php?rest_route=\/wp\/v2\/pages\/5514\/revisions\/5530"}],"wp:attachment":[{"href":"http:\/\/art-badkrozingen.de\/index.php?rest_route=%2Fwp%2Fv2%2Fmedia&parent=5514"}],"curies":[{"name":"wp","href":"https:\/\/api.w.org\/{rel}","templated":true}]}}