{"id":5652,"date":"2023-11-15T15:10:08","date_gmt":"2023-11-15T15:10:08","guid":{"rendered":"https:\/\/art-badkrozingen.de\/?page_id=5652"},"modified":"2023-11-18T16:26:37","modified_gmt":"2023-11-18T16:26:37","slug":"mareike-mohr","status":"publish","type":"page","link":"http:\/\/art-badkrozingen.de\/?page_id=5652","title":{"rendered":"Mareike Mohr"},"content":{"rendered":"<p><strong>Freischaffende K\u00fcnstlerin<\/strong><\/p>\n<p>Geboren in Bad Saarow, in Brandenburg, habe ich meine Kindheit in einem Staat verbracht, welchen es heute nicht mehr gibt. Nach dem Mauerfall entschloss ich mich statt geplantem Kunststudium im Ost-Berliner \u201eRealsozialismus\u201c f\u00fcr eine Karriere im \u201eTurbokapitalismus\u201c. Diese f\u00fchrte mich nach England, Australien, Belgien und die Schweiz und bot mir ein ideologisches und interkulturelles Kontrastprogramm und somit Inspiration f\u00fcr meine heutige k\u00fcnstlerische Arbeit. Im Jahr 2020 schloss ich ein Studium der Bildhauerei an der <a href=\"https:\/\/bildhauer-kunststudium.com\/\" target=\"_blank\" rel=\"noopener\">Edith Maryon Kunstschule <\/a>in Freiburg ab, meine Diplomarbeit aus Glas mit dem Titel \u201eIch bin\u201c wurde durch die <a href=\"https:\/\/www.atutsek-stiftung.de\/\" target=\"_blank\" rel=\"noopener\">Alexander Tutsek-Stiftung<\/a> gef\u00f6rdert. Ich lebe heute als freischaffende K\u00fcnstlerin mit meiner Familie in meiner Wahlheimat, dem Markgr\u00e4fler Land.<\/p>\n<p>Meine Arbeiten sind stets sehr pers\u00f6nliche Zeugnisse meines Erlebens. Dabei sind die gew\u00e4hlten Themen vielschichtig und universell und betreffen das Mensch-Sein in einer ambivalenten und interkulturellen Gesellschaft in all seinen Facetten. Derzeit besch\u00e4ftige ich mich mit dem Einfluss des gesellschaftlichen und kulturellen Umfelds auf Pers\u00f6nlichkeit und Identit\u00e4t. Insbesondere interessiert mich, inwieweit Sprache unser Selbstverst\u00e4ndnis formt und unser Bewusstsein pr\u00e4gt. Zudem bin ich fasziniert davon, wie diese in ihrer Sinnlichkeit \u2013 sei es durch die \u00c4sthetik von Schriftzeichen, Tonart oder Klang \u2013 aber auch in ihrer Metaphorik eine f\u00fcr einen Kulturkreis jeweils einzigartige Lebensphilosophie zum Ausdruck bringt. Vorrangig arbeite ich konzeptionell unter Verwendung von mundgeblasenem Glas sowie anderen manuell gefertigten Materialien wie zum Beispiel handgesch\u00f6pftem Papier, um thematische Installationen oder Werkzyklen zu entwickeln. Meine Vorliebe f\u00fcr Glas liegt in seiner Zerbrechlichkeit und Transluzenz. Diese steht f\u00fcr mich sinnbildlich f\u00fcr die Vielfalt, Wandelbarkeit und Fragilit\u00e4t der menschlichen Existenz.<\/p>\n<p><!-- index.php -->\n<div\n\tclass=\"ngg-galleryoverview ngg-ajax-pagination-none\"\n\tid=\"ngg-gallery-348861a97802f12b75d6c9c685fc7de4-1\">\n\n    \t<div class=\"slideshowlink\">\n        <a href='http:\/\/art-badkrozingen.de\/index.php\/nggallery\/slideshow?page_id=5652'>[Zeige eine Slideshow]<\/a>\n\t\t\n\t<\/div>\n\t\t\t<!-- Thumbnails -->\n\t\t\t\t<div id=\"ngg-image-0\" class=\"ngg-gallery-thumbnail-box\" >\n\t\t\t\t        <div class=\"ngg-gallery-thumbnail\">\n            <a href=\"http:\/\/art-badkrozingen.de\/wp-content\/gallery\/mareike-mohr\/MOHR_10.jpg\"\n               title=\"\"\n               data-src=\"http:\/\/art-badkrozingen.de\/wp-content\/gallery\/mareike-mohr\/MOHR_10.jpg\"\n               data-thumbnail=\"http:\/\/art-badkrozingen.de\/wp-content\/gallery\/mareike-mohr\/thumbs\/thumbs_MOHR_10.jpg\"\n               data-image-id=\"1131\"\n               data-title=\"MOHR_10\"\n               data-description=\"\"\n               data-image-slug=\"mohr_10\"\n               class=\"ngg-fancybox\" rel=\"348861a97802f12b75d6c9c685fc7de4\">\n                <img\n                    title=\"MOHR_10\"\n                    alt=\"MOHR_10\"\n                    src=\"http:\/\/art-badkrozingen.de\/wp-content\/gallery\/mareike-mohr\/thumbs\/thumbs_MOHR_10.jpg\"\n                    width=\"200\"\n                    height=\"155\"\n                    style=\"max-width:100%;\"\n                \/>\n            <\/a>\n        <\/div>\n\t\t\t\t\t\t\t<\/div> \n\t\t\t\n        \n\t\t\t\t<div id=\"ngg-image-1\" class=\"ngg-gallery-thumbnail-box\" >\n\t\t\t\t        <div class=\"ngg-gallery-thumbnail\">\n            <a href=\"http:\/\/art-badkrozingen.de\/wp-content\/gallery\/mareike-mohr\/MOHR_8.jpg\"\n               title=\"\"\n               data-src=\"http:\/\/art-badkrozingen.de\/wp-content\/gallery\/mareike-mohr\/MOHR_8.jpg\"\n               data-thumbnail=\"http:\/\/art-badkrozingen.de\/wp-content\/gallery\/mareike-mohr\/thumbs\/thumbs_MOHR_8.jpg\"\n               data-image-id=\"1132\"\n               data-title=\"MOHR_8\"\n               data-description=\"\"\n               data-image-slug=\"mohr_8\"\n               class=\"ngg-fancybox\" rel=\"348861a97802f12b75d6c9c685fc7de4\">\n                <img\n                    title=\"MOHR_8\"\n                    alt=\"MOHR_8\"\n                    src=\"http:\/\/art-badkrozingen.de\/wp-content\/gallery\/mareike-mohr\/thumbs\/thumbs_MOHR_8.jpg\"\n                    width=\"200\"\n                    height=\"155\"\n                    style=\"max-width:100%;\"\n                \/>\n            <\/a>\n        <\/div>\n\t\t\t\t\t\t\t<\/div> \n\t\t\t\n        \n\t\t\t\t<div id=\"ngg-image-2\" class=\"ngg-gallery-thumbnail-box\" >\n\t\t\t\t        <div class=\"ngg-gallery-thumbnail\">\n            <a href=\"http:\/\/art-badkrozingen.de\/wp-content\/gallery\/mareike-mohr\/MOHR_5.jpg\"\n               title=\"\"\n               data-src=\"http:\/\/art-badkrozingen.de\/wp-content\/gallery\/mareike-mohr\/MOHR_5.jpg\"\n               data-thumbnail=\"http:\/\/art-badkrozingen.de\/wp-content\/gallery\/mareike-mohr\/thumbs\/thumbs_MOHR_5.jpg\"\n               data-image-id=\"1133\"\n               data-title=\"MOHR_5\"\n               data-description=\"\"\n               data-image-slug=\"mohr_5\"\n               class=\"ngg-fancybox\" rel=\"348861a97802f12b75d6c9c685fc7de4\">\n                <img\n                    title=\"MOHR_5\"\n                    alt=\"MOHR_5\"\n                    src=\"http:\/\/art-badkrozingen.de\/wp-content\/gallery\/mareike-mohr\/thumbs\/thumbs_MOHR_5.jpg\"\n                    width=\"200\"\n                    height=\"155\"\n                    style=\"max-width:100%;\"\n                \/>\n            <\/a>\n        <\/div>\n\t\t\t\t\t\t\t<\/div> \n\t\t\t\n        \n\t\t\t\t<div id=\"ngg-image-3\" class=\"ngg-gallery-thumbnail-box\" >\n\t\t\t\t        <div class=\"ngg-gallery-thumbnail\">\n            <a href=\"http:\/\/art-badkrozingen.de\/wp-content\/gallery\/mareike-mohr\/Mareike-Mohr-T66-08_verkleinert.jpg\"\n               title=\"Ausstelllung von Mareike Mohr im T66 in Freiburg\"\n               data-src=\"http:\/\/art-badkrozingen.de\/wp-content\/gallery\/mareike-mohr\/Mareike-Mohr-T66-08_verkleinert.jpg\"\n               data-thumbnail=\"http:\/\/art-badkrozingen.de\/wp-content\/gallery\/mareike-mohr\/thumbs\/thumbs_Mareike-Mohr-T66-08_verkleinert.jpg\"\n               data-image-id=\"1134\"\n               data-title=\"Mareike-Mohr-T66-08_verkleinert\"\n               data-description=\"Ausstelllung von Mareike Mohr im T66 in Freiburg\"\n               data-image-slug=\"mareike-mohr-t66-08_verkleinert\"\n               class=\"ngg-fancybox\" rel=\"348861a97802f12b75d6c9c685fc7de4\">\n                <img\n                    title=\"Mareike-Mohr-T66-08_verkleinert\"\n                    alt=\"Mareike-Mohr-T66-08_verkleinert\"\n                    src=\"http:\/\/art-badkrozingen.de\/wp-content\/gallery\/mareike-mohr\/thumbs\/thumbs_Mareike-Mohr-T66-08_verkleinert.jpg\"\n                    width=\"200\"\n                    height=\"155\"\n                    style=\"max-width:100%;\"\n                \/>\n            <\/a>\n        <\/div>\n\t\t\t\t\t\t\t<\/div> \n\t\t\t\n        \n\t\t\n\t\t<!-- Pagination -->\n\t<div class='ngg-clear'><\/div>\t<\/div>\n<strong>Arbeiten:<\/strong><\/p>\n<p>Auszug aus Leoprello &#8220;Oh PandeMio&#8221; Buchdruck und Linoldruck auf handgesch\u00f6pften Papier, 2023<br \/>\n&#8220;Ich bin&#8221; Glasgem\u00e4lde aus Echtantikglas, sandgestrahlt und mit Glasmalfarbe bespr\u00fcht, 2020<\/p>\n<p><strong>Kontakt:<\/strong><\/p>\n<p><a href=\"http:\/\/www.mareikemohr.de\" target=\"_blank\" rel=\"noopener\">www.mareikemohr.de<\/a><br \/>\nTel. 0178 617 9885<br \/>\ninfo@mareikemohr.de<\/p>\n","protected":false},"excerpt":{"rendered":"<p>Freischaffende K\u00fcnstlerin Geboren in Bad Saarow, in Brandenburg, habe ich meine Kindheit in einem Staat verbracht, welchen es heute nicht mehr gibt. Nach dem Mauerfall entschloss ich mich statt geplantem Kunststudium im Ost-Berliner \u201eRealsozialismus\u201c f\u00fcr eine Karriere im \u201eTurbokapitalismus\u201c. Diese f\u00fchrte mich nach England, Australien, Belgien und die Schweiz und bot mir ein ideologisches und [&hellip;]<\/p>\n","protected":false},"author":1,"featured_media":0,"parent":0,"menu_order":0,"comment_status":"closed","ping_status":"closed","template":"","meta":{"ngg_post_thumbnail":0},"_links":{"self":[{"href":"http:\/\/art-badkrozingen.de\/index.php?rest_route=\/wp\/v2\/pages\/5652"}],"collection":[{"href":"http:\/\/art-badkrozingen.de\/index.php?rest_route=\/wp\/v2\/pages"}],"about":[{"href":"http:\/\/art-badkrozingen.de\/index.php?rest_route=\/wp\/v2\/types\/page"}],"author":[{"embeddable":true,"href":"http:\/\/art-badkrozingen.de\/index.php?rest_route=\/wp\/v2\/users\/1"}],"replies":[{"embeddable":true,"href":"http:\/\/art-badkrozingen.de\/index.php?rest_route=%2Fwp%2Fv2%2Fcomments&post=5652"}],"version-history":[{"count":8,"href":"http:\/\/art-badkrozingen.de\/index.php?rest_route=\/wp\/v2\/pages\/5652\/revisions"}],"predecessor-version":[{"id":5666,"href":"http:\/\/art-badkrozingen.de\/index.php?rest_route=\/wp\/v2\/pages\/5652\/revisions\/5666"}],"wp:attachment":[{"href":"http:\/\/art-badkrozingen.de\/index.php?rest_route=%2Fwp%2Fv2%2Fmedia&parent=5652"}],"curies":[{"name":"wp","href":"https:\/\/api.w.org\/{rel}","templated":true}]}}