{"id":5667,"date":"2023-11-18T16:17:39","date_gmt":"2023-11-18T16:17:39","guid":{"rendered":"https:\/\/art-badkrozingen.de\/?page_id=5667"},"modified":"2023-11-18T16:22:45","modified_gmt":"2023-11-18T16:22:45","slug":"patrycja-kajdan","status":"publish","type":"page","link":"http:\/\/art-badkrozingen.de\/?page_id=5667","title":{"rendered":"Patrycja Kajdan"},"content":{"rendered":"<p><strong>Malerin<\/strong><\/p>\n<p>Ich bin 1992 in Polen geboren, wo ich bis zum 13 Lebensjahr lebte. 2005 bin ich mit der Familie nach Deutschland gekommen, genauer in Hannover, wo ich meine Schule beendete und studierte. Vom Beruf bin ich eine Maschinenbauingenieurin in der Fachrichtung Verfahrenstechnik. In meiner Arbeit konzipiere, plane und realisiere ich Gro\u00dfanlagen f\u00fcr unterschiedlichsten Industriezweige in der ganzen Welt. Auch der Beruf war es, der mich hier in die Gegend umziehen lie\u00df. Das Malen war schon immer ein Teil von mir, da ich dadurch meine Gef\u00fchle auf die Leinwand bringen kann. Seit dem Anfang von Corona ist die Leidenschaft f\u00fcr das Malen aber neu entfacht und ich besch\u00e4ftige mich seitdem in meiner Freizeit intensiv damit. Aktuell macht mir das Acryl auf gro\u00dfen Leinw\u00e4nden sehr viel Spa\u00df, vor allem wenn das Endergebnis bunt ist. Ich male immer aus dem Ged\u00e4chtnis. Wenn ich inspiriert bin, schaue ich mir von dem Objekt einige Fotos an und versuche diese dann auf der Leinwand umzusetzen. Mein Ziel ist dabei nie, das Objekt realistisch darzustellen, sondern zu schauen, was das Ged\u00e4chtnis daraus macht. Ich versuche den Prozess so gut es geht nicht zu kontrollieren, so wei\u00df ich anfangs nie, wie es am Ende aussehen wird und das macht mir die gr\u00f6\u00dfte Freude.<\/p>\n<p>Die gr\u00f6\u00dfte Inspiration f\u00fcr mich ist bereits seit der Schulzeit die Werke um die Kunstvereinigung des Blauen Reiters, insbesondere die Werke von Franz Marc.<\/p>\n<p>Mail: <a href=\"mailto:patrycjakajdan@yahoo.de\">patrycjakajdan@yahoo.de<\/a><\/p>\n<!-- index.php -->\n<div\n\tclass=\"ngg-galleryoverview ngg-ajax-pagination-none\"\n\tid=\"ngg-gallery-67ed954707441beed09047f749574ffb-1\">\n\n    \t<div class=\"slideshowlink\">\n        <a href='http:\/\/art-badkrozingen.de\/index.php\/nggallery\/slideshow?page_id=5667'>[Zeige eine Slideshow]<\/a>\n\t\t\n\t<\/div>\n\t\t\t<!-- Thumbnails -->\n\t\t\t\t<div id=\"ngg-image-0\" class=\"ngg-gallery-thumbnail-box\" >\n\t\t\t\t        <div class=\"ngg-gallery-thumbnail\">\n            <a href=\"http:\/\/art-badkrozingen.de\/wp-content\/gallery\/patrycja-kajdan\/Elephant_alt.jpeg\"\n               title=\"\"\n               data-src=\"http:\/\/art-badkrozingen.de\/wp-content\/gallery\/patrycja-kajdan\/Elephant_alt.jpeg\"\n               data-thumbnail=\"http:\/\/art-badkrozingen.de\/wp-content\/gallery\/patrycja-kajdan\/thumbs\/thumbs_Elephant_alt.jpeg\"\n               data-image-id=\"1145\"\n               data-title=\"Elephant_alt\"\n               data-description=\"\"\n               data-image-slug=\"elephant_alt\"\n               class=\"ngg-fancybox\" rel=\"67ed954707441beed09047f749574ffb\">\n                <img\n                    title=\"Elephant_alt\"\n                    alt=\"Elephant_alt\"\n                    src=\"http:\/\/art-badkrozingen.de\/wp-content\/gallery\/patrycja-kajdan\/thumbs\/thumbs_Elephant_alt.jpeg\"\n                    width=\"200\"\n                    height=\"155\"\n                    style=\"max-width:100%;\"\n                \/>\n            <\/a>\n        <\/div>\n\t\t\t\t\t\t\t<\/div> \n\t\t\t\n        \n\t\t\t\t<div id=\"ngg-image-1\" class=\"ngg-gallery-thumbnail-box\" >\n\t\t\t\t        <div class=\"ngg-gallery-thumbnail\">\n            <a href=\"http:\/\/art-badkrozingen.de\/wp-content\/gallery\/patrycja-kajdan\/Elephant1.jpg\"\n               title=\"\"\n               data-src=\"http:\/\/art-badkrozingen.de\/wp-content\/gallery\/patrycja-kajdan\/Elephant1.jpg\"\n               data-thumbnail=\"http:\/\/art-badkrozingen.de\/wp-content\/gallery\/patrycja-kajdan\/thumbs\/thumbs_Elephant1.jpg\"\n               data-image-id=\"1142\"\n               data-title=\"Elephant1\"\n               data-description=\"\"\n               data-image-slug=\"elephant1\"\n               class=\"ngg-fancybox\" rel=\"67ed954707441beed09047f749574ffb\">\n                <img\n                    title=\"Elephant1\"\n                    alt=\"Elephant1\"\n                    src=\"http:\/\/art-badkrozingen.de\/wp-content\/gallery\/patrycja-kajdan\/thumbs\/thumbs_Elephant1.jpg\"\n                    width=\"200\"\n                    height=\"155\"\n                    style=\"max-width:100%;\"\n                \/>\n            <\/a>\n        <\/div>\n\t\t\t\t\t\t\t<\/div> \n\t\t\t\n        \n\t\t\t\t<div id=\"ngg-image-2\" class=\"ngg-gallery-thumbnail-box\" >\n\t\t\t\t        <div class=\"ngg-gallery-thumbnail\">\n            <a href=\"http:\/\/art-badkrozingen.de\/wp-content\/gallery\/patrycja-kajdan\/Elephant2.jpeg\"\n               title=\"\"\n               data-src=\"http:\/\/art-badkrozingen.de\/wp-content\/gallery\/patrycja-kajdan\/Elephant2.jpeg\"\n               data-thumbnail=\"http:\/\/art-badkrozingen.de\/wp-content\/gallery\/patrycja-kajdan\/thumbs\/thumbs_Elephant2.jpeg\"\n               data-image-id=\"1144\"\n               data-title=\"Elephant2\"\n               data-description=\"\"\n               data-image-slug=\"elephant2\"\n               class=\"ngg-fancybox\" rel=\"67ed954707441beed09047f749574ffb\">\n                <img\n                    title=\"Elephant2\"\n                    alt=\"Elephant2\"\n                    src=\"http:\/\/art-badkrozingen.de\/wp-content\/gallery\/patrycja-kajdan\/thumbs\/thumbs_Elephant2.jpeg\"\n                    width=\"200\"\n                    height=\"155\"\n                    style=\"max-width:100%;\"\n                \/>\n            <\/a>\n        <\/div>\n\t\t\t\t\t\t\t<\/div> \n\t\t\t\n        \n\t\t\t\t<div id=\"ngg-image-3\" class=\"ngg-gallery-thumbnail-box\" >\n\t\t\t\t        <div class=\"ngg-gallery-thumbnail\">\n            <a href=\"http:\/\/art-badkrozingen.de\/wp-content\/gallery\/patrycja-kajdan\/Gorilla.jpeg\"\n               title=\"\"\n               data-src=\"http:\/\/art-badkrozingen.de\/wp-content\/gallery\/patrycja-kajdan\/Gorilla.jpeg\"\n               data-thumbnail=\"http:\/\/art-badkrozingen.de\/wp-content\/gallery\/patrycja-kajdan\/thumbs\/thumbs_Gorilla.jpeg\"\n               data-image-id=\"1141\"\n               data-title=\"Gorilla\"\n               data-description=\"\"\n               data-image-slug=\"gorilla\"\n               class=\"ngg-fancybox\" rel=\"67ed954707441beed09047f749574ffb\">\n                <img\n                    title=\"Gorilla\"\n                    alt=\"Gorilla\"\n                    src=\"http:\/\/art-badkrozingen.de\/wp-content\/gallery\/patrycja-kajdan\/thumbs\/thumbs_Gorilla.jpeg\"\n                    width=\"200\"\n                    height=\"155\"\n                    style=\"max-width:100%;\"\n                \/>\n            <\/a>\n        <\/div>\n\t\t\t\t\t\t\t<\/div> \n\t\t\t\n        \n\t\t\t\t<div id=\"ngg-image-4\" class=\"ngg-gallery-thumbnail-box\" >\n\t\t\t\t        <div class=\"ngg-gallery-thumbnail\">\n            <a href=\"http:\/\/art-badkrozingen.de\/wp-content\/gallery\/patrycja-kajdan\/Nashorn1.jpg\"\n               title=\"\"\n               data-src=\"http:\/\/art-badkrozingen.de\/wp-content\/gallery\/patrycja-kajdan\/Nashorn1.jpg\"\n               data-thumbnail=\"http:\/\/art-badkrozingen.de\/wp-content\/gallery\/patrycja-kajdan\/thumbs\/thumbs_Nashorn1.jpg\"\n               data-image-id=\"1143\"\n               data-title=\"Nashorn1\"\n               data-description=\"\"\n               data-image-slug=\"nashorn1\"\n               class=\"ngg-fancybox\" rel=\"67ed954707441beed09047f749574ffb\">\n                <img\n                    title=\"Nashorn1\"\n                    alt=\"Nashorn1\"\n                    src=\"http:\/\/art-badkrozingen.de\/wp-content\/gallery\/patrycja-kajdan\/thumbs\/thumbs_Nashorn1.jpg\"\n                    width=\"200\"\n                    height=\"155\"\n                    style=\"max-width:100%;\"\n                \/>\n            <\/a>\n        <\/div>\n\t\t\t\t\t\t\t<\/div> \n\t\t\t\n        \n\t\t\t\t<div id=\"ngg-image-5\" class=\"ngg-gallery-thumbnail-box\" >\n\t\t\t\t        <div class=\"ngg-gallery-thumbnail\">\n            <a href=\"http:\/\/art-badkrozingen.de\/wp-content\/gallery\/patrycja-kajdan\/Nashorn2.jpg\"\n               title=\"\"\n               data-src=\"http:\/\/art-badkrozingen.de\/wp-content\/gallery\/patrycja-kajdan\/Nashorn2.jpg\"\n               data-thumbnail=\"http:\/\/art-badkrozingen.de\/wp-content\/gallery\/patrycja-kajdan\/thumbs\/thumbs_Nashorn2.jpg\"\n               data-image-id=\"1146\"\n               data-title=\"Nashorn2\"\n               data-description=\"\"\n               data-image-slug=\"nashorn2\"\n               class=\"ngg-fancybox\" rel=\"67ed954707441beed09047f749574ffb\">\n                <img\n                    title=\"Nashorn2\"\n                    alt=\"Nashorn2\"\n                    src=\"http:\/\/art-badkrozingen.de\/wp-content\/gallery\/patrycja-kajdan\/thumbs\/thumbs_Nashorn2.jpg\"\n                    width=\"200\"\n                    height=\"155\"\n                    style=\"max-width:100%;\"\n                \/>\n            <\/a>\n        <\/div>\n\t\t\t\t\t\t\t<\/div> \n\t\t\t\n        \n\t\t\t\t<div id=\"ngg-image-6\" class=\"ngg-gallery-thumbnail-box\" >\n\t\t\t\t        <div class=\"ngg-gallery-thumbnail\">\n            <a href=\"http:\/\/art-badkrozingen.de\/wp-content\/gallery\/patrycja-kajdan\/Nashorn3.jpg\"\n               title=\"\"\n               data-src=\"http:\/\/art-badkrozingen.de\/wp-content\/gallery\/patrycja-kajdan\/Nashorn3.jpg\"\n               data-thumbnail=\"http:\/\/art-badkrozingen.de\/wp-content\/gallery\/patrycja-kajdan\/thumbs\/thumbs_Nashorn3.jpg\"\n               data-image-id=\"1147\"\n               data-title=\"Nashorn3\"\n               data-description=\"\"\n               data-image-slug=\"nashorn3\"\n               class=\"ngg-fancybox\" rel=\"67ed954707441beed09047f749574ffb\">\n                <img\n                    title=\"Nashorn3\"\n                    alt=\"Nashorn3\"\n                    src=\"http:\/\/art-badkrozingen.de\/wp-content\/gallery\/patrycja-kajdan\/thumbs\/thumbs_Nashorn3.jpg\"\n                    width=\"200\"\n                    height=\"155\"\n                    style=\"max-width:100%;\"\n                \/>\n            <\/a>\n        <\/div>\n\t\t\t\t\t\t\t<\/div> \n\t\t\t\n        \n\t\t\t\t<div id=\"ngg-image-7\" class=\"ngg-gallery-thumbnail-box\" >\n\t\t\t\t        <div class=\"ngg-gallery-thumbnail\">\n            <a href=\"http:\/\/art-badkrozingen.de\/wp-content\/gallery\/patrycja-kajdan\/Oktopus1.jpg\"\n               title=\"\"\n               data-src=\"http:\/\/art-badkrozingen.de\/wp-content\/gallery\/patrycja-kajdan\/Oktopus1.jpg\"\n               data-thumbnail=\"http:\/\/art-badkrozingen.de\/wp-content\/gallery\/patrycja-kajdan\/thumbs\/thumbs_Oktopus1.jpg\"\n               data-image-id=\"1148\"\n               data-title=\"Oktopus1\"\n               data-description=\"\"\n               data-image-slug=\"oktopus1\"\n               class=\"ngg-fancybox\" rel=\"67ed954707441beed09047f749574ffb\">\n                <img\n                    title=\"Oktopus1\"\n                    alt=\"Oktopus1\"\n                    src=\"http:\/\/art-badkrozingen.de\/wp-content\/gallery\/patrycja-kajdan\/thumbs\/thumbs_Oktopus1.jpg\"\n                    width=\"200\"\n                    height=\"155\"\n                    style=\"max-width:100%;\"\n                \/>\n            <\/a>\n        <\/div>\n\t\t\t\t\t\t\t<\/div> \n\t\t\t\n        \n\t\t\t\t<div id=\"ngg-image-8\" class=\"ngg-gallery-thumbnail-box\" >\n\t\t\t\t        <div class=\"ngg-gallery-thumbnail\">\n            <a href=\"http:\/\/art-badkrozingen.de\/wp-content\/gallery\/patrycja-kajdan\/Oktopus2.jpg\"\n               title=\"\"\n               data-src=\"http:\/\/art-badkrozingen.de\/wp-content\/gallery\/patrycja-kajdan\/Oktopus2.jpg\"\n               data-thumbnail=\"http:\/\/art-badkrozingen.de\/wp-content\/gallery\/patrycja-kajdan\/thumbs\/thumbs_Oktopus2.jpg\"\n               data-image-id=\"1149\"\n               data-title=\"Oktopus2\"\n               data-description=\"\"\n               data-image-slug=\"oktopus2\"\n               class=\"ngg-fancybox\" rel=\"67ed954707441beed09047f749574ffb\">\n                <img\n                    title=\"Oktopus2\"\n                    alt=\"Oktopus2\"\n                    src=\"http:\/\/art-badkrozingen.de\/wp-content\/gallery\/patrycja-kajdan\/thumbs\/thumbs_Oktopus2.jpg\"\n                    width=\"200\"\n                    height=\"155\"\n                    style=\"max-width:100%;\"\n                \/>\n            <\/a>\n        <\/div>\n\t\t\t\t\t\t\t<\/div> \n\t\t\t\n        \n\t\t\t\t<div id=\"ngg-image-9\" class=\"ngg-gallery-thumbnail-box\" >\n\t\t\t\t        <div class=\"ngg-gallery-thumbnail\">\n            <a href=\"http:\/\/art-badkrozingen.de\/wp-content\/gallery\/patrycja-kajdan\/panther.jpeg\"\n               title=\"\"\n               data-src=\"http:\/\/art-badkrozingen.de\/wp-content\/gallery\/patrycja-kajdan\/panther.jpeg\"\n               data-thumbnail=\"http:\/\/art-badkrozingen.de\/wp-content\/gallery\/patrycja-kajdan\/thumbs\/thumbs_panther.jpeg\"\n               data-image-id=\"1151\"\n               data-title=\"panther\"\n               data-description=\"\"\n               data-image-slug=\"panther\"\n               class=\"ngg-fancybox\" rel=\"67ed954707441beed09047f749574ffb\">\n                <img\n                    title=\"panther\"\n                    alt=\"panther\"\n                    src=\"http:\/\/art-badkrozingen.de\/wp-content\/gallery\/patrycja-kajdan\/thumbs\/thumbs_panther.jpeg\"\n                    width=\"200\"\n                    height=\"155\"\n                    style=\"max-width:100%;\"\n                \/>\n            <\/a>\n        <\/div>\n\t\t\t\t\t\t\t<\/div> \n\t\t\t\n        \n\t\t\t\t<div id=\"ngg-image-10\" class=\"ngg-gallery-thumbnail-box\" >\n\t\t\t\t        <div class=\"ngg-gallery-thumbnail\">\n            <a href=\"http:\/\/art-badkrozingen.de\/wp-content\/gallery\/patrycja-kajdan\/Panther.jpg\"\n               title=\"\"\n               data-src=\"http:\/\/art-badkrozingen.de\/wp-content\/gallery\/patrycja-kajdan\/Panther.jpg\"\n               data-thumbnail=\"http:\/\/art-badkrozingen.de\/wp-content\/gallery\/patrycja-kajdan\/thumbs\/thumbs_Panther.jpg\"\n               data-image-id=\"1150\"\n               data-title=\"Panther\"\n               data-description=\"\"\n               data-image-slug=\"panther\"\n               class=\"ngg-fancybox\" rel=\"67ed954707441beed09047f749574ffb\">\n                <img\n                    title=\"Panther\"\n                    alt=\"Panther\"\n                    src=\"http:\/\/art-badkrozingen.de\/wp-content\/gallery\/patrycja-kajdan\/thumbs\/thumbs_Panther.jpg\"\n                    width=\"200\"\n                    height=\"155\"\n                    style=\"max-width:100%;\"\n                \/>\n            <\/a>\n        <\/div>\n\t\t\t\t\t\t\t<\/div> \n\t\t\t\n        \n\t\t\t\t<div id=\"ngg-image-11\" class=\"ngg-gallery-thumbnail-box\" >\n\t\t\t\t        <div class=\"ngg-gallery-thumbnail\">\n            <a href=\"http:\/\/art-badkrozingen.de\/wp-content\/gallery\/patrycja-kajdan\/pferd1.jpg\"\n               title=\"\"\n               data-src=\"http:\/\/art-badkrozingen.de\/wp-content\/gallery\/patrycja-kajdan\/pferd1.jpg\"\n               data-thumbnail=\"http:\/\/art-badkrozingen.de\/wp-content\/gallery\/patrycja-kajdan\/thumbs\/thumbs_pferd1.jpg\"\n               data-image-id=\"1152\"\n               data-title=\"pferd1\"\n               data-description=\"\"\n               data-image-slug=\"pferd1\"\n               class=\"ngg-fancybox\" rel=\"67ed954707441beed09047f749574ffb\">\n                <img\n                    title=\"pferd1\"\n                    alt=\"pferd1\"\n                    src=\"http:\/\/art-badkrozingen.de\/wp-content\/gallery\/patrycja-kajdan\/thumbs\/thumbs_pferd1.jpg\"\n                    width=\"200\"\n                    height=\"155\"\n                    style=\"max-width:100%;\"\n                \/>\n            <\/a>\n        <\/div>\n\t\t\t\t\t\t\t<\/div> \n\t\t\t\n        \n\t\t\t\t<div id=\"ngg-image-12\" class=\"ngg-gallery-thumbnail-box\" >\n\t\t\t\t        <div class=\"ngg-gallery-thumbnail\">\n            <a href=\"http:\/\/art-badkrozingen.de\/wp-content\/gallery\/patrycja-kajdan\/pferd2.jpg\"\n               title=\"\"\n               data-src=\"http:\/\/art-badkrozingen.de\/wp-content\/gallery\/patrycja-kajdan\/pferd2.jpg\"\n               data-thumbnail=\"http:\/\/art-badkrozingen.de\/wp-content\/gallery\/patrycja-kajdan\/thumbs\/thumbs_pferd2.jpg\"\n               data-image-id=\"1153\"\n               data-title=\"pferd2\"\n               data-description=\"\"\n               data-image-slug=\"pferd2\"\n               class=\"ngg-fancybox\" rel=\"67ed954707441beed09047f749574ffb\">\n                <img\n                    title=\"pferd2\"\n                    alt=\"pferd2\"\n                    src=\"http:\/\/art-badkrozingen.de\/wp-content\/gallery\/patrycja-kajdan\/thumbs\/thumbs_pferd2.jpg\"\n                    width=\"200\"\n                    height=\"155\"\n                    style=\"max-width:100%;\"\n                \/>\n            <\/a>\n        <\/div>\n\t\t\t\t\t\t\t<\/div> \n\t\t\t\n        \n\t\t\t\t<div id=\"ngg-image-13\" class=\"ngg-gallery-thumbnail-box\" >\n\t\t\t\t        <div class=\"ngg-gallery-thumbnail\">\n            <a href=\"http:\/\/art-badkrozingen.de\/wp-content\/gallery\/patrycja-kajdan\/Stier1.jpg\"\n               title=\"\"\n               data-src=\"http:\/\/art-badkrozingen.de\/wp-content\/gallery\/patrycja-kajdan\/Stier1.jpg\"\n               data-thumbnail=\"http:\/\/art-badkrozingen.de\/wp-content\/gallery\/patrycja-kajdan\/thumbs\/thumbs_Stier1.jpg\"\n               data-image-id=\"1135\"\n               data-title=\"Stier1\"\n               data-description=\"\"\n               data-image-slug=\"stier1\"\n               class=\"ngg-fancybox\" rel=\"67ed954707441beed09047f749574ffb\">\n                <img\n                    title=\"Stier1\"\n                    alt=\"Stier1\"\n                    src=\"http:\/\/art-badkrozingen.de\/wp-content\/gallery\/patrycja-kajdan\/thumbs\/thumbs_Stier1.jpg\"\n                    width=\"200\"\n                    height=\"155\"\n                    style=\"max-width:100%;\"\n                \/>\n            <\/a>\n        <\/div>\n\t\t\t\t\t\t\t<\/div> \n\t\t\t\n        \n\t\t\t\t<div id=\"ngg-image-14\" class=\"ngg-gallery-thumbnail-box\" >\n\t\t\t\t        <div class=\"ngg-gallery-thumbnail\">\n            <a href=\"http:\/\/art-badkrozingen.de\/wp-content\/gallery\/patrycja-kajdan\/Stier2.jpg\"\n               title=\"\"\n               data-src=\"http:\/\/art-badkrozingen.de\/wp-content\/gallery\/patrycja-kajdan\/Stier2.jpg\"\n               data-thumbnail=\"http:\/\/art-badkrozingen.de\/wp-content\/gallery\/patrycja-kajdan\/thumbs\/thumbs_Stier2.jpg\"\n               data-image-id=\"1139\"\n               data-title=\"Stier2\"\n               data-description=\"\"\n               data-image-slug=\"stier2\"\n               class=\"ngg-fancybox\" rel=\"67ed954707441beed09047f749574ffb\">\n                <img\n                    title=\"Stier2\"\n                    alt=\"Stier2\"\n                    src=\"http:\/\/art-badkrozingen.de\/wp-content\/gallery\/patrycja-kajdan\/thumbs\/thumbs_Stier2.jpg\"\n                    width=\"200\"\n                    height=\"155\"\n                    style=\"max-width:100%;\"\n                \/>\n            <\/a>\n        <\/div>\n\t\t\t\t\t\t\t<\/div> \n\t\t\t\n        \n\t\t\t\t<div id=\"ngg-image-15\" class=\"ngg-gallery-thumbnail-box\" >\n\t\t\t\t        <div class=\"ngg-gallery-thumbnail\">\n            <a href=\"http:\/\/art-badkrozingen.de\/wp-content\/gallery\/patrycja-kajdan\/Stier3.jpeg\"\n               title=\"\"\n               data-src=\"http:\/\/art-badkrozingen.de\/wp-content\/gallery\/patrycja-kajdan\/Stier3.jpeg\"\n               data-thumbnail=\"http:\/\/art-badkrozingen.de\/wp-content\/gallery\/patrycja-kajdan\/thumbs\/thumbs_Stier3.jpeg\"\n               data-image-id=\"1140\"\n               data-title=\"Stier3\"\n               data-description=\"\"\n               data-image-slug=\"stier3\"\n               class=\"ngg-fancybox\" rel=\"67ed954707441beed09047f749574ffb\">\n                <img\n                    title=\"Stier3\"\n                    alt=\"Stier3\"\n                    src=\"http:\/\/art-badkrozingen.de\/wp-content\/gallery\/patrycja-kajdan\/thumbs\/thumbs_Stier3.jpeg\"\n                    width=\"200\"\n                    height=\"155\"\n                    style=\"max-width:100%;\"\n                \/>\n            <\/a>\n        <\/div>\n\t\t\t\t\t\t\t<\/div> \n\t\t\t\n        \n\t\t\t\t<div id=\"ngg-image-16\" class=\"ngg-gallery-thumbnail-box\" >\n\t\t\t\t        <div class=\"ngg-gallery-thumbnail\">\n            <a href=\"http:\/\/art-badkrozingen.de\/wp-content\/gallery\/patrycja-kajdan\/Stier4.jpg\"\n               title=\"\"\n               data-src=\"http:\/\/art-badkrozingen.de\/wp-content\/gallery\/patrycja-kajdan\/Stier4.jpg\"\n               data-thumbnail=\"http:\/\/art-badkrozingen.de\/wp-content\/gallery\/patrycja-kajdan\/thumbs\/thumbs_Stier4.jpg\"\n               data-image-id=\"1136\"\n               data-title=\"Stier4\"\n               data-description=\"\"\n               data-image-slug=\"stier4\"\n               class=\"ngg-fancybox\" rel=\"67ed954707441beed09047f749574ffb\">\n                <img\n                    title=\"Stier4\"\n                    alt=\"Stier4\"\n                    src=\"http:\/\/art-badkrozingen.de\/wp-content\/gallery\/patrycja-kajdan\/thumbs\/thumbs_Stier4.jpg\"\n                    width=\"200\"\n                    height=\"155\"\n                    style=\"max-width:100%;\"\n                \/>\n            <\/a>\n        <\/div>\n\t\t\t\t\t\t\t<\/div> \n\t\t\t\n        \n\t\t\t\t<div id=\"ngg-image-17\" class=\"ngg-gallery-thumbnail-box\" >\n\t\t\t\t        <div class=\"ngg-gallery-thumbnail\">\n            <a href=\"http:\/\/art-badkrozingen.de\/wp-content\/gallery\/patrycja-kajdan\/Wal1.jpg\"\n               title=\"\"\n               data-src=\"http:\/\/art-badkrozingen.de\/wp-content\/gallery\/patrycja-kajdan\/Wal1.jpg\"\n               data-thumbnail=\"http:\/\/art-badkrozingen.de\/wp-content\/gallery\/patrycja-kajdan\/thumbs\/thumbs_Wal1.jpg\"\n               data-image-id=\"1138\"\n               data-title=\"Wal1\"\n               data-description=\"\"\n               data-image-slug=\"wal1\"\n               class=\"ngg-fancybox\" rel=\"67ed954707441beed09047f749574ffb\">\n                <img\n                    title=\"Wal1\"\n                    alt=\"Wal1\"\n                    src=\"http:\/\/art-badkrozingen.de\/wp-content\/gallery\/patrycja-kajdan\/thumbs\/thumbs_Wal1.jpg\"\n                    width=\"200\"\n                    height=\"155\"\n                    style=\"max-width:100%;\"\n                \/>\n            <\/a>\n        <\/div>\n\t\t\t\t\t\t\t<\/div> \n\t\t\t\n        \n\t\t\t\t<div id=\"ngg-image-18\" class=\"ngg-gallery-thumbnail-box\" >\n\t\t\t\t        <div class=\"ngg-gallery-thumbnail\">\n            <a href=\"http:\/\/art-badkrozingen.de\/wp-content\/gallery\/patrycja-kajdan\/Wal2.jpg\"\n               title=\"\"\n               data-src=\"http:\/\/art-badkrozingen.de\/wp-content\/gallery\/patrycja-kajdan\/Wal2.jpg\"\n               data-thumbnail=\"http:\/\/art-badkrozingen.de\/wp-content\/gallery\/patrycja-kajdan\/thumbs\/thumbs_Wal2.jpg\"\n               data-image-id=\"1137\"\n               data-title=\"Wal2\"\n               data-description=\"\"\n               data-image-slug=\"wal2\"\n               class=\"ngg-fancybox\" rel=\"67ed954707441beed09047f749574ffb\">\n                <img\n                    title=\"Wal2\"\n                    alt=\"Wal2\"\n                    src=\"http:\/\/art-badkrozingen.de\/wp-content\/gallery\/patrycja-kajdan\/thumbs\/thumbs_Wal2.jpg\"\n                    width=\"200\"\n                    height=\"155\"\n                    style=\"max-width:100%;\"\n                \/>\n            <\/a>\n        <\/div>\n\t\t\t\t\t\t\t<\/div> \n\t\t\t\n        \n\t\t\n\t\t<!-- Pagination -->\n\t<div class='ngg-clear'><\/div>\t<\/div>\n\n","protected":false},"excerpt":{"rendered":"<p>Malerin Ich bin 1992 in Polen geboren, wo ich bis zum 13 Lebensjahr lebte. 2005 bin ich mit der Familie nach Deutschland gekommen, genauer in Hannover, wo ich meine Schule beendete und studierte. Vom Beruf bin ich eine Maschinenbauingenieurin in der Fachrichtung Verfahrenstechnik. In meiner Arbeit konzipiere, plane und realisiere ich Gro\u00dfanlagen f\u00fcr unterschiedlichsten Industriezweige [&hellip;]<\/p>\n","protected":false},"author":1,"featured_media":0,"parent":0,"menu_order":0,"comment_status":"closed","ping_status":"closed","template":"","meta":{"ngg_post_thumbnail":0},"_links":{"self":[{"href":"http:\/\/art-badkrozingen.de\/index.php?rest_route=\/wp\/v2\/pages\/5667"}],"collection":[{"href":"http:\/\/art-badkrozingen.de\/index.php?rest_route=\/wp\/v2\/pages"}],"about":[{"href":"http:\/\/art-badkrozingen.de\/index.php?rest_route=\/wp\/v2\/types\/page"}],"author":[{"embeddable":true,"href":"http:\/\/art-badkrozingen.de\/index.php?rest_route=\/wp\/v2\/users\/1"}],"replies":[{"embeddable":true,"href":"http:\/\/art-badkrozingen.de\/index.php?rest_route=%2Fwp%2Fv2%2Fcomments&post=5667"}],"version-history":[{"count":3,"href":"http:\/\/art-badkrozingen.de\/index.php?rest_route=\/wp\/v2\/pages\/5667\/revisions"}],"predecessor-version":[{"id":5692,"href":"http:\/\/art-badkrozingen.de\/index.php?rest_route=\/wp\/v2\/pages\/5667\/revisions\/5692"}],"wp:attachment":[{"href":"http:\/\/art-badkrozingen.de\/index.php?rest_route=%2Fwp%2Fv2%2Fmedia&parent=5667"}],"curies":[{"name":"wp","href":"https:\/\/api.w.org\/{rel}","templated":true}]}}