{"id":5893,"date":"2024-03-17T16:34:05","date_gmt":"2024-03-17T16:34:05","guid":{"rendered":"https:\/\/art-badkrozingen.de\/?page_id=5893"},"modified":"2025-10-05T07:58:14","modified_gmt":"2025-10-05T07:58:14","slug":"christine-kallfass","status":"publish","type":"page","link":"http:\/\/art-badkrozingen.de\/?page_id=5893","title":{"rendered":"Christine Kallfass"},"content":{"rendered":"\r\n<div class=\"wp-block-media-text alignwide is-stacked-on-mobile\" style=\"grid-template-columns: 17% auto;\">\r\n<figure class=\"wp-block-media-text__media\"><img loading=\"lazy\" class=\"wp-image-5923  alignleft\" src=\"https:\/\/art-badkrozingen.de\/wp-content\/uploads\/2024\/03\/kallfass_009-681x1024.jpg\" alt=\"\" width=\"131\" height=\"197\" srcset=\"http:\/\/art-badkrozingen.de\/wp-content\/uploads\/2024\/03\/kallfass_009-681x1024.jpg 681w, http:\/\/art-badkrozingen.de\/wp-content\/uploads\/2024\/03\/kallfass_009-200x300.jpg 200w, http:\/\/art-badkrozingen.de\/wp-content\/uploads\/2024\/03\/kallfass_009-768x1155.jpg 768w, http:\/\/art-badkrozingen.de\/wp-content\/uploads\/2024\/03\/kallfass_009-1022x1536.jpg 1022w, http:\/\/art-badkrozingen.de\/wp-content\/uploads\/2024\/03\/kallfass_009-1362x2048.jpg 1362w, http:\/\/art-badkrozingen.de\/wp-content\/uploads\/2024\/03\/kallfass_009.jpg 1414w\" sizes=\"(max-width: 131px) 100vw, 131px\" \/><\/figure>\r\n<div class=\"wp-block-media-text__content\">\r\n\r\n\r\n<p><strong>Malerei und Schauspiel<\/strong><\/p>\r\n<p style=\"text-align: left;\">Ich wurde an der Bergstra\u00dfe bei Darmstadt geboren, malte immer, wenn mir danach war\u2026hatte danach oft spannende Tr\u00e4ume. Als es dann so weit war, studierte ich Rhythmik an der Musikhochschule Detmold und Schauspiel an der Hochschule f\u00fcr Musik u. Darstellende Kunst in Graz. Zwischendurch, wenn Zeit war, habe ich immer mal wieder zum Pinsel gegriffen. Ich arbeite seit vielen Jahren als Schauspielerin u. Regisseurin, habe Auftritte mit Improvisationen am Piano, Stimmartistik, Bewegung, Texten, gr\u00fcndete das <strong>Theater K <\/strong>und mit Kollegen die <strong>Freiburger Theater Compagnie <\/strong>und war an Schauspielschulen t\u00e4tig.<\/p>\r\n<\/div>\r\n<\/div>\r\n\r\n\r\n\r\n<p style=\"text-align: left;\">Ja und die Malerei? Eigentlich wollte ich in der Sommerakademie Zakynthos Theaterkurse geben\u2026doch, da wurde nichts draus \u2026 ich nahm dort Malkurse auf einem wunderbaren alten Bauernhof oberhalb des Meeres. Ich begann gro\u00dfformatige Bilder zu malen, viele Sommer in der griechischen Sonne am Meer.<\/p>\r\n\r\n\r\n\r\n<p style=\"text-align: left;\">Inzwischen entstehen meine Werke oft in der Natur, bevorzugt am Meer, nicht nur in Griechenland. Ich verwende, neben Acryl, Gouache oder Kohle, dort vorkommende Materialien, Sand, Muscheln, Seegras, Salzwasser etc. Es ist immer ein Abenteuer f\u00fcr mich.<\/p>\r\n\r\n\r\n\r\n<p style=\"text-align: left;\">Zudem habe ich begonnen in einige meiner Bilder<strong> Phosphorfarbe <\/strong>ein zuarbeitet. Animiert durch eine Theaterproduktion, in der ich im B\u00fchnenbild um versch\u00fcttete Tr\u00e4ume k\u00e4mpfte. (\u201eFr\u00fchst\u00fcck im Regency\u201c eine deutsch-j\u00fcdische Theaterproduktion\u2026)<\/p>\r\n\r\n\r\n\r\n<p style=\"text-align: left;\">Diese Farbe entfaltet ihre volle Wirkung erst, wenn das Licht ausgeht. Sie leuchtet nach und gibt dem Bild das zweite Gesicht. Ich erhielt ein Stipendium des Landes Baden W\u00fcrttemberg und konnte weiter damit experimentieren und meine erste Ausstellung 2021 gestalten. Ich glaube Corona hat mir geholfen\u2026keine Auftritte mehr, daf\u00fcr Zeit. Nat\u00fcrlich gibt es in meinem Schaffen eine Beeinflussung von B\u00fchne und Malerei. Das ist in meiner Performance \u201e<strong>Prisma \u2026ein Farb- und Klangspiel\u201c<\/strong> gut zu erleben. In Planung ist eine Dunkelperformance mit den Phosphorfarben, doch wann das soweit ist, je soweit sein wird, steht noch in den Sternen\u2026.<\/p>\r\n\r\n\r\n\r\n<p style=\"text-align: left;\">mehr unter <a href=\"http:\/\/www.christinekallfass.de\" target=\"_blank\" rel=\"noopener\"><strong>www.christinekallfass.de<\/strong><\/a><\/p>\r\n\r\n\r\n\r\n<!-- index.php -->\n<div\n\tclass=\"ngg-galleryoverview ngg-ajax-pagination-none\"\n\tid=\"ngg-gallery-11e04ba40794f2e5822a4694ec21d8cb-1\">\n\n    \t<div class=\"slideshowlink\">\n        <a href='http:\/\/art-badkrozingen.de\/index.php\/nggallery\/slideshow?page_id=5893'>[Zeige eine Slideshow]<\/a>\n\t\t\n\t<\/div>\n\t\t\t<!-- Thumbnails -->\n\t\t\t\t<div id=\"ngg-image-0\" class=\"ngg-gallery-thumbnail-box\" >\n\t\t\t\t        <div class=\"ngg-gallery-thumbnail\">\n            <a href=\"http:\/\/art-badkrozingen.de\/wp-content\/gallery\/christine-kallfass\/1-blau-23-Zakynthos-Kopie.jpg\"\n               title=\"\"\n               data-src=\"http:\/\/art-badkrozingen.de\/wp-content\/gallery\/christine-kallfass\/1-blau-23-Zakynthos-Kopie.jpg\"\n               data-thumbnail=\"http:\/\/art-badkrozingen.de\/wp-content\/gallery\/christine-kallfass\/thumbs\/thumbs_1-blau-23-Zakynthos-Kopie.jpg\"\n               data-image-id=\"1256\"\n               data-title=\"1-blau-23-Zakynthos-Kopie\"\n               data-description=\"\"\n               data-image-slug=\"1-blau-23-zakynthos-kopie\"\n               class=\"ngg-fancybox\" rel=\"11e04ba40794f2e5822a4694ec21d8cb\">\n                <img\n                    title=\"1-blau-23-Zakynthos-Kopie\"\n                    alt=\"1-blau-23-Zakynthos-Kopie\"\n                    src=\"http:\/\/art-badkrozingen.de\/wp-content\/gallery\/christine-kallfass\/thumbs\/thumbs_1-blau-23-Zakynthos-Kopie.jpg\"\n                    width=\"200\"\n                    height=\"155\"\n                    style=\"max-width:100%;\"\n                \/>\n            <\/a>\n        <\/div>\n\t\t\t\t\t\t\t<\/div> \n\t\t\t\n        \n\t\t\t\t<div id=\"ngg-image-1\" class=\"ngg-gallery-thumbnail-box\" >\n\t\t\t\t        <div class=\"ngg-gallery-thumbnail\">\n            <a href=\"http:\/\/art-badkrozingen.de\/wp-content\/gallery\/christine-kallfass\/1-c-am-Meer-2021-Zakynthos-Kopie.jpg\"\n               title=\"\"\n               data-src=\"http:\/\/art-badkrozingen.de\/wp-content\/gallery\/christine-kallfass\/1-c-am-Meer-2021-Zakynthos-Kopie.jpg\"\n               data-thumbnail=\"http:\/\/art-badkrozingen.de\/wp-content\/gallery\/christine-kallfass\/thumbs\/thumbs_1-c-am-Meer-2021-Zakynthos-Kopie.jpg\"\n               data-image-id=\"1257\"\n               data-title=\"1-c-am-Meer-2021-Zakynthos-Kopie\"\n               data-description=\"\"\n               data-image-slug=\"1-c-am-meer-2021-zakynthos-kopie\"\n               class=\"ngg-fancybox\" rel=\"11e04ba40794f2e5822a4694ec21d8cb\">\n                <img\n                    title=\"1-c-am-Meer-2021-Zakynthos-Kopie\"\n                    alt=\"1-c-am-Meer-2021-Zakynthos-Kopie\"\n                    src=\"http:\/\/art-badkrozingen.de\/wp-content\/gallery\/christine-kallfass\/thumbs\/thumbs_1-c-am-Meer-2021-Zakynthos-Kopie.jpg\"\n                    width=\"200\"\n                    height=\"155\"\n                    style=\"max-width:100%;\"\n                \/>\n            <\/a>\n        <\/div>\n\t\t\t\t\t\t\t<\/div> \n\t\t\t\n        \n\t\t\t\t<div id=\"ngg-image-2\" class=\"ngg-gallery-thumbnail-box\" >\n\t\t\t\t        <div class=\"ngg-gallery-thumbnail\">\n            <a href=\"http:\/\/art-badkrozingen.de\/wp-content\/gallery\/christine-kallfass\/1-a-snake-of-the-sea-Zakynthos-2012-Kopie.jpg\"\n               title=\"????????????????\"\n               data-src=\"http:\/\/art-badkrozingen.de\/wp-content\/gallery\/christine-kallfass\/1-a-snake-of-the-sea-Zakynthos-2012-Kopie.jpg\"\n               data-thumbnail=\"http:\/\/art-badkrozingen.de\/wp-content\/gallery\/christine-kallfass\/thumbs\/thumbs_1-a-snake-of-the-sea-Zakynthos-2012-Kopie.jpg\"\n               data-image-id=\"1258\"\n               data-title=\"1-a-snake-of-the-sea-Zakynthos-2012-Kopie\"\n               data-description=\"????????????????\"\n               data-image-slug=\"1-a-snake-of-the-sea-zakynthos-2012-kopie\"\n               class=\"ngg-fancybox\" rel=\"11e04ba40794f2e5822a4694ec21d8cb\">\n                <img\n                    title=\"1-a-snake-of-the-sea-Zakynthos-2012-Kopie\"\n                    alt=\"1-a-snake-of-the-sea-Zakynthos-2012-Kopie\"\n                    src=\"http:\/\/art-badkrozingen.de\/wp-content\/gallery\/christine-kallfass\/thumbs\/thumbs_1-a-snake-of-the-sea-Zakynthos-2012-Kopie.jpg\"\n                    width=\"200\"\n                    height=\"155\"\n                    style=\"max-width:100%;\"\n                \/>\n            <\/a>\n        <\/div>\n\t\t\t\t\t\t\t<\/div> \n\t\t\t\n        \n\t\t\t\t<div id=\"ngg-image-3\" class=\"ngg-gallery-thumbnail-box\" >\n\t\t\t\t        <div class=\"ngg-gallery-thumbnail\">\n            <a href=\"http:\/\/art-badkrozingen.de\/wp-content\/gallery\/christine-kallfass\/2-1-a-Mond-Nordsee-2019.jpg\"\n               title=\"\"\n               data-src=\"http:\/\/art-badkrozingen.de\/wp-content\/gallery\/christine-kallfass\/2-1-a-Mond-Nordsee-2019.jpg\"\n               data-thumbnail=\"http:\/\/art-badkrozingen.de\/wp-content\/gallery\/christine-kallfass\/thumbs\/thumbs_2-1-a-Mond-Nordsee-2019.jpg\"\n               data-image-id=\"1259\"\n               data-title=\"2-1-a-Mond-Nordsee-2019\"\n               data-description=\"\"\n               data-image-slug=\"2-1-a-mond-nordsee-2019\"\n               class=\"ngg-fancybox\" rel=\"11e04ba40794f2e5822a4694ec21d8cb\">\n                <img\n                    title=\"2-1-a-Mond-Nordsee-2019\"\n                    alt=\"2-1-a-Mond-Nordsee-2019\"\n                    src=\"http:\/\/art-badkrozingen.de\/wp-content\/gallery\/christine-kallfass\/thumbs\/thumbs_2-1-a-Mond-Nordsee-2019.jpg\"\n                    width=\"200\"\n                    height=\"155\"\n                    style=\"max-width:100%;\"\n                \/>\n            <\/a>\n        <\/div>\n\t\t\t\t\t\t\t<\/div> \n\t\t\t\n        \n\t\t\t\t<div id=\"ngg-image-4\" class=\"ngg-gallery-thumbnail-box\" >\n\t\t\t\t        <div class=\"ngg-gallery-thumbnail\">\n            <a href=\"http:\/\/art-badkrozingen.de\/wp-content\/gallery\/christine-kallfass\/1-d-chipsy-Zakynthos-2014.jpg\"\n               title=\"\"\n               data-src=\"http:\/\/art-badkrozingen.de\/wp-content\/gallery\/christine-kallfass\/1-d-chipsy-Zakynthos-2014.jpg\"\n               data-thumbnail=\"http:\/\/art-badkrozingen.de\/wp-content\/gallery\/christine-kallfass\/thumbs\/thumbs_1-d-chipsy-Zakynthos-2014.jpg\"\n               data-image-id=\"1260\"\n               data-title=\"1-d-chipsy-Zakynthos-2014\"\n               data-description=\"\"\n               data-image-slug=\"1-d-chipsy-zakynthos-2014\"\n               class=\"ngg-fancybox\" rel=\"11e04ba40794f2e5822a4694ec21d8cb\">\n                <img\n                    title=\"1-d-chipsy-Zakynthos-2014\"\n                    alt=\"1-d-chipsy-Zakynthos-2014\"\n                    src=\"http:\/\/art-badkrozingen.de\/wp-content\/gallery\/christine-kallfass\/thumbs\/thumbs_1-d-chipsy-Zakynthos-2014.jpg\"\n                    width=\"200\"\n                    height=\"155\"\n                    style=\"max-width:100%;\"\n                \/>\n            <\/a>\n        <\/div>\n\t\t\t\t\t\t\t<\/div> \n\t\t\t\n        \n\t\t\t\t<div id=\"ngg-image-5\" class=\"ngg-gallery-thumbnail-box\" >\n\t\t\t\t        <div class=\"ngg-gallery-thumbnail\">\n            <a href=\"http:\/\/art-badkrozingen.de\/wp-content\/gallery\/christine-kallfass\/2-a-Eule-im-Dunkeln-nur-noch-Phosphorfarbe.jpg\"\n               title=\"\"\n               data-src=\"http:\/\/art-badkrozingen.de\/wp-content\/gallery\/christine-kallfass\/2-a-Eule-im-Dunkeln-nur-noch-Phosphorfarbe.jpg\"\n               data-thumbnail=\"http:\/\/art-badkrozingen.de\/wp-content\/gallery\/christine-kallfass\/thumbs\/thumbs_2-a-Eule-im-Dunkeln-nur-noch-Phosphorfarbe.jpg\"\n               data-image-id=\"1262\"\n               data-title=\"2-a-Eule-im-Dunkeln-nur-noch-Phosphorfarbe\"\n               data-description=\"\"\n               data-image-slug=\"2-a-eule-im-dunkeln-nur-noch-phosphorfarbe\"\n               class=\"ngg-fancybox\" rel=\"11e04ba40794f2e5822a4694ec21d8cb\">\n                <img\n                    title=\"2-a-Eule-im-Dunkeln-nur-noch-Phosphorfarbe\"\n                    alt=\"2-a-Eule-im-Dunkeln-nur-noch-Phosphorfarbe\"\n                    src=\"http:\/\/art-badkrozingen.de\/wp-content\/gallery\/christine-kallfass\/thumbs\/thumbs_2-a-Eule-im-Dunkeln-nur-noch-Phosphorfarbe.jpg\"\n                    width=\"200\"\n                    height=\"155\"\n                    style=\"max-width:100%;\"\n                \/>\n            <\/a>\n        <\/div>\n\t\t\t\t\t\t\t<\/div> \n\t\t\t\n        \n\t\t\t\t<div id=\"ngg-image-6\" class=\"ngg-gallery-thumbnail-box\" >\n\t\t\t\t        <div class=\"ngg-gallery-thumbnail\">\n            <a href=\"http:\/\/art-badkrozingen.de\/wp-content\/gallery\/christine-kallfass\/2-c-Feuervogel-Hugstetten-2020.jpg\"\n               title=\"\"\n               data-src=\"http:\/\/art-badkrozingen.de\/wp-content\/gallery\/christine-kallfass\/2-c-Feuervogel-Hugstetten-2020.jpg\"\n               data-thumbnail=\"http:\/\/art-badkrozingen.de\/wp-content\/gallery\/christine-kallfass\/thumbs\/thumbs_2-c-Feuervogel-Hugstetten-2020.jpg\"\n               data-image-id=\"1263\"\n               data-title=\"2-c-Feuervogel-Hugstetten-2020\"\n               data-description=\"\"\n               data-image-slug=\"2-c-feuervogel-hugstetten-2020\"\n               class=\"ngg-fancybox\" rel=\"11e04ba40794f2e5822a4694ec21d8cb\">\n                <img\n                    title=\"2-c-Feuervogel-Hugstetten-2020\"\n                    alt=\"2-c-Feuervogel-Hugstetten-2020\"\n                    src=\"http:\/\/art-badkrozingen.de\/wp-content\/gallery\/christine-kallfass\/thumbs\/thumbs_2-c-Feuervogel-Hugstetten-2020.jpg\"\n                    width=\"200\"\n                    height=\"155\"\n                    style=\"max-width:100%;\"\n                \/>\n            <\/a>\n        <\/div>\n\t\t\t\t\t\t\t<\/div> \n\t\t\t\n        \n\t\t\t\t<div id=\"ngg-image-7\" class=\"ngg-gallery-thumbnail-box\" >\n\t\t\t\t        <div class=\"ngg-gallery-thumbnail\">\n            <a href=\"http:\/\/art-badkrozingen.de\/wp-content\/gallery\/christine-kallfass\/2-b-Vogelbaum.jpg\"\n               title=\"\"\n               data-src=\"http:\/\/art-badkrozingen.de\/wp-content\/gallery\/christine-kallfass\/2-b-Vogelbaum.jpg\"\n               data-thumbnail=\"http:\/\/art-badkrozingen.de\/wp-content\/gallery\/christine-kallfass\/thumbs\/thumbs_2-b-Vogelbaum.jpg\"\n               data-image-id=\"1265\"\n               data-title=\"2-b-Vogelbaum\"\n               data-description=\"\"\n               data-image-slug=\"2-b-vogelbaum\"\n               class=\"ngg-fancybox\" rel=\"11e04ba40794f2e5822a4694ec21d8cb\">\n                <img\n                    title=\"2-b-Vogelbaum\"\n                    alt=\"2-b-Vogelbaum\"\n                    src=\"http:\/\/art-badkrozingen.de\/wp-content\/gallery\/christine-kallfass\/thumbs\/thumbs_2-b-Vogelbaum.jpg\"\n                    width=\"200\"\n                    height=\"155\"\n                    style=\"max-width:100%;\"\n                \/>\n            <\/a>\n        <\/div>\n\t\t\t\t\t\t\t<\/div> \n\t\t\t\n        \n\t\t\t\t<div id=\"ngg-image-8\" class=\"ngg-gallery-thumbnail-box\" >\n\t\t\t\t        <div class=\"ngg-gallery-thumbnail\">\n            <a href=\"http:\/\/art-badkrozingen.de\/wp-content\/gallery\/christine-kallfass\/3-b-Tanzschritt.jpg\"\n               title=\"\"\n               data-src=\"http:\/\/art-badkrozingen.de\/wp-content\/gallery\/christine-kallfass\/3-b-Tanzschritt.jpg\"\n               data-thumbnail=\"http:\/\/art-badkrozingen.de\/wp-content\/gallery\/christine-kallfass\/thumbs\/thumbs_3-b-Tanzschritt.jpg\"\n               data-image-id=\"1268\"\n               data-title=\"3-b-Tanzschritt\"\n               data-description=\"\"\n               data-image-slug=\"3-b-tanzschritt\"\n               class=\"ngg-fancybox\" rel=\"11e04ba40794f2e5822a4694ec21d8cb\">\n                <img\n                    title=\"3-b-Tanzschritt\"\n                    alt=\"3-b-Tanzschritt\"\n                    src=\"http:\/\/art-badkrozingen.de\/wp-content\/gallery\/christine-kallfass\/thumbs\/thumbs_3-b-Tanzschritt.jpg\"\n                    width=\"200\"\n                    height=\"155\"\n                    style=\"max-width:100%;\"\n                \/>\n            <\/a>\n        <\/div>\n\t\t\t\t\t\t\t<\/div> \n\t\t\t\n        \n\t\t\t\t<div id=\"ngg-image-9\" class=\"ngg-gallery-thumbnail-box\" >\n\t\t\t\t        <div class=\"ngg-gallery-thumbnail\">\n            <a href=\"http:\/\/art-badkrozingen.de\/wp-content\/gallery\/christine-kallfass\/3-b-des-Vogeldblick.jpg\"\n               title=\"\"\n               data-src=\"http:\/\/art-badkrozingen.de\/wp-content\/gallery\/christine-kallfass\/3-b-des-Vogeldblick.jpg\"\n               data-thumbnail=\"http:\/\/art-badkrozingen.de\/wp-content\/gallery\/christine-kallfass\/thumbs\/thumbs_3-b-des-Vogeldblick.jpg\"\n               data-image-id=\"1269\"\n               data-title=\"3-b-des-Vogeldblick\"\n               data-description=\"\"\n               data-image-slug=\"3-b-des-vogeldblick\"\n               class=\"ngg-fancybox\" rel=\"11e04ba40794f2e5822a4694ec21d8cb\">\n                <img\n                    title=\"3-b-des-Vogeldblick\"\n                    alt=\"3-b-des-Vogeldblick\"\n                    src=\"http:\/\/art-badkrozingen.de\/wp-content\/gallery\/christine-kallfass\/thumbs\/thumbs_3-b-des-Vogeldblick.jpg\"\n                    width=\"200\"\n                    height=\"155\"\n                    style=\"max-width:100%;\"\n                \/>\n            <\/a>\n        <\/div>\n\t\t\t\t\t\t\t<\/div> \n\t\t\t\n        \n\t\t\t\t<div id=\"ngg-image-10\" class=\"ngg-gallery-thumbnail-box\" >\n\t\t\t\t        <div class=\"ngg-gallery-thumbnail\">\n            <a href=\"http:\/\/art-badkrozingen.de\/wp-content\/gallery\/christine-kallfass\/3-c-Tanz-im-Bild.jpg\"\n               title=\"\"\n               data-src=\"http:\/\/art-badkrozingen.de\/wp-content\/gallery\/christine-kallfass\/3-c-Tanz-im-Bild.jpg\"\n               data-thumbnail=\"http:\/\/art-badkrozingen.de\/wp-content\/gallery\/christine-kallfass\/thumbs\/thumbs_3-c-Tanz-im-Bild.jpg\"\n               data-image-id=\"1271\"\n               data-title=\"3-c-Tanz-im-Bild\"\n               data-description=\"\"\n               data-image-slug=\"3-c-tanz-im-bild\"\n               class=\"ngg-fancybox\" rel=\"11e04ba40794f2e5822a4694ec21d8cb\">\n                <img\n                    title=\"3-c-Tanz-im-Bild\"\n                    alt=\"3-c-Tanz-im-Bild\"\n                    src=\"http:\/\/art-badkrozingen.de\/wp-content\/gallery\/christine-kallfass\/thumbs\/thumbs_3-c-Tanz-im-Bild.jpg\"\n                    width=\"200\"\n                    height=\"155\"\n                    style=\"max-width:100%;\"\n                \/>\n            <\/a>\n        <\/div>\n\t\t\t\t\t\t\t<\/div> \n\t\t\t\n        \n\t\t\t\t<div id=\"ngg-image-11\" class=\"ngg-gallery-thumbnail-box\" >\n\t\t\t\t        <div class=\"ngg-gallery-thumbnail\">\n            <a href=\"http:\/\/art-badkrozingen.de\/wp-content\/gallery\/christine-kallfass\/3-d.jpg\"\n               title=\"\"\n               data-src=\"http:\/\/art-badkrozingen.de\/wp-content\/gallery\/christine-kallfass\/3-d.jpg\"\n               data-thumbnail=\"http:\/\/art-badkrozingen.de\/wp-content\/gallery\/christine-kallfass\/thumbs\/thumbs_3-d.jpg\"\n               data-image-id=\"1274\"\n               data-title=\"3-d\"\n               data-description=\"\"\n               data-image-slug=\"3-d\"\n               class=\"ngg-fancybox\" rel=\"11e04ba40794f2e5822a4694ec21d8cb\">\n                <img\n                    title=\"3-d\"\n                    alt=\"3-d\"\n                    src=\"http:\/\/art-badkrozingen.de\/wp-content\/gallery\/christine-kallfass\/thumbs\/thumbs_3-d.jpg\"\n                    width=\"200\"\n                    height=\"155\"\n                    style=\"max-width:100%;\"\n                \/>\n            <\/a>\n        <\/div>\n\t\t\t\t\t\t\t<\/div> \n\t\t\t\n        \n\t\t\t\t<div id=\"ngg-image-12\" class=\"ngg-gallery-thumbnail-box\" >\n\t\t\t\t        <div class=\"ngg-gallery-thumbnail\">\n            <a href=\"http:\/\/art-badkrozingen.de\/wp-content\/gallery\/christine-kallfass\/4-a-Kos-2.jpg\"\n               title=\"\"\n               data-src=\"http:\/\/art-badkrozingen.de\/wp-content\/gallery\/christine-kallfass\/4-a-Kos-2.jpg\"\n               data-thumbnail=\"http:\/\/art-badkrozingen.de\/wp-content\/gallery\/christine-kallfass\/thumbs\/thumbs_4-a-Kos-2.jpg\"\n               data-image-id=\"1275\"\n               data-title=\"4-a-Kos-2\"\n               data-description=\"\"\n               data-image-slug=\"4-a-kos-2\"\n               class=\"ngg-fancybox\" rel=\"11e04ba40794f2e5822a4694ec21d8cb\">\n                <img\n                    title=\"4-a-Kos-2\"\n                    alt=\"4-a-Kos-2\"\n                    src=\"http:\/\/art-badkrozingen.de\/wp-content\/gallery\/christine-kallfass\/thumbs\/thumbs_4-a-Kos-2.jpg\"\n                    width=\"200\"\n                    height=\"155\"\n                    style=\"max-width:100%;\"\n                \/>\n            <\/a>\n        <\/div>\n\t\t\t\t\t\t\t<\/div> \n\t\t\t\n        \n\t\t\t\t<div id=\"ngg-image-13\" class=\"ngg-gallery-thumbnail-box\" >\n\t\t\t\t        <div class=\"ngg-gallery-thumbnail\">\n            <a href=\"http:\/\/art-badkrozingen.de\/wp-content\/gallery\/christine-kallfass\/4-a-Kalbrien-italien-2022.jpg\"\n               title=\"\"\n               data-src=\"http:\/\/art-badkrozingen.de\/wp-content\/gallery\/christine-kallfass\/4-a-Kalbrien-italien-2022.jpg\"\n               data-thumbnail=\"http:\/\/art-badkrozingen.de\/wp-content\/gallery\/christine-kallfass\/thumbs\/thumbs_4-a-Kalbrien-italien-2022.jpg\"\n               data-image-id=\"1276\"\n               data-title=\"4-a-Kalbrien-italien-2022\"\n               data-description=\"\"\n               data-image-slug=\"4-a-kalbrien-italien-2022\"\n               class=\"ngg-fancybox\" rel=\"11e04ba40794f2e5822a4694ec21d8cb\">\n                <img\n                    title=\"4-a-Kalbrien-italien-2022\"\n                    alt=\"4-a-Kalbrien-italien-2022\"\n                    src=\"http:\/\/art-badkrozingen.de\/wp-content\/gallery\/christine-kallfass\/thumbs\/thumbs_4-a-Kalbrien-italien-2022.jpg\"\n                    width=\"200\"\n                    height=\"155\"\n                    style=\"max-width:100%;\"\n                \/>\n            <\/a>\n        <\/div>\n\t\t\t\t\t\t\t<\/div> \n\t\t\t\n        \n\t\t\t\t<div id=\"ngg-image-14\" class=\"ngg-gallery-thumbnail-box\" >\n\t\t\t\t        <div class=\"ngg-gallery-thumbnail\">\n            <a href=\"http:\/\/art-badkrozingen.de\/wp-content\/gallery\/christine-kallfass\/4-d-Licht-Xi-Strand-zakynthos-23.jpg\"\n               title=\"\"\n               data-src=\"http:\/\/art-badkrozingen.de\/wp-content\/gallery\/christine-kallfass\/4-d-Licht-Xi-Strand-zakynthos-23.jpg\"\n               data-thumbnail=\"http:\/\/art-badkrozingen.de\/wp-content\/gallery\/christine-kallfass\/thumbs\/thumbs_4-d-Licht-Xi-Strand-zakynthos-23.jpg\"\n               data-image-id=\"1277\"\n               data-title=\"4-d-Licht-Xi-Strand-zakynthos-23\"\n               data-description=\"\"\n               data-image-slug=\"4-d-licht-xi-strand-zakynthos-23\"\n               class=\"ngg-fancybox\" rel=\"11e04ba40794f2e5822a4694ec21d8cb\">\n                <img\n                    title=\"4-d-Licht-Xi-Strand-zakynthos-23\"\n                    alt=\"4-d-Licht-Xi-Strand-zakynthos-23\"\n                    src=\"http:\/\/art-badkrozingen.de\/wp-content\/gallery\/christine-kallfass\/thumbs\/thumbs_4-d-Licht-Xi-Strand-zakynthos-23.jpg\"\n                    width=\"200\"\n                    height=\"155\"\n                    style=\"max-width:100%;\"\n                \/>\n            <\/a>\n        <\/div>\n\t\t\t\t\t\t\t<\/div> \n\t\t\t\n        \n\t\t\t\t<div id=\"ngg-image-15\" class=\"ngg-gallery-thumbnail-box\" >\n\t\t\t\t        <div class=\"ngg-gallery-thumbnail\">\n            <a href=\"http:\/\/art-badkrozingen.de\/wp-content\/gallery\/christine-kallfass\/4-a-1-Kos-1.jpg\"\n               title=\"\"\n               data-src=\"http:\/\/art-badkrozingen.de\/wp-content\/gallery\/christine-kallfass\/4-a-1-Kos-1.jpg\"\n               data-thumbnail=\"http:\/\/art-badkrozingen.de\/wp-content\/gallery\/christine-kallfass\/thumbs\/thumbs_4-a-1-Kos-1.jpg\"\n               data-image-id=\"1278\"\n               data-title=\"4-a-1-Kos-1\"\n               data-description=\"\"\n               data-image-slug=\"4-a-1-kos-1\"\n               class=\"ngg-fancybox\" rel=\"11e04ba40794f2e5822a4694ec21d8cb\">\n                <img\n                    title=\"4-a-1-Kos-1\"\n                    alt=\"4-a-1-Kos-1\"\n                    src=\"http:\/\/art-badkrozingen.de\/wp-content\/gallery\/christine-kallfass\/thumbs\/thumbs_4-a-1-Kos-1.jpg\"\n                    width=\"200\"\n                    height=\"155\"\n                    style=\"max-width:100%;\"\n                \/>\n            <\/a>\n        <\/div>\n\t\t\t\t\t\t\t<\/div> \n\t\t\t\n        \n\t\t\n\t\t<!-- Pagination -->\n\t<div class='ngg-clear'><\/div>\t<\/div>\n\r\n\r\n\r\n\r\n<p>&nbsp;<\/p>\r\n","protected":false},"excerpt":{"rendered":"","protected":false},"author":1,"featured_media":0,"parent":0,"menu_order":0,"comment_status":"closed","ping_status":"closed","template":"","meta":{"ngg_post_thumbnail":0},"_links":{"self":[{"href":"http:\/\/art-badkrozingen.de\/index.php?rest_route=\/wp\/v2\/pages\/5893"}],"collection":[{"href":"http:\/\/art-badkrozingen.de\/index.php?rest_route=\/wp\/v2\/pages"}],"about":[{"href":"http:\/\/art-badkrozingen.de\/index.php?rest_route=\/wp\/v2\/types\/page"}],"author":[{"embeddable":true,"href":"http:\/\/art-badkrozingen.de\/index.php?rest_route=\/wp\/v2\/users\/1"}],"replies":[{"embeddable":true,"href":"http:\/\/art-badkrozingen.de\/index.php?rest_route=%2Fwp%2Fv2%2Fcomments&post=5893"}],"version-history":[{"count":14,"href":"http:\/\/art-badkrozingen.de\/index.php?rest_route=\/wp\/v2\/pages\/5893\/revisions"}],"predecessor-version":[{"id":6970,"href":"http:\/\/art-badkrozingen.de\/index.php?rest_route=\/wp\/v2\/pages\/5893\/revisions\/6970"}],"wp:attachment":[{"href":"http:\/\/art-badkrozingen.de\/index.php?rest_route=%2Fwp%2Fv2%2Fmedia&parent=5893"}],"curies":[{"name":"wp","href":"https:\/\/api.w.org\/{rel}","templated":true}]}}