{"id":6409,"date":"2024-12-16T16:01:55","date_gmt":"2024-12-16T16:01:55","guid":{"rendered":"https:\/\/art-badkrozingen.de\/?page_id=6409"},"modified":"2024-12-17T14:11:27","modified_gmt":"2024-12-17T14:11:27","slug":"thomas-kenkmann","status":"publish","type":"page","link":"http:\/\/art-badkrozingen.de\/?page_id=6409","title":{"rendered":"Thomas Kenkmann"},"content":{"rendered":"<h4><strong>Maler und Zeichner<img loading=\"lazy\" class=\" wp-image-6411 alignright\" src=\"https:\/\/art-badkrozingen.de\/wp-content\/uploads\/2024\/12\/JG_7391-e1734363959586.jpg\" alt=\"\" width=\"195\" height=\"273\" srcset=\"http:\/\/art-badkrozingen.de\/wp-content\/uploads\/2024\/12\/JG_7391-e1734363959586.jpg 800w, http:\/\/art-badkrozingen.de\/wp-content\/uploads\/2024\/12\/JG_7391-e1734363959586-214x300.jpg 214w, http:\/\/art-badkrozingen.de\/wp-content\/uploads\/2024\/12\/JG_7391-e1734363959586-731x1024.jpg 731w, http:\/\/art-badkrozingen.de\/wp-content\/uploads\/2024\/12\/JG_7391-e1734363959586-768x1075.jpg 768w\" sizes=\"(max-width: 195px) 100vw, 195px\" \/><\/strong><\/h4>\n<p>aufgewachsen in Solingen und heute wohnhaft in Staufen. Thomas Kenkmann studierte Geologie und Pal\u00e4ontologie an der Universit\u00e4t K\u00f6ln, schloss seine Promotion 1997 an der Freien Universit\u00e4t Berlin ab und ist seit 2010 Professor f\u00fcr Geologie und Strukturgeologie an der Universit\u00e4t Freiburg. Er ist autodidaktisch als bildender K\u00fcnstler t\u00e4tig.<\/p>\n<p>Die \u00d6lbilder reichen von expressiver Abstraktion bis abstrahierender Landschaft. Die Zeichnungen sind Ansichten von Orten, in denen ich Zeit verbracht habe. Die wissenschaftliche Untersuchung der festen Erde bestimmt meinen beruflichen Alltag. Die Malerei und Zeichnerei gehorcht anderen Gesetzen aber die Erfassung und Beschreibung von Struktur und Form sind f\u00fcr mich in Wissenschaft und Kunst gleicherma\u00dfen wichtig.<\/p>\n<p><!-- index.php -->\n<div\n\tclass=\"ngg-galleryoverview ngg-ajax-pagination-none\"\n\tid=\"ngg-gallery-048d49617ca2869e82aac88e5e9f6422-1\">\n\n    \t<div class=\"slideshowlink\">\n        <a href='http:\/\/art-badkrozingen.de\/index.php\/nggallery\/slideshow?page_id=6409'>[Zeige eine Slideshow]<\/a>\n\t\t\n\t<\/div>\n\t\t\t<!-- Thumbnails -->\n\t\t\t\t<div id=\"ngg-image-0\" class=\"ngg-gallery-thumbnail-box\" >\n\t\t\t\t        <div class=\"ngg-gallery-thumbnail\">\n            <a href=\"http:\/\/art-badkrozingen.de\/wp-content\/gallery\/thomas-kenkmann-1\/2024_10-1-e1734364177469.jpg\"\n               title=\"\"\n               data-src=\"http:\/\/art-badkrozingen.de\/wp-content\/gallery\/thomas-kenkmann-1\/2024_10-1-e1734364177469.jpg\"\n               data-thumbnail=\"http:\/\/art-badkrozingen.de\/wp-content\/gallery\/thomas-kenkmann-1\/thumbs\/thumbs_2024_10-1-e1734364177469.jpg\"\n               data-image-id=\"1441\"\n               data-title=\"2024_10-1-e1734364177469\"\n               data-description=\"\"\n               data-image-slug=\"2024_10-1-e1734364177469\"\n               class=\"ngg-fancybox\" rel=\"048d49617ca2869e82aac88e5e9f6422\">\n                <img\n                    title=\"2024_10-1-e1734364177469\"\n                    alt=\"2024_10-1-e1734364177469\"\n                    src=\"http:\/\/art-badkrozingen.de\/wp-content\/gallery\/thomas-kenkmann-1\/thumbs\/thumbs_2024_10-1-e1734364177469.jpg\"\n                    width=\"200\"\n                    height=\"155\"\n                    style=\"max-width:100%;\"\n                \/>\n            <\/a>\n        <\/div>\n\t\t\t\t\t\t\t<\/div> \n\t\t\t\n        \n\t\t\t\t<div id=\"ngg-image-1\" class=\"ngg-gallery-thumbnail-box\" >\n\t\t\t\t        <div class=\"ngg-gallery-thumbnail\">\n            <a href=\"http:\/\/art-badkrozingen.de\/wp-content\/gallery\/thomas-kenkmann-1\/2024_9-e1734364142343.jpg\"\n               title=\"\"\n               data-src=\"http:\/\/art-badkrozingen.de\/wp-content\/gallery\/thomas-kenkmann-1\/2024_9-e1734364142343.jpg\"\n               data-thumbnail=\"http:\/\/art-badkrozingen.de\/wp-content\/gallery\/thomas-kenkmann-1\/thumbs\/thumbs_2024_9-e1734364142343.jpg\"\n               data-image-id=\"1442\"\n               data-title=\"2024_9-e1734364142343\"\n               data-description=\"\"\n               data-image-slug=\"2024_9-e1734364142343\"\n               class=\"ngg-fancybox\" rel=\"048d49617ca2869e82aac88e5e9f6422\">\n                <img\n                    title=\"2024_9-e1734364142343\"\n                    alt=\"2024_9-e1734364142343\"\n                    src=\"http:\/\/art-badkrozingen.de\/wp-content\/gallery\/thomas-kenkmann-1\/thumbs\/thumbs_2024_9-e1734364142343.jpg\"\n                    width=\"200\"\n                    height=\"155\"\n                    style=\"max-width:100%;\"\n                \/>\n            <\/a>\n        <\/div>\n\t\t\t\t\t\t\t<\/div> \n\t\t\t\n        \n\t\t\t\t<div id=\"ngg-image-2\" class=\"ngg-gallery-thumbnail-box\" >\n\t\t\t\t        <div class=\"ngg-gallery-thumbnail\">\n            <a href=\"http:\/\/art-badkrozingen.de\/wp-content\/gallery\/thomas-kenkmann-1\/2024_4.jpg\"\n               title=\"\"\n               data-src=\"http:\/\/art-badkrozingen.de\/wp-content\/gallery\/thomas-kenkmann-1\/2024_4.jpg\"\n               data-thumbnail=\"http:\/\/art-badkrozingen.de\/wp-content\/gallery\/thomas-kenkmann-1\/thumbs\/thumbs_2024_4.jpg\"\n               data-image-id=\"1443\"\n               data-title=\"2024_4\"\n               data-description=\"\"\n               data-image-slug=\"2024_4\"\n               class=\"ngg-fancybox\" rel=\"048d49617ca2869e82aac88e5e9f6422\">\n                <img\n                    title=\"2024_4\"\n                    alt=\"2024_4\"\n                    src=\"http:\/\/art-badkrozingen.de\/wp-content\/gallery\/thomas-kenkmann-1\/thumbs\/thumbs_2024_4.jpg\"\n                    width=\"200\"\n                    height=\"155\"\n                    style=\"max-width:100%;\"\n                \/>\n            <\/a>\n        <\/div>\n\t\t\t\t\t\t\t<\/div> \n\t\t\t\n        \n\t\t\t\t<div id=\"ngg-image-3\" class=\"ngg-gallery-thumbnail-box\" >\n\t\t\t\t        <div class=\"ngg-gallery-thumbnail\">\n            <a href=\"http:\/\/art-badkrozingen.de\/wp-content\/gallery\/thomas-kenkmann-1\/2024_3-e1734364074611.jpg\"\n               title=\"\"\n               data-src=\"http:\/\/art-badkrozingen.de\/wp-content\/gallery\/thomas-kenkmann-1\/2024_3-e1734364074611.jpg\"\n               data-thumbnail=\"http:\/\/art-badkrozingen.de\/wp-content\/gallery\/thomas-kenkmann-1\/thumbs\/thumbs_2024_3-e1734364074611.jpg\"\n               data-image-id=\"1444\"\n               data-title=\"2024_3-e1734364074611\"\n               data-description=\"\"\n               data-image-slug=\"2024_3-e1734364074611\"\n               class=\"ngg-fancybox\" rel=\"048d49617ca2869e82aac88e5e9f6422\">\n                <img\n                    title=\"2024_3-e1734364074611\"\n                    alt=\"2024_3-e1734364074611\"\n                    src=\"http:\/\/art-badkrozingen.de\/wp-content\/gallery\/thomas-kenkmann-1\/thumbs\/thumbs_2024_3-e1734364074611.jpg\"\n                    width=\"200\"\n                    height=\"155\"\n                    style=\"max-width:100%;\"\n                \/>\n            <\/a>\n        <\/div>\n\t\t\t\t\t\t\t<\/div> \n\t\t\t\n        \n\t\t\t\t<div id=\"ngg-image-4\" class=\"ngg-gallery-thumbnail-box\" >\n\t\t\t\t        <div class=\"ngg-gallery-thumbnail\">\n            <a href=\"http:\/\/art-badkrozingen.de\/wp-content\/gallery\/thomas-kenkmann-1\/2015_-e1734364052785.jpg\"\n               title=\"\"\n               data-src=\"http:\/\/art-badkrozingen.de\/wp-content\/gallery\/thomas-kenkmann-1\/2015_-e1734364052785.jpg\"\n               data-thumbnail=\"http:\/\/art-badkrozingen.de\/wp-content\/gallery\/thomas-kenkmann-1\/thumbs\/thumbs_2015_-e1734364052785.jpg\"\n               data-image-id=\"1445\"\n               data-title=\"2015_-e1734364052785\"\n               data-description=\"\"\n               data-image-slug=\"2015_-e1734364052785\"\n               class=\"ngg-fancybox\" rel=\"048d49617ca2869e82aac88e5e9f6422\">\n                <img\n                    title=\"2015_-e1734364052785\"\n                    alt=\"2015_-e1734364052785\"\n                    src=\"http:\/\/art-badkrozingen.de\/wp-content\/gallery\/thomas-kenkmann-1\/thumbs\/thumbs_2015_-e1734364052785.jpg\"\n                    width=\"200\"\n                    height=\"155\"\n                    style=\"max-width:100%;\"\n                \/>\n            <\/a>\n        <\/div>\n\t\t\t\t\t\t\t<\/div> \n\t\t\t\n        \n\t\t\t\t<div id=\"ngg-image-5\" class=\"ngg-gallery-thumbnail-box\" >\n\t\t\t\t        <div class=\"ngg-gallery-thumbnail\">\n            <a href=\"http:\/\/art-badkrozingen.de\/wp-content\/gallery\/thomas-kenkmann-1\/2018_4-e1734364001845.jpg\"\n               title=\"\"\n               data-src=\"http:\/\/art-badkrozingen.de\/wp-content\/gallery\/thomas-kenkmann-1\/2018_4-e1734364001845.jpg\"\n               data-thumbnail=\"http:\/\/art-badkrozingen.de\/wp-content\/gallery\/thomas-kenkmann-1\/thumbs\/thumbs_2018_4-e1734364001845.jpg\"\n               data-image-id=\"1447\"\n               data-title=\"2018_4-e1734364001845\"\n               data-description=\"\"\n               data-image-slug=\"2018_4-e1734364001845\"\n               class=\"ngg-fancybox\" rel=\"048d49617ca2869e82aac88e5e9f6422\">\n                <img\n                    title=\"2018_4-e1734364001845\"\n                    alt=\"2018_4-e1734364001845\"\n                    src=\"http:\/\/art-badkrozingen.de\/wp-content\/gallery\/thomas-kenkmann-1\/thumbs\/thumbs_2018_4-e1734364001845.jpg\"\n                    width=\"200\"\n                    height=\"155\"\n                    style=\"max-width:100%;\"\n                \/>\n            <\/a>\n        <\/div>\n\t\t\t\t\t\t\t<\/div> \n\t\t\t\n        \n\t\t\t\t<div id=\"ngg-image-6\" class=\"ngg-gallery-thumbnail-box\" >\n\t\t\t\t        <div class=\"ngg-gallery-thumbnail\">\n            <a href=\"http:\/\/art-badkrozingen.de\/wp-content\/gallery\/thomas-kenkmann-1\/2018_1-e1734364029517.jpg\"\n               title=\"\"\n               data-src=\"http:\/\/art-badkrozingen.de\/wp-content\/gallery\/thomas-kenkmann-1\/2018_1-e1734364029517.jpg\"\n               data-thumbnail=\"http:\/\/art-badkrozingen.de\/wp-content\/gallery\/thomas-kenkmann-1\/thumbs\/thumbs_2018_1-e1734364029517.jpg\"\n               data-image-id=\"1446\"\n               data-title=\"2018_1-e1734364029517\"\n               data-description=\"\"\n               data-image-slug=\"2018_1-e1734364029517\"\n               class=\"ngg-fancybox\" rel=\"048d49617ca2869e82aac88e5e9f6422\">\n                <img\n                    title=\"2018_1-e1734364029517\"\n                    alt=\"2018_1-e1734364029517\"\n                    src=\"http:\/\/art-badkrozingen.de\/wp-content\/gallery\/thomas-kenkmann-1\/thumbs\/thumbs_2018_1-e1734364029517.jpg\"\n                    width=\"200\"\n                    height=\"155\"\n                    style=\"max-width:100%;\"\n                \/>\n            <\/a>\n        <\/div>\n\t\t\t\t\t\t\t<\/div> \n\t\t\t\n        \n\t\t\n\t\t<!-- Pagination -->\n\t<div class='ngg-clear'><\/div>\t<\/div>\n<a href=\"https:\/\/thomas-kenkmann.jimdosite.com\" target=\"_blank\" rel=\"noopener\">https:\/\/thomas-kenkmann.jimdosite.com<\/a><\/p>\n<p>instagram: kenkmann.thomas<\/p>\n","protected":false},"excerpt":{"rendered":"<p>Maler und Zeichner aufgewachsen in Solingen und heute wohnhaft in Staufen. Thomas Kenkmann studierte Geologie und Pal\u00e4ontologie an der Universit\u00e4t K\u00f6ln, schloss seine Promotion 1997 an der Freien Universit\u00e4t Berlin ab und ist seit 2010 Professor f\u00fcr Geologie und Strukturgeologie an der Universit\u00e4t Freiburg. Er ist autodidaktisch als bildender K\u00fcnstler t\u00e4tig. Die \u00d6lbilder reichen von [&hellip;]<\/p>\n","protected":false},"author":1,"featured_media":0,"parent":0,"menu_order":0,"comment_status":"closed","ping_status":"closed","template":"","meta":{"ngg_post_thumbnail":0},"_links":{"self":[{"href":"http:\/\/art-badkrozingen.de\/index.php?rest_route=\/wp\/v2\/pages\/6409"}],"collection":[{"href":"http:\/\/art-badkrozingen.de\/index.php?rest_route=\/wp\/v2\/pages"}],"about":[{"href":"http:\/\/art-badkrozingen.de\/index.php?rest_route=\/wp\/v2\/types\/page"}],"author":[{"embeddable":true,"href":"http:\/\/art-badkrozingen.de\/index.php?rest_route=\/wp\/v2\/users\/1"}],"replies":[{"embeddable":true,"href":"http:\/\/art-badkrozingen.de\/index.php?rest_route=%2Fwp%2Fv2%2Fcomments&post=6409"}],"version-history":[{"count":7,"href":"http:\/\/art-badkrozingen.de\/index.php?rest_route=\/wp\/v2\/pages\/6409\/revisions"}],"predecessor-version":[{"id":6440,"href":"http:\/\/art-badkrozingen.de\/index.php?rest_route=\/wp\/v2\/pages\/6409\/revisions\/6440"}],"wp:attachment":[{"href":"http:\/\/art-badkrozingen.de\/index.php?rest_route=%2Fwp%2Fv2%2Fmedia&parent=6409"}],"curies":[{"name":"wp","href":"https:\/\/api.w.org\/{rel}","templated":true}]}}