{"id":6794,"date":"2025-09-16T14:19:01","date_gmt":"2025-09-16T14:19:01","guid":{"rendered":"https:\/\/art-badkrozingen.de\/?page_id=6794"},"modified":"2025-09-16T14:28:38","modified_gmt":"2025-09-16T14:28:38","slug":"joerg-kraemer","status":"publish","type":"page","link":"http:\/\/art-badkrozingen.de\/?page_id=6794","title":{"rendered":"J\u00f6rg Kr\u00e4mer"},"content":{"rendered":"<p><img loading=\"lazy\" class=\" wp-image-6797 alignright\" src=\"https:\/\/art-badkrozingen.de\/wp-content\/uploads\/2025\/09\/image0-1.jpeg\" alt=\"\" width=\"428\" height=\"304\" srcset=\"http:\/\/art-badkrozingen.de\/wp-content\/uploads\/2025\/09\/image0-1.jpeg 1600w, http:\/\/art-badkrozingen.de\/wp-content\/uploads\/2025\/09\/image0-1-300x213.jpeg 300w, http:\/\/art-badkrozingen.de\/wp-content\/uploads\/2025\/09\/image0-1-1024x728.jpeg 1024w, http:\/\/art-badkrozingen.de\/wp-content\/uploads\/2025\/09\/image0-1-768x546.jpeg 768w, http:\/\/art-badkrozingen.de\/wp-content\/uploads\/2025\/09\/image0-1-1536x1092.jpeg 1536w\" sizes=\"(max-width: 428px) 100vw, 428px\" \/><\/p>\n<p><strong>Malerei<\/strong><\/p>\n<p>Studium der Umwelt- und Verfahrenstechnik, Diplom Ingenieur, geboren und aufgewachsen in Berlin.<\/p>\n<p>Berufst\u00e4tigkeiten in Beh\u00f6rden, Industrie und als IT Berater f\u00fcr Unternehmen weltweit.<\/p>\n<p>Seit meiner Jugend habe ich auch immer gemalt und gezeichnet. Neben dem Beruf bliebt allerdings nicht immer genug Zeit daf\u00fcr \u00fcbrig. Dies hat sich dann aber ge\u00e4ndert, sodass ich mich ab 2019 intensiv der Malerei und dem Zeichnen widmen konnte.<\/p>\n<p>Als Autodidakt verwende ich meist Acryl- und \u00d6lfarben und zum Zeichnen Pastellkreiden und Stifte, Kohle und vieles mehr.<\/p>\n<p>H\u00e4ufig entstehen so reale oder surreale Bilder in Kombination mit abstrakten Elementen, monochromen Figuren und farbigen&nbsp;&nbsp; Umgebungen, die Landschaften oder Stadtlandschaften, Figuren und Portr\u00e4ts darstellen.<\/p>\n<p>Die Inspiration hole ich mir gerne von K\u00fcnstlern wie Max Ernst, Karin Kneffel, Gerhard Richter, Gottfried Helnwein, Clerici, Ferdinand Hodler, Christian Schad und vielen mehr.<\/p>\n<p>Die Bilder entstehen oft auf Grundlage eigener oder anderer Fotografien.<\/p>\n<p>Wohnhaft in 79379 M\u00fcllheim-Britzingen, Milchh\u00e4usleweg 7<\/p>\n<p>Email: <a href=\"mailto:jk@gno.de\" target=\"_blank\" rel=\"noopener\">jk@gno.de<\/a><\/p>\n<!-- index.php -->\n<div\n\tclass=\"ngg-galleryoverview ngg-ajax-pagination-none\"\n\tid=\"ngg-gallery-43b1a07c2105d98bad71d97531b7dd27-1\">\n\n    \t<div class=\"slideshowlink\">\n        <a href='http:\/\/art-badkrozingen.de\/index.php\/nggallery\/slideshow?page_id=6794'>[Zeige eine Slideshow]<\/a>\n\t\t\n\t<\/div>\n\t\t\t<!-- Thumbnails -->\n\t\t\t\t<div id=\"ngg-image-0\" class=\"ngg-gallery-thumbnail-box\" >\n\t\t\t\t        <div class=\"ngg-gallery-thumbnail\">\n            <a href=\"http:\/\/art-badkrozingen.de\/wp-content\/gallery\/joerg-kraemer-3\/image1.jpeg\"\n               title=\"\"\n               data-src=\"http:\/\/art-badkrozingen.de\/wp-content\/gallery\/joerg-kraemer-3\/image1.jpeg\"\n               data-thumbnail=\"http:\/\/art-badkrozingen.de\/wp-content\/gallery\/joerg-kraemer-3\/thumbs\/thumbs_image1.jpeg\"\n               data-image-id=\"1537\"\n               data-title=\"image1\"\n               data-description=\"\"\n               data-image-slug=\"image1-1\"\n               class=\"ngg-fancybox\" rel=\"43b1a07c2105d98bad71d97531b7dd27\">\n                <img\n                    title=\"image1\"\n                    alt=\"image1\"\n                    src=\"http:\/\/art-badkrozingen.de\/wp-content\/gallery\/joerg-kraemer-3\/thumbs\/thumbs_image1.jpeg\"\n                    width=\"200\"\n                    height=\"155\"\n                    style=\"max-width:100%;\"\n                \/>\n            <\/a>\n        <\/div>\n\t\t\t\t\t\t\t<\/div> \n\t\t\t\n        \n\t\t\t\t<div id=\"ngg-image-1\" class=\"ngg-gallery-thumbnail-box\" >\n\t\t\t\t        <div class=\"ngg-gallery-thumbnail\">\n            <a href=\"http:\/\/art-badkrozingen.de\/wp-content\/gallery\/joerg-kraemer-3\/image2.jpeg\"\n               title=\"\"\n               data-src=\"http:\/\/art-badkrozingen.de\/wp-content\/gallery\/joerg-kraemer-3\/image2.jpeg\"\n               data-thumbnail=\"http:\/\/art-badkrozingen.de\/wp-content\/gallery\/joerg-kraemer-3\/thumbs\/thumbs_image2.jpeg\"\n               data-image-id=\"1538\"\n               data-title=\"image2\"\n               data-description=\"\"\n               data-image-slug=\"image2-1\"\n               class=\"ngg-fancybox\" rel=\"43b1a07c2105d98bad71d97531b7dd27\">\n                <img\n                    title=\"image2\"\n                    alt=\"image2\"\n                    src=\"http:\/\/art-badkrozingen.de\/wp-content\/gallery\/joerg-kraemer-3\/thumbs\/thumbs_image2.jpeg\"\n                    width=\"200\"\n                    height=\"155\"\n                    style=\"max-width:100%;\"\n                \/>\n            <\/a>\n        <\/div>\n\t\t\t\t\t\t\t<\/div> \n\t\t\t\n        \n\t\t\t\t<div id=\"ngg-image-2\" class=\"ngg-gallery-thumbnail-box\" >\n\t\t\t\t        <div class=\"ngg-gallery-thumbnail\">\n            <a href=\"http:\/\/art-badkrozingen.de\/wp-content\/gallery\/joerg-kraemer-3\/image3.jpeg\"\n               title=\"\"\n               data-src=\"http:\/\/art-badkrozingen.de\/wp-content\/gallery\/joerg-kraemer-3\/image3.jpeg\"\n               data-thumbnail=\"http:\/\/art-badkrozingen.de\/wp-content\/gallery\/joerg-kraemer-3\/thumbs\/thumbs_image3.jpeg\"\n               data-image-id=\"1539\"\n               data-title=\"image3\"\n               data-description=\"\"\n               data-image-slug=\"image3-1\"\n               class=\"ngg-fancybox\" rel=\"43b1a07c2105d98bad71d97531b7dd27\">\n                <img\n                    title=\"image3\"\n                    alt=\"image3\"\n                    src=\"http:\/\/art-badkrozingen.de\/wp-content\/gallery\/joerg-kraemer-3\/thumbs\/thumbs_image3.jpeg\"\n                    width=\"200\"\n                    height=\"155\"\n                    style=\"max-width:100%;\"\n                \/>\n            <\/a>\n        <\/div>\n\t\t\t\t\t\t\t<\/div> \n\t\t\t\n        \n\t\t\t\t<div id=\"ngg-image-3\" class=\"ngg-gallery-thumbnail-box\" >\n\t\t\t\t        <div class=\"ngg-gallery-thumbnail\">\n            <a href=\"http:\/\/art-badkrozingen.de\/wp-content\/gallery\/joerg-kraemer-3\/image4.jpeg\"\n               title=\"\"\n               data-src=\"http:\/\/art-badkrozingen.de\/wp-content\/gallery\/joerg-kraemer-3\/image4.jpeg\"\n               data-thumbnail=\"http:\/\/art-badkrozingen.de\/wp-content\/gallery\/joerg-kraemer-3\/thumbs\/thumbs_image4.jpeg\"\n               data-image-id=\"1540\"\n               data-title=\"image4\"\n               data-description=\"\"\n               data-image-slug=\"image4-1\"\n               class=\"ngg-fancybox\" rel=\"43b1a07c2105d98bad71d97531b7dd27\">\n                <img\n                    title=\"image4\"\n                    alt=\"image4\"\n                    src=\"http:\/\/art-badkrozingen.de\/wp-content\/gallery\/joerg-kraemer-3\/thumbs\/thumbs_image4.jpeg\"\n                    width=\"200\"\n                    height=\"155\"\n                    style=\"max-width:100%;\"\n                \/>\n            <\/a>\n        <\/div>\n\t\t\t\t\t\t\t<\/div> \n\t\t\t\n        \n\t\t\t\t<div id=\"ngg-image-4\" class=\"ngg-gallery-thumbnail-box\" >\n\t\t\t\t        <div class=\"ngg-gallery-thumbnail\">\n            <a href=\"http:\/\/art-badkrozingen.de\/wp-content\/gallery\/joerg-kraemer-3\/image5.jpeg\"\n               title=\"\"\n               data-src=\"http:\/\/art-badkrozingen.de\/wp-content\/gallery\/joerg-kraemer-3\/image5.jpeg\"\n               data-thumbnail=\"http:\/\/art-badkrozingen.de\/wp-content\/gallery\/joerg-kraemer-3\/thumbs\/thumbs_image5.jpeg\"\n               data-image-id=\"1541\"\n               data-title=\"image5\"\n               data-description=\"\"\n               data-image-slug=\"image5-1\"\n               class=\"ngg-fancybox\" rel=\"43b1a07c2105d98bad71d97531b7dd27\">\n                <img\n                    title=\"image5\"\n                    alt=\"image5\"\n                    src=\"http:\/\/art-badkrozingen.de\/wp-content\/gallery\/joerg-kraemer-3\/thumbs\/thumbs_image5.jpeg\"\n                    width=\"200\"\n                    height=\"155\"\n                    style=\"max-width:100%;\"\n                \/>\n            <\/a>\n        <\/div>\n\t\t\t\t\t\t\t<\/div> \n\t\t\t\n        \n\t\t\n\t\t<!-- Pagination -->\n\t<div class='ngg-clear'><\/div>\t<\/div>\n\n","protected":false},"excerpt":{"rendered":"<p>Malerei Studium der Umwelt- und Verfahrenstechnik, Diplom Ingenieur, geboren und aufgewachsen in Berlin. Berufst\u00e4tigkeiten in Beh\u00f6rden, Industrie und als IT Berater f\u00fcr Unternehmen weltweit. Seit meiner Jugend habe ich auch immer gemalt und gezeichnet. Neben dem Beruf bliebt allerdings nicht immer genug Zeit daf\u00fcr \u00fcbrig. Dies hat sich dann aber ge\u00e4ndert, sodass ich mich ab [&hellip;]<\/p>\n","protected":false},"author":1,"featured_media":0,"parent":0,"menu_order":0,"comment_status":"closed","ping_status":"closed","template":"","meta":{"ngg_post_thumbnail":0},"_links":{"self":[{"href":"http:\/\/art-badkrozingen.de\/index.php?rest_route=\/wp\/v2\/pages\/6794"}],"collection":[{"href":"http:\/\/art-badkrozingen.de\/index.php?rest_route=\/wp\/v2\/pages"}],"about":[{"href":"http:\/\/art-badkrozingen.de\/index.php?rest_route=\/wp\/v2\/types\/page"}],"author":[{"embeddable":true,"href":"http:\/\/art-badkrozingen.de\/index.php?rest_route=\/wp\/v2\/users\/1"}],"replies":[{"embeddable":true,"href":"http:\/\/art-badkrozingen.de\/index.php?rest_route=%2Fwp%2Fv2%2Fcomments&post=6794"}],"version-history":[{"count":6,"href":"http:\/\/art-badkrozingen.de\/index.php?rest_route=\/wp\/v2\/pages\/6794\/revisions"}],"predecessor-version":[{"id":6821,"href":"http:\/\/art-badkrozingen.de\/index.php?rest_route=\/wp\/v2\/pages\/6794\/revisions\/6821"}],"wp:attachment":[{"href":"http:\/\/art-badkrozingen.de\/index.php?rest_route=%2Fwp%2Fv2%2Fmedia&parent=6794"}],"curies":[{"name":"wp","href":"https:\/\/api.w.org\/{rel}","templated":true}]}}