{"id":6934,"date":"2025-10-04T14:10:56","date_gmt":"2025-10-04T14:10:56","guid":{"rendered":"https:\/\/art-badkrozingen.de\/?page_id=6934"},"modified":"2025-12-09T07:32:55","modified_gmt":"2025-12-09T07:32:55","slug":"nicol-minova","status":"publish","type":"page","link":"http:\/\/art-badkrozingen.de\/?page_id=6934","title":{"rendered":"Nikol Minova"},"content":{"rendered":"<h4>Malerin<\/h4>\n<p>Nikol Minova (*1996 in Sofia, Bulgarien) ist eine bildende K\u00fcnstlerin, die das Innere nach au\u00dfen kehrt. Ihre Werke sind emotionale Momentaufnahmen. In ihrer k\u00fcnstlerischen Sprache verarbeitet sie pers\u00f6nliche Erfahrungen, Stimmungen und Seelenzust\u00e4nde mit gro\u00dfer Sensibilit\u00e4t.&nbsp;Schon als Kind fand Minova intuitiv zur Kunst. Nicht \u00fcber klassische Ausbildung, sondern \u00fcber das Bed\u00fcrfnis, Gef\u00fchle sichtbar zu machen. F\u00fcr sie ist Kunst ein stiller, kraftvoller Raum der Wahrnehmung und Verarbeitung. Mit feinem Gesp\u00fcr f\u00fcr Form, Farbe und Ausdruck entwickelte sie \u00fcber viele Jahre einen unverwechselbaren Stil.&nbsp;Sie arbeitet mit Bleistift, Fineliner, Buntstift, Acryl- und \u00d6lfarben, Holz und Kohle. Ihr Lebensmittelpunkt liegt derzeit in der ruhigen, von Natur und Weite gepr\u00e4gten Markgr\u00e4flerland. Ein Ort, der sich sp\u00fcrbar in ihrer k\u00fcnstlerischen Arbeit widerspiegelt.<\/p>\n<p><a href=\"http:\/\/www.nikolminova.de\">www.nikolminova.de<\/a><\/p>\n<p>Instagram: nminovaart<\/p>\n<p>&nbsp;<\/p>\n<h4>Ausstellungen:<\/h4>\n<p>02\/2024&nbsp;Freiburg &#8211; Gruppenausstellung; Kulturliste Freiburg e.V.<\/p>\n<p>09\/2025&nbsp;Bad-Krozingen &#8211; Jahresausstellung des ART Verein Bad Krozingen e.V.&nbsp;<\/p>\n<p>11\/2025&nbsp;D\u00fcsseldorf &#8211; 3-w\u00f6chige Einzelausstellung org. vom K*Buff &#8211; &nbsp;Kleinkunst und Subkultur e.V. und Tattutopia Studio<\/p>\n<!-- index.php -->\n<div\n\tclass=\"ngg-galleryoverview ngg-ajax-pagination-none\"\n\tid=\"ngg-gallery-3fe0744d838d921d77c4bf5697d0adf6-1\">\n\n    \t<div class=\"slideshowlink\">\n        <a href='http:\/\/art-badkrozingen.de\/index.php\/nggallery\/slideshow?page_id=6934'>[Zeige eine Slideshow]<\/a>\n\t\t\n\t<\/div>\n\t\t\t<!-- Thumbnails -->\n\t\t\t\t<div id=\"ngg-image-0\" class=\"ngg-gallery-thumbnail-box\" >\n\t\t\t\t        <div class=\"ngg-gallery-thumbnail\">\n            <a href=\"http:\/\/art-badkrozingen.de\/wp-content\/gallery\/nicol-minova-1\/06683B72-8C2B-4BBE-8D83-90ED571FB5BC.jpeg\"\n               title=\"\"\n               data-src=\"http:\/\/art-badkrozingen.de\/wp-content\/gallery\/nicol-minova-1\/06683B72-8C2B-4BBE-8D83-90ED571FB5BC.jpeg\"\n               data-thumbnail=\"http:\/\/art-badkrozingen.de\/wp-content\/gallery\/nicol-minova-1\/thumbs\/thumbs_06683B72-8C2B-4BBE-8D83-90ED571FB5BC.jpeg\"\n               data-image-id=\"1568\"\n               data-title=\"06683B72-8C2B-4BBE-8D83-90ED571FB5BC\"\n               data-description=\"\"\n               data-image-slug=\"06683b72-8c2b-4bbe-8d83-90ed571fb5bc\"\n               class=\"ngg-fancybox\" rel=\"3fe0744d838d921d77c4bf5697d0adf6\">\n                <img\n                    title=\"06683B72-8C2B-4BBE-8D83-90ED571FB5BC\"\n                    alt=\"06683B72-8C2B-4BBE-8D83-90ED571FB5BC\"\n                    src=\"http:\/\/art-badkrozingen.de\/wp-content\/gallery\/nicol-minova-1\/thumbs\/thumbs_06683B72-8C2B-4BBE-8D83-90ED571FB5BC.jpeg\"\n                    width=\"200\"\n                    height=\"155\"\n                    style=\"max-width:100%;\"\n                \/>\n            <\/a>\n        <\/div>\n\t\t\t\t\t\t\t<\/div> \n\t\t\t\n        \n\t\t\t\t<div id=\"ngg-image-1\" class=\"ngg-gallery-thumbnail-box\" >\n\t\t\t\t        <div class=\"ngg-gallery-thumbnail\">\n            <a href=\"http:\/\/art-badkrozingen.de\/wp-content\/gallery\/nicol-minova-1\/IMG_9992.jpeg\"\n               title=\"\"\n               data-src=\"http:\/\/art-badkrozingen.de\/wp-content\/gallery\/nicol-minova-1\/IMG_9992.jpeg\"\n               data-thumbnail=\"http:\/\/art-badkrozingen.de\/wp-content\/gallery\/nicol-minova-1\/thumbs\/thumbs_IMG_9992.jpeg\"\n               data-image-id=\"1573\"\n               data-title=\"IMG_9992\"\n               data-description=\"\"\n               data-image-slug=\"img_9992\"\n               class=\"ngg-fancybox\" rel=\"3fe0744d838d921d77c4bf5697d0adf6\">\n                <img\n                    title=\"IMG_9992\"\n                    alt=\"IMG_9992\"\n                    src=\"http:\/\/art-badkrozingen.de\/wp-content\/gallery\/nicol-minova-1\/thumbs\/thumbs_IMG_9992.jpeg\"\n                    width=\"200\"\n                    height=\"155\"\n                    style=\"max-width:100%;\"\n                \/>\n            <\/a>\n        <\/div>\n\t\t\t\t\t\t\t<\/div> \n\t\t\t\n        \n\t\t\t\t<div id=\"ngg-image-2\" class=\"ngg-gallery-thumbnail-box\" >\n\t\t\t\t        <div class=\"ngg-gallery-thumbnail\">\n            <a href=\"http:\/\/art-badkrozingen.de\/wp-content\/gallery\/nicol-minova-1\/29B252B2-D6CD-4135-B4FC-716127B5AA9A.jpeg\"\n               title=\"\"\n               data-src=\"http:\/\/art-badkrozingen.de\/wp-content\/gallery\/nicol-minova-1\/29B252B2-D6CD-4135-B4FC-716127B5AA9A.jpeg\"\n               data-thumbnail=\"http:\/\/art-badkrozingen.de\/wp-content\/gallery\/nicol-minova-1\/thumbs\/thumbs_29B252B2-D6CD-4135-B4FC-716127B5AA9A.jpeg\"\n               data-image-id=\"1859\"\n               data-title=\"29B252B2-D6CD-4135-B4FC-716127B5AA9A\"\n               data-description=\"\"\n               data-image-slug=\"29b252b2-d6cd-4135-b4fc-716127b5aa9a\"\n               class=\"ngg-fancybox\" rel=\"3fe0744d838d921d77c4bf5697d0adf6\">\n                <img\n                    title=\"29B252B2-D6CD-4135-B4FC-716127B5AA9A\"\n                    alt=\"29B252B2-D6CD-4135-B4FC-716127B5AA9A\"\n                    src=\"http:\/\/art-badkrozingen.de\/wp-content\/gallery\/nicol-minova-1\/thumbs\/thumbs_29B252B2-D6CD-4135-B4FC-716127B5AA9A.jpeg\"\n                    width=\"200\"\n                    height=\"155\"\n                    style=\"max-width:100%;\"\n                \/>\n            <\/a>\n        <\/div>\n\t\t\t\t\t\t\t<\/div> \n\t\t\t\n        \n\t\t\t\t<div id=\"ngg-image-3\" class=\"ngg-gallery-thumbnail-box\" >\n\t\t\t\t        <div class=\"ngg-gallery-thumbnail\">\n            <a href=\"http:\/\/art-badkrozingen.de\/wp-content\/gallery\/nicol-minova-1\/IMG_5893.jpeg\"\n               title=\"\"\n               data-src=\"http:\/\/art-badkrozingen.de\/wp-content\/gallery\/nicol-minova-1\/IMG_5893.jpeg\"\n               data-thumbnail=\"http:\/\/art-badkrozingen.de\/wp-content\/gallery\/nicol-minova-1\/thumbs\/thumbs_IMG_5893.jpeg\"\n               data-image-id=\"1860\"\n               data-title=\"IMG_5893\"\n               data-description=\"\"\n               data-image-slug=\"img_5893\"\n               class=\"ngg-fancybox\" rel=\"3fe0744d838d921d77c4bf5697d0adf6\">\n                <img\n                    title=\"IMG_5893\"\n                    alt=\"IMG_5893\"\n                    src=\"http:\/\/art-badkrozingen.de\/wp-content\/gallery\/nicol-minova-1\/thumbs\/thumbs_IMG_5893.jpeg\"\n                    width=\"200\"\n                    height=\"155\"\n                    style=\"max-width:100%;\"\n                \/>\n            <\/a>\n        <\/div>\n\t\t\t\t\t\t\t<\/div> \n\t\t\t\n        \n\t\t\t\t<div id=\"ngg-image-4\" class=\"ngg-gallery-thumbnail-box\" >\n\t\t\t\t        <div class=\"ngg-gallery-thumbnail\">\n            <a href=\"http:\/\/art-badkrozingen.de\/wp-content\/gallery\/nicol-minova-1\/IMG_7422.jpeg\"\n               title=\"\"\n               data-src=\"http:\/\/art-badkrozingen.de\/wp-content\/gallery\/nicol-minova-1\/IMG_7422.jpeg\"\n               data-thumbnail=\"http:\/\/art-badkrozingen.de\/wp-content\/gallery\/nicol-minova-1\/thumbs\/thumbs_IMG_7422.jpeg\"\n               data-image-id=\"1861\"\n               data-title=\"IMG_7422\"\n               data-description=\"\"\n               data-image-slug=\"img_7422\"\n               class=\"ngg-fancybox\" rel=\"3fe0744d838d921d77c4bf5697d0adf6\">\n                <img\n                    title=\"IMG_7422\"\n                    alt=\"IMG_7422\"\n                    src=\"http:\/\/art-badkrozingen.de\/wp-content\/gallery\/nicol-minova-1\/thumbs\/thumbs_IMG_7422.jpeg\"\n                    width=\"200\"\n                    height=\"155\"\n                    style=\"max-width:100%;\"\n                \/>\n            <\/a>\n        <\/div>\n\t\t\t\t\t\t\t<\/div> \n\t\t\t\n        \n\t\t\n\t\t<!-- Pagination -->\n\t<div class='ngg-clear'><\/div>\t<\/div>\n\n","protected":false},"excerpt":{"rendered":"<p>Malerin Nikol Minova (*1996 in Sofia, Bulgarien) ist eine bildende K\u00fcnstlerin, die das Innere nach au\u00dfen kehrt. Ihre Werke sind emotionale Momentaufnahmen. In ihrer k\u00fcnstlerischen Sprache verarbeitet sie pers\u00f6nliche Erfahrungen, Stimmungen und Seelenzust\u00e4nde mit gro\u00dfer Sensibilit\u00e4t.&nbsp;Schon als Kind fand Minova intuitiv zur Kunst. Nicht \u00fcber klassische Ausbildung, sondern \u00fcber das Bed\u00fcrfnis, Gef\u00fchle sichtbar zu machen. [&hellip;]<\/p>\n","protected":false},"author":1,"featured_media":0,"parent":0,"menu_order":0,"comment_status":"closed","ping_status":"closed","template":"","meta":{"ngg_post_thumbnail":0},"_links":{"self":[{"href":"http:\/\/art-badkrozingen.de\/index.php?rest_route=\/wp\/v2\/pages\/6934"}],"collection":[{"href":"http:\/\/art-badkrozingen.de\/index.php?rest_route=\/wp\/v2\/pages"}],"about":[{"href":"http:\/\/art-badkrozingen.de\/index.php?rest_route=\/wp\/v2\/types\/page"}],"author":[{"embeddable":true,"href":"http:\/\/art-badkrozingen.de\/index.php?rest_route=\/wp\/v2\/users\/1"}],"replies":[{"embeddable":true,"href":"http:\/\/art-badkrozingen.de\/index.php?rest_route=%2Fwp%2Fv2%2Fcomments&post=6934"}],"version-history":[{"count":9,"href":"http:\/\/art-badkrozingen.de\/index.php?rest_route=\/wp\/v2\/pages\/6934\/revisions"}],"predecessor-version":[{"id":6969,"href":"http:\/\/art-badkrozingen.de\/index.php?rest_route=\/wp\/v2\/pages\/6934\/revisions\/6969"}],"wp:attachment":[{"href":"http:\/\/art-badkrozingen.de\/index.php?rest_route=%2Fwp%2Fv2%2Fmedia&parent=6934"}],"curies":[{"name":"wp","href":"https:\/\/api.w.org\/{rel}","templated":true}]}}