{"id":7568,"date":"2026-02-22T08:33:57","date_gmt":"2026-02-22T08:33:57","guid":{"rendered":"https:\/\/art-badkrozingen.de\/?page_id=7568"},"modified":"2026-02-22T10:04:13","modified_gmt":"2026-02-22T10:04:13","slug":"kerstin-albietz","status":"publish","type":"page","link":"http:\/\/art-badkrozingen.de\/?page_id=7568","title":{"rendered":"Kerstin Albiez"},"content":{"rendered":"<h4><strong>Malerin<\/strong><\/h4>\n<p><img loading=\"lazy\" class=\"wp-image-7596 alignleft\" src=\"https:\/\/art-badkrozingen.de\/wp-content\/uploads\/2026\/02\/Kerstin-Albiez.jpg\" alt=\"\" width=\"201\" height=\"222\" srcset=\"http:\/\/art-badkrozingen.de\/wp-content\/uploads\/2026\/02\/Kerstin-Albiez.jpg 2594w, http:\/\/art-badkrozingen.de\/wp-content\/uploads\/2026\/02\/Kerstin-Albiez-272x300.jpg 272w, http:\/\/art-badkrozingen.de\/wp-content\/uploads\/2026\/02\/Kerstin-Albiez-927x1024.jpg 927w, http:\/\/art-badkrozingen.de\/wp-content\/uploads\/2026\/02\/Kerstin-Albiez-768x849.jpg 768w, http:\/\/art-badkrozingen.de\/wp-content\/uploads\/2026\/02\/Kerstin-Albiez-1390x1536.jpg 1390w, http:\/\/art-badkrozingen.de\/wp-content\/uploads\/2026\/02\/Kerstin-Albiez-1854x2048.jpg 1854w\" sizes=\"(max-width: 201px) 100vw, 201px\" \/><\/p>\n<p>geb.am 13..11.1961 in Giessen, seit 1975 wohnhaft in Bad Krozingen, verheiratet, eine Tochter, zwei&nbsp; Enkelkinder<\/p>\n<p>Autodidaktische Ausbildung in Acryl und Aquarellmalerei ab 2012;<\/p>\n<p>seit 2021 j\u00e4hrliche Malferien mit den britischen Aquarellk\u00fcnstlern Paul Clark und Margot Lofts auf<\/p>\n<p>La Gomera\/ Kanaren, Albufeira\/ Portugal sowie Cornwall und Devon in England. Aneignung weiterer Techniken<\/p>\n<p>und Wissen \u00fcber B\u00fccher sowie Youtube mit verschiedenen K\u00fcnstlern aus Deutschland, England, Kanada<\/p>\n<p>Mitglied im Kunstverein ART&nbsp; Bad Krozingen seit November 2022<\/p>\n<p><!-- index.php -->\n<div\n\tclass=\"ngg-galleryoverview ngg-ajax-pagination-none\"\n\tid=\"ngg-gallery-dee826f4cfd58b9df3e01f30cd886f71-1\">\n\n    \t<div class=\"slideshowlink\">\n        <a href='http:\/\/art-badkrozingen.de\/index.php\/nggallery\/slideshow?page_id=7568'>[Zeige eine Slideshow]<\/a>\n\t\t\n\t<\/div>\n\t\t\t<!-- Thumbnails -->\n\t\t\t\t<div id=\"ngg-image-0\" class=\"ngg-gallery-thumbnail-box\" >\n\t\t\t\t        <div class=\"ngg-gallery-thumbnail\">\n            <a href=\"http:\/\/art-badkrozingen.de\/wp-content\/gallery\/kerstin-albiez-1\/12bcc4cb-6f04-4e51-a3dd-505fc850691a-1_all_33686.jpg\"\n               title=\"\"\n               data-src=\"http:\/\/art-badkrozingen.de\/wp-content\/gallery\/kerstin-albiez-1\/12bcc4cb-6f04-4e51-a3dd-505fc850691a-1_all_33686.jpg\"\n               data-thumbnail=\"http:\/\/art-badkrozingen.de\/wp-content\/gallery\/kerstin-albiez-1\/thumbs\/thumbs_12bcc4cb-6f04-4e51-a3dd-505fc850691a-1_all_33686.jpg\"\n               data-image-id=\"1867\"\n               data-title=\"12bcc4cb-6f04-4e51-a3dd-505fc850691a-1_all_33686\"\n               data-description=\"\"\n               data-image-slug=\"12bcc4cb-6f04-4e51-a3dd-505fc850691a-1_all_33686\"\n               class=\"ngg-fancybox\" rel=\"dee826f4cfd58b9df3e01f30cd886f71\">\n                <img\n                    title=\"12bcc4cb-6f04-4e51-a3dd-505fc850691a-1_all_33686\"\n                    alt=\"12bcc4cb-6f04-4e51-a3dd-505fc850691a-1_all_33686\"\n                    src=\"http:\/\/art-badkrozingen.de\/wp-content\/gallery\/kerstin-albiez-1\/thumbs\/thumbs_12bcc4cb-6f04-4e51-a3dd-505fc850691a-1_all_33686.jpg\"\n                    width=\"200\"\n                    height=\"155\"\n                    style=\"max-width:100%;\"\n                \/>\n            <\/a>\n        <\/div>\n\t\t\t\t\t\t\t<\/div> \n\t\t\t\n        \n\t\t\t\t<div id=\"ngg-image-1\" class=\"ngg-gallery-thumbnail-box\" >\n\t\t\t\t        <div class=\"ngg-gallery-thumbnail\">\n            <a href=\"http:\/\/art-badkrozingen.de\/wp-content\/gallery\/kerstin-albiez-1\/1000080174.jpg\"\n               title=\"\"\n               data-src=\"http:\/\/art-badkrozingen.de\/wp-content\/gallery\/kerstin-albiez-1\/1000080174.jpg\"\n               data-thumbnail=\"http:\/\/art-badkrozingen.de\/wp-content\/gallery\/kerstin-albiez-1\/thumbs\/thumbs_1000080174.jpg\"\n               data-image-id=\"1868\"\n               data-title=\"1000080174\"\n               data-description=\"\"\n               data-image-slug=\"1000080174\"\n               class=\"ngg-fancybox\" rel=\"dee826f4cfd58b9df3e01f30cd886f71\">\n                <img\n                    title=\"1000080174\"\n                    alt=\"1000080174\"\n                    src=\"http:\/\/art-badkrozingen.de\/wp-content\/gallery\/kerstin-albiez-1\/thumbs\/thumbs_1000080174.jpg\"\n                    width=\"200\"\n                    height=\"155\"\n                    style=\"max-width:100%;\"\n                \/>\n            <\/a>\n        <\/div>\n\t\t\t\t\t\t\t<\/div> \n\t\t\t\n        \n\t\t\t\t<div id=\"ngg-image-2\" class=\"ngg-gallery-thumbnail-box\" >\n\t\t\t\t        <div class=\"ngg-gallery-thumbnail\">\n            <a href=\"http:\/\/art-badkrozingen.de\/wp-content\/gallery\/kerstin-albiez-1\/1000002683.jpg\"\n               title=\"\"\n               data-src=\"http:\/\/art-badkrozingen.de\/wp-content\/gallery\/kerstin-albiez-1\/1000002683.jpg\"\n               data-thumbnail=\"http:\/\/art-badkrozingen.de\/wp-content\/gallery\/kerstin-albiez-1\/thumbs\/thumbs_1000002683.jpg\"\n               data-image-id=\"1869\"\n               data-title=\"1000002683\"\n               data-description=\"\"\n               data-image-slug=\"1000002683\"\n               class=\"ngg-fancybox\" rel=\"dee826f4cfd58b9df3e01f30cd886f71\">\n                <img\n                    title=\"1000002683\"\n                    alt=\"1000002683\"\n                    src=\"http:\/\/art-badkrozingen.de\/wp-content\/gallery\/kerstin-albiez-1\/thumbs\/thumbs_1000002683.jpg\"\n                    width=\"200\"\n                    height=\"155\"\n                    style=\"max-width:100%;\"\n                \/>\n            <\/a>\n        <\/div>\n\t\t\t\t\t\t\t<\/div> \n\t\t\t\n        \n\t\t\t\t<div id=\"ngg-image-3\" class=\"ngg-gallery-thumbnail-box\" >\n\t\t\t\t        <div class=\"ngg-gallery-thumbnail\">\n            <a href=\"http:\/\/art-badkrozingen.de\/wp-content\/gallery\/kerstin-albiez-1\/12bcc4cb-6f04-4e51-a3dd-505fc850691a-1_all_34136.jpg\"\n               title=\"\"\n               data-src=\"http:\/\/art-badkrozingen.de\/wp-content\/gallery\/kerstin-albiez-1\/12bcc4cb-6f04-4e51-a3dd-505fc850691a-1_all_34136.jpg\"\n               data-thumbnail=\"http:\/\/art-badkrozingen.de\/wp-content\/gallery\/kerstin-albiez-1\/thumbs\/thumbs_12bcc4cb-6f04-4e51-a3dd-505fc850691a-1_all_34136.jpg\"\n               data-image-id=\"1870\"\n               data-title=\"12bcc4cb-6f04-4e51-a3dd-505fc850691a-1_all_34136\"\n               data-description=\"\"\n               data-image-slug=\"12bcc4cb-6f04-4e51-a3dd-505fc850691a-1_all_34136\"\n               class=\"ngg-fancybox\" rel=\"dee826f4cfd58b9df3e01f30cd886f71\">\n                <img\n                    title=\"12bcc4cb-6f04-4e51-a3dd-505fc850691a-1_all_34136\"\n                    alt=\"12bcc4cb-6f04-4e51-a3dd-505fc850691a-1_all_34136\"\n                    src=\"http:\/\/art-badkrozingen.de\/wp-content\/gallery\/kerstin-albiez-1\/thumbs\/thumbs_12bcc4cb-6f04-4e51-a3dd-505fc850691a-1_all_34136.jpg\"\n                    width=\"200\"\n                    height=\"155\"\n                    style=\"max-width:100%;\"\n                \/>\n            <\/a>\n        <\/div>\n\t\t\t\t\t\t\t<\/div> \n\t\t\t\n        \n\t\t\t\t<div id=\"ngg-image-4\" class=\"ngg-gallery-thumbnail-box\" >\n\t\t\t\t        <div class=\"ngg-gallery-thumbnail\">\n            <a href=\"http:\/\/art-badkrozingen.de\/wp-content\/gallery\/kerstin-albiez-1\/1000002672.jpg\"\n               title=\"\"\n               data-src=\"http:\/\/art-badkrozingen.de\/wp-content\/gallery\/kerstin-albiez-1\/1000002672.jpg\"\n               data-thumbnail=\"http:\/\/art-badkrozingen.de\/wp-content\/gallery\/kerstin-albiez-1\/thumbs\/thumbs_1000002672.jpg\"\n               data-image-id=\"1871\"\n               data-title=\"1000002672\"\n               data-description=\"\"\n               data-image-slug=\"1000002672\"\n               class=\"ngg-fancybox\" rel=\"dee826f4cfd58b9df3e01f30cd886f71\">\n                <img\n                    title=\"1000002672\"\n                    alt=\"1000002672\"\n                    src=\"http:\/\/art-badkrozingen.de\/wp-content\/gallery\/kerstin-albiez-1\/thumbs\/thumbs_1000002672.jpg\"\n                    width=\"200\"\n                    height=\"155\"\n                    style=\"max-width:100%;\"\n                \/>\n            <\/a>\n        <\/div>\n\t\t\t\t\t\t\t<\/div> \n\t\t\t\n        \n\t\t\t\t<div id=\"ngg-image-5\" class=\"ngg-gallery-thumbnail-box\" >\n\t\t\t\t        <div class=\"ngg-gallery-thumbnail\">\n            <a href=\"http:\/\/art-badkrozingen.de\/wp-content\/gallery\/kerstin-albiez-1\/1000202290.jpg\"\n               title=\"\"\n               data-src=\"http:\/\/art-badkrozingen.de\/wp-content\/gallery\/kerstin-albiez-1\/1000202290.jpg\"\n               data-thumbnail=\"http:\/\/art-badkrozingen.de\/wp-content\/gallery\/kerstin-albiez-1\/thumbs\/thumbs_1000202290.jpg\"\n               data-image-id=\"1872\"\n               data-title=\"1000202290\"\n               data-description=\"\"\n               data-image-slug=\"1000202290\"\n               class=\"ngg-fancybox\" rel=\"dee826f4cfd58b9df3e01f30cd886f71\">\n                <img\n                    title=\"1000202290\"\n                    alt=\"1000202290\"\n                    src=\"http:\/\/art-badkrozingen.de\/wp-content\/gallery\/kerstin-albiez-1\/thumbs\/thumbs_1000202290.jpg\"\n                    width=\"200\"\n                    height=\"155\"\n                    style=\"max-width:100%;\"\n                \/>\n            <\/a>\n        <\/div>\n\t\t\t\t\t\t\t<\/div> \n\t\t\t\n        \n\t\t\t\t<div id=\"ngg-image-6\" class=\"ngg-gallery-thumbnail-box\" >\n\t\t\t\t        <div class=\"ngg-gallery-thumbnail\">\n            <a href=\"http:\/\/art-badkrozingen.de\/wp-content\/gallery\/kerstin-albiez-1\/12bcc4cb-6f04-4e51-a3dd-505fc850691a-1_all_49120.jpg\"\n               title=\"\"\n               data-src=\"http:\/\/art-badkrozingen.de\/wp-content\/gallery\/kerstin-albiez-1\/12bcc4cb-6f04-4e51-a3dd-505fc850691a-1_all_49120.jpg\"\n               data-thumbnail=\"http:\/\/art-badkrozingen.de\/wp-content\/gallery\/kerstin-albiez-1\/thumbs\/thumbs_12bcc4cb-6f04-4e51-a3dd-505fc850691a-1_all_49120.jpg\"\n               data-image-id=\"1873\"\n               data-title=\"12bcc4cb-6f04-4e51-a3dd-505fc850691a-1_all_49120\"\n               data-description=\"\"\n               data-image-slug=\"12bcc4cb-6f04-4e51-a3dd-505fc850691a-1_all_49120\"\n               class=\"ngg-fancybox\" rel=\"dee826f4cfd58b9df3e01f30cd886f71\">\n                <img\n                    title=\"12bcc4cb-6f04-4e51-a3dd-505fc850691a-1_all_49120\"\n                    alt=\"12bcc4cb-6f04-4e51-a3dd-505fc850691a-1_all_49120\"\n                    src=\"http:\/\/art-badkrozingen.de\/wp-content\/gallery\/kerstin-albiez-1\/thumbs\/thumbs_12bcc4cb-6f04-4e51-a3dd-505fc850691a-1_all_49120.jpg\"\n                    width=\"200\"\n                    height=\"155\"\n                    style=\"max-width:100%;\"\n                \/>\n            <\/a>\n        <\/div>\n\t\t\t\t\t\t\t<\/div> \n\t\t\t\n        \n\t\t\t\t<div id=\"ngg-image-7\" class=\"ngg-gallery-thumbnail-box\" >\n\t\t\t\t        <div class=\"ngg-gallery-thumbnail\">\n            <a href=\"http:\/\/art-badkrozingen.de\/wp-content\/gallery\/kerstin-albiez-1\/1000202289.png\"\n               title=\"\"\n               data-src=\"http:\/\/art-badkrozingen.de\/wp-content\/gallery\/kerstin-albiez-1\/1000202289.png\"\n               data-thumbnail=\"http:\/\/art-badkrozingen.de\/wp-content\/gallery\/kerstin-albiez-1\/thumbs\/thumbs_1000202289.png\"\n               data-image-id=\"1874\"\n               data-title=\"1000202289\"\n               data-description=\"\"\n               data-image-slug=\"1000202289\"\n               class=\"ngg-fancybox\" rel=\"dee826f4cfd58b9df3e01f30cd886f71\">\n                <img\n                    title=\"1000202289\"\n                    alt=\"1000202289\"\n                    src=\"http:\/\/art-badkrozingen.de\/wp-content\/gallery\/kerstin-albiez-1\/thumbs\/thumbs_1000202289.png\"\n                    width=\"200\"\n                    height=\"155\"\n                    style=\"max-width:100%;\"\n                \/>\n            <\/a>\n        <\/div>\n\t\t\t\t\t\t\t<\/div> \n\t\t\t\n        \n\t\t\n\t\t<!-- Pagination -->\n\t<div class='ngg-clear'><\/div>\t<\/div>\n<strong>Ausstellungen:<\/strong><\/p>\n<p>Juli bis&nbsp; Dezember 2024 Ausstellung des Kunstvereins ART im Krematorium S\u00fcdbaden Eschbach<\/p>\n<p>5. Mai 2024 Teilnahme an der Kunstallee des&nbsp; Kunstverein ART&nbsp; Bad Krozingen im Kurpark Bad Krozingen<\/p>\n<p>Juli \u2013 September 2024 Ausstellung im Caf\u00e9 Mohrenk\u00f6pfle Bad Krozingen<\/p>\n<p>06.09.-08.09.2024&nbsp; Teilnahme an der Jahresausstellung zum 10. Jubil\u00e4um des Kunstverein ART Bad Krozingen im Kurhaus Bad Krozingen<\/p>\n<p>Januar bis Juni 2026 Ausstellung des Kunstverein ART im Krematorium S\u00fcdbaden Eschbach<\/p>\n<p>01.03.2026 bis 20.06.2026 Ausstellung im Wasserschloss Entenstein in Schliengen<\/p>\n","protected":false},"excerpt":{"rendered":"<p>Malerin geb.am 13..11.1961 in Giessen, seit 1975 wohnhaft in Bad Krozingen, verheiratet, eine Tochter, zwei&nbsp; Enkelkinder Autodidaktische Ausbildung in Acryl und Aquarellmalerei ab 2012; seit 2021 j\u00e4hrliche Malferien mit den britischen Aquarellk\u00fcnstlern Paul Clark und Margot Lofts auf La Gomera\/ Kanaren, Albufeira\/ Portugal sowie Cornwall und Devon in England. Aneignung weiterer Techniken und Wissen \u00fcber [&hellip;]<\/p>\n","protected":false},"author":1,"featured_media":0,"parent":0,"menu_order":0,"comment_status":"closed","ping_status":"closed","template":"","meta":{"ngg_post_thumbnail":0},"_links":{"self":[{"href":"http:\/\/art-badkrozingen.de\/index.php?rest_route=\/wp\/v2\/pages\/7568"}],"collection":[{"href":"http:\/\/art-badkrozingen.de\/index.php?rest_route=\/wp\/v2\/pages"}],"about":[{"href":"http:\/\/art-badkrozingen.de\/index.php?rest_route=\/wp\/v2\/types\/page"}],"author":[{"embeddable":true,"href":"http:\/\/art-badkrozingen.de\/index.php?rest_route=\/wp\/v2\/users\/1"}],"replies":[{"embeddable":true,"href":"http:\/\/art-badkrozingen.de\/index.php?rest_route=%2Fwp%2Fv2%2Fcomments&post=7568"}],"version-history":[{"count":11,"href":"http:\/\/art-badkrozingen.de\/index.php?rest_route=\/wp\/v2\/pages\/7568\/revisions"}],"predecessor-version":[{"id":7599,"href":"http:\/\/art-badkrozingen.de\/index.php?rest_route=\/wp\/v2\/pages\/7568\/revisions\/7599"}],"wp:attachment":[{"href":"http:\/\/art-badkrozingen.de\/index.php?rest_route=%2Fwp%2Fv2%2Fmedia&parent=7568"}],"curies":[{"name":"wp","href":"https:\/\/api.w.org\/{rel}","templated":true}]}}