{"id":128,"date":"2017-08-03T09:46:31","date_gmt":"2017-08-03T09:46:31","guid":{"rendered":"http:\/\/art-badkrozingen.de\/?page_id=128"},"modified":"2017-08-03T16:59:34","modified_gmt":"2017-08-03T16:59:34","slug":"marie-francoise-hofmann","status":"publish","type":"page","link":"https:\/\/art-badkrozingen.de\/?page_id=128","title":{"rendered":"Marie-Francoise Hofmann"},"content":{"rendered":"<h4>Malerin<\/h4>\n<p>Marie Francoise Hofmann ist 1945 in Frankreich geboren, seit vielen Jahren lebt sie in Neuenburg am Rhein. F\u00fcr ihre k\u00fcnstlerische Weiterbildung besuchte sie regelm\u00e4\u00dfig Kurse, in denen sie in verschiedenen Maltechniken unterrichtet wurde und ihr K\u00f6nnen vertiefen konnte. Ihre bevorzugten Motive sind Landschaften, das Meer sowie Portr\u00e4ts und Blumenbilder. Sie ist eine gro\u00dfe Liebhaberin der Farben und des Lebens.<\/p>\n<p><img loading=\"lazy\" class=\"alignnone size-full wp-image-188\" src=\"http:\/\/art-badkrozingen.de\/wp-content\/uploads\/2017\/08\/Marie-Francoise-Hofmann1.jpg\" alt=\"\" width=\"252\" height=\"436\" srcset=\"https:\/\/art-badkrozingen.de\/wp-content\/uploads\/2017\/08\/Marie-Francoise-Hofmann1.jpg 252w, https:\/\/art-badkrozingen.de\/wp-content\/uploads\/2017\/08\/Marie-Francoise-Hofmann1-173x300.jpg 173w\" sizes=\"(max-width: 252px) 100vw, 252px\" \/><img loading=\"lazy\" class=\"alignnone size-full wp-image-190\" src=\"http:\/\/art-badkrozingen.de\/wp-content\/uploads\/2017\/08\/Marie-Francoise-Hofmann2.jpg\" alt=\"\" width=\"499\" height=\"279\" srcset=\"https:\/\/art-badkrozingen.de\/wp-content\/uploads\/2017\/08\/Marie-Francoise-Hofmann2.jpg 499w, https:\/\/art-badkrozingen.de\/wp-content\/uploads\/2017\/08\/Marie-Francoise-Hofmann2-300x168.jpg 300w\" sizes=\"(max-width: 499px) 100vw, 499px\" \/><\/p>\n","protected":false},"excerpt":{"rendered":"<p>Malerin Marie Francoise Hofmann ist 1945 in Frankreich geboren, seit vielen Jahren lebt sie in Neuenburg am Rhein. F\u00fcr ihre k\u00fcnstlerische Weiterbildung besuchte sie regelm\u00e4\u00dfig Kurse, in denen sie in verschiedenen Maltechniken unterrichtet wurde und ihr K\u00f6nnen vertiefen konnte. Ihre bevorzugten Motive sind Landschaften, das Meer sowie Portr\u00e4ts und Blumenbilder. Sie ist eine gro\u00dfe Liebhaberin [&hellip;]<\/p>\n","protected":false},"author":1,"featured_media":0,"parent":0,"menu_order":0,"comment_status":"closed","ping_status":"closed","template":"","meta":{"ngg_post_thumbnail":0},"_links":{"self":[{"href":"https:\/\/art-badkrozingen.de\/index.php?rest_route=\/wp\/v2\/pages\/128"}],"collection":[{"href":"https:\/\/art-badkrozingen.de\/index.php?rest_route=\/wp\/v2\/pages"}],"about":[{"href":"https:\/\/art-badkrozingen.de\/index.php?rest_route=\/wp\/v2\/types\/page"}],"author":[{"embeddable":true,"href":"https:\/\/art-badkrozingen.de\/index.php?rest_route=\/wp\/v2\/users\/1"}],"replies":[{"embeddable":true,"href":"https:\/\/art-badkrozingen.de\/index.php?rest_route=%2Fwp%2Fv2%2Fcomments&post=128"}],"version-history":[{"count":4,"href":"https:\/\/art-badkrozingen.de\/index.php?rest_route=\/wp\/v2\/pages\/128\/revisions"}],"predecessor-version":[{"id":191,"href":"https:\/\/art-badkrozingen.de\/index.php?rest_route=\/wp\/v2\/pages\/128\/revisions\/191"}],"wp:attachment":[{"href":"https:\/\/art-badkrozingen.de\/index.php?rest_route=%2Fwp%2Fv2%2Fmedia&parent=128"}],"curies":[{"name":"wp","href":"https:\/\/api.w.org\/{rel}","templated":true}]}}