{"id":1574,"date":"2017-12-08T13:54:57","date_gmt":"2017-12-08T13:54:57","guid":{"rendered":"http:\/\/art-badkrozingen.de\/?page_id=1574"},"modified":"2017-12-18T15:37:45","modified_gmt":"2017-12-18T15:37:45","slug":"heidi-kalkmann","status":"publish","type":"page","link":"https:\/\/art-badkrozingen.de\/?page_id=1574","title":{"rendered":"Heidi Kalkmann"},"content":{"rendered":"<h4>Malerin<\/h4>\n<p>Die K\u00fcnstlerin Heidi Kalkmann lebt in der kalten Jahreszeit in Bad Krozingen und die sonnigen Monate verbringt sie auf der griechischen Insel Korfu. Dort malt sie in ihrem Atelier im kleinen Bergdorf Afionas und betreibt dort ein kleines L\u00e4delchen mit integrierter Galerie.<\/p>\n<p>Ihre Bilder entstehen durch das Auftragen mehrerer Farbschichten neben- und \u00fcbereinander, so verdichten und ver\u00e4ndern sich die Bilder w\u00e4hrend des Arbeitsprozesses, Fl\u00e4chen und Strukturen werden geschaffen, es entstehen R\u00e4ume und Tiefen, von denen die K\u00fcnstlerin oftmals zu Beginn ihres Arbeitsprozesses noch nichts wei\u00df. So geht es f\u00fcr die K\u00fcnstlerin, aber auch f\u00fcr den Betrachter, um ein Entdecken von etwas Unbekanntem, von etwas Fremden, etwas Geheimnisvollem. Diese Vorgehensweise ben\u00f6tigt manchmal viel Zeit, so dass oftmals mehrere Leinw\u00e4nde gleichzeitig bearbeitet werden, bevor dann der Prozessverlauf sich so entwickelt, bereit zu sein f\u00fcr den Entschlu\u00df, das Bild ist fertig.<\/p>\n<p>In der regelm\u00e4\u00dfigen Teilnahme an Seminaren der Kunstakademie Bad Reichenhall und der Kunstfabrik Wien verfeinert die K\u00fcnstlerin ihre gestalterischen F\u00e4higkeiten und holt sich dort auch neue Impulse. Die K\u00fcnstlerin verwendet f\u00fcr ihre Bilder hochwertige Acrylfarben, Zeichentusche und lichtechte Fixierung.<\/p>\n<p><strong>AUSSTELLUNGEN<\/strong><strong>&nbsp;<\/strong><\/p>\n<p>2017 \u2013 MedCenter Oberwiehre, Freiburg<br \/>\n2017 &#8211;&nbsp; Cafe Leysieffer, K\u00f6 \u2013 D\u00fcsseldorf<br \/>\n2016 &#8211;&nbsp; Grafenschl\u00f6\u00dfl, Tittling (Bay. Wald)<br \/>\n2016 &#8211;&nbsp; Art Jahresausstellung Bad Krozingen<br \/>\n2016 \u2013 Kunstsalon Bad Krozingen<br \/>\n2014 \u2013 Justizakademie Recklinghausen<br \/>\n2013 \u2013 Kunstmesse \u2013 Arte \u2013 Binningen (Schweiz)<br \/>\n2013 \u2013 Winzergenossenschaft Wolfenweiler<br \/>\n2013 \u2013 Helios Klinik M\u00fcllheim<br \/>\n2012 \u2013 Cafe-Restaurant Talstation, M\u00fcnstertal<br \/>\n2011 \u2013 Kurhaus, Bad Krozingen<br \/>\n2010 \u2013 Kunstscheune, Bremgarten<br \/>\n2009 \u2013 Grafenschl\u00f6\u00dfl , Tittling (Bay. Wald)<br \/>\n2008 \u2013 Galerie Rubikon, Olomouc (Tschechien)<br \/>\n2008 \u2013 Galerie Labyrint, Hradec Kralove (Tschechien)<br \/>\n2007 bis heute Sommerausstellung, Afionas (Korfu\/Griechenland)<\/p>\n<p>&nbsp;<\/p>\n<p><img loading=\"lazy\" class=\"alignnone size-full wp-image-1575\" src=\"http:\/\/art-badkrozingen.de\/wp-content\/uploads\/2017\/12\/Heidi_Kalkmann1.jpg\" alt=\"\" width=\"290\" height=\"203\"><img loading=\"lazy\" class=\"alignnone size-full wp-image-1576\" src=\"http:\/\/art-badkrozingen.de\/wp-content\/uploads\/2017\/12\/Heidi_Kalkmann2.jpg\" alt=\"\" width=\"290\" height=\"268\"><img loading=\"lazy\" class=\"alignnone size-full wp-image-1591\" src=\"http:\/\/art-badkrozingen.de\/wp-content\/uploads\/2017\/12\/Heidi_Kalkmann3.jpg\" alt=\"\" width=\"290\" height=\"264\"><\/p>\n","protected":false},"excerpt":{"rendered":"<p>Malerin Die K\u00fcnstlerin Heidi Kalkmann lebt in der kalten Jahreszeit in Bad Krozingen und die sonnigen Monate verbringt sie auf der griechischen Insel Korfu. Dort malt sie in ihrem Atelier im kleinen Bergdorf Afionas und betreibt dort ein kleines L\u00e4delchen mit integrierter Galerie. Ihre Bilder entstehen durch das Auftragen mehrerer Farbschichten neben- und \u00fcbereinander, so [&hellip;]<\/p>\n","protected":false},"author":1,"featured_media":0,"parent":0,"menu_order":0,"comment_status":"closed","ping_status":"closed","template":"","meta":{"ngg_post_thumbnail":0},"_links":{"self":[{"href":"https:\/\/art-badkrozingen.de\/index.php?rest_route=\/wp\/v2\/pages\/1574"}],"collection":[{"href":"https:\/\/art-badkrozingen.de\/index.php?rest_route=\/wp\/v2\/pages"}],"about":[{"href":"https:\/\/art-badkrozingen.de\/index.php?rest_route=\/wp\/v2\/types\/page"}],"author":[{"embeddable":true,"href":"https:\/\/art-badkrozingen.de\/index.php?rest_route=\/wp\/v2\/users\/1"}],"replies":[{"embeddable":true,"href":"https:\/\/art-badkrozingen.de\/index.php?rest_route=%2Fwp%2Fv2%2Fcomments&post=1574"}],"version-history":[{"count":4,"href":"https:\/\/art-badkrozingen.de\/index.php?rest_route=\/wp\/v2\/pages\/1574\/revisions"}],"predecessor-version":[{"id":1696,"href":"https:\/\/art-badkrozingen.de\/index.php?rest_route=\/wp\/v2\/pages\/1574\/revisions\/1696"}],"wp:attachment":[{"href":"https:\/\/art-badkrozingen.de\/index.php?rest_route=%2Fwp%2Fv2%2Fmedia&parent=1574"}],"curies":[{"name":"wp","href":"https:\/\/api.w.org\/{rel}","templated":true}]}}