{"id":2747,"date":"2019-05-16T11:34:47","date_gmt":"2019-05-16T11:34:47","guid":{"rendered":"http:\/\/art-badkrozingen.de\/?page_id=2747"},"modified":"2019-08-15T15:55:31","modified_gmt":"2019-08-15T15:55:31","slug":"dr-martina-bischoff","status":"publish","type":"page","link":"https:\/\/art-badkrozingen.de\/?page_id=2747","title":{"rendered":"Martina Bischoff"},"content":{"rendered":"<p>&nbsp;\u201eMir ist es wichtig allt\u00e4gliche Gegenst\u00e4nde durch die Fotographie zu ver\u00e4ndern, um den Betrachter zu interessieren und Fragen aufzuwerfen.\u201c<\/p>\n<p>Schon als Jugendliche&nbsp; habe ich mich produktiv mit der Malerei auseinandergesetzt. Es entstehen Bilder in Acryl, Aquarell und Zeichnungen und Kollagen. Seit ich meine erste eigene Kamera hatte war die Fotographie steter Begleiter. Zu Beginn haben mich Stillleben fasziniert, die detailgetreue Erfassung einer arrangierten Situation. Diese Detailaufnahmen lassen Raum, Zeit und Ort nicht mehr erkennen und haben damit&nbsp; eine zeitlose G\u00fcltigkeit. Autodidaktisch habe ich die Formensprache der Fotographie durch die Bewegung erweitert, um so die Mehrdeutigkeit und die Dynamik der Fotographien zu erweitern. Durch die Abbildung der Fotographien auf Leinwand gelingt ein Br\u00fcckenschlag zwischen Fotographie und Malerei.<\/p>\n<p><img loading=\"lazy\" class=\"wp-image-2746 alignleft\" src=\"https:\/\/art-badkrozingen.de\/wp-content\/uploads\/2019\/05\/Bischoff-2-e1558005813899.jpg\" alt=\"\" width=\"233\" height=\"310\" srcset=\"https:\/\/art-badkrozingen.de\/wp-content\/uploads\/2019\/05\/Bischoff-2-e1558005813899.jpg 382w, https:\/\/art-badkrozingen.de\/wp-content\/uploads\/2019\/05\/Bischoff-2-e1558005813899-225x300.jpg 225w\" sizes=\"(max-width: 233px) 100vw, 233px\" \/><img loading=\"lazy\" class=\"wp-image-2745 alignleft\" src=\"https:\/\/art-badkrozingen.de\/wp-content\/uploads\/2019\/05\/Bischoff-1-e1558005740176.jpg\" alt=\"\" width=\"542\" height=\"315\"><img loading=\"lazy\" class=\" wp-image-3040 alignleft\" src=\"https:\/\/art-badkrozingen.de\/wp-content\/uploads\/2019\/08\/20190711_204853-e1565880812630.jpg\" alt=\"\" width=\"799\" height=\"448\"> <img loading=\"lazy\" class=\"size-full wp-image-3039 alignleft\" src=\"https:\/\/art-badkrozingen.de\/wp-content\/uploads\/2019\/08\/20190711_202405-e1565880836454.jpg\" alt=\"\" width=\"800\" height=\"450\">&nbsp;<\/p>\n<p><img loading=\"lazy\" class=\"size-full wp-image-3038 alignleft\" src=\"https:\/\/art-badkrozingen.de\/wp-content\/uploads\/2019\/08\/20190711_213244-e1565880861256.jpg\" alt=\"\" width=\"800\" height=\"450\"><\/p>\n","protected":false},"excerpt":{"rendered":"<p>&nbsp;\u201eMir ist es wichtig allt\u00e4gliche Gegenst\u00e4nde durch die Fotographie zu ver\u00e4ndern, um den Betrachter zu interessieren und Fragen aufzuwerfen.\u201c Schon als Jugendliche&nbsp; habe ich mich produktiv mit der Malerei auseinandergesetzt. Es entstehen Bilder in Acryl, Aquarell und Zeichnungen und Kollagen. Seit ich meine erste eigene Kamera hatte war die Fotographie steter Begleiter. Zu Beginn haben [&hellip;]<\/p>\n","protected":false},"author":1,"featured_media":0,"parent":0,"menu_order":0,"comment_status":"closed","ping_status":"closed","template":"","meta":{"ngg_post_thumbnail":0},"_links":{"self":[{"href":"https:\/\/art-badkrozingen.de\/index.php?rest_route=\/wp\/v2\/pages\/2747"}],"collection":[{"href":"https:\/\/art-badkrozingen.de\/index.php?rest_route=\/wp\/v2\/pages"}],"about":[{"href":"https:\/\/art-badkrozingen.de\/index.php?rest_route=\/wp\/v2\/types\/page"}],"author":[{"embeddable":true,"href":"https:\/\/art-badkrozingen.de\/index.php?rest_route=\/wp\/v2\/users\/1"}],"replies":[{"embeddable":true,"href":"https:\/\/art-badkrozingen.de\/index.php?rest_route=%2Fwp%2Fv2%2Fcomments&post=2747"}],"version-history":[{"count":9,"href":"https:\/\/art-badkrozingen.de\/index.php?rest_route=\/wp\/v2\/pages\/2747\/revisions"}],"predecessor-version":[{"id":3066,"href":"https:\/\/art-badkrozingen.de\/index.php?rest_route=\/wp\/v2\/pages\/2747\/revisions\/3066"}],"wp:attachment":[{"href":"https:\/\/art-badkrozingen.de\/index.php?rest_route=%2Fwp%2Fv2%2Fmedia&parent=2747"}],"curies":[{"name":"wp","href":"https:\/\/api.w.org\/{rel}","templated":true}]}}