{"id":28,"date":"2017-08-02T17:18:35","date_gmt":"2017-08-02T17:18:35","guid":{"rendered":"http:\/\/art-badkrozingen.de\/?page_id=28"},"modified":"2026-04-15T06:50:26","modified_gmt":"2026-04-15T06:50:26","slug":"sponsor-werden","status":"publish","type":"page","link":"https:\/\/art-badkrozingen.de\/?page_id=28","title":{"rendered":"Sponsor werden"},"content":{"rendered":"<p><strong>Kunst kostet Geld. Daher hei\u00dfen wir Sponsoren und F\u00f6rderer herzlich willkommen.<\/strong><\/p>\n<p>Wir finanzieren uns durch Mitgliedsbeitr\u00e4ge, Spenden und Sponsoring. Der Verein verfolgt ausschlie\u00dflich und unmittelbar gemeinn\u00fctzige Zwecke und ist selbstlos t\u00e4tig<\/p>\n<p><strong>Ihr Vorteil einer Sponsorschaft<\/strong><\/p>\n<p>Durch Ihre Sponsorschaft unterst\u00fctzen Sie die Arbeit von <strong>ART Bad Krozingen e.V. <\/strong>und somit die kulturellen und gesellschaftlichen Ereignisse unserer Stadt. F\u00fcr Ihr Sponsoring erhalten Sie nat\u00fcrlich Spendenbescheinigungen. Auf Wunsch erscheint Ihr Unternehmenslogo in der Rubrik &#8220;Sponsoren und Partner&#8221; auf unserer Homepage sowie auf Plakaten \/ Flyern f\u00fcr unsere diversen Veranstaltungen jeweils nach vorheriger Absprache mit Ihnen. Sind Sie interessiert, die Kunst in und um Bad Krozingen zu unterst\u00fctzen? Dann sprechen Sie uns bitte an \u00fcber unsere e-mail-Adresse <strong>info@art-bad-krozingen.de<\/strong>.<\/p>\n<p><strong>Als&nbsp;F\u00f6rdermitglied unterst\u00fctzen Sie mit Ihrem Mitgliedsbeitrag unsere Ziele.<\/strong><\/p>\n<p><strong>&gt;<a href=\"https:\/\/art-badkrozingen.de\/wp-content\/uploads\/2021\/04\/Flyer002.pdf\" target=\"_blank\" rel=\"noopener\"> Flyer Beitrittserkl\u00e4rung zum Download<\/a><\/strong><\/p>\n<p>Senden Sie die ausgef\u00fcllte Beitrittserkl\u00e4rung bitte an:<\/p>\n<p><strong>ART Bad Krozingen e.V.<\/strong><br \/>\n<a href=\"mailto:info@art-bad-krozingen.de\">info@art-bad-krozingen.de<\/a><\/p>\n","protected":false},"excerpt":{"rendered":"<p>Kunst kostet Geld. Daher hei\u00dfen wir Sponsoren und F\u00f6rderer herzlich willkommen. Wir finanzieren uns durch Mitgliedsbeitr\u00e4ge, Spenden und Sponsoring. Der Verein verfolgt ausschlie\u00dflich und unmittelbar gemeinn\u00fctzige Zwecke und ist selbstlos t\u00e4tig Ihr Vorteil einer Sponsorschaft Durch Ihre Sponsorschaft unterst\u00fctzen Sie die Arbeit von ART Bad Krozingen e.V. und somit die kulturellen und gesellschaftlichen Ereignisse unserer [&hellip;]<\/p>\n","protected":false},"author":1,"featured_media":0,"parent":0,"menu_order":8,"comment_status":"closed","ping_status":"closed","template":"","meta":{"ngg_post_thumbnail":0},"_links":{"self":[{"href":"https:\/\/art-badkrozingen.de\/index.php?rest_route=\/wp\/v2\/pages\/28"}],"collection":[{"href":"https:\/\/art-badkrozingen.de\/index.php?rest_route=\/wp\/v2\/pages"}],"about":[{"href":"https:\/\/art-badkrozingen.de\/index.php?rest_route=\/wp\/v2\/types\/page"}],"author":[{"embeddable":true,"href":"https:\/\/art-badkrozingen.de\/index.php?rest_route=\/wp\/v2\/users\/1"}],"replies":[{"embeddable":true,"href":"https:\/\/art-badkrozingen.de\/index.php?rest_route=%2Fwp%2Fv2%2Fcomments&post=28"}],"version-history":[{"count":19,"href":"https:\/\/art-badkrozingen.de\/index.php?rest_route=\/wp\/v2\/pages\/28\/revisions"}],"predecessor-version":[{"id":7627,"href":"https:\/\/art-badkrozingen.de\/index.php?rest_route=\/wp\/v2\/pages\/28\/revisions\/7627"}],"wp:attachment":[{"href":"https:\/\/art-badkrozingen.de\/index.php?rest_route=%2Fwp%2Fv2%2Fmedia&parent=28"}],"curies":[{"name":"wp","href":"https:\/\/api.w.org\/{rel}","templated":true}]}}