{"id":3190,"date":"2019-10-03T07:45:28","date_gmt":"2019-10-03T07:45:28","guid":{"rendered":"http:\/\/art-badkrozingen.de\/?page_id=3190"},"modified":"2025-10-04T11:36:50","modified_gmt":"2025-10-04T11:36:50","slug":"dieter-riesterer","status":"publish","type":"page","link":"https:\/\/art-badkrozingen.de\/?page_id=3190","title":{"rendered":"Dieter Riesterer"},"content":{"rendered":"<p><strong>Kunstmaler<\/strong><\/p>\n<p>Hallo, ich bin Dieter Riesterer, professioneller K\u00fcnstler aus dem M\u00fcnstertal.&nbsp;<\/p>\n<p>Mit meiner Kunst m\u00f6chte ich Farben, Freude, Spa\u00df aber auch etwas zum Nachdenken oder \u00dcberdenken an Ihre W\u00e4nde bringen. Kunst ist nicht nur zum gut aussehen da, sie soll auch Fragen aufwerfen, Missst\u00e4nde aufzeigen und auch manchmal anklagen.&nbsp;<\/p>\n<p>In diesem Sinne,<\/p>\n<p>Dieter Riesterer<\/p>\n<p>homepage: &nbsp; <a href=\"http:\/\/www.dietercollection.jimdo.com\">www.dietercollection.jimdo.com<\/a><br \/>\nShop: &nbsp; &nbsp; &nbsp; &nbsp; <a href=\"http:\/\/www.schwarzwald.gallery\">www.schwarzwald.gallery<\/a><br \/>\ne-mail: &nbsp; &nbsp; &nbsp; <a href=\"mailto:dieter-riesterer@web.de\">dieter-riesterer@web.de<\/a><\/p>\n<p><!-- index.php -->\n<div\n\tclass=\"ngg-galleryoverview ngg-ajax-pagination-none\"\n\tid=\"ngg-gallery-bcbfad8da8e99e7f48e3ce8d645262c5-1\">\n\n    \t<div class=\"slideshowlink\">\n        <a href='https:\/\/art-badkrozingen.de\/index.php\/nggallery\/slideshow?page_id=3190'>[Zeige eine Slideshow]<\/a>\n\t\t\n\t<\/div>\n\t\t\t<!-- Thumbnails -->\n\t\t\t\t<div id=\"ngg-image-0\" class=\"ngg-gallery-thumbnail-box\" >\n\t\t\t\t        <div class=\"ngg-gallery-thumbnail\">\n            <a href=\"https:\/\/art-badkrozingen.de\/wp-content\/gallery\/dieter-riesterer\/Art-Verbindet-Gemaelde-D.-Riesterer.jpg\"\n               title=\"\"\n               data-src=\"https:\/\/art-badkrozingen.de\/wp-content\/gallery\/dieter-riesterer\/Art-Verbindet-Gemaelde-D.-Riesterer.jpg\"\n               data-thumbnail=\"https:\/\/art-badkrozingen.de\/wp-content\/gallery\/dieter-riesterer\/thumbs\/thumbs_Art-Verbindet-Gemaelde-D.-Riesterer.jpg\"\n               data-image-id=\"1553\"\n               data-title=\"Art-Verbindet-Gemaelde-D.-Riesterer\"\n               data-description=\"\"\n               data-image-slug=\"art-verbindet-gemaelde-d-riesterer\"\n               class=\"ngg-fancybox\" rel=\"bcbfad8da8e99e7f48e3ce8d645262c5\">\n                <img\n                    title=\"Art-Verbindet-Gemaelde-D.-Riesterer\"\n                    alt=\"Art-Verbindet-Gemaelde-D.-Riesterer\"\n                    src=\"https:\/\/art-badkrozingen.de\/wp-content\/gallery\/dieter-riesterer\/thumbs\/thumbs_Art-Verbindet-Gemaelde-D.-Riesterer.jpg\"\n                    width=\"200\"\n                    height=\"155\"\n                    style=\"max-width:100%;\"\n                \/>\n            <\/a>\n        <\/div>\n\t\t\t\t\t\t\t<\/div> \n\t\t\t\n        \n\t\t\t\t<div id=\"ngg-image-1\" class=\"ngg-gallery-thumbnail-box\" >\n\t\t\t\t        <div class=\"ngg-gallery-thumbnail\">\n            <a href=\"https:\/\/art-badkrozingen.de\/wp-content\/gallery\/dieter-riesterer\/20220221_074919-2.jpg\"\n               title=\"\"\n               data-src=\"https:\/\/art-badkrozingen.de\/wp-content\/gallery\/dieter-riesterer\/20220221_074919-2.jpg\"\n               data-thumbnail=\"https:\/\/art-badkrozingen.de\/wp-content\/gallery\/dieter-riesterer\/thumbs\/thumbs_20220221_074919-2.jpg\"\n               data-image-id=\"699\"\n               data-title=\"20220221_074919-2\"\n               data-description=\"\"\n               data-image-slug=\"20220221_074919-2\"\n               class=\"ngg-fancybox\" rel=\"bcbfad8da8e99e7f48e3ce8d645262c5\">\n                <img\n                    title=\"20220221_074919-2\"\n                    alt=\"20220221_074919-2\"\n                    src=\"https:\/\/art-badkrozingen.de\/wp-content\/gallery\/dieter-riesterer\/thumbs\/thumbs_20220221_074919-2.jpg\"\n                    width=\"200\"\n                    height=\"155\"\n                    style=\"max-width:100%;\"\n                \/>\n            <\/a>\n        <\/div>\n\t\t\t\t\t\t\t<\/div> \n\t\t\t\n        \n\t\t\t\t<div id=\"ngg-image-2\" class=\"ngg-gallery-thumbnail-box\" >\n\t\t\t\t        <div class=\"ngg-gallery-thumbnail\">\n            <a href=\"https:\/\/art-badkrozingen.de\/wp-content\/gallery\/dieter-riesterer\/20220511_165337.jpg\"\n               title=\"\"\n               data-src=\"https:\/\/art-badkrozingen.de\/wp-content\/gallery\/dieter-riesterer\/20220511_165337.jpg\"\n               data-thumbnail=\"https:\/\/art-badkrozingen.de\/wp-content\/gallery\/dieter-riesterer\/thumbs\/thumbs_20220511_165337.jpg\"\n               data-image-id=\"700\"\n               data-title=\"20220511_165337\"\n               data-description=\"\"\n               data-image-slug=\"20220511_165337\"\n               class=\"ngg-fancybox\" rel=\"bcbfad8da8e99e7f48e3ce8d645262c5\">\n                <img\n                    title=\"20220511_165337\"\n                    alt=\"20220511_165337\"\n                    src=\"https:\/\/art-badkrozingen.de\/wp-content\/gallery\/dieter-riesterer\/thumbs\/thumbs_20220511_165337.jpg\"\n                    width=\"200\"\n                    height=\"155\"\n                    style=\"max-width:100%;\"\n                \/>\n            <\/a>\n        <\/div>\n\t\t\t\t\t\t\t<\/div> \n\t\t\t\n        \n\t\t\t\t<div id=\"ngg-image-3\" class=\"ngg-gallery-thumbnail-box\" >\n\t\t\t\t        <div class=\"ngg-gallery-thumbnail\">\n            <a href=\"https:\/\/art-badkrozingen.de\/wp-content\/gallery\/dieter-riesterer\/20220511_164837.jpg\"\n               title=\"\"\n               data-src=\"https:\/\/art-badkrozingen.de\/wp-content\/gallery\/dieter-riesterer\/20220511_164837.jpg\"\n               data-thumbnail=\"https:\/\/art-badkrozingen.de\/wp-content\/gallery\/dieter-riesterer\/thumbs\/thumbs_20220511_164837.jpg\"\n               data-image-id=\"698\"\n               data-title=\"20220511_164837\"\n               data-description=\"\"\n               data-image-slug=\"20220511_164837\"\n               class=\"ngg-fancybox\" rel=\"bcbfad8da8e99e7f48e3ce8d645262c5\">\n                <img\n                    title=\"20220511_164837\"\n                    alt=\"20220511_164837\"\n                    src=\"https:\/\/art-badkrozingen.de\/wp-content\/gallery\/dieter-riesterer\/thumbs\/thumbs_20220511_164837.jpg\"\n                    width=\"200\"\n                    height=\"155\"\n                    style=\"max-width:100%;\"\n                \/>\n            <\/a>\n        <\/div>\n\t\t\t\t\t\t\t<\/div> \n\t\t\t\n        \n\t\t\t\t<div id=\"ngg-image-4\" class=\"ngg-gallery-thumbnail-box\" >\n\t\t\t\t        <div class=\"ngg-gallery-thumbnail\">\n            <a href=\"https:\/\/art-badkrozingen.de\/wp-content\/gallery\/dieter-riesterer\/20220511_164621.jpg\"\n               title=\"\"\n               data-src=\"https:\/\/art-badkrozingen.de\/wp-content\/gallery\/dieter-riesterer\/20220511_164621.jpg\"\n               data-thumbnail=\"https:\/\/art-badkrozingen.de\/wp-content\/gallery\/dieter-riesterer\/thumbs\/thumbs_20220511_164621.jpg\"\n               data-image-id=\"702\"\n               data-title=\"20220511_164621\"\n               data-description=\"\"\n               data-image-slug=\"20220511_164621\"\n               class=\"ngg-fancybox\" rel=\"bcbfad8da8e99e7f48e3ce8d645262c5\">\n                <img\n                    title=\"20220511_164621\"\n                    alt=\"20220511_164621\"\n                    src=\"https:\/\/art-badkrozingen.de\/wp-content\/gallery\/dieter-riesterer\/thumbs\/thumbs_20220511_164621.jpg\"\n                    width=\"200\"\n                    height=\"155\"\n                    style=\"max-width:100%;\"\n                \/>\n            <\/a>\n        <\/div>\n\t\t\t\t\t\t\t<\/div> \n\t\t\t\n        \n\t\t\t\t<div id=\"ngg-image-5\" class=\"ngg-gallery-thumbnail-box\" >\n\t\t\t\t        <div class=\"ngg-gallery-thumbnail\">\n            <a href=\"https:\/\/art-badkrozingen.de\/wp-content\/gallery\/dieter-riesterer\/20220511_165439.jpg\"\n               title=\"\"\n               data-src=\"https:\/\/art-badkrozingen.de\/wp-content\/gallery\/dieter-riesterer\/20220511_165439.jpg\"\n               data-thumbnail=\"https:\/\/art-badkrozingen.de\/wp-content\/gallery\/dieter-riesterer\/thumbs\/thumbs_20220511_165439.jpg\"\n               data-image-id=\"701\"\n               data-title=\"20220511_165439\"\n               data-description=\"\"\n               data-image-slug=\"20220511_165439\"\n               class=\"ngg-fancybox\" rel=\"bcbfad8da8e99e7f48e3ce8d645262c5\">\n                <img\n                    title=\"20220511_165439\"\n                    alt=\"20220511_165439\"\n                    src=\"https:\/\/art-badkrozingen.de\/wp-content\/gallery\/dieter-riesterer\/thumbs\/thumbs_20220511_165439.jpg\"\n                    width=\"200\"\n                    height=\"155\"\n                    style=\"max-width:100%;\"\n                \/>\n            <\/a>\n        <\/div>\n\t\t\t\t\t\t\t<\/div> \n\t\t\t\n        \n\t\t\t\t<div id=\"ngg-image-6\" class=\"ngg-gallery-thumbnail-box\" >\n\t\t\t\t        <div class=\"ngg-gallery-thumbnail\">\n            <a href=\"https:\/\/art-badkrozingen.de\/wp-content\/gallery\/dieter-riesterer\/DSC_0475-e1570088017283.jpg\"\n               title=\"\"\n               data-src=\"https:\/\/art-badkrozingen.de\/wp-content\/gallery\/dieter-riesterer\/DSC_0475-e1570088017283.jpg\"\n               data-thumbnail=\"https:\/\/art-badkrozingen.de\/wp-content\/gallery\/dieter-riesterer\/thumbs\/thumbs_DSC_0475-e1570088017283.jpg\"\n               data-image-id=\"703\"\n               data-title=\"DSC_0475-e1570088017283\"\n               data-description=\"\"\n               data-image-slug=\"dsc_0475-e1570088017283-1\"\n               class=\"ngg-fancybox\" rel=\"bcbfad8da8e99e7f48e3ce8d645262c5\">\n                <img\n                    title=\"DSC_0475-e1570088017283\"\n                    alt=\"DSC_0475-e1570088017283\"\n                    src=\"https:\/\/art-badkrozingen.de\/wp-content\/gallery\/dieter-riesterer\/thumbs\/thumbs_DSC_0475-e1570088017283.jpg\"\n                    width=\"200\"\n                    height=\"155\"\n                    style=\"max-width:100%;\"\n                \/>\n            <\/a>\n        <\/div>\n\t\t\t\t\t\t\t<\/div> \n\t\t\t\n        \n\t\t\t\t<div id=\"ngg-image-7\" class=\"ngg-gallery-thumbnail-box\" >\n\t\t\t\t        <div class=\"ngg-gallery-thumbnail\">\n            <a href=\"https:\/\/art-badkrozingen.de\/wp-content\/gallery\/dieter-riesterer\/Dieter-Riesterer_Slide.jpg\"\n               title=\"\"\n               data-src=\"https:\/\/art-badkrozingen.de\/wp-content\/gallery\/dieter-riesterer\/Dieter-Riesterer_Slide.jpg\"\n               data-thumbnail=\"https:\/\/art-badkrozingen.de\/wp-content\/gallery\/dieter-riesterer\/thumbs\/thumbs_Dieter-Riesterer_Slide.jpg\"\n               data-image-id=\"705\"\n               data-title=\"Dieter-Riesterer_Slide\"\n               data-description=\"\"\n               data-image-slug=\"dieter-riesterer_slide\"\n               class=\"ngg-fancybox\" rel=\"bcbfad8da8e99e7f48e3ce8d645262c5\">\n                <img\n                    title=\"Dieter-Riesterer_Slide\"\n                    alt=\"Dieter-Riesterer_Slide\"\n                    src=\"https:\/\/art-badkrozingen.de\/wp-content\/gallery\/dieter-riesterer\/thumbs\/thumbs_Dieter-Riesterer_Slide.jpg\"\n                    width=\"200\"\n                    height=\"155\"\n                    style=\"max-width:100%;\"\n                \/>\n            <\/a>\n        <\/div>\n\t\t\t\t\t\t\t<\/div> \n\t\t\t\n        \n\t\t\t\t<div id=\"ngg-image-8\" class=\"ngg-gallery-thumbnail-box\" >\n\t\t\t\t        <div class=\"ngg-gallery-thumbnail\">\n            <a href=\"https:\/\/art-badkrozingen.de\/wp-content\/gallery\/dieter-riesterer\/DSC_0929-e1614100315758.jpg\"\n               title=\"\"\n               data-src=\"https:\/\/art-badkrozingen.de\/wp-content\/gallery\/dieter-riesterer\/DSC_0929-e1614100315758.jpg\"\n               data-thumbnail=\"https:\/\/art-badkrozingen.de\/wp-content\/gallery\/dieter-riesterer\/thumbs\/thumbs_DSC_0929-e1614100315758.jpg\"\n               data-image-id=\"704\"\n               data-title=\"DSC_0929-e1614100315758\"\n               data-description=\"\"\n               data-image-slug=\"dsc_0929-e1614100315758\"\n               class=\"ngg-fancybox\" rel=\"bcbfad8da8e99e7f48e3ce8d645262c5\">\n                <img\n                    title=\"DSC_0929-e1614100315758\"\n                    alt=\"DSC_0929-e1614100315758\"\n                    src=\"https:\/\/art-badkrozingen.de\/wp-content\/gallery\/dieter-riesterer\/thumbs\/thumbs_DSC_0929-e1614100315758.jpg\"\n                    width=\"200\"\n                    height=\"155\"\n                    style=\"max-width:100%;\"\n                \/>\n            <\/a>\n        <\/div>\n\t\t\t\t\t\t\t<\/div> \n\t\t\t\n        \n\t\t\n\t\t<!-- Pagination -->\n\t<div class='ngg-clear'><\/div>\t<\/div>\n<br \/>\n<!-- \/wp:gallery --><\/p>\n","protected":false},"excerpt":{"rendered":"<p>Kunstmaler Hallo, ich bin Dieter Riesterer, professioneller K\u00fcnstler aus dem M\u00fcnstertal.&nbsp; Mit meiner Kunst m\u00f6chte ich Farben, Freude, Spa\u00df aber auch etwas zum Nachdenken oder \u00dcberdenken an Ihre W\u00e4nde bringen. Kunst ist nicht nur zum gut aussehen da, sie soll auch Fragen aufwerfen, Missst\u00e4nde aufzeigen und auch manchmal anklagen.&nbsp; In diesem Sinne, Dieter Riesterer homepage: [&hellip;]<\/p>\n","protected":false},"author":1,"featured_media":0,"parent":0,"menu_order":0,"comment_status":"closed","ping_status":"closed","template":"","meta":{"ngg_post_thumbnail":0},"_links":{"self":[{"href":"https:\/\/art-badkrozingen.de\/index.php?rest_route=\/wp\/v2\/pages\/3190"}],"collection":[{"href":"https:\/\/art-badkrozingen.de\/index.php?rest_route=\/wp\/v2\/pages"}],"about":[{"href":"https:\/\/art-badkrozingen.de\/index.php?rest_route=\/wp\/v2\/types\/page"}],"author":[{"embeddable":true,"href":"https:\/\/art-badkrozingen.de\/index.php?rest_route=\/wp\/v2\/users\/1"}],"replies":[{"embeddable":true,"href":"https:\/\/art-badkrozingen.de\/index.php?rest_route=%2Fwp%2Fv2%2Fcomments&post=3190"}],"version-history":[{"count":10,"href":"https:\/\/art-badkrozingen.de\/index.php?rest_route=\/wp\/v2\/pages\/3190\/revisions"}],"predecessor-version":[{"id":4585,"href":"https:\/\/art-badkrozingen.de\/index.php?rest_route=\/wp\/v2\/pages\/3190\/revisions\/4585"}],"wp:attachment":[{"href":"https:\/\/art-badkrozingen.de\/index.php?rest_route=%2Fwp%2Fv2%2Fmedia&parent=3190"}],"curies":[{"name":"wp","href":"https:\/\/api.w.org\/{rel}","templated":true}]}}