{"id":3472,"date":"2020-03-24T13:16:58","date_gmt":"2020-03-24T13:16:58","guid":{"rendered":"http:\/\/art-badkrozingen.de\/?page_id=3472"},"modified":"2024-02-04T16:00:16","modified_gmt":"2024-02-04T16:00:16","slug":"benno-wildemann","status":"publish","type":"page","link":"https:\/\/art-badkrozingen.de\/?page_id=3472","title":{"rendered":"Benno Wildemann"},"content":{"rendered":"<p style=\"margin: 0cm 3.75pt .0001pt 0cm;\"><strong>Kunstmaler<\/strong><\/p>\n<p>Im Jahr 1983 begann meine faszinierende Reise mit Pinsel, Farben und Leinwand, eine k\u00fcnstlerische Auseinandersetzung, die bis heute von Erfolg gepr\u00e4gt ist. Diese kreativen Instrumente haben stets meinen Willen akzeptiert und in meinen H\u00e4nden magische Verwandlungen erlebt.<\/p>\n<p>Meine Gem\u00e4lde sind nicht nur visuelle Darstellungen, sondern auch Ausdr\u00fccke der Hoffnung, die uns in Tr\u00e4ume versetzen k\u00f6nnen. Durch meine Werke integriere ich tr\u00e4umerische Elemente, die mit der nat\u00fcrlichen Sch\u00f6nheit unserer Landschaft verbunden sind. Ich male nicht nur die Gegenwart, sondern streife durch die Zeit, die stetig voranschreitet.<\/p>\n<p>Bilder sind f\u00fcr mich Momentaufnahmen, eingefangen in einem bestimmten Augenblick. Vieles ver\u00e4ndert sich, geht verloren oder wird zerst\u00f6rt, doch die Kunst bleibt als ein zeitloses Zeugnis bestehen. Die Natur, meine unersch\u00f6pfliche Inspirationsquelle, dient mir als lebendiges Reservoir f\u00fcr Motive. Unbeeindruckt von kurzlebigen Trends male ich, was mir gef\u00e4llt, ohne mich einem \u00fcbergeordneten Motto zu unterwerfen.<\/p>\n<p>Eine neue Dimension f\u00fcgt sich in meine Werke ein, indem ich das Rosten von Gem\u00e4lden auf der Leinwand erkunde. Trotz dieser experimentellen Facette bleibe ich der \u00d6lmalerei treu, der K\u00f6nigsdisziplin in meinem Schaffen. Kunst ist wichtig, denn sie wird immer ein integraler Bestandteil unseres Lebens sein. Durch Kunst bewahren wir die Gegenwart f\u00fcr die Zukunft und schaffen Erinnerungen, die f\u00fcr die Nachwelt erhalten bleiben.<\/p>\n<p>Beim Betrachten von Gem\u00e4lden oder Bildern h\u00f6rt man oft den Satz: &#8220;Wei\u00dft du noch, damals als wir&#8230;?&#8221; Dieses Erinnern schafft ein Gl\u00fccksgef\u00fchl, das in der Kunst einen unvergleichlichen Ausdruck findet.<\/p>\n<p>Kunst hat einen tiefen Wert in unserem Leben und wird es immer haben. Ein Gem\u00e4lde verleiht einem Raum eine h\u00f6here Wertigkeit und vermittelt ein wohnlicheres sowie w\u00e4rmeres Ambiente.<\/p>\n<p style=\"margin: 0cm 3.75pt 0cm 0cm;\"><a href=\"mailto:benno-wil@t-online.de\">benno-wil@t-online.de<\/a><\/p>\n<p style=\"margin: 0cm; margin-bottom: .0001pt; text-align: justify;\">&nbsp;<\/p>\n<!-- index.php -->\n<div\n\tclass=\"ngg-galleryoverview ngg-ajax-pagination-none\"\n\tid=\"ngg-gallery-7a5202575e9a0cb5709eb1d040395c2d-1\">\n\n    \t<div class=\"slideshowlink\">\n        <a href='https:\/\/art-badkrozingen.de\/index.php\/nggallery\/slideshow?page_id=3472'>[Zeige eine Slideshow]<\/a>\n\t\t\n\t<\/div>\n\t\t\t<!-- Thumbnails -->\n\t\t\t\t<div id=\"ngg-image-0\" class=\"ngg-gallery-thumbnail-box\" >\n\t\t\t\t        <div class=\"ngg-gallery-thumbnail\">\n            <a href=\"https:\/\/art-badkrozingen.de\/wp-content\/gallery\/benno-wildemann-2\/3-Grazien.jpg\"\n               title=\"\"\n               data-src=\"https:\/\/art-badkrozingen.de\/wp-content\/gallery\/benno-wildemann-2\/3-Grazien.jpg\"\n               data-thumbnail=\"https:\/\/art-badkrozingen.de\/wp-content\/gallery\/benno-wildemann-2\/thumbs\/thumbs_3-Grazien.jpg\"\n               data-image-id=\"1235\"\n               data-title=\"3-Grazien\"\n               data-description=\"\"\n               data-image-slug=\"3-grazien\"\n               class=\"ngg-fancybox\" rel=\"7a5202575e9a0cb5709eb1d040395c2d\">\n                <img\n                    title=\"3-Grazien\"\n                    alt=\"3-Grazien\"\n                    src=\"https:\/\/art-badkrozingen.de\/wp-content\/gallery\/benno-wildemann-2\/thumbs\/thumbs_3-Grazien.jpg\"\n                    width=\"200\"\n                    height=\"155\"\n                    style=\"max-width:100%;\"\n                \/>\n            <\/a>\n        <\/div>\n\t\t\t\t\t\t\t<\/div> \n\t\t\t\n        \n\t\t\t\t<div id=\"ngg-image-1\" class=\"ngg-gallery-thumbnail-box\" >\n\t\t\t\t        <div class=\"ngg-gallery-thumbnail\">\n            <a href=\"https:\/\/art-badkrozingen.de\/wp-content\/gallery\/benno-wildemann-2\/DSC_1738.jpg\"\n               title=\"\"\n               data-src=\"https:\/\/art-badkrozingen.de\/wp-content\/gallery\/benno-wildemann-2\/DSC_1738.jpg\"\n               data-thumbnail=\"https:\/\/art-badkrozingen.de\/wp-content\/gallery\/benno-wildemann-2\/thumbs\/thumbs_DSC_1738.jpg\"\n               data-image-id=\"1249\"\n               data-title=\"DSC_1738\"\n               data-description=\"\"\n               data-image-slug=\"dsc_1738\"\n               class=\"ngg-fancybox\" rel=\"7a5202575e9a0cb5709eb1d040395c2d\">\n                <img\n                    title=\"DSC_1738\"\n                    alt=\"DSC_1738\"\n                    src=\"https:\/\/art-badkrozingen.de\/wp-content\/gallery\/benno-wildemann-2\/thumbs\/thumbs_DSC_1738.jpg\"\n                    width=\"200\"\n                    height=\"155\"\n                    style=\"max-width:100%;\"\n                \/>\n            <\/a>\n        <\/div>\n\t\t\t\t\t\t\t<\/div> \n\t\t\t\n        \n\t\t\t\t<div id=\"ngg-image-2\" class=\"ngg-gallery-thumbnail-box\" >\n\t\t\t\t        <div class=\"ngg-gallery-thumbnail\">\n            <a href=\"https:\/\/art-badkrozingen.de\/wp-content\/gallery\/benno-wildemann-2\/Fischer-in-Portugal.jpg\"\n               title=\"\"\n               data-src=\"https:\/\/art-badkrozingen.de\/wp-content\/gallery\/benno-wildemann-2\/Fischer-in-Portugal.jpg\"\n               data-thumbnail=\"https:\/\/art-badkrozingen.de\/wp-content\/gallery\/benno-wildemann-2\/thumbs\/thumbs_Fischer-in-Portugal.jpg\"\n               data-image-id=\"1236\"\n               data-title=\"Fischer-in-Portugal\"\n               data-description=\"\"\n               data-image-slug=\"fischer-in-portugal\"\n               class=\"ngg-fancybox\" rel=\"7a5202575e9a0cb5709eb1d040395c2d\">\n                <img\n                    title=\"Fischer-in-Portugal\"\n                    alt=\"Fischer-in-Portugal\"\n                    src=\"https:\/\/art-badkrozingen.de\/wp-content\/gallery\/benno-wildemann-2\/thumbs\/thumbs_Fischer-in-Portugal.jpg\"\n                    width=\"200\"\n                    height=\"155\"\n                    style=\"max-width:100%;\"\n                \/>\n            <\/a>\n        <\/div>\n\t\t\t\t\t\t\t<\/div> \n\t\t\t\n        \n\t\t\t\t<div id=\"ngg-image-3\" class=\"ngg-gallery-thumbnail-box\" >\n\t\t\t\t        <div class=\"ngg-gallery-thumbnail\">\n            <a href=\"https:\/\/art-badkrozingen.de\/wp-content\/gallery\/benno-wildemann-2\/DSC_0836.jpg\"\n               title=\"\"\n               data-src=\"https:\/\/art-badkrozingen.de\/wp-content\/gallery\/benno-wildemann-2\/DSC_0836.jpg\"\n               data-thumbnail=\"https:\/\/art-badkrozingen.de\/wp-content\/gallery\/benno-wildemann-2\/thumbs\/thumbs_DSC_0836.jpg\"\n               data-image-id=\"1237\"\n               data-title=\"DSC_0836\"\n               data-description=\"\"\n               data-image-slug=\"dsc_0836\"\n               class=\"ngg-fancybox\" rel=\"7a5202575e9a0cb5709eb1d040395c2d\">\n                <img\n                    title=\"DSC_0836\"\n                    alt=\"DSC_0836\"\n                    src=\"https:\/\/art-badkrozingen.de\/wp-content\/gallery\/benno-wildemann-2\/thumbs\/thumbs_DSC_0836.jpg\"\n                    width=\"200\"\n                    height=\"155\"\n                    style=\"max-width:100%;\"\n                \/>\n            <\/a>\n        <\/div>\n\t\t\t\t\t\t\t<\/div> \n\t\t\t\n        \n\t\t\t\t<div id=\"ngg-image-4\" class=\"ngg-gallery-thumbnail-box\" >\n\t\t\t\t        <div class=\"ngg-gallery-thumbnail\">\n            <a href=\"https:\/\/art-badkrozingen.de\/wp-content\/gallery\/benno-wildemann-2\/DSC_0461.jpg\"\n               title=\"\"\n               data-src=\"https:\/\/art-badkrozingen.de\/wp-content\/gallery\/benno-wildemann-2\/DSC_0461.jpg\"\n               data-thumbnail=\"https:\/\/art-badkrozingen.de\/wp-content\/gallery\/benno-wildemann-2\/thumbs\/thumbs_DSC_0461.jpg\"\n               data-image-id=\"1238\"\n               data-title=\"DSC_0461\"\n               data-description=\"\"\n               data-image-slug=\"dsc_0461\"\n               class=\"ngg-fancybox\" rel=\"7a5202575e9a0cb5709eb1d040395c2d\">\n                <img\n                    title=\"DSC_0461\"\n                    alt=\"DSC_0461\"\n                    src=\"https:\/\/art-badkrozingen.de\/wp-content\/gallery\/benno-wildemann-2\/thumbs\/thumbs_DSC_0461.jpg\"\n                    width=\"200\"\n                    height=\"155\"\n                    style=\"max-width:100%;\"\n                \/>\n            <\/a>\n        <\/div>\n\t\t\t\t\t\t\t<\/div> \n\t\t\t\n        \n\t\t\t\t<div id=\"ngg-image-5\" class=\"ngg-gallery-thumbnail-box\" >\n\t\t\t\t        <div class=\"ngg-gallery-thumbnail\">\n            <a href=\"https:\/\/art-badkrozingen.de\/wp-content\/gallery\/benno-wildemann-2\/die-3-Spitzen.jpg\"\n               title=\"\"\n               data-src=\"https:\/\/art-badkrozingen.de\/wp-content\/gallery\/benno-wildemann-2\/die-3-Spitzen.jpg\"\n               data-thumbnail=\"https:\/\/art-badkrozingen.de\/wp-content\/gallery\/benno-wildemann-2\/thumbs\/thumbs_die-3-Spitzen.jpg\"\n               data-image-id=\"1239\"\n               data-title=\"die-3-Spitzen\"\n               data-description=\"\"\n               data-image-slug=\"die-3-spitzen\"\n               class=\"ngg-fancybox\" rel=\"7a5202575e9a0cb5709eb1d040395c2d\">\n                <img\n                    title=\"die-3-Spitzen\"\n                    alt=\"die-3-Spitzen\"\n                    src=\"https:\/\/art-badkrozingen.de\/wp-content\/gallery\/benno-wildemann-2\/thumbs\/thumbs_die-3-Spitzen.jpg\"\n                    width=\"200\"\n                    height=\"155\"\n                    style=\"max-width:100%;\"\n                \/>\n            <\/a>\n        <\/div>\n\t\t\t\t\t\t\t<\/div> \n\t\t\t\n        \n\t\t\t\t<div id=\"ngg-image-6\" class=\"ngg-gallery-thumbnail-box\" >\n\t\t\t\t        <div class=\"ngg-gallery-thumbnail\">\n            <a href=\"https:\/\/art-badkrozingen.de\/wp-content\/gallery\/benno-wildemann-2\/Der-Erhabene.jpg\"\n               title=\"\"\n               data-src=\"https:\/\/art-badkrozingen.de\/wp-content\/gallery\/benno-wildemann-2\/Der-Erhabene.jpg\"\n               data-thumbnail=\"https:\/\/art-badkrozingen.de\/wp-content\/gallery\/benno-wildemann-2\/thumbs\/thumbs_Der-Erhabene.jpg\"\n               data-image-id=\"1240\"\n               data-title=\"Der-Erhabene\"\n               data-description=\"\"\n               data-image-slug=\"der-erhabene\"\n               class=\"ngg-fancybox\" rel=\"7a5202575e9a0cb5709eb1d040395c2d\">\n                <img\n                    title=\"Der-Erhabene\"\n                    alt=\"Der-Erhabene\"\n                    src=\"https:\/\/art-badkrozingen.de\/wp-content\/gallery\/benno-wildemann-2\/thumbs\/thumbs_Der-Erhabene.jpg\"\n                    width=\"200\"\n                    height=\"155\"\n                    style=\"max-width:100%;\"\n                \/>\n            <\/a>\n        <\/div>\n\t\t\t\t\t\t\t<\/div> \n\t\t\t\n        \n\t\t\t\t<div id=\"ngg-image-7\" class=\"ngg-gallery-thumbnail-box\" >\n\t\t\t\t        <div class=\"ngg-gallery-thumbnail\">\n            <a href=\"https:\/\/art-badkrozingen.de\/wp-content\/gallery\/benno-wildemann-2\/Blumengruss.jpg\"\n               title=\"\"\n               data-src=\"https:\/\/art-badkrozingen.de\/wp-content\/gallery\/benno-wildemann-2\/Blumengruss.jpg\"\n               data-thumbnail=\"https:\/\/art-badkrozingen.de\/wp-content\/gallery\/benno-wildemann-2\/thumbs\/thumbs_Blumengruss.jpg\"\n               data-image-id=\"1241\"\n               data-title=\"Blumengruss\"\n               data-description=\"\"\n               data-image-slug=\"blumengruss\"\n               class=\"ngg-fancybox\" rel=\"7a5202575e9a0cb5709eb1d040395c2d\">\n                <img\n                    title=\"Blumengruss\"\n                    alt=\"Blumengruss\"\n                    src=\"https:\/\/art-badkrozingen.de\/wp-content\/gallery\/benno-wildemann-2\/thumbs\/thumbs_Blumengruss.jpg\"\n                    width=\"200\"\n                    height=\"155\"\n                    style=\"max-width:100%;\"\n                \/>\n            <\/a>\n        <\/div>\n\t\t\t\t\t\t\t<\/div> \n\t\t\t\n        \n\t\t\t\t<div id=\"ngg-image-8\" class=\"ngg-gallery-thumbnail-box\" >\n\t\t\t\t        <div class=\"ngg-gallery-thumbnail\">\n            <a href=\"https:\/\/art-badkrozingen.de\/wp-content\/gallery\/benno-wildemann-2\/25-Feenwald-50x60-1.jpg\"\n               title=\"\"\n               data-src=\"https:\/\/art-badkrozingen.de\/wp-content\/gallery\/benno-wildemann-2\/25-Feenwald-50x60-1.jpg\"\n               data-thumbnail=\"https:\/\/art-badkrozingen.de\/wp-content\/gallery\/benno-wildemann-2\/thumbs\/thumbs_25-Feenwald-50x60-1.jpg\"\n               data-image-id=\"1242\"\n               data-title=\"25-Feenwald-50x60-1\"\n               data-description=\"\"\n               data-image-slug=\"25-feenwald-50x60-1\"\n               class=\"ngg-fancybox\" rel=\"7a5202575e9a0cb5709eb1d040395c2d\">\n                <img\n                    title=\"25-Feenwald-50x60-1\"\n                    alt=\"25-Feenwald-50x60-1\"\n                    src=\"https:\/\/art-badkrozingen.de\/wp-content\/gallery\/benno-wildemann-2\/thumbs\/thumbs_25-Feenwald-50x60-1.jpg\"\n                    width=\"200\"\n                    height=\"155\"\n                    style=\"max-width:100%;\"\n                \/>\n            <\/a>\n        <\/div>\n\t\t\t\t\t\t\t<\/div> \n\t\t\t\n        \n\t\t\t\t<div id=\"ngg-image-9\" class=\"ngg-gallery-thumbnail-box\" >\n\t\t\t\t        <div class=\"ngg-gallery-thumbnail\">\n            <a href=\"https:\/\/art-badkrozingen.de\/wp-content\/gallery\/benno-wildemann-2\/Hist.Hof-in-Fr..jpg\"\n               title=\"\"\n               data-src=\"https:\/\/art-badkrozingen.de\/wp-content\/gallery\/benno-wildemann-2\/Hist.Hof-in-Fr..jpg\"\n               data-thumbnail=\"https:\/\/art-badkrozingen.de\/wp-content\/gallery\/benno-wildemann-2\/thumbs\/thumbs_Hist.Hof-in-Fr..jpg\"\n               data-image-id=\"1243\"\n               data-title=\"Hist.Hof-in-Fr.\"\n               data-description=\"\"\n               data-image-slug=\"hist-hof-in-fr\"\n               class=\"ngg-fancybox\" rel=\"7a5202575e9a0cb5709eb1d040395c2d\">\n                <img\n                    title=\"Hist.Hof-in-Fr.\"\n                    alt=\"Hist.Hof-in-Fr.\"\n                    src=\"https:\/\/art-badkrozingen.de\/wp-content\/gallery\/benno-wildemann-2\/thumbs\/thumbs_Hist.Hof-in-Fr..jpg\"\n                    width=\"200\"\n                    height=\"155\"\n                    style=\"max-width:100%;\"\n                \/>\n            <\/a>\n        <\/div>\n\t\t\t\t\t\t\t<\/div> \n\t\t\t\n        \n\t\t\t\t<div id=\"ngg-image-10\" class=\"ngg-gallery-thumbnail-box\" >\n\t\t\t\t        <div class=\"ngg-gallery-thumbnail\">\n            <a href=\"https:\/\/art-badkrozingen.de\/wp-content\/gallery\/benno-wildemann-2\/DSC_2634.jpg\"\n               title=\"\"\n               data-src=\"https:\/\/art-badkrozingen.de\/wp-content\/gallery\/benno-wildemann-2\/DSC_2634.jpg\"\n               data-thumbnail=\"https:\/\/art-badkrozingen.de\/wp-content\/gallery\/benno-wildemann-2\/thumbs\/thumbs_DSC_2634.jpg\"\n               data-image-id=\"1244\"\n               data-title=\"DSC_2634\"\n               data-description=\"\"\n               data-image-slug=\"dsc_2634\"\n               class=\"ngg-fancybox\" rel=\"7a5202575e9a0cb5709eb1d040395c2d\">\n                <img\n                    title=\"DSC_2634\"\n                    alt=\"DSC_2634\"\n                    src=\"https:\/\/art-badkrozingen.de\/wp-content\/gallery\/benno-wildemann-2\/thumbs\/thumbs_DSC_2634.jpg\"\n                    width=\"200\"\n                    height=\"155\"\n                    style=\"max-width:100%;\"\n                \/>\n            <\/a>\n        <\/div>\n\t\t\t\t\t\t\t<\/div> \n\t\t\t\n        \n\t\t\t\t<div id=\"ngg-image-11\" class=\"ngg-gallery-thumbnail-box\" >\n\t\t\t\t        <div class=\"ngg-gallery-thumbnail\">\n            <a href=\"https:\/\/art-badkrozingen.de\/wp-content\/gallery\/benno-wildemann-2\/DSC_2597.jpg\"\n               title=\"\"\n               data-src=\"https:\/\/art-badkrozingen.de\/wp-content\/gallery\/benno-wildemann-2\/DSC_2597.jpg\"\n               data-thumbnail=\"https:\/\/art-badkrozingen.de\/wp-content\/gallery\/benno-wildemann-2\/thumbs\/thumbs_DSC_2597.jpg\"\n               data-image-id=\"1245\"\n               data-title=\"DSC_2597\"\n               data-description=\"\"\n               data-image-slug=\"dsc_2597\"\n               class=\"ngg-fancybox\" rel=\"7a5202575e9a0cb5709eb1d040395c2d\">\n                <img\n                    title=\"DSC_2597\"\n                    alt=\"DSC_2597\"\n                    src=\"https:\/\/art-badkrozingen.de\/wp-content\/gallery\/benno-wildemann-2\/thumbs\/thumbs_DSC_2597.jpg\"\n                    width=\"200\"\n                    height=\"155\"\n                    style=\"max-width:100%;\"\n                \/>\n            <\/a>\n        <\/div>\n\t\t\t\t\t\t\t<\/div> \n\t\t\t\n        \n\t\t\t\t<div id=\"ngg-image-12\" class=\"ngg-gallery-thumbnail-box\" >\n\t\t\t\t        <div class=\"ngg-gallery-thumbnail\">\n            <a href=\"https:\/\/art-badkrozingen.de\/wp-content\/gallery\/benno-wildemann-2\/DSC_2594.jpg\"\n               title=\"\"\n               data-src=\"https:\/\/art-badkrozingen.de\/wp-content\/gallery\/benno-wildemann-2\/DSC_2594.jpg\"\n               data-thumbnail=\"https:\/\/art-badkrozingen.de\/wp-content\/gallery\/benno-wildemann-2\/thumbs\/thumbs_DSC_2594.jpg\"\n               data-image-id=\"1246\"\n               data-title=\"DSC_2594\"\n               data-description=\"\"\n               data-image-slug=\"dsc_2594\"\n               class=\"ngg-fancybox\" rel=\"7a5202575e9a0cb5709eb1d040395c2d\">\n                <img\n                    title=\"DSC_2594\"\n                    alt=\"DSC_2594\"\n                    src=\"https:\/\/art-badkrozingen.de\/wp-content\/gallery\/benno-wildemann-2\/thumbs\/thumbs_DSC_2594.jpg\"\n                    width=\"200\"\n                    height=\"155\"\n                    style=\"max-width:100%;\"\n                \/>\n            <\/a>\n        <\/div>\n\t\t\t\t\t\t\t<\/div> \n\t\t\t\n        \n\t\t\t\t<div id=\"ngg-image-13\" class=\"ngg-gallery-thumbnail-box\" >\n\t\t\t\t        <div class=\"ngg-gallery-thumbnail\">\n            <a href=\"https:\/\/art-badkrozingen.de\/wp-content\/gallery\/benno-wildemann-2\/DSC_2595.jpg\"\n               title=\"\"\n               data-src=\"https:\/\/art-badkrozingen.de\/wp-content\/gallery\/benno-wildemann-2\/DSC_2595.jpg\"\n               data-thumbnail=\"https:\/\/art-badkrozingen.de\/wp-content\/gallery\/benno-wildemann-2\/thumbs\/thumbs_DSC_2595.jpg\"\n               data-image-id=\"1247\"\n               data-title=\"DSC_2595\"\n               data-description=\"\"\n               data-image-slug=\"dsc_2595\"\n               class=\"ngg-fancybox\" rel=\"7a5202575e9a0cb5709eb1d040395c2d\">\n                <img\n                    title=\"DSC_2595\"\n                    alt=\"DSC_2595\"\n                    src=\"https:\/\/art-badkrozingen.de\/wp-content\/gallery\/benno-wildemann-2\/thumbs\/thumbs_DSC_2595.jpg\"\n                    width=\"200\"\n                    height=\"155\"\n                    style=\"max-width:100%;\"\n                \/>\n            <\/a>\n        <\/div>\n\t\t\t\t\t\t\t<\/div> \n\t\t\t\n        \n\t\t\t\t<div id=\"ngg-image-14\" class=\"ngg-gallery-thumbnail-box\" >\n\t\t\t\t        <div class=\"ngg-gallery-thumbnail\">\n            <a href=\"https:\/\/art-badkrozingen.de\/wp-content\/gallery\/benno-wildemann-2\/DSC_2596.jpg\"\n               title=\"\"\n               data-src=\"https:\/\/art-badkrozingen.de\/wp-content\/gallery\/benno-wildemann-2\/DSC_2596.jpg\"\n               data-thumbnail=\"https:\/\/art-badkrozingen.de\/wp-content\/gallery\/benno-wildemann-2\/thumbs\/thumbs_DSC_2596.jpg\"\n               data-image-id=\"1248\"\n               data-title=\"DSC_2596\"\n               data-description=\"\"\n               data-image-slug=\"dsc_2596\"\n               class=\"ngg-fancybox\" rel=\"7a5202575e9a0cb5709eb1d040395c2d\">\n                <img\n                    title=\"DSC_2596\"\n                    alt=\"DSC_2596\"\n                    src=\"https:\/\/art-badkrozingen.de\/wp-content\/gallery\/benno-wildemann-2\/thumbs\/thumbs_DSC_2596.jpg\"\n                    width=\"200\"\n                    height=\"155\"\n                    style=\"max-width:100%;\"\n                \/>\n            <\/a>\n        <\/div>\n\t\t\t\t\t\t\t<\/div> \n\t\t\t\n        \n\t\t\n\t\t<!-- Pagination -->\n\t<div class='ngg-clear'><\/div>\t<\/div>\n\n<p>&nbsp;<\/p>\n<p>&nbsp;<\/p>\n<p>&nbsp;<\/p>\n","protected":false},"excerpt":{"rendered":"<p>Kunstmaler Im Jahr 1983 begann meine faszinierende Reise mit Pinsel, Farben und Leinwand, eine k\u00fcnstlerische Auseinandersetzung, die bis heute von Erfolg gepr\u00e4gt ist. Diese kreativen Instrumente haben stets meinen Willen akzeptiert und in meinen H\u00e4nden magische Verwandlungen erlebt. Meine Gem\u00e4lde sind nicht nur visuelle Darstellungen, sondern auch Ausdr\u00fccke der Hoffnung, die uns in Tr\u00e4ume versetzen [&hellip;]<\/p>\n","protected":false},"author":1,"featured_media":0,"parent":0,"menu_order":0,"comment_status":"closed","ping_status":"closed","template":"","meta":{"ngg_post_thumbnail":0},"_links":{"self":[{"href":"https:\/\/art-badkrozingen.de\/index.php?rest_route=\/wp\/v2\/pages\/3472"}],"collection":[{"href":"https:\/\/art-badkrozingen.de\/index.php?rest_route=\/wp\/v2\/pages"}],"about":[{"href":"https:\/\/art-badkrozingen.de\/index.php?rest_route=\/wp\/v2\/types\/page"}],"author":[{"embeddable":true,"href":"https:\/\/art-badkrozingen.de\/index.php?rest_route=\/wp\/v2\/users\/1"}],"replies":[{"embeddable":true,"href":"https:\/\/art-badkrozingen.de\/index.php?rest_route=%2Fwp%2Fv2%2Fcomments&post=3472"}],"version-history":[{"count":19,"href":"https:\/\/art-badkrozingen.de\/index.php?rest_route=\/wp\/v2\/pages\/3472\/revisions"}],"predecessor-version":[{"id":5874,"href":"https:\/\/art-badkrozingen.de\/index.php?rest_route=\/wp\/v2\/pages\/3472\/revisions\/5874"}],"wp:attachment":[{"href":"https:\/\/art-badkrozingen.de\/index.php?rest_route=%2Fwp%2Fv2%2Fmedia&parent=3472"}],"curies":[{"name":"wp","href":"https:\/\/api.w.org\/{rel}","templated":true}]}}