{"id":3522,"date":"2020-05-23T08:32:03","date_gmt":"2020-05-23T08:32:03","guid":{"rendered":"http:\/\/art-badkrozingen.de\/?page_id=3522"},"modified":"2022-10-24T15:28:07","modified_gmt":"2022-10-24T15:28:07","slug":"jani-vallentimi","status":"publish","type":"page","link":"https:\/\/art-badkrozingen.de\/?page_id=3522","title":{"rendered":"Jani Vallentimi (K\u00fcnstlername)"},"content":{"rendered":"<p><strong>Mixed-Media K\u00fcnstlerin<\/strong><\/p>\n<p style=\"text-align: left;\"><img loading=\"lazy\" class=\"size-medium wp-image-4973 alignleft\" src=\"https:\/\/art-badkrozingen.de\/wp-content\/uploads\/2022\/10\/IMG_1907-2-300x210.jpeg\" alt=\"\" width=\"300\" height=\"210\" srcset=\"https:\/\/art-badkrozingen.de\/wp-content\/uploads\/2022\/10\/IMG_1907-2-300x210.jpeg 300w, https:\/\/art-badkrozingen.de\/wp-content\/uploads\/2022\/10\/IMG_1907-2.jpeg 640w\" sizes=\"(max-width: 300px) 100vw, 300px\" \/>Jani Vallentimi lebt und arbeitet als K\u00fcnstlerin in Bad Krozingen.<\/p>\n<p style=\"text-align: left;\">Der Fokus ihrer Werke liegt darin, Freude, Hoffnung und unbeschwerte spielerische Einstellung zu vermitteln. Die kr\u00e4ftigen Pinselstriche und farbenfrohe Farbpalette kombiniert mit der Vereinfachung der Formen verleihen den Gem\u00e4lden Energie und Bewegung. Jani ist bekannt f\u00fcr ihre abstrakte Kunst, jedoch malt sie sehr gerne auch florale und figurative Bilder in Acryl und \u00d6l. Janis Werke sind inspiriert durch Themen wie Freiheit, Authentizit\u00e4t und die Verbindung zwischen Mensch und Natur.<\/p>\n<p>&nbsp;<\/p>\n<p style=\"text-align: left;\">\u201eMein h\u00f6chstes Ziel ist es, die Lebendigkeit, Kraft und Sch\u00f6nheit in uns zu vermitteln.\u201c<\/p>\n<p style=\"text-align: left;\"><a href=\"https:\/\/www.janivallentimi.com\" target=\"_blank\" rel=\"noopener\">Website<\/a><\/p>\n<p><img loading=\"lazy\" class=\" wp-image-3524 alignnone\" src=\"https:\/\/art-badkrozingen.de\/wp-content\/uploads\/2020\/05\/Ich-und-Bilder2-e1590222453107.jpg\" alt=\"\" width=\"493\" height=\"449\"> <img loading=\"lazy\" class=\" wp-image-3525 alignnone\" src=\"https:\/\/art-badkrozingen.de\/wp-content\/uploads\/2020\/05\/Bild2-e1590222496558.jpg\" alt=\"\" width=\"336\" height=\"449\"><\/p>\n","protected":false},"excerpt":{"rendered":"<p>Mixed-Media K\u00fcnstlerin Jani Vallentimi lebt und arbeitet als K\u00fcnstlerin in Bad Krozingen. Der Fokus ihrer Werke liegt darin, Freude, Hoffnung und unbeschwerte spielerische Einstellung zu vermitteln. Die kr\u00e4ftigen Pinselstriche und farbenfrohe Farbpalette kombiniert mit der Vereinfachung der Formen verleihen den Gem\u00e4lden Energie und Bewegung. Jani ist bekannt f\u00fcr ihre abstrakte Kunst, jedoch malt sie sehr [&hellip;]<\/p>\n","protected":false},"author":1,"featured_media":0,"parent":0,"menu_order":0,"comment_status":"closed","ping_status":"closed","template":"","meta":{"ngg_post_thumbnail":0},"_links":{"self":[{"href":"https:\/\/art-badkrozingen.de\/index.php?rest_route=\/wp\/v2\/pages\/3522"}],"collection":[{"href":"https:\/\/art-badkrozingen.de\/index.php?rest_route=\/wp\/v2\/pages"}],"about":[{"href":"https:\/\/art-badkrozingen.de\/index.php?rest_route=\/wp\/v2\/types\/page"}],"author":[{"embeddable":true,"href":"https:\/\/art-badkrozingen.de\/index.php?rest_route=\/wp\/v2\/users\/1"}],"replies":[{"embeddable":true,"href":"https:\/\/art-badkrozingen.de\/index.php?rest_route=%2Fwp%2Fv2%2Fcomments&post=3522"}],"version-history":[{"count":11,"href":"https:\/\/art-badkrozingen.de\/index.php?rest_route=\/wp\/v2\/pages\/3522\/revisions"}],"predecessor-version":[{"id":4980,"href":"https:\/\/art-badkrozingen.de\/index.php?rest_route=\/wp\/v2\/pages\/3522\/revisions\/4980"}],"wp:attachment":[{"href":"https:\/\/art-badkrozingen.de\/index.php?rest_route=%2Fwp%2Fv2%2Fmedia&parent=3522"}],"curies":[{"name":"wp","href":"https:\/\/api.w.org\/{rel}","templated":true}]}}