{"id":3765,"date":"2021-02-21T16:52:57","date_gmt":"2021-02-21T16:52:57","guid":{"rendered":"http:\/\/art-badkrozingen.de\/?page_id=3765"},"modified":"2025-09-04T13:12:44","modified_gmt":"2025-09-04T13:12:44","slug":"susanne-uhl","status":"publish","type":"page","link":"https:\/\/art-badkrozingen.de\/?page_id=3765","title":{"rendered":"Susanne Uhl"},"content":{"rendered":"\r\n\r\n\r\n<p><strong>Kreatives aus Ton<\/strong><\/p>\r\n<p><img loading=\"lazy\" class=\" wp-image-6788 alignright\" src=\"https:\/\/art-badkrozingen.de\/wp-content\/uploads\/2025\/09\/image0.jpeg\" alt=\"\" width=\"197\" height=\"280\" srcset=\"https:\/\/art-badkrozingen.de\/wp-content\/uploads\/2025\/09\/image0.jpeg 1126w, https:\/\/art-badkrozingen.de\/wp-content\/uploads\/2025\/09\/image0-211x300.jpeg 211w, https:\/\/art-badkrozingen.de\/wp-content\/uploads\/2025\/09\/image0-721x1024.jpeg 721w, https:\/\/art-badkrozingen.de\/wp-content\/uploads\/2025\/09\/image0-768x1091.jpeg 768w, https:\/\/art-badkrozingen.de\/wp-content\/uploads\/2025\/09\/image0-1081x1536.jpeg 1081w\" sizes=\"(max-width: 197px) 100vw, 197px\" \/><\/p>\r\n<p>Ich entdeckte vor \u00fcber 40 Jahren die Magie des Materials Ton in meinem ersten T\u00f6pferkurs.<\/p>\r\n<p>Sobald es meine berufliche und famili\u00e4re Situation zulie\u00df, bildete ich mich bei verschiedenen Kursleiter*innen in unterschiedlichen Techniken fort.<\/p>\r\n<p>Ab Ende der 90-er Jahre gab ich Kurse in meinem eigenen Atelier.<\/p>\r\n<p>Meine Werke fanden auf Ausstellungen und M\u00e4rkten eine neue Heimat.<\/p>\r\n<p>Mit dem Umzug 2007 ins S\u00fcdbadische trat eine Pause ein, doch die vielf\u00e4ltigen kreativen Ideen wollten umgesetzt werden. Dies konnte zun\u00e4chst in der hauseigenen Werkstatt realisiert werden.<\/p>\r\n<p>Seit Fr\u00fchjahr 2024 arbeite ich in der Ateliergemeinschaft \u201eKunst-Quartier\u201c in Badenweiler.<\/p>\r\n<p>Meine Werke sind von Hand aufgebaut. Die Experimente mit unterschiedlichen Tonfarben und Brandtechniken \u00fcberraschen mich stets aufs Neue.&nbsp;<\/p>\r\n<p>Kontakt: Email: <a href=\"mailto:susanneuhl1@web.de\">susanneuhl1@web.de<\/a><\/p>\r\n\r\n\r\n\r\n\r\n\r\n<p><img loading=\"lazy\" class=\"alignnone wp-image-3761 size-medium\" src=\"https:\/\/art-badkrozingen.de\/wp-content\/uploads\/2021\/02\/IMG_0799-225x300.jpg\" alt=\"\" width=\"225\" height=\"300\"><img loading=\"lazy\" class=\"alignnone wp-image-3760\" src=\"https:\/\/art-badkrozingen.de\/wp-content\/uploads\/2021\/02\/IMG_0677-300x225.jpg\" alt=\"\" width=\"400\" height=\"300\"><img loading=\"lazy\" class=\"alignnone wp-image-3762 size-medium\" src=\"https:\/\/art-badkrozingen.de\/wp-content\/uploads\/2021\/02\/IMG_1005-225x300.jpg\" alt=\"\" width=\"225\" height=\"300\"><\/p>\r\n\r\n\r\n\r\n<figure class=\"wp-container-2 wp-block-gallery-1 wp-block-gallery aligncenter columns-3 is-cropped\">\r\n<figure><\/figure>\r\n<figcaption class=\"blocks-gallery-caption\"><\/figcaption>\r\n<\/figure>\r\n\r\n\r\n\r\n<p>&nbsp;<\/p>\r\n","protected":false},"excerpt":{"rendered":"<p>Kreatives aus Ton Ich entdeckte vor \u00fcber 40 Jahren die Magie des Materials Ton in meinem ersten T\u00f6pferkurs. Sobald es meine berufliche und famili\u00e4re Situation zulie\u00df, bildete ich mich bei verschiedenen Kursleiter*innen in unterschiedlichen Techniken fort. Ab Ende der 90-er Jahre gab ich Kurse in meinem eigenen Atelier. Meine Werke fanden auf Ausstellungen und M\u00e4rkten [&hellip;]<\/p>\n","protected":false},"author":1,"featured_media":0,"parent":0,"menu_order":0,"comment_status":"closed","ping_status":"closed","template":"","meta":{"ngg_post_thumbnail":0},"_links":{"self":[{"href":"https:\/\/art-badkrozingen.de\/index.php?rest_route=\/wp\/v2\/pages\/3765"}],"collection":[{"href":"https:\/\/art-badkrozingen.de\/index.php?rest_route=\/wp\/v2\/pages"}],"about":[{"href":"https:\/\/art-badkrozingen.de\/index.php?rest_route=\/wp\/v2\/types\/page"}],"author":[{"embeddable":true,"href":"https:\/\/art-badkrozingen.de\/index.php?rest_route=\/wp\/v2\/users\/1"}],"replies":[{"embeddable":true,"href":"https:\/\/art-badkrozingen.de\/index.php?rest_route=%2Fwp%2Fv2%2Fcomments&post=3765"}],"version-history":[{"count":25,"href":"https:\/\/art-badkrozingen.de\/index.php?rest_route=\/wp\/v2\/pages\/3765\/revisions"}],"predecessor-version":[{"id":6790,"href":"https:\/\/art-badkrozingen.de\/index.php?rest_route=\/wp\/v2\/pages\/3765\/revisions\/6790"}],"wp:attachment":[{"href":"https:\/\/art-badkrozingen.de\/index.php?rest_route=%2Fwp%2Fv2%2Fmedia&parent=3765"}],"curies":[{"name":"wp","href":"https:\/\/api.w.org\/{rel}","templated":true}]}}