{"id":41,"date":"2017-08-03T07:30:34","date_gmt":"2017-08-03T07:30:34","guid":{"rendered":"http:\/\/art-badkrozingen.de\/?page_id=41"},"modified":"2026-05-08T12:59:19","modified_gmt":"2026-05-08T12:59:19","slug":"home","status":"publish","type":"page","link":"https:\/\/art-badkrozingen.de\/","title":{"rendered":"StART"},"content":{"rendered":"<h1>Herzlich Willkommen &#8230;<\/h1>\r\n<p>&#8230; auf der Homepage von<strong> ART Bad Krozingen e.V.<\/strong> Hier finden Sie alles \u00fcber uns, unsere Ziele und unsere laufenden und geplanten Projekte und Aktivit\u00e4ten. Wir treffen uns in der Regel am ersten Mittwoch des Monats (au\u00dfer Juli und August) um 19:00 Uhr im Kurhaus Bad Krozingen.<\/p>\r\n<p style=\"text-align: center;\">***<\/p>\r\n<p>&nbsp;<\/p>\r\n<p style=\"text-align: center;\"><img loading=\"lazy\" class=\"alignnone size-full wp-image-7621\" src=\"https:\/\/art-badkrozingen.de\/wp-content\/uploads\/2026\/03\/Flyer_Kunstallee26_Final.jpg\" alt=\"\" width=\"940\" height=\"909\" srcset=\"https:\/\/art-badkrozingen.de\/wp-content\/uploads\/2026\/03\/Flyer_Kunstallee26_Final.jpg 940w, https:\/\/art-badkrozingen.de\/wp-content\/uploads\/2026\/03\/Flyer_Kunstallee26_Final-300x290.jpg 300w, https:\/\/art-badkrozingen.de\/wp-content\/uploads\/2026\/03\/Flyer_Kunstallee26_Final-768x743.jpg 768w\" sizes=\"(max-width: 940px) 100vw, 940px\" \/><\/p>\r\n<p style=\"text-align: center;\">***<\/p>\r\n<p style=\"text-align: center;\"><img loading=\"lazy\" class=\"size-full wp-image-7685 aligncenter\" src=\"https:\/\/art-badkrozingen.de\/wp-content\/uploads\/2026\/05\/Sablowski-Plakat.jpg\" alt=\"\" width=\"653\" height=\"926\" srcset=\"https:\/\/art-badkrozingen.de\/wp-content\/uploads\/2026\/05\/Sablowski-Plakat.jpg 653w, https:\/\/art-badkrozingen.de\/wp-content\/uploads\/2026\/05\/Sablowski-Plakat-212x300.jpg 212w\" sizes=\"(max-width: 653px) 100vw, 653px\" \/><\/p>\r\n<p style=\"text-align: center;\"><strong>Vom 05. Mai bis zum 31. Juli 2026<\/strong>&nbsp;<\/p>\r\n<p style=\"text-align: center;\"><a href=\"https:\/\/art-badkrozingen.de\/wp-content\/uploads\/2026\/05\/1-Ausstellung-Birgit-Sablowski-Plakat-2.pdf\">Ausstellung Birgit Sablowski &#8211; Info&nbsp;<\/a><\/p>\r\n<p style=\"text-align: center;\">***<img loading=\"lazy\" class=\"alignnone size-full wp-image-7552 aligncenter\" src=\"https:\/\/art-badkrozingen.de\/wp-content\/uploads\/2026\/02\/IMG-20260126-WA0001.jpg\" alt=\"\" width=\"650\" height=\"919\" srcset=\"https:\/\/art-badkrozingen.de\/wp-content\/uploads\/2026\/02\/IMG-20260126-WA0001.jpg 650w, https:\/\/art-badkrozingen.de\/wp-content\/uploads\/2026\/02\/IMG-20260126-WA0001-212x300.jpg 212w\" sizes=\"(max-width: 650px) 100vw, 650px\" \/><\/p>\r\n<p style=\"text-align: center;\">***<\/p>\r\n<p><img loading=\"lazy\" class=\"alignnone  wp-image-7565 aligncenter\" src=\"https:\/\/art-badkrozingen.de\/wp-content\/uploads\/2026\/02\/Hartheim-4.-Ausstellung-Christine-Kallfass-Plakat.jpg\" alt=\"\" width=\"731\" height=\"1034\" srcset=\"https:\/\/art-badkrozingen.de\/wp-content\/uploads\/2026\/02\/Hartheim-4.-Ausstellung-Christine-Kallfass-Plakat.jpg 910w, https:\/\/art-badkrozingen.de\/wp-content\/uploads\/2026\/02\/Hartheim-4.-Ausstellung-Christine-Kallfass-Plakat-212x300.jpg 212w, https:\/\/art-badkrozingen.de\/wp-content\/uploads\/2026\/02\/Hartheim-4.-Ausstellung-Christine-Kallfass-Plakat-724x1024.jpg 724w, https:\/\/art-badkrozingen.de\/wp-content\/uploads\/2026\/02\/Hartheim-4.-Ausstellung-Christine-Kallfass-Plakat-768x1086.jpg 768w\" sizes=\"(max-width: 731px) 100vw, 731px\" \/><\/p>\r\n<p style=\"text-align: center;\">***<\/p>\r\n<p><img loading=\"lazy\" class=\"size-full wp-image-7467 aligncenter\" src=\"https:\/\/art-badkrozingen.de\/wp-content\/uploads\/2025\/12\/Flyer-Zepp-2.png\" alt=\"\" width=\"720\" height=\"960\" srcset=\"https:\/\/art-badkrozingen.de\/wp-content\/uploads\/2025\/12\/Flyer-Zepp-2.png 720w, https:\/\/art-badkrozingen.de\/wp-content\/uploads\/2025\/12\/Flyer-Zepp-2-225x300.png 225w\" sizes=\"(max-width: 720px) 100vw, 720px\" \/><\/p>\r\n<p>&nbsp;<\/p>\r\n<p>&nbsp;<\/p>\r\n<p style=\"text-align: center;\">***<\/p>\r\n<p><img loading=\"lazy\" class=\"wp-image-7478 aligncenter\" src=\"https:\/\/art-badkrozingen.de\/wp-content\/uploads\/2026\/01\/Flyer-snipping-tool.jpg\" alt=\"\" width=\"653\" height=\"941\" srcset=\"https:\/\/art-badkrozingen.de\/wp-content\/uploads\/2026\/01\/Flyer-snipping-tool.jpg 549w, https:\/\/art-badkrozingen.de\/wp-content\/uploads\/2026\/01\/Flyer-snipping-tool-208x300.jpg 208w\" sizes=\"(max-width: 653px) 100vw, 653px\" \/> <img loading=\"lazy\" class=\"wp-image-7479 aligncenter\" src=\"https:\/\/art-badkrozingen.de\/wp-content\/uploads\/2026\/01\/Flyer-Snipping-tool-2.-Seite.jpg\" alt=\"\" width=\"654\" height=\"939\" srcset=\"https:\/\/art-badkrozingen.de\/wp-content\/uploads\/2026\/01\/Flyer-Snipping-tool-2.-Seite.jpg 552w, https:\/\/art-badkrozingen.de\/wp-content\/uploads\/2026\/01\/Flyer-Snipping-tool-2.-Seite-209x300.jpg 209w\" sizes=\"(max-width: 654px) 100vw, 654px\" \/><\/p>\r\n<p style=\"text-align: center;\">***<\/p>\r\n<h3><strong>Aktuelle Projekte und Termine unserer Mitglieder<\/strong><\/h3>\r\n<ul>\r\n<li>&nbsp; &nbsp;Zwei <strong>ZEICHENREISEN nach F 21150 Flavigny-sur-Ozerain<\/strong> veranstaltet von <em>Nadine Kn\u00e4ble-Liebert<\/em>:\r\n<ul>\r\n<li>vom 26.06. bis 28.06.2026 &#8220;vom Sehen zum Gestalten: Zeichnen und Aquarellieren ohne Vorkenntnisse&#8221;<\/li>\r\n<li>vom 29.07. bis 02.08.2026 &#8220;eine kreative Auszeit mit Zeichnen und Aquarellieren, entschleunigten Erkundungen und wohltuender Wellness&#8221;. Weitere Informationen unter <a href=\"http:\/\/www.Flavigny.ch\">www.Flavigny.ch<\/a><\/li>\r\n<\/ul>\r\n<\/li>\r\n<\/ul>\r\n<ul>\r\n<li style=\"list-style-type: none;\">&nbsp;<\/li>\r\n<\/ul>\r\n<ul>\r\n<li><strong>Oelgem\u00e4lde Ausstellung<\/strong> von <em>Karin Scharf<\/em> vom 09.02. bis Mitte\/Ende Mai 2026 im Friseursalon Intercoiffeur Brendle in Heitersheim Badhausstr. 20<\/li>\r\n<\/ul>\r\n<ul>\r\n<li><strong>Ausstellung &#8220;Natur und Form&#8221;<\/strong> vom Kunstforum Schliengen mit <em>Kerstin Albiez<\/em> und anderen K\u00fcnstlerinnen vom 01.03. bis 20. 06.2026 im Wasserschloss Entenstein, Schliengen. Empfang am 20.03.2026 19:00 Uhr<\/li>\r\n<\/ul>\r\n<h3><strong>Neu und updates in unserer K\u00fcnstlergalerie<\/strong>:<\/h3>\r\n<p><em>Colette Schudy<\/em><\/p>\r\n<h3><strong>Ausstellung von Werken unserer Mitglieder in der Inside-Out-Gallery der Mediathek, Bad Krozingen<\/strong><\/h3>\r\n<p><em>Susanne Agostini-Wurow, Claudia Erhart, Christine Gutmann und Annette Wassmer<\/em><\/p>\r\n<p style=\"text-align: center;\"><strong>***<\/strong><\/p>\r\n<div id=\"txt_147\">\r\n<h1><img loading=\"lazy\" class=\"size-full wp-image-1305 aligncenter\" src=\"http:\/\/art-badkrozingen.de\/wp-content\/uploads\/2017\/08\/image001_neu.jpg\" alt=\"\" width=\"640\" height=\"360\" srcset=\"https:\/\/art-badkrozingen.de\/wp-content\/uploads\/2017\/08\/image001_neu.jpg 640w, https:\/\/art-badkrozingen.de\/wp-content\/uploads\/2017\/08\/image001_neu-300x169.jpg 300w\" sizes=\"(max-width: 640px) 100vw, 640px\" \/><\/h1>\r\n<\/div>\r\n<div id=\"txt_147\">&nbsp;<\/div>\r\n<h3 style=\"text-align: center;\"><\/h3>\r\n<p>&nbsp;<\/p>\r\n<h3 style=\"text-align: center;\"><\/h3>","protected":false},"excerpt":{"rendered":"<p>Herzlich Willkommen &#8230; &#8230; auf der Homepage von ART Bad Krozingen e.V. Hier finden Sie alles \u00fcber uns, unsere Ziele und unsere laufenden und geplanten Projekte und Aktivit\u00e4ten. Wir treffen uns in der Regel am ersten Mittwoch des Monats (au\u00dfer Juli und August) um 19:00 Uhr im Kurhaus Bad Krozingen. *** &nbsp; *** Vom 05. [&hellip;]<\/p>\n","protected":false},"author":1,"featured_media":0,"parent":0,"menu_order":1,"comment_status":"closed","ping_status":"closed","template":"","meta":{"ngg_post_thumbnail":0},"_links":{"self":[{"href":"https:\/\/art-badkrozingen.de\/index.php?rest_route=\/wp\/v2\/pages\/41"}],"collection":[{"href":"https:\/\/art-badkrozingen.de\/index.php?rest_route=\/wp\/v2\/pages"}],"about":[{"href":"https:\/\/art-badkrozingen.de\/index.php?rest_route=\/wp\/v2\/types\/page"}],"author":[{"embeddable":true,"href":"https:\/\/art-badkrozingen.de\/index.php?rest_route=\/wp\/v2\/users\/1"}],"replies":[{"embeddable":true,"href":"https:\/\/art-badkrozingen.de\/index.php?rest_route=%2Fwp%2Fv2%2Fcomments&post=41"}],"version-history":[{"count":993,"href":"https:\/\/art-badkrozingen.de\/index.php?rest_route=\/wp\/v2\/pages\/41\/revisions"}],"predecessor-version":[{"id":7691,"href":"https:\/\/art-badkrozingen.de\/index.php?rest_route=\/wp\/v2\/pages\/41\/revisions\/7691"}],"wp:attachment":[{"href":"https:\/\/art-badkrozingen.de\/index.php?rest_route=%2Fwp%2Fv2%2Fmedia&parent=41"}],"curies":[{"name":"wp","href":"https:\/\/api.w.org\/{rel}","templated":true}]}}