{"id":472,"date":"2017-08-06T16:01:24","date_gmt":"2017-08-06T16:01:24","guid":{"rendered":"http:\/\/art-badkrozingen.de\/?page_id=472"},"modified":"2018-06-09T15:00:48","modified_gmt":"2018-06-09T15:00:48","slug":"bemalung-der-kurparkunterfuehrung","status":"publish","type":"page","link":"https:\/\/art-badkrozingen.de\/?page_id=472","title":{"rendered":"Bemalung der Kurparkunterf\u00fchrung"},"content":{"rendered":"<p>Die Bemalung der Kurparkunterf\u00fchrung durch unseren K\u00fcnstler <strong>Eduardo Bastone<\/strong>&nbsp; begann Anfang Mai und wir voraussichtlich Anfang&nbsp; 2018 abgeschlossen sein, sobald einige Schmierereien \u00fcbermalt worden sind.<\/p>\n<p>26. April 2018: Eduardo Bastone hat sein von einem Graffiti-Schmierer besch\u00e4digtes Wandbild in der Unterf\u00fchrung zwischen Bahnhof und Kurpark wieder restauriert. Jetzt wird von der Stadt noch (wie an den anderen Wandgem\u00e4lden) eine Schutzschicht aufgebracht, sodass das Gem\u00e4lde vor neuen Schmierereien gesch\u00fctzt sein wird.&nbsp;<\/p>\n<p><img loading=\"lazy\" class=\"wp-image-1875 alignleft\" src=\"https:\/\/art-badkrozingen.de\/wp-content\/uploads\/2018\/05\/Pferd-ohne-Graffiti-e1525188769939.jpg\" alt=\"\" width=\"170\" height=\"227\"><\/p>\n<p><img loading=\"lazy\" class=\"wp-image-1874 alignleft\" src=\"https:\/\/art-badkrozingen.de\/wp-content\/uploads\/2018\/05\/Pferd-mit-Graffiti-e1525188678359.jpg\" alt=\"\" width=\"217\" height=\"163\" srcset=\"https:\/\/art-badkrozingen.de\/wp-content\/uploads\/2018\/05\/Pferd-mit-Graffiti-e1525188678359.jpg 800w, https:\/\/art-badkrozingen.de\/wp-content\/uploads\/2018\/05\/Pferd-mit-Graffiti-e1525188678359-300x225.jpg 300w, https:\/\/art-badkrozingen.de\/wp-content\/uploads\/2018\/05\/Pferd-mit-Graffiti-e1525188678359-768x576.jpg 768w\" sizes=\"(max-width: 217px) 100vw, 217px\" \/><\/p>\n<p>&nbsp;<\/p>\n<p>&nbsp;<\/p>\n<p>&nbsp;<\/p>\n<p>&nbsp;<\/p>\n<p>&nbsp;<\/p>\n<p>&nbsp;<\/p>\n<p>&nbsp;<\/p>\n<!-- index.php -->\n<div\n\tclass=\"ngg-galleryoverview ngg-ajax-pagination-none\"\n\tid=\"ngg-gallery-9bcc0bb182d839f7399c8761b235c2b0-1\">\n\n    \t\t<!-- Thumbnails -->\n\t\t\t\t<div id=\"ngg-image-0\" class=\"ngg-gallery-thumbnail-box\" >\n\t\t\t\t        <div class=\"ngg-gallery-thumbnail\">\n            <a href=\"https:\/\/art-badkrozingen.de\/wp-content\/gallery\/bemalung-unterfuehrung\/20170713_114022-e1503316822285.jpg\"\n               title=\"\"\n               data-src=\"https:\/\/art-badkrozingen.de\/wp-content\/gallery\/bemalung-unterfuehrung\/20170713_114022-e1503316822285.jpg\"\n               data-thumbnail=\"https:\/\/art-badkrozingen.de\/wp-content\/gallery\/bemalung-unterfuehrung\/thumbs\/thumbs_20170713_114022-e1503316822285.jpg\"\n               data-image-id=\"170\"\n               data-title=\"20170713_114022-e1503316822285\"\n               data-description=\"\"\n               data-image-slug=\"20170713_114022-e1503316822285\"\n               class=\"ngg-fancybox\" rel=\"9bcc0bb182d839f7399c8761b235c2b0\">\n                <img\n                    title=\"20170713_114022-e1503316822285\"\n                    alt=\"20170713_114022-e1503316822285\"\n                    src=\"https:\/\/art-badkrozingen.de\/wp-content\/gallery\/bemalung-unterfuehrung\/thumbs\/thumbs_20170713_114022-e1503316822285.jpg\"\n                    width=\"200\"\n                    height=\"170\"\n                    style=\"max-width:100%;\"\n                \/>\n            <\/a>\n        <\/div>\n\t\t\t\t\t\t\t<\/div> \n\t\t\t\n        \n\t\t\t\t<div id=\"ngg-image-1\" class=\"ngg-gallery-thumbnail-box\" >\n\t\t\t\t        <div class=\"ngg-gallery-thumbnail\">\n            <a href=\"https:\/\/art-badkrozingen.de\/wp-content\/gallery\/bemalung-unterfuehrung\/IMG-20170505-WA0015.jpg\"\n               title=\"\"\n               data-src=\"https:\/\/art-badkrozingen.de\/wp-content\/gallery\/bemalung-unterfuehrung\/IMG-20170505-WA0015.jpg\"\n               data-thumbnail=\"https:\/\/art-badkrozingen.de\/wp-content\/gallery\/bemalung-unterfuehrung\/thumbs\/thumbs_IMG-20170505-WA0015.jpg\"\n               data-image-id=\"6\"\n               data-title=\"IMG-20170505-WA0015\"\n               data-description=\"\"\n               data-image-slug=\"img-20170505-wa0015\"\n               class=\"ngg-fancybox\" rel=\"9bcc0bb182d839f7399c8761b235c2b0\">\n                <img\n                    title=\"IMG-20170505-WA0015\"\n                    alt=\"IMG-20170505-WA0015\"\n                    src=\"https:\/\/art-badkrozingen.de\/wp-content\/gallery\/bemalung-unterfuehrung\/thumbs\/thumbs_IMG-20170505-WA0015.jpg\"\n                    width=\"240\"\n                    height=\"160\"\n                    style=\"max-width:100%;\"\n                \/>\n            <\/a>\n        <\/div>\n\t\t\t\t\t\t\t<\/div> \n\t\t\t\n        \n\t\t\t\t<div id=\"ngg-image-2\" class=\"ngg-gallery-thumbnail-box\" >\n\t\t\t\t        <div class=\"ngg-gallery-thumbnail\">\n            <a href=\"https:\/\/art-badkrozingen.de\/wp-content\/gallery\/bemalung-unterfuehrung\/IMG-20170526-WA0025.jpg\"\n               title=\"\"\n               data-src=\"https:\/\/art-badkrozingen.de\/wp-content\/gallery\/bemalung-unterfuehrung\/IMG-20170526-WA0025.jpg\"\n               data-thumbnail=\"https:\/\/art-badkrozingen.de\/wp-content\/gallery\/bemalung-unterfuehrung\/thumbs\/thumbs_IMG-20170526-WA0025.jpg\"\n               data-image-id=\"7\"\n               data-title=\"IMG-20170526-WA0025\"\n               data-description=\"\"\n               data-image-slug=\"img-20170526-wa0025\"\n               class=\"ngg-fancybox\" rel=\"9bcc0bb182d839f7399c8761b235c2b0\">\n                <img\n                    title=\"IMG-20170526-WA0025\"\n                    alt=\"IMG-20170526-WA0025\"\n                    src=\"https:\/\/art-badkrozingen.de\/wp-content\/gallery\/bemalung-unterfuehrung\/thumbs\/thumbs_IMG-20170526-WA0025.jpg\"\n                    width=\"240\"\n                    height=\"160\"\n                    style=\"max-width:100%;\"\n                \/>\n            <\/a>\n        <\/div>\n\t\t\t\t\t\t\t<\/div> \n\t\t\t\n        \n\t\t\t\t<div id=\"ngg-image-3\" class=\"ngg-gallery-thumbnail-box\" >\n\t\t\t\t        <div class=\"ngg-gallery-thumbnail\">\n            <a href=\"https:\/\/art-badkrozingen.de\/wp-content\/gallery\/bemalung-unterfuehrung\/20170801_153738.jpg\"\n               title=\"\"\n               data-src=\"https:\/\/art-badkrozingen.de\/wp-content\/gallery\/bemalung-unterfuehrung\/20170801_153738.jpg\"\n               data-thumbnail=\"https:\/\/art-badkrozingen.de\/wp-content\/gallery\/bemalung-unterfuehrung\/thumbs\/thumbs_20170801_153738.jpg\"\n               data-image-id=\"5\"\n               data-title=\"20170801_153738\"\n               data-description=\"\"\n               data-image-slug=\"20170801_153738\"\n               class=\"ngg-fancybox\" rel=\"9bcc0bb182d839f7399c8761b235c2b0\">\n                <img\n                    title=\"20170801_153738\"\n                    alt=\"20170801_153738\"\n                    src=\"https:\/\/art-badkrozingen.de\/wp-content\/gallery\/bemalung-unterfuehrung\/thumbs\/thumbs_20170801_153738.jpg\"\n                    width=\"240\"\n                    height=\"160\"\n                    style=\"max-width:100%;\"\n                \/>\n            <\/a>\n        <\/div>\n\t\t\t\t\t\t\t<\/div> \n\t\t\t\n        \n\t\t\n\t\t<!-- Pagination -->\n\t<div class='ngg-clear'><\/div>\t<\/div>\n\n<h4>&nbsp;<\/h4>\n<h4>\u00dcbergabe des 1. und 2. Abschnitts<\/h4>\n<p>Am 8. August um 18:00 Uhr fand im&nbsp; Forum am Bahnhof die feierliche \u00dcbergabe des 1. und 2. Abschnitts der Bemalung der Kurparkunterf\u00fchrung an die Stadt Bad Krozingen statt.<\/p>\n<!-- index.php -->\n<div\n\tclass=\"ngg-galleryoverview ngg-ajax-pagination-none\"\n\tid=\"ngg-gallery-2a72bfcb940c0e67075d29ead8a35408-1\">\n\n    \t\t<!-- Thumbnails -->\n\t\t\t\t<div id=\"ngg-image-0\" class=\"ngg-gallery-thumbnail-box\" >\n\t\t\t\t        <div class=\"ngg-gallery-thumbnail\">\n            <a href=\"https:\/\/art-badkrozingen.de\/wp-content\/gallery\/unterfuehrung1abschnitt\/170808.EdBast.Finis_.03.jpg\"\n               title=\"\"\n               data-src=\"https:\/\/art-badkrozingen.de\/wp-content\/gallery\/unterfuehrung1abschnitt\/170808.EdBast.Finis_.03.jpg\"\n               data-thumbnail=\"https:\/\/art-badkrozingen.de\/wp-content\/gallery\/unterfuehrung1abschnitt\/thumbs\/thumbs_170808.EdBast.Finis_.03.jpg\"\n               data-image-id=\"110\"\n               data-title=\"170808.EdBast.Finis.03\"\n               data-description=\"\"\n               data-image-slug=\"170808-edbast-finis-03\"\n               class=\"ngg-fancybox\" rel=\"2a72bfcb940c0e67075d29ead8a35408\">\n                <img\n                    title=\"170808.EdBast.Finis.03\"\n                    alt=\"170808.EdBast.Finis.03\"\n                    src=\"https:\/\/art-badkrozingen.de\/wp-content\/gallery\/unterfuehrung1abschnitt\/thumbs\/thumbs_170808.EdBast.Finis_.03.jpg\"\n                    width=\"200\"\n                    height=\"170\"\n                    style=\"max-width:100%;\"\n                \/>\n            <\/a>\n        <\/div>\n\t\t\t\t\t\t\t<\/div> \n\t\t\t\n        \n\t\t\t\t<div id=\"ngg-image-1\" class=\"ngg-gallery-thumbnail-box\" >\n\t\t\t\t        <div class=\"ngg-gallery-thumbnail\">\n            <a href=\"https:\/\/art-badkrozingen.de\/wp-content\/gallery\/unterfuehrung1abschnitt\/170808.EdBast.Finis_.06.jpg\"\n               title=\"\"\n               data-src=\"https:\/\/art-badkrozingen.de\/wp-content\/gallery\/unterfuehrung1abschnitt\/170808.EdBast.Finis_.06.jpg\"\n               data-thumbnail=\"https:\/\/art-badkrozingen.de\/wp-content\/gallery\/unterfuehrung1abschnitt\/thumbs\/thumbs_170808.EdBast.Finis_.06.jpg\"\n               data-image-id=\"111\"\n               data-title=\"170808.EdBast.Finis.06\"\n               data-description=\"\"\n               data-image-slug=\"170808-edbast-finis-06\"\n               class=\"ngg-fancybox\" rel=\"2a72bfcb940c0e67075d29ead8a35408\">\n                <img\n                    title=\"170808.EdBast.Finis.06\"\n                    alt=\"170808.EdBast.Finis.06\"\n                    src=\"https:\/\/art-badkrozingen.de\/wp-content\/gallery\/unterfuehrung1abschnitt\/thumbs\/thumbs_170808.EdBast.Finis_.06.jpg\"\n                    width=\"200\"\n                    height=\"170\"\n                    style=\"max-width:100%;\"\n                \/>\n            <\/a>\n        <\/div>\n\t\t\t\t\t\t\t<\/div> \n\t\t\t\n        \n\t\t\t\t<div id=\"ngg-image-2\" class=\"ngg-gallery-thumbnail-box\" >\n\t\t\t\t        <div class=\"ngg-gallery-thumbnail\">\n            <a href=\"https:\/\/art-badkrozingen.de\/wp-content\/gallery\/unterfuehrung1abschnitt\/20170810_080732.jpg\"\n               title=\"\"\n               data-src=\"https:\/\/art-badkrozingen.de\/wp-content\/gallery\/unterfuehrung1abschnitt\/20170810_080732.jpg\"\n               data-thumbnail=\"https:\/\/art-badkrozingen.de\/wp-content\/gallery\/unterfuehrung1abschnitt\/thumbs\/thumbs_20170810_080732.jpg\"\n               data-image-id=\"112\"\n               data-title=\"20170810_080732\"\n               data-description=\"\"\n               data-image-slug=\"20170810_080732\"\n               class=\"ngg-fancybox\" rel=\"2a72bfcb940c0e67075d29ead8a35408\">\n                <img\n                    title=\"20170810_080732\"\n                    alt=\"20170810_080732\"\n                    src=\"https:\/\/art-badkrozingen.de\/wp-content\/gallery\/unterfuehrung1abschnitt\/thumbs\/thumbs_20170810_080732.jpg\"\n                    width=\"200\"\n                    height=\"170\"\n                    style=\"max-width:100%;\"\n                \/>\n            <\/a>\n        <\/div>\n\t\t\t\t\t\t\t<\/div> \n\t\t\t\n        \n\t\t\t\t<div id=\"ngg-image-3\" class=\"ngg-gallery-thumbnail-box\" >\n\t\t\t\t        <div class=\"ngg-gallery-thumbnail\">\n            <a href=\"https:\/\/art-badkrozingen.de\/wp-content\/gallery\/unterfuehrung1abschnitt\/IMG-20170809-WA0000.jpg\"\n               title=\"\"\n               data-src=\"https:\/\/art-badkrozingen.de\/wp-content\/gallery\/unterfuehrung1abschnitt\/IMG-20170809-WA0000.jpg\"\n               data-thumbnail=\"https:\/\/art-badkrozingen.de\/wp-content\/gallery\/unterfuehrung1abschnitt\/thumbs\/thumbs_IMG-20170809-WA0000.jpg\"\n               data-image-id=\"113\"\n               data-title=\"IMG-20170809-WA0000\"\n               data-description=\"\"\n               data-image-slug=\"img-20170809-wa0000\"\n               class=\"ngg-fancybox\" rel=\"2a72bfcb940c0e67075d29ead8a35408\">\n                <img\n                    title=\"IMG-20170809-WA0000\"\n                    alt=\"IMG-20170809-WA0000\"\n                    src=\"https:\/\/art-badkrozingen.de\/wp-content\/gallery\/unterfuehrung1abschnitt\/thumbs\/thumbs_IMG-20170809-WA0000.jpg\"\n                    width=\"200\"\n                    height=\"170\"\n                    style=\"max-width:100%;\"\n                \/>\n            <\/a>\n        <\/div>\n\t\t\t\t\t\t\t<\/div> \n\t\t\t\n        \n\t\t\t\t<div id=\"ngg-image-4\" class=\"ngg-gallery-thumbnail-box\" >\n\t\t\t\t        <div class=\"ngg-gallery-thumbnail\">\n            <a href=\"https:\/\/art-badkrozingen.de\/wp-content\/gallery\/unterfuehrung1abschnitt\/IMG-20170809-WA0001.jpg\"\n               title=\"\"\n               data-src=\"https:\/\/art-badkrozingen.de\/wp-content\/gallery\/unterfuehrung1abschnitt\/IMG-20170809-WA0001.jpg\"\n               data-thumbnail=\"https:\/\/art-badkrozingen.de\/wp-content\/gallery\/unterfuehrung1abschnitt\/thumbs\/thumbs_IMG-20170809-WA0001.jpg\"\n               data-image-id=\"114\"\n               data-title=\"IMG-20170809-WA0001\"\n               data-description=\"\"\n               data-image-slug=\"img-20170809-wa0001\"\n               class=\"ngg-fancybox\" rel=\"2a72bfcb940c0e67075d29ead8a35408\">\n                <img\n                    title=\"IMG-20170809-WA0001\"\n                    alt=\"IMG-20170809-WA0001\"\n                    src=\"https:\/\/art-badkrozingen.de\/wp-content\/gallery\/unterfuehrung1abschnitt\/thumbs\/thumbs_IMG-20170809-WA0001.jpg\"\n                    width=\"200\"\n                    height=\"170\"\n                    style=\"max-width:100%;\"\n                \/>\n            <\/a>\n        <\/div>\n\t\t\t\t\t\t\t<\/div> \n\t\t\t\n        \n\t\t\t\t<div id=\"ngg-image-5\" class=\"ngg-gallery-thumbnail-box\" >\n\t\t\t\t        <div class=\"ngg-gallery-thumbnail\">\n            <a href=\"https:\/\/art-badkrozingen.de\/wp-content\/gallery\/unterfuehrung1abschnitt\/IMG-20170809-WA0002.jpg\"\n               title=\"\"\n               data-src=\"https:\/\/art-badkrozingen.de\/wp-content\/gallery\/unterfuehrung1abschnitt\/IMG-20170809-WA0002.jpg\"\n               data-thumbnail=\"https:\/\/art-badkrozingen.de\/wp-content\/gallery\/unterfuehrung1abschnitt\/thumbs\/thumbs_IMG-20170809-WA0002.jpg\"\n               data-image-id=\"115\"\n               data-title=\"IMG-20170809-WA0002\"\n               data-description=\"\"\n               data-image-slug=\"img-20170809-wa0002\"\n               class=\"ngg-fancybox\" rel=\"2a72bfcb940c0e67075d29ead8a35408\">\n                <img\n                    title=\"IMG-20170809-WA0002\"\n                    alt=\"IMG-20170809-WA0002\"\n                    src=\"https:\/\/art-badkrozingen.de\/wp-content\/gallery\/unterfuehrung1abschnitt\/thumbs\/thumbs_IMG-20170809-WA0002.jpg\"\n                    width=\"200\"\n                    height=\"170\"\n                    style=\"max-width:100%;\"\n                \/>\n            <\/a>\n        <\/div>\n\t\t\t\t\t\t\t<\/div> \n\t\t\t\n        \n\t\t\t\t<div id=\"ngg-image-6\" class=\"ngg-gallery-thumbnail-box\" >\n\t\t\t\t        <div class=\"ngg-gallery-thumbnail\">\n            <a href=\"https:\/\/art-badkrozingen.de\/wp-content\/gallery\/unterfuehrung1abschnitt\/P8080014.JPG\"\n               title=\"OLYMPUS DIGITAL CAMERA\"\n               data-src=\"https:\/\/art-badkrozingen.de\/wp-content\/gallery\/unterfuehrung1abschnitt\/P8080014.JPG\"\n               data-thumbnail=\"https:\/\/art-badkrozingen.de\/wp-content\/gallery\/unterfuehrung1abschnitt\/thumbs\/thumbs_P8080014.JPG\"\n               data-image-id=\"116\"\n               data-title=\"OLYMPUS DIGITAL CAMERA\"\n               data-description=\"OLYMPUS DIGITAL CAMERA\"\n               data-image-slug=\"p8080014\"\n               class=\"ngg-fancybox\" rel=\"2a72bfcb940c0e67075d29ead8a35408\">\n                <img\n                    title=\"OLYMPUS DIGITAL CAMERA\"\n                    alt=\"OLYMPUS DIGITAL CAMERA\"\n                    src=\"https:\/\/art-badkrozingen.de\/wp-content\/gallery\/unterfuehrung1abschnitt\/thumbs\/thumbs_P8080014.JPG\"\n                    width=\"200\"\n                    height=\"170\"\n                    style=\"max-width:100%;\"\n                \/>\n            <\/a>\n        <\/div>\n\t\t\t\t\t\t\t<\/div> \n\t\t\t\n        \n\t\t\t\t<div id=\"ngg-image-7\" class=\"ngg-gallery-thumbnail-box\" >\n\t\t\t\t        <div class=\"ngg-gallery-thumbnail\">\n            <a href=\"https:\/\/art-badkrozingen.de\/wp-content\/gallery\/unterfuehrung1abschnitt\/k-170808.EdBast.Finis_.09.jpg\"\n               title=\"\"\n               data-src=\"https:\/\/art-badkrozingen.de\/wp-content\/gallery\/unterfuehrung1abschnitt\/k-170808.EdBast.Finis_.09.jpg\"\n               data-thumbnail=\"https:\/\/art-badkrozingen.de\/wp-content\/gallery\/unterfuehrung1abschnitt\/thumbs\/thumbs_k-170808.EdBast.Finis_.09.jpg\"\n               data-image-id=\"117\"\n               data-title=\"k-170808.EdBast.Finis.09\"\n               data-description=\"\"\n               data-image-slug=\"k-170808-edbast-finis-09\"\n               class=\"ngg-fancybox\" rel=\"2a72bfcb940c0e67075d29ead8a35408\">\n                <img\n                    title=\"k-170808.EdBast.Finis.09\"\n                    alt=\"k-170808.EdBast.Finis.09\"\n                    src=\"https:\/\/art-badkrozingen.de\/wp-content\/gallery\/unterfuehrung1abschnitt\/thumbs\/thumbs_k-170808.EdBast.Finis_.09.jpg\"\n                    width=\"200\"\n                    height=\"170\"\n                    style=\"max-width:100%;\"\n                \/>\n            <\/a>\n        <\/div>\n\t\t\t\t\t\t\t<\/div> \n\t\t\t\n        \n\t\t\t\t<div id=\"ngg-image-8\" class=\"ngg-gallery-thumbnail-box\" >\n\t\t\t\t        <div class=\"ngg-gallery-thumbnail\">\n            <a href=\"https:\/\/art-badkrozingen.de\/wp-content\/gallery\/unterfuehrung1abschnitt\/k-170808.EdBast.Finis_.11.jpg\"\n               title=\"\"\n               data-src=\"https:\/\/art-badkrozingen.de\/wp-content\/gallery\/unterfuehrung1abschnitt\/k-170808.EdBast.Finis_.11.jpg\"\n               data-thumbnail=\"https:\/\/art-badkrozingen.de\/wp-content\/gallery\/unterfuehrung1abschnitt\/thumbs\/thumbs_k-170808.EdBast.Finis_.11.jpg\"\n               data-image-id=\"118\"\n               data-title=\"k-170808.EdBast.Finis.11\"\n               data-description=\"\"\n               data-image-slug=\"k-170808-edbast-finis-11\"\n               class=\"ngg-fancybox\" rel=\"2a72bfcb940c0e67075d29ead8a35408\">\n                <img\n                    title=\"k-170808.EdBast.Finis.11\"\n                    alt=\"k-170808.EdBast.Finis.11\"\n                    src=\"https:\/\/art-badkrozingen.de\/wp-content\/gallery\/unterfuehrung1abschnitt\/thumbs\/thumbs_k-170808.EdBast.Finis_.11.jpg\"\n                    width=\"200\"\n                    height=\"170\"\n                    style=\"max-width:100%;\"\n                \/>\n            <\/a>\n        <\/div>\n\t\t\t\t\t\t\t<\/div> \n\t\t\t\n        \n\t\t\n\t\t<!-- Pagination -->\n\t<div class='ngg-clear'><\/div>\t<\/div>\n\n<p>&nbsp;<\/p>\n<h4>Tunnelblick: ein Gedicht von unserem Mitglied Wilhelm Fr\u00f6hlich<\/h4>\n<p><img loading=\"lazy\" class=\"alignnone wp-image-984\" src=\"http:\/\/art-badkrozingen.de\/wp-content\/uploads\/2017\/08\/Tunnelblick_Wilhelm-Fr\u00f6hlich.jpg\" alt=\"\" width=\"850\" height=\"600\" srcset=\"https:\/\/art-badkrozingen.de\/wp-content\/uploads\/2017\/08\/Tunnelblick_Wilhelm-Fr\u00f6hlich.jpg 1154w, https:\/\/art-badkrozingen.de\/wp-content\/uploads\/2017\/08\/Tunnelblick_Wilhelm-Fr\u00f6hlich-300x212.jpg 300w, https:\/\/art-badkrozingen.de\/wp-content\/uploads\/2017\/08\/Tunnelblick_Wilhelm-Fr\u00f6hlich-768x542.jpg 768w, https:\/\/art-badkrozingen.de\/wp-content\/uploads\/2017\/08\/Tunnelblick_Wilhelm-Fr\u00f6hlich-1024x723.jpg 1024w\" sizes=\"(max-width: 850px) 100vw, 850px\" \/><\/p>\n<p><a href=\"http:\/\/art-badkrozingen.de\/wp-content\/uploads\/2017\/08\/Tunnelblick_Wilhelm-Fr\u00f6hlich.pdf\" target=\"_blank\" rel=\"noopener\"><strong>&gt; Gedicht in Gro\u00dfansicht als PDF-Datei lesen<\/strong><\/a><\/p>\n<p>&nbsp;<\/p>\n<p>&nbsp;<\/p>\n","protected":false},"excerpt":{"rendered":"<p>Die Bemalung der Kurparkunterf\u00fchrung durch unseren K\u00fcnstler Eduardo Bastone&nbsp; begann Anfang Mai und wir voraussichtlich Anfang&nbsp; 2018 abgeschlossen sein, sobald einige Schmierereien \u00fcbermalt worden sind. 26. April 2018: Eduardo Bastone hat sein von einem Graffiti-Schmierer besch\u00e4digtes Wandbild in der Unterf\u00fchrung zwischen Bahnhof und Kurpark wieder restauriert. Jetzt wird von der Stadt noch (wie an den [&hellip;]<\/p>\n","protected":false},"author":1,"featured_media":0,"parent":0,"menu_order":0,"comment_status":"closed","ping_status":"closed","template":"","meta":{"ngg_post_thumbnail":0},"_links":{"self":[{"href":"https:\/\/art-badkrozingen.de\/index.php?rest_route=\/wp\/v2\/pages\/472"}],"collection":[{"href":"https:\/\/art-badkrozingen.de\/index.php?rest_route=\/wp\/v2\/pages"}],"about":[{"href":"https:\/\/art-badkrozingen.de\/index.php?rest_route=\/wp\/v2\/types\/page"}],"author":[{"embeddable":true,"href":"https:\/\/art-badkrozingen.de\/index.php?rest_route=\/wp\/v2\/users\/1"}],"replies":[{"embeddable":true,"href":"https:\/\/art-badkrozingen.de\/index.php?rest_route=%2Fwp%2Fv2%2Fcomments&post=472"}],"version-history":[{"count":24,"href":"https:\/\/art-badkrozingen.de\/index.php?rest_route=\/wp\/v2\/pages\/472\/revisions"}],"predecessor-version":[{"id":2003,"href":"https:\/\/art-badkrozingen.de\/index.php?rest_route=\/wp\/v2\/pages\/472\/revisions\/2003"}],"wp:attachment":[{"href":"https:\/\/art-badkrozingen.de\/index.php?rest_route=%2Fwp%2Fv2%2Fmedia&parent=472"}],"curies":[{"name":"wp","href":"https:\/\/api.w.org\/{rel}","templated":true}]}}