{"id":5316,"date":"2023-06-11T15:22:50","date_gmt":"2023-06-11T15:22:50","guid":{"rendered":"https:\/\/art-badkrozingen.de\/?page_id=5316"},"modified":"2023-06-14T11:52:24","modified_gmt":"2023-06-14T11:52:24","slug":"annette-wassmer","status":"publish","type":"page","link":"https:\/\/art-badkrozingen.de\/?page_id=5316","title":{"rendered":"Annette Wassmer"},"content":{"rendered":"<p>Malerin<\/p>\n<p><img loading=\"lazy\" class=\"size-medium wp-image-5319 alignleft\" src=\"https:\/\/art-badkrozingen.de\/wp-content\/uploads\/2023\/06\/Annette-Wassmer-234x300.jpg\" alt=\"\" width=\"234\" height=\"300\" srcset=\"https:\/\/art-badkrozingen.de\/wp-content\/uploads\/2023\/06\/Annette-Wassmer-234x300.jpg 234w, https:\/\/art-badkrozingen.de\/wp-content\/uploads\/2023\/06\/Annette-Wassmer.jpg 479w\" sizes=\"(max-width: 234px) 100vw, 234px\" \/><\/p>\n<p>Annette Wassmer lebt in Wittnau, ist verheiratet und hat einen Sohn.<\/p>\n<p>&nbsp;<\/p>\n<p>Sie hat eine Ausbildung als technische Zeichnerin und war in verschiedenen Ingenieur B\u00fcros t\u00e4tig. Seit 2005 war sie t\u00e4tig zun\u00e4chst als Zeichnerin im Uniklinikum Freiburg, seit 2008 als Einrichtungsplanerin, Interieur Designerin im Uniklinikum Freiburg.<\/p>\n<p>&nbsp;<\/p>\n<p>Seit 2019 ist sie k\u00fcnstlerisch unterwegs, hat ein Fernstudium Kunst von 2019 bis 2021 absolviert und im Atelier la Luna Kunstunterricht. Von 2021 bis 2022 hat sie ein Fernstudium Interior Design aufgenommen und ihre Arbeiten ausgestellt:<\/p>\n<p>07\/2022&nbsp; Gruppen &#8211; Ausstellung \u201eFarben\u201c in Freiburg; 10\/2022 \u2013 12\/2022 Gruppen \u2013 Ausstellung Wandmalerei \u201e Bibliothek im Exil \u201e in der Stadtbibliothek Freiburg;&nbsp;15.10 \u2013 29.10.2022 Ausstellung \u201e ma Provence \u201e in 30330, le Pin \u2013 France<\/p>\n<p>E-Mail: annette.wassmer@icloud.com<\/p>\n<!-- index.php -->\n<div\n\tclass=\"ngg-galleryoverview ngg-ajax-pagination-none\"\n\tid=\"ngg-gallery-02fc4b276afcaaceb8483ac1340751da-1\">\n\n    \t<div class=\"slideshowlink\">\n        <a href='https:\/\/art-badkrozingen.de\/index.php\/nggallery\/slideshow?page_id=5316'>[Zeige eine Slideshow]<\/a>\n\t\t\n\t<\/div>\n\t\t\t<!-- Thumbnails -->\n\t\t\t\t<div id=\"ngg-image-0\" class=\"ngg-gallery-thumbnail-box\" >\n\t\t\t\t        <div class=\"ngg-gallery-thumbnail\">\n            <a href=\"https:\/\/art-badkrozingen.de\/wp-content\/gallery\/annette-wassmer\/IMG_4599.jpg\"\n               title=\"\"\n               data-src=\"https:\/\/art-badkrozingen.de\/wp-content\/gallery\/annette-wassmer\/IMG_4599.jpg\"\n               data-thumbnail=\"https:\/\/art-badkrozingen.de\/wp-content\/gallery\/annette-wassmer\/thumbs\/thumbs_IMG_4599.jpg\"\n               data-image-id=\"980\"\n               data-title=\"IMG_4599\"\n               data-description=\"\"\n               data-image-slug=\"img_4599\"\n               class=\"ngg-fancybox\" rel=\"02fc4b276afcaaceb8483ac1340751da\">\n                <img\n                    title=\"IMG_4599\"\n                    alt=\"IMG_4599\"\n                    src=\"https:\/\/art-badkrozingen.de\/wp-content\/gallery\/annette-wassmer\/thumbs\/thumbs_IMG_4599.jpg\"\n                    width=\"200\"\n                    height=\"155\"\n                    style=\"max-width:100%;\"\n                \/>\n            <\/a>\n        <\/div>\n\t\t\t\t\t\t\t<\/div> \n\t\t\t\n        \n\t\t\t\t<div id=\"ngg-image-1\" class=\"ngg-gallery-thumbnail-box\" >\n\t\t\t\t        <div class=\"ngg-gallery-thumbnail\">\n            <a href=\"https:\/\/art-badkrozingen.de\/wp-content\/gallery\/annette-wassmer\/IMG_4190.jpg\"\n               title=\"\"\n               data-src=\"https:\/\/art-badkrozingen.de\/wp-content\/gallery\/annette-wassmer\/IMG_4190.jpg\"\n               data-thumbnail=\"https:\/\/art-badkrozingen.de\/wp-content\/gallery\/annette-wassmer\/thumbs\/thumbs_IMG_4190.jpg\"\n               data-image-id=\"981\"\n               data-title=\"IMG_4190\"\n               data-description=\"\"\n               data-image-slug=\"img_4190\"\n               class=\"ngg-fancybox\" rel=\"02fc4b276afcaaceb8483ac1340751da\">\n                <img\n                    title=\"IMG_4190\"\n                    alt=\"IMG_4190\"\n                    src=\"https:\/\/art-badkrozingen.de\/wp-content\/gallery\/annette-wassmer\/thumbs\/thumbs_IMG_4190.jpg\"\n                    width=\"200\"\n                    height=\"155\"\n                    style=\"max-width:100%;\"\n                \/>\n            <\/a>\n        <\/div>\n\t\t\t\t\t\t\t<\/div> \n\t\t\t\n        \n\t\t\t\t<div id=\"ngg-image-2\" class=\"ngg-gallery-thumbnail-box\" >\n\t\t\t\t        <div class=\"ngg-gallery-thumbnail\">\n            <a href=\"https:\/\/art-badkrozingen.de\/wp-content\/gallery\/annette-wassmer\/2499BC18-C894-444A-AC5D-6BF43BA74852.JPG\"\n               title=\"\"\n               data-src=\"https:\/\/art-badkrozingen.de\/wp-content\/gallery\/annette-wassmer\/2499BC18-C894-444A-AC5D-6BF43BA74852.JPG\"\n               data-thumbnail=\"https:\/\/art-badkrozingen.de\/wp-content\/gallery\/annette-wassmer\/thumbs\/thumbs_2499BC18-C894-444A-AC5D-6BF43BA74852.JPG\"\n               data-image-id=\"982\"\n               data-title=\"2499BC18-C894-444A-AC5D-6BF43BA74852\"\n               data-description=\"\"\n               data-image-slug=\"2499bc18-c894-444a-ac5d-6bf43ba74852\"\n               class=\"ngg-fancybox\" rel=\"02fc4b276afcaaceb8483ac1340751da\">\n                <img\n                    title=\"2499BC18-C894-444A-AC5D-6BF43BA74852\"\n                    alt=\"2499BC18-C894-444A-AC5D-6BF43BA74852\"\n                    src=\"https:\/\/art-badkrozingen.de\/wp-content\/gallery\/annette-wassmer\/thumbs\/thumbs_2499BC18-C894-444A-AC5D-6BF43BA74852.JPG\"\n                    width=\"200\"\n                    height=\"155\"\n                    style=\"max-width:100%;\"\n                \/>\n            <\/a>\n        <\/div>\n\t\t\t\t\t\t\t<\/div> \n\t\t\t\n        \n\t\t\t\t<div id=\"ngg-image-3\" class=\"ngg-gallery-thumbnail-box\" >\n\t\t\t\t        <div class=\"ngg-gallery-thumbnail\">\n            <a href=\"https:\/\/art-badkrozingen.de\/wp-content\/gallery\/annette-wassmer\/IMG_3971.jpg\"\n               title=\"\"\n               data-src=\"https:\/\/art-badkrozingen.de\/wp-content\/gallery\/annette-wassmer\/IMG_3971.jpg\"\n               data-thumbnail=\"https:\/\/art-badkrozingen.de\/wp-content\/gallery\/annette-wassmer\/thumbs\/thumbs_IMG_3971.jpg\"\n               data-image-id=\"983\"\n               data-title=\"IMG_3971\"\n               data-description=\"\"\n               data-image-slug=\"img_3971\"\n               class=\"ngg-fancybox\" rel=\"02fc4b276afcaaceb8483ac1340751da\">\n                <img\n                    title=\"IMG_3971\"\n                    alt=\"IMG_3971\"\n                    src=\"https:\/\/art-badkrozingen.de\/wp-content\/gallery\/annette-wassmer\/thumbs\/thumbs_IMG_3971.jpg\"\n                    width=\"200\"\n                    height=\"155\"\n                    style=\"max-width:100%;\"\n                \/>\n            <\/a>\n        <\/div>\n\t\t\t\t\t\t\t<\/div> \n\t\t\t\n        \n\t\t\t\t<div id=\"ngg-image-4\" class=\"ngg-gallery-thumbnail-box\" >\n\t\t\t\t        <div class=\"ngg-gallery-thumbnail\">\n            <a href=\"https:\/\/art-badkrozingen.de\/wp-content\/gallery\/annette-wassmer\/IMG_4353.jpg\"\n               title=\"\"\n               data-src=\"https:\/\/art-badkrozingen.de\/wp-content\/gallery\/annette-wassmer\/IMG_4353.jpg\"\n               data-thumbnail=\"https:\/\/art-badkrozingen.de\/wp-content\/gallery\/annette-wassmer\/thumbs\/thumbs_IMG_4353.jpg\"\n               data-image-id=\"984\"\n               data-title=\"IMG_4353\"\n               data-description=\"\"\n               data-image-slug=\"img_4353\"\n               class=\"ngg-fancybox\" rel=\"02fc4b276afcaaceb8483ac1340751da\">\n                <img\n                    title=\"IMG_4353\"\n                    alt=\"IMG_4353\"\n                    src=\"https:\/\/art-badkrozingen.de\/wp-content\/gallery\/annette-wassmer\/thumbs\/thumbs_IMG_4353.jpg\"\n                    width=\"200\"\n                    height=\"155\"\n                    style=\"max-width:100%;\"\n                \/>\n            <\/a>\n        <\/div>\n\t\t\t\t\t\t\t<\/div> \n\t\t\t\n        \n\t\t\n\t\t<!-- Pagination -->\n\t<div class='ngg-clear'><\/div>\t<\/div>\n\n<p>&nbsp;<\/p>\n<p>&nbsp;<\/p>\n<p>&nbsp;<\/p>\n<p>&nbsp;<\/p>\n<p>&nbsp;<\/p>\n<p>&nbsp;<\/p>\n<p>&nbsp;<\/p>\n<h1>Sonstige Kenntnisse<\/h1>\n<p>&nbsp;<\/p>\n<p>Ausbildereignung&nbsp;&nbsp;&nbsp;&nbsp;&nbsp;&nbsp;&nbsp;&nbsp;&nbsp;&nbsp;&nbsp;&nbsp;&nbsp;&nbsp;&nbsp;&nbsp;&nbsp;&nbsp;&nbsp;&nbsp;&nbsp;&nbsp;&nbsp;&nbsp;&nbsp;&nbsp;&nbsp;&nbsp; Berufs- und arbeitsp\u00e4dagogische Kenntnisse<\/p>\n<p>Sprachen&nbsp;&nbsp;&nbsp;&nbsp;&nbsp;&nbsp;&nbsp;&nbsp;&nbsp;&nbsp;&nbsp;&nbsp;&nbsp;&nbsp;&nbsp;&nbsp;&nbsp;&nbsp;&nbsp;&nbsp;&nbsp;&nbsp;&nbsp;&nbsp;&nbsp;&nbsp;&nbsp;&nbsp;&nbsp;&nbsp;&nbsp;&nbsp;&nbsp;&nbsp;&nbsp;&nbsp;&nbsp;&nbsp;&nbsp;&nbsp;&nbsp;&nbsp; Deutsch (Muttersprache), Franz\u00f6sisch, Englisch<\/p>\n","protected":false},"excerpt":{"rendered":"<p>Malerin Annette Wassmer lebt in Wittnau, ist verheiratet und hat einen Sohn. &nbsp; Sie hat eine Ausbildung als technische Zeichnerin und war in verschiedenen Ingenieur B\u00fcros t\u00e4tig. Seit 2005 war sie t\u00e4tig zun\u00e4chst als Zeichnerin im Uniklinikum Freiburg, seit 2008 als Einrichtungsplanerin, Interieur Designerin im Uniklinikum Freiburg. &nbsp; Seit 2019 ist sie k\u00fcnstlerisch unterwegs, hat [&hellip;]<\/p>\n","protected":false},"author":1,"featured_media":0,"parent":0,"menu_order":0,"comment_status":"closed","ping_status":"closed","template":"","meta":{"ngg_post_thumbnail":0},"_links":{"self":[{"href":"https:\/\/art-badkrozingen.de\/index.php?rest_route=\/wp\/v2\/pages\/5316"}],"collection":[{"href":"https:\/\/art-badkrozingen.de\/index.php?rest_route=\/wp\/v2\/pages"}],"about":[{"href":"https:\/\/art-badkrozingen.de\/index.php?rest_route=\/wp\/v2\/types\/page"}],"author":[{"embeddable":true,"href":"https:\/\/art-badkrozingen.de\/index.php?rest_route=\/wp\/v2\/users\/1"}],"replies":[{"embeddable":true,"href":"https:\/\/art-badkrozingen.de\/index.php?rest_route=%2Fwp%2Fv2%2Fcomments&post=5316"}],"version-history":[{"count":11,"href":"https:\/\/art-badkrozingen.de\/index.php?rest_route=\/wp\/v2\/pages\/5316\/revisions"}],"predecessor-version":[{"id":5334,"href":"https:\/\/art-badkrozingen.de\/index.php?rest_route=\/wp\/v2\/pages\/5316\/revisions\/5334"}],"wp:attachment":[{"href":"https:\/\/art-badkrozingen.de\/index.php?rest_route=%2Fwp%2Fv2%2Fmedia&parent=5316"}],"curies":[{"name":"wp","href":"https:\/\/api.w.org\/{rel}","templated":true}]}}