{"id":5453,"date":"2023-07-12T14:51:13","date_gmt":"2023-07-12T14:51:13","guid":{"rendered":"https:\/\/art-badkrozingen.de\/?page_id=5453"},"modified":"2025-11-02T13:21:06","modified_gmt":"2025-11-02T13:21:06","slug":"gaby-wolfert","status":"publish","type":"page","link":"https:\/\/art-badkrozingen.de\/?page_id=5453","title":{"rendered":"Gaby Wolfert"},"content":{"rendered":"<p>Malerei<\/p>\n<p><img loading=\"lazy\" class=\"wp-image-5449 alignleft\" src=\"https:\/\/art-badkrozingen.de\/wp-content\/uploads\/2023\/07\/wolfert2-231x300.jpg\" alt=\"\" width=\"441\" height=\"573\" srcset=\"https:\/\/art-badkrozingen.de\/wp-content\/uploads\/2023\/07\/wolfert2-231x300.jpg 231w, https:\/\/art-badkrozingen.de\/wp-content\/uploads\/2023\/07\/wolfert2-790x1024.jpg 790w, https:\/\/art-badkrozingen.de\/wp-content\/uploads\/2023\/07\/wolfert2.jpg 871w\" sizes=\"(max-width: 441px) 100vw, 441px\" \/><\/p>\n<p>Geboren 1968 in K\u00f6ln, verschlug es mich vor mehr als 25 Jahren nach Freiburg in den Schwarzwald. Ich habe nie eine Kunsthochschule oder Kurse belegt. Vor 20 Jahren hatte ich im Raum Freiburg ein paar Ausstellungen. Meine famili\u00e4ren Verh\u00e4ltnisse die letzten Jahre erlaubten mir nicht, meiner Malerei nachzugehen und mit Herzblut dabei zu sein. Die Coronazeit erweckte meine gro\u00dfe Lust auf die Kunst zur\u00fcck. Fr\u00fcher zeichnete ich viele Tiere. Heute sind meine Arbeiten v\u00f6llig unterschiedlich und haben noch keinen roten Faden. Vielleicht m\u00f6chte ich auch noch keinen roten Faden, erinnert es mich ein wenig an das Hamsterrad, indem ich mich nicht mehr bewegen m\u00f6chte. Ich arbeite meistens mit Acryl, Tinte, Bleistiften und Spraydosen.<\/p>\n<p>Kunst ist Meditation, wenn du dich darin verlierst.<\/p>\n<p>Meine Werke findest Du auf Instagram.<br \/>\nIch bin Mitglied bei der K\u00fcnstlerplattform Eyecandyfrankfurt.<\/p>\n<p>M\u00e4rz-April 2023<br \/>\nXXL Ausstellung \u201eGoethes Fr\u00fchlingsgedicht\u201c im Nordwestzentrum Frankfurt.<br \/>\nLeinwandgr\u00f6\u00dfe 4,00 x 1,50 Meter auf \u00fcber 90.000 Quadratmetern in der Mall.&nbsp;<\/p>\n<p><a href=\"https:\/\/linktr.ee\/gabywolfert?fbclid=PAAablichDI7_o6QN4PAGeVCFQMVF9Ulgz0wxjiV5eBlgX7hMjnw_He9sMwdE\" target=\"_blank\" rel=\"noopener\">Hier erfahren Sie (bald) noch mehr von mir<\/a><\/p>\n<p>Gabriele Wolfert 79423 Heitersheim, Telefon 0172 8955477<\/p>\n<p><img loading=\"lazy\" class=\"wp-image-5455 alignnone\" src=\"https:\/\/art-badkrozingen.de\/wp-content\/uploads\/2023\/07\/Wolfert-QRC-300x281.jpg\" alt=\"\" width=\"221\" height=\"207\" srcset=\"https:\/\/art-badkrozingen.de\/wp-content\/uploads\/2023\/07\/Wolfert-QRC-300x281.jpg 300w, https:\/\/art-badkrozingen.de\/wp-content\/uploads\/2023\/07\/Wolfert-QRC.jpg 655w\" sizes=\"(max-width: 221px) 100vw, 221px\" \/><\/p>\n<!-- index.php -->\n<div\n\tclass=\"ngg-galleryoverview ngg-ajax-pagination-none\"\n\tid=\"ngg-gallery-a480e7779b651c5f9dbe3492a6f4e78e-1\">\n\n    \t<div class=\"slideshowlink\">\n        <a href='https:\/\/art-badkrozingen.de\/index.php\/nggallery\/slideshow?page_id=5453'>[Zeige eine Slideshow]<\/a>\n\t\t\n\t<\/div>\n\t\t\t<!-- Thumbnails -->\n\t\t\t\t<div id=\"ngg-image-0\" class=\"ngg-gallery-thumbnail-box\" >\n\t\t\t\t        <div class=\"ngg-gallery-thumbnail\">\n            <a href=\"https:\/\/art-badkrozingen.de\/wp-content\/gallery\/gabriele-wolfert\/MicrosoftTeams-image-14.jpg\"\n               title=\"\"\n               data-src=\"https:\/\/art-badkrozingen.de\/wp-content\/gallery\/gabriele-wolfert\/MicrosoftTeams-image-14.jpg\"\n               data-thumbnail=\"https:\/\/art-badkrozingen.de\/wp-content\/gallery\/gabriele-wolfert\/thumbs\/thumbs_MicrosoftTeams-image-14.jpg\"\n               data-image-id=\"1053\"\n               data-title=\"MicrosoftTeams-image-14\"\n               data-description=\"\"\n               data-image-slug=\"microsoftteams-image-14\"\n               class=\"ngg-fancybox\" rel=\"a480e7779b651c5f9dbe3492a6f4e78e\">\n                <img\n                    title=\"MicrosoftTeams-image-14\"\n                    alt=\"MicrosoftTeams-image-14\"\n                    src=\"https:\/\/art-badkrozingen.de\/wp-content\/gallery\/gabriele-wolfert\/thumbs\/thumbs_MicrosoftTeams-image-14.jpg\"\n                    width=\"200\"\n                    height=\"155\"\n                    style=\"max-width:100%;\"\n                \/>\n            <\/a>\n        <\/div>\n\t\t\t\t\t\t\t<\/div> \n\t\t\t\n        \n\t\t\t\t<div id=\"ngg-image-1\" class=\"ngg-gallery-thumbnail-box\" >\n\t\t\t\t        <div class=\"ngg-gallery-thumbnail\">\n            <a href=\"https:\/\/art-badkrozingen.de\/wp-content\/gallery\/gabriele-wolfert\/wolfert3.jpg\"\n               title=\"\"\n               data-src=\"https:\/\/art-badkrozingen.de\/wp-content\/gallery\/gabriele-wolfert\/wolfert3.jpg\"\n               data-thumbnail=\"https:\/\/art-badkrozingen.de\/wp-content\/gallery\/gabriele-wolfert\/thumbs\/thumbs_wolfert3.jpg\"\n               data-image-id=\"1054\"\n               data-title=\"wolfert3\"\n               data-description=\"\"\n               data-image-slug=\"wolfert3\"\n               class=\"ngg-fancybox\" rel=\"a480e7779b651c5f9dbe3492a6f4e78e\">\n                <img\n                    title=\"wolfert3\"\n                    alt=\"wolfert3\"\n                    src=\"https:\/\/art-badkrozingen.de\/wp-content\/gallery\/gabriele-wolfert\/thumbs\/thumbs_wolfert3.jpg\"\n                    width=\"200\"\n                    height=\"155\"\n                    style=\"max-width:100%;\"\n                \/>\n            <\/a>\n        <\/div>\n\t\t\t\t\t\t\t<\/div> \n\t\t\t\n        \n\t\t\t\t<div id=\"ngg-image-2\" class=\"ngg-gallery-thumbnail-box\" >\n\t\t\t\t        <div class=\"ngg-gallery-thumbnail\">\n            <a href=\"https:\/\/art-badkrozingen.de\/wp-content\/gallery\/gabriele-wolfert\/wolfert4.jpg\"\n               title=\"\"\n               data-src=\"https:\/\/art-badkrozingen.de\/wp-content\/gallery\/gabriele-wolfert\/wolfert4.jpg\"\n               data-thumbnail=\"https:\/\/art-badkrozingen.de\/wp-content\/gallery\/gabriele-wolfert\/thumbs\/thumbs_wolfert4.jpg\"\n               data-image-id=\"1055\"\n               data-title=\"wolfert4\"\n               data-description=\"\"\n               data-image-slug=\"wolfert4\"\n               class=\"ngg-fancybox\" rel=\"a480e7779b651c5f9dbe3492a6f4e78e\">\n                <img\n                    title=\"wolfert4\"\n                    alt=\"wolfert4\"\n                    src=\"https:\/\/art-badkrozingen.de\/wp-content\/gallery\/gabriele-wolfert\/thumbs\/thumbs_wolfert4.jpg\"\n                    width=\"200\"\n                    height=\"155\"\n                    style=\"max-width:100%;\"\n                \/>\n            <\/a>\n        <\/div>\n\t\t\t\t\t\t\t<\/div> \n\t\t\t\n        \n\t\t\t\t<div id=\"ngg-image-3\" class=\"ngg-gallery-thumbnail-box\" >\n\t\t\t\t        <div class=\"ngg-gallery-thumbnail\">\n            <a href=\"https:\/\/art-badkrozingen.de\/wp-content\/gallery\/gabriele-wolfert\/wolfert1.jpg\"\n               title=\"\"\n               data-src=\"https:\/\/art-badkrozingen.de\/wp-content\/gallery\/gabriele-wolfert\/wolfert1.jpg\"\n               data-thumbnail=\"https:\/\/art-badkrozingen.de\/wp-content\/gallery\/gabriele-wolfert\/thumbs\/thumbs_wolfert1.jpg\"\n               data-image-id=\"1056\"\n               data-title=\"wolfert1\"\n               data-description=\"\"\n               data-image-slug=\"wolfert1\"\n               class=\"ngg-fancybox\" rel=\"a480e7779b651c5f9dbe3492a6f4e78e\">\n                <img\n                    title=\"wolfert1\"\n                    alt=\"wolfert1\"\n                    src=\"https:\/\/art-badkrozingen.de\/wp-content\/gallery\/gabriele-wolfert\/thumbs\/thumbs_wolfert1.jpg\"\n                    width=\"200\"\n                    height=\"155\"\n                    style=\"max-width:100%;\"\n                \/>\n            <\/a>\n        <\/div>\n\t\t\t\t\t\t\t<\/div> \n\t\t\t\n        \n\t\t\t\t<div id=\"ngg-image-4\" class=\"ngg-gallery-thumbnail-box\" >\n\t\t\t\t        <div class=\"ngg-gallery-thumbnail\">\n            <a href=\"https:\/\/art-badkrozingen.de\/wp-content\/gallery\/gabriele-wolfert\/Gaby-8.jpg\"\n               title=\"\"\n               data-src=\"https:\/\/art-badkrozingen.de\/wp-content\/gallery\/gabriele-wolfert\/Gaby-8.jpg\"\n               data-thumbnail=\"https:\/\/art-badkrozingen.de\/wp-content\/gallery\/gabriele-wolfert\/thumbs\/thumbs_Gaby-8.jpg\"\n               data-image-id=\"1812\"\n               data-title=\"Gaby-8\"\n               data-description=\"\"\n               data-image-slug=\"gaby-8\"\n               class=\"ngg-fancybox\" rel=\"a480e7779b651c5f9dbe3492a6f4e78e\">\n                <img\n                    title=\"Gaby-8\"\n                    alt=\"Gaby-8\"\n                    src=\"https:\/\/art-badkrozingen.de\/wp-content\/gallery\/gabriele-wolfert\/thumbs\/thumbs_Gaby-8.jpg\"\n                    width=\"200\"\n                    height=\"155\"\n                    style=\"max-width:100%;\"\n                \/>\n            <\/a>\n        <\/div>\n\t\t\t\t\t\t\t<\/div> \n\t\t\t\n        \n\t\t\t\t<div id=\"ngg-image-5\" class=\"ngg-gallery-thumbnail-box\" >\n\t\t\t\t        <div class=\"ngg-gallery-thumbnail\">\n            <a href=\"https:\/\/art-badkrozingen.de\/wp-content\/gallery\/gabriele-wolfert\/Gaby-1.jpg\"\n               title=\"\"\n               data-src=\"https:\/\/art-badkrozingen.de\/wp-content\/gallery\/gabriele-wolfert\/Gaby-1.jpg\"\n               data-thumbnail=\"https:\/\/art-badkrozingen.de\/wp-content\/gallery\/gabriele-wolfert\/thumbs\/thumbs_Gaby-1.jpg\"\n               data-image-id=\"1813\"\n               data-title=\"Gaby-1\"\n               data-description=\"\"\n               data-image-slug=\"gaby-1\"\n               class=\"ngg-fancybox\" rel=\"a480e7779b651c5f9dbe3492a6f4e78e\">\n                <img\n                    title=\"Gaby-1\"\n                    alt=\"Gaby-1\"\n                    src=\"https:\/\/art-badkrozingen.de\/wp-content\/gallery\/gabriele-wolfert\/thumbs\/thumbs_Gaby-1.jpg\"\n                    width=\"200\"\n                    height=\"155\"\n                    style=\"max-width:100%;\"\n                \/>\n            <\/a>\n        <\/div>\n\t\t\t\t\t\t\t<\/div> \n\t\t\t\n        \n\t\t\t\t<div id=\"ngg-image-6\" class=\"ngg-gallery-thumbnail-box\" >\n\t\t\t\t        <div class=\"ngg-gallery-thumbnail\">\n            <a href=\"https:\/\/art-badkrozingen.de\/wp-content\/gallery\/gabriele-wolfert\/Gaby-7.jpg\"\n               title=\"\"\n               data-src=\"https:\/\/art-badkrozingen.de\/wp-content\/gallery\/gabriele-wolfert\/Gaby-7.jpg\"\n               data-thumbnail=\"https:\/\/art-badkrozingen.de\/wp-content\/gallery\/gabriele-wolfert\/thumbs\/thumbs_Gaby-7.jpg\"\n               data-image-id=\"1814\"\n               data-title=\"Gaby-7\"\n               data-description=\"\"\n               data-image-slug=\"gaby-7\"\n               class=\"ngg-fancybox\" rel=\"a480e7779b651c5f9dbe3492a6f4e78e\">\n                <img\n                    title=\"Gaby-7\"\n                    alt=\"Gaby-7\"\n                    src=\"https:\/\/art-badkrozingen.de\/wp-content\/gallery\/gabriele-wolfert\/thumbs\/thumbs_Gaby-7.jpg\"\n                    width=\"200\"\n                    height=\"155\"\n                    style=\"max-width:100%;\"\n                \/>\n            <\/a>\n        <\/div>\n\t\t\t\t\t\t\t<\/div> \n\t\t\t\n        \n\t\t\t\t<div id=\"ngg-image-7\" class=\"ngg-gallery-thumbnail-box\" >\n\t\t\t\t        <div class=\"ngg-gallery-thumbnail\">\n            <a href=\"https:\/\/art-badkrozingen.de\/wp-content\/gallery\/gabriele-wolfert\/Gaby-6.jpg\"\n               title=\"\"\n               data-src=\"https:\/\/art-badkrozingen.de\/wp-content\/gallery\/gabriele-wolfert\/Gaby-6.jpg\"\n               data-thumbnail=\"https:\/\/art-badkrozingen.de\/wp-content\/gallery\/gabriele-wolfert\/thumbs\/thumbs_Gaby-6.jpg\"\n               data-image-id=\"1815\"\n               data-title=\"Gaby-6\"\n               data-description=\"\"\n               data-image-slug=\"gaby-6\"\n               class=\"ngg-fancybox\" rel=\"a480e7779b651c5f9dbe3492a6f4e78e\">\n                <img\n                    title=\"Gaby-6\"\n                    alt=\"Gaby-6\"\n                    src=\"https:\/\/art-badkrozingen.de\/wp-content\/gallery\/gabriele-wolfert\/thumbs\/thumbs_Gaby-6.jpg\"\n                    width=\"200\"\n                    height=\"155\"\n                    style=\"max-width:100%;\"\n                \/>\n            <\/a>\n        <\/div>\n\t\t\t\t\t\t\t<\/div> \n\t\t\t\n        \n\t\t\t\t<div id=\"ngg-image-8\" class=\"ngg-gallery-thumbnail-box\" >\n\t\t\t\t        <div class=\"ngg-gallery-thumbnail\">\n            <a href=\"https:\/\/art-badkrozingen.de\/wp-content\/gallery\/gabriele-wolfert\/Gaby-4.jpg\"\n               title=\"\"\n               data-src=\"https:\/\/art-badkrozingen.de\/wp-content\/gallery\/gabriele-wolfert\/Gaby-4.jpg\"\n               data-thumbnail=\"https:\/\/art-badkrozingen.de\/wp-content\/gallery\/gabriele-wolfert\/thumbs\/thumbs_Gaby-4.jpg\"\n               data-image-id=\"1816\"\n               data-title=\"Gaby-4\"\n               data-description=\"\"\n               data-image-slug=\"gaby-4\"\n               class=\"ngg-fancybox\" rel=\"a480e7779b651c5f9dbe3492a6f4e78e\">\n                <img\n                    title=\"Gaby-4\"\n                    alt=\"Gaby-4\"\n                    src=\"https:\/\/art-badkrozingen.de\/wp-content\/gallery\/gabriele-wolfert\/thumbs\/thumbs_Gaby-4.jpg\"\n                    width=\"200\"\n                    height=\"155\"\n                    style=\"max-width:100%;\"\n                \/>\n            <\/a>\n        <\/div>\n\t\t\t\t\t\t\t<\/div> \n\t\t\t\n        \n\t\t\t\t<div id=\"ngg-image-9\" class=\"ngg-gallery-thumbnail-box\" >\n\t\t\t\t        <div class=\"ngg-gallery-thumbnail\">\n            <a href=\"https:\/\/art-badkrozingen.de\/wp-content\/gallery\/gabriele-wolfert\/Gaby-5.jpg\"\n               title=\"\"\n               data-src=\"https:\/\/art-badkrozingen.de\/wp-content\/gallery\/gabriele-wolfert\/Gaby-5.jpg\"\n               data-thumbnail=\"https:\/\/art-badkrozingen.de\/wp-content\/gallery\/gabriele-wolfert\/thumbs\/thumbs_Gaby-5.jpg\"\n               data-image-id=\"1817\"\n               data-title=\"Gaby-5\"\n               data-description=\"\"\n               data-image-slug=\"gaby-5\"\n               class=\"ngg-fancybox\" rel=\"a480e7779b651c5f9dbe3492a6f4e78e\">\n                <img\n                    title=\"Gaby-5\"\n                    alt=\"Gaby-5\"\n                    src=\"https:\/\/art-badkrozingen.de\/wp-content\/gallery\/gabriele-wolfert\/thumbs\/thumbs_Gaby-5.jpg\"\n                    width=\"200\"\n                    height=\"155\"\n                    style=\"max-width:100%;\"\n                \/>\n            <\/a>\n        <\/div>\n\t\t\t\t\t\t\t<\/div> \n\t\t\t\n        \n\t\t\t\t<div id=\"ngg-image-10\" class=\"ngg-gallery-thumbnail-box\" >\n\t\t\t\t        <div class=\"ngg-gallery-thumbnail\">\n            <a href=\"https:\/\/art-badkrozingen.de\/wp-content\/gallery\/gabriele-wolfert\/Gaby-3.jpg\"\n               title=\"\"\n               data-src=\"https:\/\/art-badkrozingen.de\/wp-content\/gallery\/gabriele-wolfert\/Gaby-3.jpg\"\n               data-thumbnail=\"https:\/\/art-badkrozingen.de\/wp-content\/gallery\/gabriele-wolfert\/thumbs\/thumbs_Gaby-3.jpg\"\n               data-image-id=\"1818\"\n               data-title=\"Gaby-3\"\n               data-description=\"\"\n               data-image-slug=\"gaby-3\"\n               class=\"ngg-fancybox\" rel=\"a480e7779b651c5f9dbe3492a6f4e78e\">\n                <img\n                    title=\"Gaby-3\"\n                    alt=\"Gaby-3\"\n                    src=\"https:\/\/art-badkrozingen.de\/wp-content\/gallery\/gabriele-wolfert\/thumbs\/thumbs_Gaby-3.jpg\"\n                    width=\"200\"\n                    height=\"155\"\n                    style=\"max-width:100%;\"\n                \/>\n            <\/a>\n        <\/div>\n\t\t\t\t\t\t\t<\/div> \n\t\t\t\n        \n\t\t\t\t<div id=\"ngg-image-11\" class=\"ngg-gallery-thumbnail-box\" >\n\t\t\t\t        <div class=\"ngg-gallery-thumbnail\">\n            <a href=\"https:\/\/art-badkrozingen.de\/wp-content\/gallery\/gabriele-wolfert\/Gaby-2.jpg\"\n               title=\"\"\n               data-src=\"https:\/\/art-badkrozingen.de\/wp-content\/gallery\/gabriele-wolfert\/Gaby-2.jpg\"\n               data-thumbnail=\"https:\/\/art-badkrozingen.de\/wp-content\/gallery\/gabriele-wolfert\/thumbs\/thumbs_Gaby-2.jpg\"\n               data-image-id=\"1819\"\n               data-title=\"Gaby-2\"\n               data-description=\"\"\n               data-image-slug=\"gaby-2\"\n               class=\"ngg-fancybox\" rel=\"a480e7779b651c5f9dbe3492a6f4e78e\">\n                <img\n                    title=\"Gaby-2\"\n                    alt=\"Gaby-2\"\n                    src=\"https:\/\/art-badkrozingen.de\/wp-content\/gallery\/gabriele-wolfert\/thumbs\/thumbs_Gaby-2.jpg\"\n                    width=\"200\"\n                    height=\"155\"\n                    style=\"max-width:100%;\"\n                \/>\n            <\/a>\n        <\/div>\n\t\t\t\t\t\t\t<\/div> \n\t\t\t\n        \n\t\t\n\t\t<!-- Pagination -->\n\t<div class='ngg-clear'><\/div>\t<\/div>\n\n","protected":false},"excerpt":{"rendered":"<p>Malerei Geboren 1968 in K\u00f6ln, verschlug es mich vor mehr als 25 Jahren nach Freiburg in den Schwarzwald. Ich habe nie eine Kunsthochschule oder Kurse belegt. Vor 20 Jahren hatte ich im Raum Freiburg ein paar Ausstellungen. Meine famili\u00e4ren Verh\u00e4ltnisse die letzten Jahre erlaubten mir nicht, meiner Malerei nachzugehen und mit Herzblut dabei zu sein. [&hellip;]<\/p>\n","protected":false},"author":1,"featured_media":0,"parent":0,"menu_order":0,"comment_status":"closed","ping_status":"closed","template":"","meta":{"ngg_post_thumbnail":0},"_links":{"self":[{"href":"https:\/\/art-badkrozingen.de\/index.php?rest_route=\/wp\/v2\/pages\/5453"}],"collection":[{"href":"https:\/\/art-badkrozingen.de\/index.php?rest_route=\/wp\/v2\/pages"}],"about":[{"href":"https:\/\/art-badkrozingen.de\/index.php?rest_route=\/wp\/v2\/types\/page"}],"author":[{"embeddable":true,"href":"https:\/\/art-badkrozingen.de\/index.php?rest_route=\/wp\/v2\/users\/1"}],"replies":[{"embeddable":true,"href":"https:\/\/art-badkrozingen.de\/index.php?rest_route=%2Fwp%2Fv2%2Fcomments&post=5453"}],"version-history":[{"count":10,"href":"https:\/\/art-badkrozingen.de\/index.php?rest_route=\/wp\/v2\/pages\/5453\/revisions"}],"predecessor-version":[{"id":5471,"href":"https:\/\/art-badkrozingen.de\/index.php?rest_route=\/wp\/v2\/pages\/5453\/revisions\/5471"}],"wp:attachment":[{"href":"https:\/\/art-badkrozingen.de\/index.php?rest_route=%2Fwp%2Fv2%2Fmedia&parent=5453"}],"curies":[{"name":"wp","href":"https:\/\/api.w.org\/{rel}","templated":true}]}}