{"id":5561,"date":"2023-08-26T14:18:03","date_gmt":"2023-08-26T14:18:03","guid":{"rendered":"https:\/\/art-badkrozingen.de\/?page_id=5561"},"modified":"2023-08-26T14:18:03","modified_gmt":"2023-08-26T14:18:03","slug":"christine-gutmann","status":"publish","type":"page","link":"https:\/\/art-badkrozingen.de\/?page_id=5561","title":{"rendered":"Christine Gutmann"},"content":{"rendered":"<p><img loading=\"lazy\" class=\" wp-image-5567 alignright\" src=\"https:\/\/art-badkrozingen.de\/wp-content\/uploads\/2023\/08\/Christine-Gutmann.jpg\" alt=\"\" width=\"139\" height=\"206\"><\/p>\n<p>Malerin<\/p>\n<h4><em>\u201eJedes wahre Kunstwerk offenbart ein St\u00fcck der Seele Sch\u00f6pfers\u201c &#8211; Erich Limpach<\/em><\/h4>\n<p>Ich bin 1966 in Freiburg geboren und in Bad Krozingen aufgewachsen.&nbsp;Am Faust-Gymnasium Staufen machte ich 1986 mein Abitur.&nbsp;Anschlie\u00dfend habe ich an der PH-Freiburg Lehramt f\u00fcr Grundschule studiert, eine Familie gegr\u00fcndet und wohne seither in M\u00fcnstertal. Seit 2005 arbeite ich als Grundschullehrerin, seit 2006 an der Abt-Columbanschule M\u00fcnstertal.<\/p>\n<p>Meine k\u00fcnstlerische Schaffensfreude beim Malen und Zeichnen haben mich meine ganze Kindheit und Jugendzeit begleitet, kam jedoch gerade in meiner Familienzeit zu kurz.&nbsp;Nun sind meine f\u00fcnf Kinder gro\u00df und durch den Corona bedingten ersten Lockdown entstand ein neues Hinterfragen und Abstand zum Alltag.<\/p>\n<p>So startete ich mit der Aquarelltechnik im Fr\u00fchjahr 2020 neu. Auf diese Art Malerei war ich schon immer neugierig. Sie reizte mich sehr, da sie sehr viele M\u00f6glichkeiten und Ausdrucksweisen bietet. Seit den ersten Onlinekursen wurde das Malen wieder ein Teil von mir. Das Verweilen und Abtauchen mit Farben und Pinsel erm\u00f6glichen mir Entspannung und neue Lebendigkeit.&nbsp;Malen ist f\u00fcr mich eine eigene Dimension, Emotionen auszudr\u00fccken und Eindr\u00fccke festzuhalten.&nbsp;Gerade Landschaften, Jahreszeiten und die Natur bieten mir etliche Motive und Ideen.<\/p>\n<p><strong>Instagram<\/strong>: @nicola_gutmann_art&nbsp;<\/p>\n<p><strong>E-Mail<\/strong>: nicola.gutmann.art@t-online.de<\/p>\n<p><img loading=\"lazy\" class=\"alignnone wp-image-5566\" src=\"https:\/\/art-badkrozingen.de\/wp-content\/uploads\/2023\/08\/Image-2-212x300.jpeg\" alt=\"\" width=\"233\" height=\"330\" srcset=\"https:\/\/art-badkrozingen.de\/wp-content\/uploads\/2023\/08\/Image-2-212x300.jpeg 212w, https:\/\/art-badkrozingen.de\/wp-content\/uploads\/2023\/08\/Image-2-724x1024.jpeg 724w, https:\/\/art-badkrozingen.de\/wp-content\/uploads\/2023\/08\/Image-2-768x1086.jpeg 768w, https:\/\/art-badkrozingen.de\/wp-content\/uploads\/2023\/08\/Image-2-1086x1536.jpeg 1086w, https:\/\/art-badkrozingen.de\/wp-content\/uploads\/2023\/08\/Image-2-1448x2048.jpeg 1448w\" sizes=\"(max-width: 233px) 100vw, 233px\" \/><img loading=\"lazy\" class=\"alignnone wp-image-5565\" src=\"https:\/\/art-badkrozingen.de\/wp-content\/uploads\/2023\/08\/Image-1-300x212.jpeg\" alt=\"\" width=\"341\" height=\"241\" srcset=\"https:\/\/art-badkrozingen.de\/wp-content\/uploads\/2023\/08\/Image-1-300x212.jpeg 300w, https:\/\/art-badkrozingen.de\/wp-content\/uploads\/2023\/08\/Image-1-1024x724.jpeg 1024w, https:\/\/art-badkrozingen.de\/wp-content\/uploads\/2023\/08\/Image-1-768x543.jpeg 768w, https:\/\/art-badkrozingen.de\/wp-content\/uploads\/2023\/08\/Image-1-1536x1086.jpeg 1536w, https:\/\/art-badkrozingen.de\/wp-content\/uploads\/2023\/08\/Image-1-2048x1448.jpeg 2048w\" sizes=\"(max-width: 341px) 100vw, 341px\" \/><img loading=\"lazy\" class=\"alignnone wp-image-5564\" src=\"https:\/\/art-badkrozingen.de\/wp-content\/uploads\/2023\/08\/Image-212x300.jpeg\" alt=\"\" width=\"246\" height=\"348\" srcset=\"https:\/\/art-badkrozingen.de\/wp-content\/uploads\/2023\/08\/Image-212x300.jpeg 212w, https:\/\/art-badkrozingen.de\/wp-content\/uploads\/2023\/08\/Image-724x1024.jpeg 724w, https:\/\/art-badkrozingen.de\/wp-content\/uploads\/2023\/08\/Image-768x1086.jpeg 768w, https:\/\/art-badkrozingen.de\/wp-content\/uploads\/2023\/08\/Image-1086x1536.jpeg 1086w, https:\/\/art-badkrozingen.de\/wp-content\/uploads\/2023\/08\/Image-1448x2048.jpeg 1448w\" sizes=\"(max-width: 246px) 100vw, 246px\" \/><\/p>\n","protected":false},"excerpt":{"rendered":"<p>Malerin \u201eJedes wahre Kunstwerk offenbart ein St\u00fcck der Seele Sch\u00f6pfers\u201c &#8211; Erich Limpach Ich bin 1966 in Freiburg geboren und in Bad Krozingen aufgewachsen.&nbsp;Am Faust-Gymnasium Staufen machte ich 1986 mein Abitur.&nbsp;Anschlie\u00dfend habe ich an der PH-Freiburg Lehramt f\u00fcr Grundschule studiert, eine Familie gegr\u00fcndet und wohne seither in M\u00fcnstertal. Seit 2005 arbeite ich als Grundschullehrerin, seit [&hellip;]<\/p>\n","protected":false},"author":1,"featured_media":0,"parent":0,"menu_order":0,"comment_status":"closed","ping_status":"closed","template":"","meta":{"ngg_post_thumbnail":0},"_links":{"self":[{"href":"https:\/\/art-badkrozingen.de\/index.php?rest_route=\/wp\/v2\/pages\/5561"}],"collection":[{"href":"https:\/\/art-badkrozingen.de\/index.php?rest_route=\/wp\/v2\/pages"}],"about":[{"href":"https:\/\/art-badkrozingen.de\/index.php?rest_route=\/wp\/v2\/types\/page"}],"author":[{"embeddable":true,"href":"https:\/\/art-badkrozingen.de\/index.php?rest_route=\/wp\/v2\/users\/1"}],"replies":[{"embeddable":true,"href":"https:\/\/art-badkrozingen.de\/index.php?rest_route=%2Fwp%2Fv2%2Fcomments&post=5561"}],"version-history":[{"count":6,"href":"https:\/\/art-badkrozingen.de\/index.php?rest_route=\/wp\/v2\/pages\/5561\/revisions"}],"predecessor-version":[{"id":5571,"href":"https:\/\/art-badkrozingen.de\/index.php?rest_route=\/wp\/v2\/pages\/5561\/revisions\/5571"}],"wp:attachment":[{"href":"https:\/\/art-badkrozingen.de\/index.php?rest_route=%2Fwp%2Fv2%2Fmedia&parent=5561"}],"curies":[{"name":"wp","href":"https:\/\/api.w.org\/{rel}","templated":true}]}}