{"id":6654,"date":"2025-06-09T15:14:21","date_gmt":"2025-06-09T15:14:21","guid":{"rendered":"https:\/\/art-badkrozingen.de\/?page_id=6654"},"modified":"2025-06-22T13:15:49","modified_gmt":"2025-06-22T13:15:49","slug":"astrid-rauscher","status":"publish","type":"page","link":"https:\/\/art-badkrozingen.de\/?page_id=6654","title":{"rendered":"Astrid Rauscher"},"content":{"rendered":"<p><strong>Kunst Schaffende<\/strong>&nbsp; &nbsp; &nbsp; &nbsp; &nbsp; &nbsp; &nbsp; &nbsp; &nbsp; &nbsp;<img loading=\"lazy\" class=\" wp-image-6653 alignright\" src=\"https:\/\/art-badkrozingen.de\/wp-content\/uploads\/2025\/06\/AR-T-Kunstallee-Mai-2025-002.jpg\" alt=\"\" width=\"433\" height=\"559\" srcset=\"https:\/\/art-badkrozingen.de\/wp-content\/uploads\/2025\/06\/AR-T-Kunstallee-Mai-2025-002.jpg 1680w, https:\/\/art-badkrozingen.de\/wp-content\/uploads\/2025\/06\/AR-T-Kunstallee-Mai-2025-002-232x300.jpg 232w, https:\/\/art-badkrozingen.de\/wp-content\/uploads\/2025\/06\/AR-T-Kunstallee-Mai-2025-002-793x1024.jpg 793w, https:\/\/art-badkrozingen.de\/wp-content\/uploads\/2025\/06\/AR-T-Kunstallee-Mai-2025-002-768x992.jpg 768w, https:\/\/art-badkrozingen.de\/wp-content\/uploads\/2025\/06\/AR-T-Kunstallee-Mai-2025-002-1190x1536.jpg 1190w, https:\/\/art-badkrozingen.de\/wp-content\/uploads\/2025\/06\/AR-T-Kunstallee-Mai-2025-002-1586x2048.jpg 1586w\" sizes=\"(max-width: 433px) 100vw, 433px\" \/><\/p>\n<p>Wie ich meine Kunst definiere?<\/p>\n<p>\u201eKunst ist Leidenschaft\u201c so hat es bereits Oscar Wilde formuliert. Auf mich \u00fcbertragen hei\u00dft das: Wenn ich male, male ich. \u00dcberlasse mich ganz meinem kreativen Tun, vertraue darauf. Arbeite aus meiner Mitte heraus, die Welt kann warten. ALLES darf flie\u00dfen \u2013 als im Sternzeichen Krebs (*3.7.1965) Geborene \u00fcberlasse ich mich dem Fluss des Wassers und des Lebens nur zu gerne.<\/p>\n<p>Das Element Wasser inspiriert mich. In vielen meiner Bilder flie\u00dft etwas, die Farbe darf flie\u00dfen, Linien l\u00f6sen sich auf, Fl\u00e4chen verw\u00e4ssern, oft l\u00e4sst sich eine Landschaft, wenn auch nur angedeutet, ausmachen. Gro\u00dfe Himmel und glitzernde Gew\u00e4sser, sich brechendes Licht in Gischt und Wellen, ein Horizont, dessen Linie sich im Dunst aufl\u00f6st, diffuse Farbigkeiten &#8211; dieses immer und immer wieder Staunen (M\u00dcSSEN und WOLLEN!) in der Natur hat Bilder in mir hinterlassen, von denen ich im Schaffensprozess zehre.<\/p>\n<p>Inspiration f\u00fcrs \u201eKunst schaffen\u201c erhalte ich auch durch Textarbeit. Die Leidenschaft f\u00fcrs literarische Schreiben ist mein zweites gro\u00dfes Hobby, mehrfach habe ich an der Jahres-Literaturwerkstatt der VHS in Freiburg teilgenommen. Wenn es dem Schreibenden gelingt, beim Leser Bilder zu erzeugen, ist der Text gegl\u00fcckt.<\/p>\n<p>In meiner beruflichen T\u00e4tigkeit im Bereich Innenausbau und -einrichtung liegt der Focus auf Raum, Funktion, Form und Farbe, die eine Einheit bilden; dieser Einklang zeigt sich auch beim \u201eBilder machen\u201c, wobei ich beim Kunst schaffen meist intuitiv und nicht konzeptionell vorgehe. Das Ergebnis\/Bild\/Kunstwerk soll dem Betrachtenden Freiraum lassen f\u00fcr die eigene Intuition und Interpretation.&nbsp;<\/p>\n<p>Ein letztes Projekt \u2013 Sanierung eines denkmalgesch\u00fctzten Fachwerkhauses \u2013 habe ich zurzeit in Arbeit. Danach m\u00f6chte ich mich in den \u201eUnruhestand\u201c begeben und mich noch intensiver mit dem \u201eBilder machen\u201c besch\u00e4ftigen. Das Kunst Schaffen erf\u00fcllt mich zutiefst.<\/p>\n<p><strong>Techniken<\/strong>: Acryl auf Leinwand, zum Teil collagiert (Einsatz von Fotos, Papieren), Spachteltechnik (Sand\/Marmormehl\/Spachtelmasse), Flie\u00dftechnik, \u00d6l auf Acryl. Aktuell diverse Techniken in Tusche (Antiktusche), die w\u00e4ssrig vermalt wird, Abdrucktechniken, Flie\u00df- und Spr\u00fchtechnik, zum Teil auf collagiertem Aquarellpapier.<\/p>\n<p><strong>Aus- und Fortbildung<\/strong>: Seminare: Spachtel-, Rakel- und Collagetechniken nach Anselm Kiefer, Gerhard Richter; Fabrik am See\/ Gaienhofen Horn \u2013 Seminare bei Almbauer, Bitterwolf, Hildur;&nbsp;Laufende Teilnahme am Kunstkolleg\/Atelier Radstation der VHS Freiburg \u201eBilder machen\u201c<\/p>\n<p><!-- index.php -->\n<div\n\tclass=\"ngg-galleryoverview ngg-ajax-pagination-none\"\n\tid=\"ngg-gallery-69256f62c7134a3ae42bb02514f106e9-1\">\n\n    \t<div class=\"slideshowlink\">\n        <a href='https:\/\/art-badkrozingen.de\/index.php\/nggallery\/slideshow?page_id=6654'>[Zeige eine Slideshow]<\/a>\n\t\t\n\t<\/div>\n\t\t\t<!-- Thumbnails -->\n\t\t\t\t<div id=\"ngg-image-0\" class=\"ngg-gallery-thumbnail-box\" >\n\t\t\t\t        <div class=\"ngg-gallery-thumbnail\">\n            <a href=\"https:\/\/art-badkrozingen.de\/wp-content\/gallery\/astrid-rauscher-1\/20241106_161435-e1750597788988.jpg\"\n               title=\"\"\n               data-src=\"https:\/\/art-badkrozingen.de\/wp-content\/gallery\/astrid-rauscher-1\/20241106_161435-e1750597788988.jpg\"\n               data-thumbnail=\"https:\/\/art-badkrozingen.de\/wp-content\/gallery\/astrid-rauscher-1\/thumbs\/thumbs_20241106_161435-e1750597788988.jpg\"\n               data-image-id=\"1506\"\n               data-title=\"20241106_161435-e1750597788988\"\n               data-description=\"\"\n               data-image-slug=\"20241106_161435-e1750597788988\"\n               class=\"ngg-fancybox\" rel=\"69256f62c7134a3ae42bb02514f106e9\">\n                <img\n                    title=\"20241106_161435-e1750597788988\"\n                    alt=\"20241106_161435-e1750597788988\"\n                    src=\"https:\/\/art-badkrozingen.de\/wp-content\/gallery\/astrid-rauscher-1\/thumbs\/thumbs_20241106_161435-e1750597788988.jpg\"\n                    width=\"200\"\n                    height=\"155\"\n                    style=\"max-width:100%;\"\n                \/>\n            <\/a>\n        <\/div>\n\t\t\t\t\t\t\t<\/div> \n\t\t\t\n        \n\t\t\t\t<div id=\"ngg-image-1\" class=\"ngg-gallery-thumbnail-box\" >\n\t\t\t\t        <div class=\"ngg-gallery-thumbnail\">\n            <a href=\"https:\/\/art-badkrozingen.de\/wp-content\/gallery\/astrid-rauscher-1\/20250223_090524-e1750597771189.jpg\"\n               title=\"\"\n               data-src=\"https:\/\/art-badkrozingen.de\/wp-content\/gallery\/astrid-rauscher-1\/20250223_090524-e1750597771189.jpg\"\n               data-thumbnail=\"https:\/\/art-badkrozingen.de\/wp-content\/gallery\/astrid-rauscher-1\/thumbs\/thumbs_20250223_090524-e1750597771189.jpg\"\n               data-image-id=\"1507\"\n               data-title=\"20250223_090524-e1750597771189\"\n               data-description=\"\"\n               data-image-slug=\"20250223_090524-e1750597771189\"\n               class=\"ngg-fancybox\" rel=\"69256f62c7134a3ae42bb02514f106e9\">\n                <img\n                    title=\"20250223_090524-e1750597771189\"\n                    alt=\"20250223_090524-e1750597771189\"\n                    src=\"https:\/\/art-badkrozingen.de\/wp-content\/gallery\/astrid-rauscher-1\/thumbs\/thumbs_20250223_090524-e1750597771189.jpg\"\n                    width=\"200\"\n                    height=\"155\"\n                    style=\"max-width:100%;\"\n                \/>\n            <\/a>\n        <\/div>\n\t\t\t\t\t\t\t<\/div> \n\t\t\t\n        \n\t\t\t\t<div id=\"ngg-image-2\" class=\"ngg-gallery-thumbnail-box\" >\n\t\t\t\t        <div class=\"ngg-gallery-thumbnail\">\n            <a href=\"https:\/\/art-badkrozingen.de\/wp-content\/gallery\/astrid-rauscher-1\/20250610_181909-e1750597752927.jpg\"\n               title=\"\"\n               data-src=\"https:\/\/art-badkrozingen.de\/wp-content\/gallery\/astrid-rauscher-1\/20250610_181909-e1750597752927.jpg\"\n               data-thumbnail=\"https:\/\/art-badkrozingen.de\/wp-content\/gallery\/astrid-rauscher-1\/thumbs\/thumbs_20250610_181909-e1750597752927.jpg\"\n               data-image-id=\"1508\"\n               data-title=\"20250610_181909-e1750597752927\"\n               data-description=\"\"\n               data-image-slug=\"20250610_181909-e1750597752927\"\n               class=\"ngg-fancybox\" rel=\"69256f62c7134a3ae42bb02514f106e9\">\n                <img\n                    title=\"20250610_181909-e1750597752927\"\n                    alt=\"20250610_181909-e1750597752927\"\n                    src=\"https:\/\/art-badkrozingen.de\/wp-content\/gallery\/astrid-rauscher-1\/thumbs\/thumbs_20250610_181909-e1750597752927.jpg\"\n                    width=\"200\"\n                    height=\"155\"\n                    style=\"max-width:100%;\"\n                \/>\n            <\/a>\n        <\/div>\n\t\t\t\t\t\t\t<\/div> \n\t\t\t\n        \n\t\t\t\t<div id=\"ngg-image-3\" class=\"ngg-gallery-thumbnail-box\" >\n\t\t\t\t        <div class=\"ngg-gallery-thumbnail\">\n            <a href=\"https:\/\/art-badkrozingen.de\/wp-content\/gallery\/astrid-rauscher-1\/20240313_211902-e1750597732392.jpg\"\n               title=\"\"\n               data-src=\"https:\/\/art-badkrozingen.de\/wp-content\/gallery\/astrid-rauscher-1\/20240313_211902-e1750597732392.jpg\"\n               data-thumbnail=\"https:\/\/art-badkrozingen.de\/wp-content\/gallery\/astrid-rauscher-1\/thumbs\/thumbs_20240313_211902-e1750597732392.jpg\"\n               data-image-id=\"1509\"\n               data-title=\"20240313_211902-e1750597732392\"\n               data-description=\"\"\n               data-image-slug=\"20240313_211902-e1750597732392\"\n               class=\"ngg-fancybox\" rel=\"69256f62c7134a3ae42bb02514f106e9\">\n                <img\n                    title=\"20240313_211902-e1750597732392\"\n                    alt=\"20240313_211902-e1750597732392\"\n                    src=\"https:\/\/art-badkrozingen.de\/wp-content\/gallery\/astrid-rauscher-1\/thumbs\/thumbs_20240313_211902-e1750597732392.jpg\"\n                    width=\"200\"\n                    height=\"155\"\n                    style=\"max-width:100%;\"\n                \/>\n            <\/a>\n        <\/div>\n\t\t\t\t\t\t\t<\/div> \n\t\t\t\n        \n\t\t\t\t<div id=\"ngg-image-4\" class=\"ngg-gallery-thumbnail-box\" >\n\t\t\t\t        <div class=\"ngg-gallery-thumbnail\">\n            <a href=\"https:\/\/art-badkrozingen.de\/wp-content\/gallery\/astrid-rauscher-1\/20240315_135925-e1750597715469.jpg\"\n               title=\"\"\n               data-src=\"https:\/\/art-badkrozingen.de\/wp-content\/gallery\/astrid-rauscher-1\/20240315_135925-e1750597715469.jpg\"\n               data-thumbnail=\"https:\/\/art-badkrozingen.de\/wp-content\/gallery\/astrid-rauscher-1\/thumbs\/thumbs_20240315_135925-e1750597715469.jpg\"\n               data-image-id=\"1510\"\n               data-title=\"20240315_135925-e1750597715469\"\n               data-description=\"\"\n               data-image-slug=\"20240315_135925-e1750597715469\"\n               class=\"ngg-fancybox\" rel=\"69256f62c7134a3ae42bb02514f106e9\">\n                <img\n                    title=\"20240315_135925-e1750597715469\"\n                    alt=\"20240315_135925-e1750597715469\"\n                    src=\"https:\/\/art-badkrozingen.de\/wp-content\/gallery\/astrid-rauscher-1\/thumbs\/thumbs_20240315_135925-e1750597715469.jpg\"\n                    width=\"200\"\n                    height=\"155\"\n                    style=\"max-width:100%;\"\n                \/>\n            <\/a>\n        <\/div>\n\t\t\t\t\t\t\t<\/div> \n\t\t\t\n        \n\t\t\t\t<div id=\"ngg-image-5\" class=\"ngg-gallery-thumbnail-box\" >\n\t\t\t\t        <div class=\"ngg-gallery-thumbnail\">\n            <a href=\"https:\/\/art-badkrozingen.de\/wp-content\/gallery\/astrid-rauscher-1\/IMG-20240514-WA0013-e1750597696825.jpeg\"\n               title=\"\"\n               data-src=\"https:\/\/art-badkrozingen.de\/wp-content\/gallery\/astrid-rauscher-1\/IMG-20240514-WA0013-e1750597696825.jpeg\"\n               data-thumbnail=\"https:\/\/art-badkrozingen.de\/wp-content\/gallery\/astrid-rauscher-1\/thumbs\/thumbs_IMG-20240514-WA0013-e1750597696825.jpeg\"\n               data-image-id=\"1511\"\n               data-title=\"IMG-20240514-WA0013-e1750597696825\"\n               data-description=\"\"\n               data-image-slug=\"img-20240514-wa0013-e1750597696825\"\n               class=\"ngg-fancybox\" rel=\"69256f62c7134a3ae42bb02514f106e9\">\n                <img\n                    title=\"IMG-20240514-WA0013-e1750597696825\"\n                    alt=\"IMG-20240514-WA0013-e1750597696825\"\n                    src=\"https:\/\/art-badkrozingen.de\/wp-content\/gallery\/astrid-rauscher-1\/thumbs\/thumbs_IMG-20240514-WA0013-e1750597696825.jpeg\"\n                    width=\"200\"\n                    height=\"155\"\n                    style=\"max-width:100%;\"\n                \/>\n            <\/a>\n        <\/div>\n\t\t\t\t\t\t\t<\/div> \n\t\t\t\n        \n\t\t\t\t<div id=\"ngg-image-6\" class=\"ngg-gallery-thumbnail-box\" >\n\t\t\t\t        <div class=\"ngg-gallery-thumbnail\">\n            <a href=\"https:\/\/art-badkrozingen.de\/wp-content\/gallery\/astrid-rauscher-1\/20240315_135734-e1750597677519.jpg\"\n               title=\"\"\n               data-src=\"https:\/\/art-badkrozingen.de\/wp-content\/gallery\/astrid-rauscher-1\/20240315_135734-e1750597677519.jpg\"\n               data-thumbnail=\"https:\/\/art-badkrozingen.de\/wp-content\/gallery\/astrid-rauscher-1\/thumbs\/thumbs_20240315_135734-e1750597677519.jpg\"\n               data-image-id=\"1512\"\n               data-title=\"20240315_135734-e1750597677519\"\n               data-description=\"\"\n               data-image-slug=\"20240315_135734-e1750597677519\"\n               class=\"ngg-fancybox\" rel=\"69256f62c7134a3ae42bb02514f106e9\">\n                <img\n                    title=\"20240315_135734-e1750597677519\"\n                    alt=\"20240315_135734-e1750597677519\"\n                    src=\"https:\/\/art-badkrozingen.de\/wp-content\/gallery\/astrid-rauscher-1\/thumbs\/thumbs_20240315_135734-e1750597677519.jpg\"\n                    width=\"200\"\n                    height=\"155\"\n                    style=\"max-width:100%;\"\n                \/>\n            <\/a>\n        <\/div>\n\t\t\t\t\t\t\t<\/div> \n\t\t\t\n        \n\t\t\t\t<div id=\"ngg-image-7\" class=\"ngg-gallery-thumbnail-box\" >\n\t\t\t\t        <div class=\"ngg-gallery-thumbnail\">\n            <a href=\"https:\/\/art-badkrozingen.de\/wp-content\/gallery\/astrid-rauscher-1\/20241108_081637-e1750597658294.jpg\"\n               title=\"\"\n               data-src=\"https:\/\/art-badkrozingen.de\/wp-content\/gallery\/astrid-rauscher-1\/20241108_081637-e1750597658294.jpg\"\n               data-thumbnail=\"https:\/\/art-badkrozingen.de\/wp-content\/gallery\/astrid-rauscher-1\/thumbs\/thumbs_20241108_081637-e1750597658294.jpg\"\n               data-image-id=\"1513\"\n               data-title=\"20241108_081637-e1750597658294\"\n               data-description=\"\"\n               data-image-slug=\"20241108_081637-e1750597658294\"\n               class=\"ngg-fancybox\" rel=\"69256f62c7134a3ae42bb02514f106e9\">\n                <img\n                    title=\"20241108_081637-e1750597658294\"\n                    alt=\"20241108_081637-e1750597658294\"\n                    src=\"https:\/\/art-badkrozingen.de\/wp-content\/gallery\/astrid-rauscher-1\/thumbs\/thumbs_20241108_081637-e1750597658294.jpg\"\n                    width=\"200\"\n                    height=\"155\"\n                    style=\"max-width:100%;\"\n                \/>\n            <\/a>\n        <\/div>\n\t\t\t\t\t\t\t<\/div> \n\t\t\t\n        \n\t\t\t\t<div id=\"ngg-image-8\" class=\"ngg-gallery-thumbnail-box\" >\n\t\t\t\t        <div class=\"ngg-gallery-thumbnail\">\n            <a href=\"https:\/\/art-badkrozingen.de\/wp-content\/gallery\/astrid-rauscher-1\/20241105_155548-e1750597638373.jpg\"\n               title=\"\"\n               data-src=\"https:\/\/art-badkrozingen.de\/wp-content\/gallery\/astrid-rauscher-1\/20241105_155548-e1750597638373.jpg\"\n               data-thumbnail=\"https:\/\/art-badkrozingen.de\/wp-content\/gallery\/astrid-rauscher-1\/thumbs\/thumbs_20241105_155548-e1750597638373.jpg\"\n               data-image-id=\"1514\"\n               data-title=\"20241105_155548-e1750597638373\"\n               data-description=\"\"\n               data-image-slug=\"20241105_155548-e1750597638373\"\n               class=\"ngg-fancybox\" rel=\"69256f62c7134a3ae42bb02514f106e9\">\n                <img\n                    title=\"20241105_155548-e1750597638373\"\n                    alt=\"20241105_155548-e1750597638373\"\n                    src=\"https:\/\/art-badkrozingen.de\/wp-content\/gallery\/astrid-rauscher-1\/thumbs\/thumbs_20241105_155548-e1750597638373.jpg\"\n                    width=\"200\"\n                    height=\"155\"\n                    style=\"max-width:100%;\"\n                \/>\n            <\/a>\n        <\/div>\n\t\t\t\t\t\t\t<\/div> \n\t\t\t\n        \n\t\t\t\t<div id=\"ngg-image-9\" class=\"ngg-gallery-thumbnail-box\" >\n\t\t\t\t        <div class=\"ngg-gallery-thumbnail\">\n            <a href=\"https:\/\/art-badkrozingen.de\/wp-content\/gallery\/astrid-rauscher-1\/20241108_081631-e1750597609656.jpg\"\n               title=\"\"\n               data-src=\"https:\/\/art-badkrozingen.de\/wp-content\/gallery\/astrid-rauscher-1\/20241108_081631-e1750597609656.jpg\"\n               data-thumbnail=\"https:\/\/art-badkrozingen.de\/wp-content\/gallery\/astrid-rauscher-1\/thumbs\/thumbs_20241108_081631-e1750597609656.jpg\"\n               data-image-id=\"1515\"\n               data-title=\"20241108_081631-e1750597609656\"\n               data-description=\"\"\n               data-image-slug=\"20241108_081631-e1750597609656\"\n               class=\"ngg-fancybox\" rel=\"69256f62c7134a3ae42bb02514f106e9\">\n                <img\n                    title=\"20241108_081631-e1750597609656\"\n                    alt=\"20241108_081631-e1750597609656\"\n                    src=\"https:\/\/art-badkrozingen.de\/wp-content\/gallery\/astrid-rauscher-1\/thumbs\/thumbs_20241108_081631-e1750597609656.jpg\"\n                    width=\"200\"\n                    height=\"155\"\n                    style=\"max-width:100%;\"\n                \/>\n            <\/a>\n        <\/div>\n\t\t\t\t\t\t\t<\/div> \n\t\t\t\n        \n\t\t\n\t\t<!-- Pagination -->\n\t<div class='ngg-clear'><\/div>\t<\/div>\n<strong>Kontakt<\/strong>: <a href=\"mailto:a.rauscher@t-online.de\">a.rauscher@t-online.de<\/a><\/p>\n<p>&nbsp;<\/p>\n","protected":false},"excerpt":{"rendered":"<p>Kunst Schaffende&nbsp; &nbsp; &nbsp; &nbsp; &nbsp; &nbsp; &nbsp; &nbsp; &nbsp; &nbsp; Wie ich meine Kunst definiere? \u201eKunst ist Leidenschaft\u201c so hat es bereits Oscar Wilde formuliert. Auf mich \u00fcbertragen hei\u00dft das: Wenn ich male, male ich. \u00dcberlasse mich ganz meinem kreativen Tun, vertraue darauf. Arbeite aus meiner Mitte heraus, die Welt kann warten. ALLES darf [&hellip;]<\/p>\n","protected":false},"author":1,"featured_media":0,"parent":0,"menu_order":0,"comment_status":"closed","ping_status":"closed","template":"","meta":{"ngg_post_thumbnail":0},"_links":{"self":[{"href":"https:\/\/art-badkrozingen.de\/index.php?rest_route=\/wp\/v2\/pages\/6654"}],"collection":[{"href":"https:\/\/art-badkrozingen.de\/index.php?rest_route=\/wp\/v2\/pages"}],"about":[{"href":"https:\/\/art-badkrozingen.de\/index.php?rest_route=\/wp\/v2\/types\/page"}],"author":[{"embeddable":true,"href":"https:\/\/art-badkrozingen.de\/index.php?rest_route=\/wp\/v2\/users\/1"}],"replies":[{"embeddable":true,"href":"https:\/\/art-badkrozingen.de\/index.php?rest_route=%2Fwp%2Fv2%2Fcomments&post=6654"}],"version-history":[{"count":7,"href":"https:\/\/art-badkrozingen.de\/index.php?rest_route=\/wp\/v2\/pages\/6654\/revisions"}],"predecessor-version":[{"id":6710,"href":"https:\/\/art-badkrozingen.de\/index.php?rest_route=\/wp\/v2\/pages\/6654\/revisions\/6710"}],"wp:attachment":[{"href":"https:\/\/art-badkrozingen.de\/index.php?rest_route=%2Fwp%2Fv2%2Fmedia&parent=6654"}],"curies":[{"name":"wp","href":"https:\/\/api.w.org\/{rel}","templated":true}]}}