{"id":672,"date":"2017-08-08T13:54:26","date_gmt":"2017-08-08T13:54:26","guid":{"rendered":"http:\/\/art-badkrozingen.de\/?page_id=672"},"modified":"2025-10-12T12:38:05","modified_gmt":"2025-10-12T12:38:05","slug":"ute-rieder","status":"publish","type":"page","link":"https:\/\/art-badkrozingen.de\/?page_id=672","title":{"rendered":"Ute Rieder"},"content":{"rendered":"<h4>Malerei und Grafik<img loading=\"lazy\" class=\"wp-image-6974 alignright\" src=\"https:\/\/art-badkrozingen.de\/wp-content\/uploads\/2025\/10\/IMG-20251006-WA0003.jpg\" alt=\"\" width=\"403\" height=\"403\" srcset=\"https:\/\/art-badkrozingen.de\/wp-content\/uploads\/2025\/10\/IMG-20251006-WA0003.jpg 720w, https:\/\/art-badkrozingen.de\/wp-content\/uploads\/2025\/10\/IMG-20251006-WA0003-300x300.jpg 300w, https:\/\/art-badkrozingen.de\/wp-content\/uploads\/2025\/10\/IMG-20251006-WA0003-150x150.jpg 150w\" sizes=\"(max-width: 403px) 100vw, 403px\" \/><\/h4>\n<p>Die 1963 in Albstadt geborene K\u00fcnstlerin Ute Rieder begeisterte sich bereits als Kind f\u00fcr Farben und Formen. Besonders die Formen des flie\u00dfenden Wassers sowie die Farben und Formen der Blumen bezauberten sie. Auch die Kalligraphie der alten B\u00fccher pr\u00e4gte sie. Sp\u00e4ter, im Gymnasium,&nbsp; begann sie w\u00e4hrend des Unterrichts Kritzelbilder mit Tuschestift zu zeichnen. Im Laufe der Zeit entwickelte sich ihre Kunst weiter und die Werke wurden farbig. Die Werke sind abstrakte Erinnerungen die tief aus der Seele kommen. Au\u00dfergew\u00f6hnlich an Utes Kunst ist, dass der Betrachter die M\u00f6glichkeit hat immer wieder neue Dinge zu entdecken. Jeder kann seine eigene Tr\u00e4ume in den Bildern finden. Ute malt entweder, wie zu ihren Anf\u00e4ngen, mit Tuschestift auf Papier oder mit Acryl auf Leinwand.<\/p>\n<p>Ute Rieder wurde bereits&nbsp; im Gymnasium von einer Kunstlehrerin gef\u00f6rdert.&nbsp;Nach ihrer Ausbildung zur Modedirektrice in Sigmaringen studierte sie ab 1988 an der Freiburgen Hochschule f\u00fcr Grafik-Design und Bildenden Kunst.&nbsp;<\/p>\n<p>Bereits ab 1985 stellte sie Gem\u00e4lde aus. 1992 folgte eine Ausstellung im Bankhaus Krebs, Freiburg, mit Gestaltung und Realisierung einer Telefonkarte.&nbsp;Fast j\u00e4hrlich folgten Ausstellungen.&nbsp;&nbsp;2007 in der Volksbank Freiburg Filiale Merzhausen.&nbsp;Ausstellungen in der T\u00fcrkei und dem Elsass folgten.&nbsp;&nbsp;Ab 2017 ist sie aktives Mitglied im Kunstverein ART-Bad Krozingen e.V.&nbsp;Die K\u00fcnstlerin lebt in Merzhausen.<\/p>\n<p>Ute Rieder<br \/>\nIm Gro\u00dfacker 28<br \/>\n79249 Merzhausen<br \/>\n0170 \/3440786<br \/>\n<a href=\"http:\/\/www.ute-rieder.de\" target=\"_blank\" rel=\"noopener\">www.ute-rieder.de<\/a><\/p>\n<p><a href=\"mailto:kunst.ute.rieder@gmail.com\" target=\"_blank\" rel=\"noopener\">kunst.ute.rieder@gmail.com<\/a><\/p>\n<p><img loading=\"lazy\" class=\"alignnone wp-image-6977\" src=\"https:\/\/art-badkrozingen.de\/wp-content\/uploads\/2025\/10\/IMG-20251006-WA0006.jpg\" alt=\"\" width=\"353\" height=\"441\" srcset=\"https:\/\/art-badkrozingen.de\/wp-content\/uploads\/2025\/10\/IMG-20251006-WA0006.jpg 720w, https:\/\/art-badkrozingen.de\/wp-content\/uploads\/2025\/10\/IMG-20251006-WA0006-240x300.jpg 240w\" sizes=\"(max-width: 353px) 100vw, 353px\" \/> <img loading=\"lazy\" class=\"alignnone wp-image-6976\" src=\"https:\/\/art-badkrozingen.de\/wp-content\/uploads\/2025\/10\/IMG-20251006-WA0002.jpg\" alt=\"\" width=\"439\" height=\"439\" srcset=\"https:\/\/art-badkrozingen.de\/wp-content\/uploads\/2025\/10\/IMG-20251006-WA0002.jpg 960w, https:\/\/art-badkrozingen.de\/wp-content\/uploads\/2025\/10\/IMG-20251006-WA0002-300x300.jpg 300w, https:\/\/art-badkrozingen.de\/wp-content\/uploads\/2025\/10\/IMG-20251006-WA0002-150x150.jpg 150w, https:\/\/art-badkrozingen.de\/wp-content\/uploads\/2025\/10\/IMG-20251006-WA0002-768x768.jpg 768w\" sizes=\"(max-width: 439px) 100vw, 439px\" \/> <img loading=\"lazy\" class=\"alignnone wp-image-6975\" src=\"https:\/\/art-badkrozingen.de\/wp-content\/uploads\/2025\/10\/IMG-20251006-WA0004.jpg\" alt=\"\" width=\"788\" height=\"601\" srcset=\"https:\/\/art-badkrozingen.de\/wp-content\/uploads\/2025\/10\/IMG-20251006-WA0004.jpg 1080w, https:\/\/art-badkrozingen.de\/wp-content\/uploads\/2025\/10\/IMG-20251006-WA0004-300x229.jpg 300w, https:\/\/art-badkrozingen.de\/wp-content\/uploads\/2025\/10\/IMG-20251006-WA0004-1024x780.jpg 1024w, https:\/\/art-badkrozingen.de\/wp-content\/uploads\/2025\/10\/IMG-20251006-WA0004-768x585.jpg 768w\" sizes=\"(max-width: 788px) 100vw, 788px\" \/>&nbsp;<\/p>\n<p><img loading=\"lazy\" class=\"wp-image-3173 alignnone\" src=\"https:\/\/art-badkrozingen.de\/wp-content\/uploads\/2019\/10\/FB_IMG_1569847760265.jpg\" alt=\"\" width=\"497\" height=\"494\" srcset=\"https:\/\/art-badkrozingen.de\/wp-content\/uploads\/2019\/10\/FB_IMG_1569847760265.jpg 1440w, https:\/\/art-badkrozingen.de\/wp-content\/uploads\/2019\/10\/FB_IMG_1569847760265-150x150.jpg 150w, https:\/\/art-badkrozingen.de\/wp-content\/uploads\/2019\/10\/FB_IMG_1569847760265-768x765.jpg 768w, https:\/\/art-badkrozingen.de\/wp-content\/uploads\/2019\/10\/FB_IMG_1569847760265-1024x1020.jpg 1024w\" sizes=\"(max-width: 497px) 100vw, 497px\" \/> <img loading=\"lazy\" class=\"wp-image-3174 alignnone\" src=\"https:\/\/art-badkrozingen.de\/wp-content\/uploads\/2019\/10\/20181101_153356_resized.jpg\" alt=\"\" width=\"338\" height=\"492\" srcset=\"https:\/\/art-badkrozingen.de\/wp-content\/uploads\/2019\/10\/20181101_153356_resized.jpg 1389w, https:\/\/art-badkrozingen.de\/wp-content\/uploads\/2019\/10\/20181101_153356_resized-206x300.jpg 206w, https:\/\/art-badkrozingen.de\/wp-content\/uploads\/2019\/10\/20181101_153356_resized-768x1117.jpg 768w, https:\/\/art-badkrozingen.de\/wp-content\/uploads\/2019\/10\/20181101_153356_resized-704x1024.jpg 704w\" sizes=\"(max-width: 338px) 100vw, 338px\" \/> <img loading=\"lazy\" class=\"wp-image-3175 alignnone\" src=\"https:\/\/art-badkrozingen.de\/wp-content\/uploads\/2019\/10\/20181101_152841_resized.jpg\" alt=\"\" width=\"365\" height=\"487\" srcset=\"https:\/\/art-badkrozingen.de\/wp-content\/uploads\/2019\/10\/20181101_152841_resized.jpg 1365w, https:\/\/art-badkrozingen.de\/wp-content\/uploads\/2019\/10\/20181101_152841_resized-224x300.jpg 224w, https:\/\/art-badkrozingen.de\/wp-content\/uploads\/2019\/10\/20181101_152841_resized-768x1027.jpg 768w, https:\/\/art-badkrozingen.de\/wp-content\/uploads\/2019\/10\/20181101_152841_resized-766x1024.jpg 766w\" sizes=\"(max-width: 365px) 100vw, 365px\" \/>&nbsp;<img loading=\"lazy\" class=\"wp-image-3177 alignleft\" src=\"https:\/\/art-badkrozingen.de\/wp-content\/uploads\/2019\/10\/816314781_received_556698871436844_76457.jpeg\" alt=\"\" width=\"365\" height=\"486\" srcset=\"https:\/\/art-badkrozingen.de\/wp-content\/uploads\/2019\/10\/816314781_received_556698871436844_76457.jpeg 720w, https:\/\/art-badkrozingen.de\/wp-content\/uploads\/2019\/10\/816314781_received_556698871436844_76457-225x300.jpeg 225w\" sizes=\"(max-width: 365px) 100vw, 365px\" \/>&nbsp;<img loading=\"lazy\" class=\"wp-image-3575 alignnone\" src=\"https:\/\/art-badkrozingen.de\/wp-content\/uploads\/2020\/06\/Bedrohung.jpg\" alt=\"\" width=\"383\" height=\"479\" srcset=\"https:\/\/art-badkrozingen.de\/wp-content\/uploads\/2020\/06\/Bedrohung.jpg 1080w, https:\/\/art-badkrozingen.de\/wp-content\/uploads\/2020\/06\/Bedrohung-240x300.jpg 240w, https:\/\/art-badkrozingen.de\/wp-content\/uploads\/2020\/06\/Bedrohung-768x959.jpg 768w, https:\/\/art-badkrozingen.de\/wp-content\/uploads\/2020\/06\/Bedrohung-820x1024.jpg 820w\" sizes=\"(max-width: 383px) 100vw, 383px\" \/> <img loading=\"lazy\" class=\"wp-image-3574 alignleft\" src=\"https:\/\/art-badkrozingen.de\/wp-content\/uploads\/2020\/06\/Blick-zur\u00fcck-50-x-70-cm.jpg\" alt=\"\" width=\"776\" height=\"560\"><\/p>\n<p>&nbsp;<\/p>\n<p>&nbsp;<\/p>\n<h4>&nbsp;<\/h4>\n","protected":false},"excerpt":{"rendered":"<p>Malerei und Grafik Die 1963 in Albstadt geborene K\u00fcnstlerin Ute Rieder begeisterte sich bereits als Kind f\u00fcr Farben und Formen. Besonders die Formen des flie\u00dfenden Wassers sowie die Farben und Formen der Blumen bezauberten sie. Auch die Kalligraphie der alten B\u00fccher pr\u00e4gte sie. Sp\u00e4ter, im Gymnasium,&nbsp; begann sie w\u00e4hrend des Unterrichts Kritzelbilder mit Tuschestift zu [&hellip;]<\/p>\n","protected":false},"author":1,"featured_media":0,"parent":0,"menu_order":0,"comment_status":"closed","ping_status":"closed","template":"","meta":{"ngg_post_thumbnail":0},"_links":{"self":[{"href":"https:\/\/art-badkrozingen.de\/index.php?rest_route=\/wp\/v2\/pages\/672"}],"collection":[{"href":"https:\/\/art-badkrozingen.de\/index.php?rest_route=\/wp\/v2\/pages"}],"about":[{"href":"https:\/\/art-badkrozingen.de\/index.php?rest_route=\/wp\/v2\/types\/page"}],"author":[{"embeddable":true,"href":"https:\/\/art-badkrozingen.de\/index.php?rest_route=\/wp\/v2\/users\/1"}],"replies":[{"embeddable":true,"href":"https:\/\/art-badkrozingen.de\/index.php?rest_route=%2Fwp%2Fv2%2Fcomments&post=672"}],"version-history":[{"count":27,"href":"https:\/\/art-badkrozingen.de\/index.php?rest_route=\/wp\/v2\/pages\/672\/revisions"}],"predecessor-version":[{"id":6985,"href":"https:\/\/art-badkrozingen.de\/index.php?rest_route=\/wp\/v2\/pages\/672\/revisions\/6985"}],"wp:attachment":[{"href":"https:\/\/art-badkrozingen.de\/index.php?rest_route=%2Fwp%2Fv2%2Fmedia&parent=672"}],"curies":[{"name":"wp","href":"https:\/\/api.w.org\/{rel}","templated":true}]}}