{"id":7309,"date":"2025-10-28T16:43:38","date_gmt":"2025-10-28T16:43:38","guid":{"rendered":"https:\/\/art-badkrozingen.de\/?page_id=7309"},"modified":"2025-10-29T15:54:35","modified_gmt":"2025-10-29T15:54:35","slug":"heike-franzenburg","status":"publish","type":"page","link":"https:\/\/art-badkrozingen.de\/?page_id=7309","title":{"rendered":"Heike Franzenburg"},"content":{"rendered":"<h4>Malerei: Acryl und Spachteltechnik<\/h4>\n<p><img loading=\"lazy\" class=\"wp-image-7329 alignleft\" src=\"https:\/\/art-badkrozingen.de\/wp-content\/uploads\/2025\/10\/Heike-1.jpg\" alt=\"\" width=\"253\" height=\"183\" srcset=\"https:\/\/art-badkrozingen.de\/wp-content\/uploads\/2025\/10\/Heike-1.jpg 2048w, https:\/\/art-badkrozingen.de\/wp-content\/uploads\/2025\/10\/Heike-1-300x218.jpg 300w, https:\/\/art-badkrozingen.de\/wp-content\/uploads\/2025\/10\/Heike-1-1024x743.jpg 1024w, https:\/\/art-badkrozingen.de\/wp-content\/uploads\/2025\/10\/Heike-1-768x557.jpg 768w, https:\/\/art-badkrozingen.de\/wp-content\/uploads\/2025\/10\/Heike-1-1536x1114.jpg 1536w\" sizes=\"(max-width: 253px) 100vw, 253px\" \/><\/p>\n<p>Ich wurde 1963 in Kiel geboren und lebe seit 1996 in Auggen. Schon immer sprudelten in mir Fantasie und viele Ideen, und das Kind in mir ist bis heute lebendig geblieben. Die Malerei bereitete mir bereits in der Schulzeit gro\u00dfe Freunde, dennoch entschied ich mich f\u00fcr einen kaufm\u00e4nnischen Beruf. Ich absolvierte eine Ausbildung zur Rechtsanwalts- und Notargehilfin und machte mich 1997 mit einem eigenen Schreibb\u00fcro selbst\u00e4ndig.&nbsp;Im Dezember 2020, w\u00e4hrend der Corona-Pandemie, erwachte meine Leidenschaft f\u00fcr die Malerei erneut. Mir fehlten Farben in meinem Leben. Also kaufte ich Leinw\u00e4nde, Acrylfarben und andere Materialien und legte los.&nbsp;Mein erstes Bild \u201eWild Flowers\u201c gefiel mir und anderen so gut, dass ich Lust auf mehr bekam.<\/p>\n<p>Zwischenzeitlich habe ich ca. 35 Bilder mit Acryl- u. Spachteltechnik auf verschiedenen Formaten (z. B. 50 x 70 cm, 40 x 40 cm, 80 x 60 cm, 60 x 40 cm, 30 x 40 cm) erstellt.&nbsp;Durch meine Kreativit\u00e4t habe ich neue Lebensfreude gewonnen.&nbsp;Meine Werke entstehen aus Lieblingsfarben, Strukturen, Formen und viel Energie. Jedes Bild entsteht spontan und erh\u00e4lt durch das Spiel mit Farben, Formen und Strukturmaterialien einen einzigartigen Charakter.<\/p>\n<p><!-- index.php -->\n<div\n\tclass=\"ngg-galleryoverview ngg-ajax-pagination-none\"\n\tid=\"ngg-gallery-ae852f67aa410b832696300f17ba8566-1\">\n\n    \t<div class=\"slideshowlink\">\n        <a href='https:\/\/art-badkrozingen.de\/index.php\/nggallery\/slideshow?page_id=7309'>[Zeige eine Slideshow]<\/a>\n\t\t\n\t<\/div>\n\t\t\t<!-- Thumbnails -->\n\t\t\t\t<div id=\"ngg-image-0\" class=\"ngg-gallery-thumbnail-box\" >\n\t\t\t\t        <div class=\"ngg-gallery-thumbnail\">\n            <a href=\"https:\/\/art-badkrozingen.de\/wp-content\/gallery\/heike-franzenburg\/Creation-3-30x40cm.jpg\"\n               title=\"\"\n               data-src=\"https:\/\/art-badkrozingen.de\/wp-content\/gallery\/heike-franzenburg\/Creation-3-30x40cm.jpg\"\n               data-thumbnail=\"https:\/\/art-badkrozingen.de\/wp-content\/gallery\/heike-franzenburg\/thumbs\/thumbs_Creation-3-30x40cm.jpg\"\n               data-image-id=\"1805\"\n               data-title=\"Creation-3-30x40cm\"\n               data-description=\"\"\n               data-image-slug=\"creation-3-30x40cm\"\n               class=\"ngg-fancybox\" rel=\"ae852f67aa410b832696300f17ba8566\">\n                <img\n                    title=\"Creation-3-30x40cm\"\n                    alt=\"Creation-3-30x40cm\"\n                    src=\"https:\/\/art-badkrozingen.de\/wp-content\/gallery\/heike-franzenburg\/thumbs\/thumbs_Creation-3-30x40cm.jpg\"\n                    width=\"200\"\n                    height=\"155\"\n                    style=\"max-width:100%;\"\n                \/>\n            <\/a>\n        <\/div>\n\t\t\t\t\t\t\t<\/div> \n\t\t\t\n        \n\t\t\t\t<div id=\"ngg-image-1\" class=\"ngg-gallery-thumbnail-box\" >\n\t\t\t\t        <div class=\"ngg-gallery-thumbnail\">\n            <a href=\"https:\/\/art-badkrozingen.de\/wp-content\/gallery\/heike-franzenburg\/Creations-5-15-30-x-40-cm.jpg\"\n               title=\"\"\n               data-src=\"https:\/\/art-badkrozingen.de\/wp-content\/gallery\/heike-franzenburg\/Creations-5-15-30-x-40-cm.jpg\"\n               data-thumbnail=\"https:\/\/art-badkrozingen.de\/wp-content\/gallery\/heike-franzenburg\/thumbs\/thumbs_Creations-5-15-30-x-40-cm.jpg\"\n               data-image-id=\"1806\"\n               data-title=\"Creations-5-15-30-x-40-cm\"\n               data-description=\"\"\n               data-image-slug=\"creations-5-15-30-x-40-cm\"\n               class=\"ngg-fancybox\" rel=\"ae852f67aa410b832696300f17ba8566\">\n                <img\n                    title=\"Creations-5-15-30-x-40-cm\"\n                    alt=\"Creations-5-15-30-x-40-cm\"\n                    src=\"https:\/\/art-badkrozingen.de\/wp-content\/gallery\/heike-franzenburg\/thumbs\/thumbs_Creations-5-15-30-x-40-cm.jpg\"\n                    width=\"200\"\n                    height=\"155\"\n                    style=\"max-width:100%;\"\n                \/>\n            <\/a>\n        <\/div>\n\t\t\t\t\t\t\t<\/div> \n\t\t\t\n        \n\t\t\t\t<div id=\"ngg-image-2\" class=\"ngg-gallery-thumbnail-box\" >\n\t\t\t\t        <div class=\"ngg-gallery-thumbnail\">\n            <a href=\"https:\/\/art-badkrozingen.de\/wp-content\/gallery\/heike-franzenburg\/Creations-1-30x40-cm.jpg\"\n               title=\"\"\n               data-src=\"https:\/\/art-badkrozingen.de\/wp-content\/gallery\/heike-franzenburg\/Creations-1-30x40-cm.jpg\"\n               data-thumbnail=\"https:\/\/art-badkrozingen.de\/wp-content\/gallery\/heike-franzenburg\/thumbs\/thumbs_Creations-1-30x40-cm.jpg\"\n               data-image-id=\"1807\"\n               data-title=\"Creations-1-30x40-cm\"\n               data-description=\"\"\n               data-image-slug=\"creations-1-30x40-cm\"\n               class=\"ngg-fancybox\" rel=\"ae852f67aa410b832696300f17ba8566\">\n                <img\n                    title=\"Creations-1-30x40-cm\"\n                    alt=\"Creations-1-30x40-cm\"\n                    src=\"https:\/\/art-badkrozingen.de\/wp-content\/gallery\/heike-franzenburg\/thumbs\/thumbs_Creations-1-30x40-cm.jpg\"\n                    width=\"200\"\n                    height=\"155\"\n                    style=\"max-width:100%;\"\n                \/>\n            <\/a>\n        <\/div>\n\t\t\t\t\t\t\t<\/div> \n\t\t\t\n        \n\t\t\t\t<div id=\"ngg-image-3\" class=\"ngg-gallery-thumbnail-box\" >\n\t\t\t\t        <div class=\"ngg-gallery-thumbnail\">\n            <a href=\"https:\/\/art-badkrozingen.de\/wp-content\/gallery\/heike-franzenburg\/Creations-2-30x40cm.jpg\"\n               title=\"\"\n               data-src=\"https:\/\/art-badkrozingen.de\/wp-content\/gallery\/heike-franzenburg\/Creations-2-30x40cm.jpg\"\n               data-thumbnail=\"https:\/\/art-badkrozingen.de\/wp-content\/gallery\/heike-franzenburg\/thumbs\/thumbs_Creations-2-30x40cm.jpg\"\n               data-image-id=\"1808\"\n               data-title=\"Creations-2-30x40cm\"\n               data-description=\"\"\n               data-image-slug=\"creations-2-30x40cm\"\n               class=\"ngg-fancybox\" rel=\"ae852f67aa410b832696300f17ba8566\">\n                <img\n                    title=\"Creations-2-30x40cm\"\n                    alt=\"Creations-2-30x40cm\"\n                    src=\"https:\/\/art-badkrozingen.de\/wp-content\/gallery\/heike-franzenburg\/thumbs\/thumbs_Creations-2-30x40cm.jpg\"\n                    width=\"200\"\n                    height=\"155\"\n                    style=\"max-width:100%;\"\n                \/>\n            <\/a>\n        <\/div>\n\t\t\t\t\t\t\t<\/div> \n\t\t\t\n        \n\t\t\t\t<div id=\"ngg-image-4\" class=\"ngg-gallery-thumbnail-box\" >\n\t\t\t\t        <div class=\"ngg-gallery-thumbnail\">\n            <a href=\"https:\/\/art-badkrozingen.de\/wp-content\/gallery\/heike-franzenburg\/Creation-4-30x40cm.jpg\"\n               title=\"\"\n               data-src=\"https:\/\/art-badkrozingen.de\/wp-content\/gallery\/heike-franzenburg\/Creation-4-30x40cm.jpg\"\n               data-thumbnail=\"https:\/\/art-badkrozingen.de\/wp-content\/gallery\/heike-franzenburg\/thumbs\/thumbs_Creation-4-30x40cm.jpg\"\n               data-image-id=\"1809\"\n               data-title=\"Creation-4-30x40cm\"\n               data-description=\"\"\n               data-image-slug=\"creation-4-30x40cm\"\n               class=\"ngg-fancybox\" rel=\"ae852f67aa410b832696300f17ba8566\">\n                <img\n                    title=\"Creation-4-30x40cm\"\n                    alt=\"Creation-4-30x40cm\"\n                    src=\"https:\/\/art-badkrozingen.de\/wp-content\/gallery\/heike-franzenburg\/thumbs\/thumbs_Creation-4-30x40cm.jpg\"\n                    width=\"200\"\n                    height=\"155\"\n                    style=\"max-width:100%;\"\n                \/>\n            <\/a>\n        <\/div>\n\t\t\t\t\t\t\t<\/div> \n\t\t\t\n        \n\t\t\t\t<div id=\"ngg-image-5\" class=\"ngg-gallery-thumbnail-box\" >\n\t\t\t\t        <div class=\"ngg-gallery-thumbnail\">\n            <a href=\"https:\/\/art-badkrozingen.de\/wp-content\/gallery\/heike-franzenburg\/Korallenchaos-80-x-60-cm.jpg\"\n               title=\"\"\n               data-src=\"https:\/\/art-badkrozingen.de\/wp-content\/gallery\/heike-franzenburg\/Korallenchaos-80-x-60-cm.jpg\"\n               data-thumbnail=\"https:\/\/art-badkrozingen.de\/wp-content\/gallery\/heike-franzenburg\/thumbs\/thumbs_Korallenchaos-80-x-60-cm.jpg\"\n               data-image-id=\"1810\"\n               data-title=\"Korallenchaos-80-x-60-cm\"\n               data-description=\"\"\n               data-image-slug=\"korallenchaos-80-x-60-cm\"\n               class=\"ngg-fancybox\" rel=\"ae852f67aa410b832696300f17ba8566\">\n                <img\n                    title=\"Korallenchaos-80-x-60-cm\"\n                    alt=\"Korallenchaos-80-x-60-cm\"\n                    src=\"https:\/\/art-badkrozingen.de\/wp-content\/gallery\/heike-franzenburg\/thumbs\/thumbs_Korallenchaos-80-x-60-cm.jpg\"\n                    width=\"200\"\n                    height=\"155\"\n                    style=\"max-width:100%;\"\n                \/>\n            <\/a>\n        <\/div>\n\t\t\t\t\t\t\t<\/div> \n\t\t\t\n        \n\t\t\n\t\t<!-- Pagination -->\n\t<div class='ngg-clear'><\/div>\t<\/div>\n<strong>Ausstellungen\/ Zertifikate:<\/strong><\/p>\n<p><em>Januar bis M\u00e4rz 2024: <\/em>Nicoleta Gallery, Berlin; Thomson Gallery, Zug CH, Andakulova Gallery, Dubai&nbsp; UAE; Casa del Arte Gallery, E; Andie Art Gallery, GR, <em>Juni 2025:<\/em> ARTBOXY Premium Event &#8211; Basel CH,&nbsp;<em>Oktober 2025:<\/em> Sulzburg-Laufener Ateliertage<\/p>\n<p>E-Mail: <a href=\"mailto:heikefranzenburg@gmail.com\" target=\"_blank\" rel=\"noopener\">heikefranzenburg@gmail.com<\/a><\/p>\n","protected":false},"excerpt":{"rendered":"<p>Malerei: Acryl und Spachteltechnik Ich wurde 1963 in Kiel geboren und lebe seit 1996 in Auggen. Schon immer sprudelten in mir Fantasie und viele Ideen, und das Kind in mir ist bis heute lebendig geblieben. Die Malerei bereitete mir bereits in der Schulzeit gro\u00dfe Freunde, dennoch entschied ich mich f\u00fcr einen kaufm\u00e4nnischen Beruf. Ich absolvierte [&hellip;]<\/p>\n","protected":false},"author":1,"featured_media":0,"parent":0,"menu_order":0,"comment_status":"closed","ping_status":"closed","template":"","meta":{"ngg_post_thumbnail":0},"_links":{"self":[{"href":"https:\/\/art-badkrozingen.de\/index.php?rest_route=\/wp\/v2\/pages\/7309"}],"collection":[{"href":"https:\/\/art-badkrozingen.de\/index.php?rest_route=\/wp\/v2\/pages"}],"about":[{"href":"https:\/\/art-badkrozingen.de\/index.php?rest_route=\/wp\/v2\/types\/page"}],"author":[{"embeddable":true,"href":"https:\/\/art-badkrozingen.de\/index.php?rest_route=\/wp\/v2\/users\/1"}],"replies":[{"embeddable":true,"href":"https:\/\/art-badkrozingen.de\/index.php?rest_route=%2Fwp%2Fv2%2Fcomments&post=7309"}],"version-history":[{"count":11,"href":"https:\/\/art-badkrozingen.de\/index.php?rest_route=\/wp\/v2\/pages\/7309\/revisions"}],"predecessor-version":[{"id":7330,"href":"https:\/\/art-badkrozingen.de\/index.php?rest_route=\/wp\/v2\/pages\/7309\/revisions\/7330"}],"wp:attachment":[{"href":"https:\/\/art-badkrozingen.de\/index.php?rest_route=%2Fwp%2Fv2%2Fmedia&parent=7309"}],"curies":[{"name":"wp","href":"https:\/\/api.w.org\/{rel}","templated":true}]}}