{"id":78,"date":"2017-08-03T08:12:54","date_gmt":"2017-08-03T08:12:54","guid":{"rendered":"http:\/\/art-badkrozingen.de\/?page_id=78"},"modified":"2025-10-19T15:38:52","modified_gmt":"2025-10-19T15:38:52","slug":"susanne-d-agostini-wurow","status":"publish","type":"page","link":"https:\/\/art-badkrozingen.de\/?page_id=78","title":{"rendered":"Susanne D. Agostini-Wurow"},"content":{"rendered":"<h4>Malerin<img loading=\"lazy\" class=\" wp-image-7044 alignright\" src=\"https:\/\/art-badkrozingen.de\/wp-content\/uploads\/2025\/10\/MG_0480-Auftakt-Vorstellung-Kopie.jpg\" alt=\"\" width=\"287\" height=\"382\" srcset=\"https:\/\/art-badkrozingen.de\/wp-content\/uploads\/2025\/10\/MG_0480-Auftakt-Vorstellung-Kopie.jpg 1772w, https:\/\/art-badkrozingen.de\/wp-content\/uploads\/2025\/10\/MG_0480-Auftakt-Vorstellung-Kopie-225x300.jpg 225w, https:\/\/art-badkrozingen.de\/wp-content\/uploads\/2025\/10\/MG_0480-Auftakt-Vorstellung-Kopie-768x1024.jpg 768w, https:\/\/art-badkrozingen.de\/wp-content\/uploads\/2025\/10\/MG_0480-Auftakt-Vorstellung-Kopie-1152x1536.jpg 1152w, https:\/\/art-badkrozingen.de\/wp-content\/uploads\/2025\/10\/MG_0480-Auftakt-Vorstellung-Kopie-1536x2048.jpg 1536w\" sizes=\"(max-width: 287px) 100vw, 287px\" \/><\/h4>\n<p>&nbsp;<\/p>\n<p>Susanne D. Agostini-Wurow ist als freischaffende K\u00fcnstlerin in ihrem Atelier in Bad Krozingen t\u00e4tig. Ihre Werke pr\u00e4sentieren Ausdruck, Bewegung, Wandel und Leidenschaft! Sie arbeitet mit Vorliebe \u201cAlla Prima\u201d mit Acryl und \u00d6l in Mixed Media auf gro\u00dfen Leinw\u00e4nden in ihrem ganz eigenen Stil. Gerne auch als Auftragsarbeit.<\/p>\n<p><em>In meiner aktuellen Werkreihe setze ich mich mit der Kraft der Hirsche auseinander \u2013 einem uralten Symbol f\u00fcr St\u00e4rke, W\u00fcrde und die Verbindung zwischen Mensch und Natur. Die Hirsche erscheinen in meinen Arbeiten nicht nur als Tiere, sondern als Tr\u00e4ger archetypischer Energie, eingebettet in emotionale Bildr\u00e4ume.<\/em><\/p>\n<p><em>Ich arbeite mit \u00d6l und Acryl auf abstrakten, intuitiv entstandenen Untergr\u00fcnden. Diese Schichten entstehen aus meiner Bewegung und innerem Rhythmus \u2013 sie bilden die Grundlage, auf der die figurativen Elemente auftauchen. Der Hirsch steht dabei f\u00fcr ein Spannungsfeld zwischen Wildheit und Verletzlichkeit, Erdung und Erhabenheit. <\/em><em>Meine Malerei ist ein Versuch, diese Gegens\u00e4tze sichtbar zu machen \u2013 nicht nur in realistischen Darstellungen, sondern als die Idee Kraft und St\u00e4rke in meiner Malart erfahrbar zu machen.<\/em><\/p>\n<p>Webseite: <a href=\"http:\/\/www.body-art-and-soul.de\">www.body-art-and-soul.de<\/a><\/p>\n<!-- index.php -->\n<div\n\tclass=\"ngg-galleryoverview ngg-ajax-pagination-none\"\n\tid=\"ngg-gallery-49bbf0e92d06aca091c0d8b84903af69-1\">\n\n    \t<div class=\"slideshowlink\">\n        <a href='https:\/\/art-badkrozingen.de\/index.php\/nggallery\/slideshow?page_id=78'>[Zeige eine Slideshow]<\/a>\n\t\t\n\t<\/div>\n\t\t\t<!-- Thumbnails -->\n\t\t\t\t<div id=\"ngg-image-0\" class=\"ngg-gallery-thumbnail-box\" >\n\t\t\t\t        <div class=\"ngg-gallery-thumbnail\">\n            <a href=\"https:\/\/art-badkrozingen.de\/wp-content\/gallery\/agostini-wurow\/100x70_2025_510E.jpg\"\n               title=\"\"\n               data-src=\"https:\/\/art-badkrozingen.de\/wp-content\/gallery\/agostini-wurow\/100x70_2025_510E.jpg\"\n               data-thumbnail=\"https:\/\/art-badkrozingen.de\/wp-content\/gallery\/agostini-wurow\/thumbs\/thumbs_100x70_2025_510E.jpg\"\n               data-image-id=\"1603\"\n               data-title=\"100x70_2025_510E\"\n               data-description=\"\"\n               data-image-slug=\"100x70_2025_510e\"\n               class=\"ngg-fancybox\" rel=\"49bbf0e92d06aca091c0d8b84903af69\">\n                <img\n                    title=\"100x70_2025_510E\"\n                    alt=\"100x70_2025_510E\"\n                    src=\"https:\/\/art-badkrozingen.de\/wp-content\/gallery\/agostini-wurow\/thumbs\/thumbs_100x70_2025_510E.jpg\"\n                    width=\"200\"\n                    height=\"155\"\n                    style=\"max-width:100%;\"\n                \/>\n            <\/a>\n        <\/div>\n\t\t\t\t\t\t\t<\/div> \n\t\t\t\n        \n\t\t\t\t<div id=\"ngg-image-1\" class=\"ngg-gallery-thumbnail-box\" >\n\t\t\t\t        <div class=\"ngg-gallery-thumbnail\">\n            <a href=\"https:\/\/art-badkrozingen.de\/wp-content\/gallery\/agostini-wurow\/HIrsch-blau-snipping-tool-batch.jpg\"\n               title=\"\"\n               data-src=\"https:\/\/art-badkrozingen.de\/wp-content\/gallery\/agostini-wurow\/HIrsch-blau-snipping-tool-batch.jpg\"\n               data-thumbnail=\"https:\/\/art-badkrozingen.de\/wp-content\/gallery\/agostini-wurow\/thumbs\/thumbs_HIrsch-blau-snipping-tool-batch.jpg\"\n               data-image-id=\"1604\"\n               data-title=\"HIrsch-blau-snipping-tool-batch\"\n               data-description=\"\"\n               data-image-slug=\"hirsch-blau-snipping-tool-batch\"\n               class=\"ngg-fancybox\" rel=\"49bbf0e92d06aca091c0d8b84903af69\">\n                <img\n                    title=\"HIrsch-blau-snipping-tool-batch\"\n                    alt=\"HIrsch-blau-snipping-tool-batch\"\n                    src=\"https:\/\/art-badkrozingen.de\/wp-content\/gallery\/agostini-wurow\/thumbs\/thumbs_HIrsch-blau-snipping-tool-batch.jpg\"\n                    width=\"200\"\n                    height=\"155\"\n                    style=\"max-width:100%;\"\n                \/>\n            <\/a>\n        <\/div>\n\t\t\t\t\t\t\t<\/div> \n\t\t\t\n        \n\t\t\t\t<div id=\"ngg-image-2\" class=\"ngg-gallery-thumbnail-box\" >\n\t\t\t\t        <div class=\"ngg-gallery-thumbnail\">\n            <a href=\"https:\/\/art-badkrozingen.de\/wp-content\/gallery\/agostini-wurow\/HIRSCH-mit-Bollenhut-und-Uhr-Auftrag-Arda-120x80x4cm.jpg\"\n               title=\"\"\n               data-src=\"https:\/\/art-badkrozingen.de\/wp-content\/gallery\/agostini-wurow\/HIRSCH-mit-Bollenhut-und-Uhr-Auftrag-Arda-120x80x4cm.jpg\"\n               data-thumbnail=\"https:\/\/art-badkrozingen.de\/wp-content\/gallery\/agostini-wurow\/thumbs\/thumbs_HIRSCH-mit-Bollenhut-und-Uhr-Auftrag-Arda-120x80x4cm.jpg\"\n               data-image-id=\"1605\"\n               data-title=\"HIRSCH-mit-Bollenhut-und-Uhr-Auftrag-Arda-120x80x4cm\"\n               data-description=\"\"\n               data-image-slug=\"hirsch-mit-bollenhut-und-uhr-auftrag-arda-120x80x4cm\"\n               class=\"ngg-fancybox\" rel=\"49bbf0e92d06aca091c0d8b84903af69\">\n                <img\n                    title=\"HIRSCH-mit-Bollenhut-und-Uhr-Auftrag-Arda-120x80x4cm\"\n                    alt=\"HIRSCH-mit-Bollenhut-und-Uhr-Auftrag-Arda-120x80x4cm\"\n                    src=\"https:\/\/art-badkrozingen.de\/wp-content\/gallery\/agostini-wurow\/thumbs\/thumbs_HIRSCH-mit-Bollenhut-und-Uhr-Auftrag-Arda-120x80x4cm.jpg\"\n                    width=\"200\"\n                    height=\"155\"\n                    style=\"max-width:100%;\"\n                \/>\n            <\/a>\n        <\/div>\n\t\t\t\t\t\t\t<\/div> \n\t\t\t\n        \n\t\t\t\t<div id=\"ngg-image-3\" class=\"ngg-gallery-thumbnail-box\" >\n\t\t\t\t        <div class=\"ngg-gallery-thumbnail\">\n            <a href=\"https:\/\/art-badkrozingen.de\/wp-content\/gallery\/agostini-wurow\/Hochzeit_Hirsch_Brunft-2021_120x100x19_475Euro.jpg\"\n               title=\"\"\n               data-src=\"https:\/\/art-badkrozingen.de\/wp-content\/gallery\/agostini-wurow\/Hochzeit_Hirsch_Brunft-2021_120x100x19_475Euro.jpg\"\n               data-thumbnail=\"https:\/\/art-badkrozingen.de\/wp-content\/gallery\/agostini-wurow\/thumbs\/thumbs_Hochzeit_Hirsch_Brunft-2021_120x100x19_475Euro.jpg\"\n               data-image-id=\"1607\"\n               data-title=\"Hochzeit_Hirsch_Brunft-2021_120x100x19_475Euro\"\n               data-description=\"\"\n               data-image-slug=\"hochzeit_hirsch_brunft-2021_120x100x19_475euro\"\n               class=\"ngg-fancybox\" rel=\"49bbf0e92d06aca091c0d8b84903af69\">\n                <img\n                    title=\"Hochzeit_Hirsch_Brunft-2021_120x100x19_475Euro\"\n                    alt=\"Hochzeit_Hirsch_Brunft-2021_120x100x19_475Euro\"\n                    src=\"https:\/\/art-badkrozingen.de\/wp-content\/gallery\/agostini-wurow\/thumbs\/thumbs_Hochzeit_Hirsch_Brunft-2021_120x100x19_475Euro.jpg\"\n                    width=\"200\"\n                    height=\"155\"\n                    style=\"max-width:100%;\"\n                \/>\n            <\/a>\n        <\/div>\n\t\t\t\t\t\t\t<\/div> \n\t\t\t\n        \n\t\t\t\t<div id=\"ngg-image-4\" class=\"ngg-gallery-thumbnail-box\" >\n\t\t\t\t        <div class=\"ngg-gallery-thumbnail\">\n            <a href=\"https:\/\/art-badkrozingen.de\/wp-content\/gallery\/agostini-wurow\/PK-Hirsch.jpg\"\n               title=\"\"\n               data-src=\"https:\/\/art-badkrozingen.de\/wp-content\/gallery\/agostini-wurow\/PK-Hirsch.jpg\"\n               data-thumbnail=\"https:\/\/art-badkrozingen.de\/wp-content\/gallery\/agostini-wurow\/thumbs\/thumbs_PK-Hirsch.jpg\"\n               data-image-id=\"1606\"\n               data-title=\"PK-Hirsch\"\n               data-description=\"\"\n               data-image-slug=\"pk-hirsch\"\n               class=\"ngg-fancybox\" rel=\"49bbf0e92d06aca091c0d8b84903af69\">\n                <img\n                    title=\"PK-Hirsch\"\n                    alt=\"PK-Hirsch\"\n                    src=\"https:\/\/art-badkrozingen.de\/wp-content\/gallery\/agostini-wurow\/thumbs\/thumbs_PK-Hirsch.jpg\"\n                    width=\"200\"\n                    height=\"155\"\n                    style=\"max-width:100%;\"\n                \/>\n            <\/a>\n        <\/div>\n\t\t\t\t\t\t\t<\/div> \n\t\t\t\n        \n\t\t\n\t\t<!-- Pagination -->\n\t<div class='ngg-clear'><\/div>\t<\/div>\n\n<h4>&nbsp;<\/h4>\n<p>&nbsp;<\/p>\n<p>&nbsp;<\/p>\n<p>&nbsp;<\/p>\n<p>&nbsp;<\/p>\n","protected":false},"excerpt":{"rendered":"<p>Malerin &nbsp; Susanne D. Agostini-Wurow ist als freischaffende K\u00fcnstlerin in ihrem Atelier in Bad Krozingen t\u00e4tig. Ihre Werke pr\u00e4sentieren Ausdruck, Bewegung, Wandel und Leidenschaft! Sie arbeitet mit Vorliebe \u201cAlla Prima\u201d mit Acryl und \u00d6l in Mixed Media auf gro\u00dfen Leinw\u00e4nden in ihrem ganz eigenen Stil. Gerne auch als Auftragsarbeit. In meiner aktuellen Werkreihe setze ich [&hellip;]<\/p>\n","protected":false},"author":1,"featured_media":0,"parent":0,"menu_order":0,"comment_status":"closed","ping_status":"closed","template":"","meta":{"ngg_post_thumbnail":0},"_links":{"self":[{"href":"https:\/\/art-badkrozingen.de\/index.php?rest_route=\/wp\/v2\/pages\/78"}],"collection":[{"href":"https:\/\/art-badkrozingen.de\/index.php?rest_route=\/wp\/v2\/pages"}],"about":[{"href":"https:\/\/art-badkrozingen.de\/index.php?rest_route=\/wp\/v2\/types\/page"}],"author":[{"embeddable":true,"href":"https:\/\/art-badkrozingen.de\/index.php?rest_route=\/wp\/v2\/users\/1"}],"replies":[{"embeddable":true,"href":"https:\/\/art-badkrozingen.de\/index.php?rest_route=%2Fwp%2Fv2%2Fcomments&post=78"}],"version-history":[{"count":32,"href":"https:\/\/art-badkrozingen.de\/index.php?rest_route=\/wp\/v2\/pages\/78\/revisions"}],"predecessor-version":[{"id":7055,"href":"https:\/\/art-badkrozingen.de\/index.php?rest_route=\/wp\/v2\/pages\/78\/revisions\/7055"}],"wp:attachment":[{"href":"https:\/\/art-badkrozingen.de\/index.php?rest_route=%2Fwp%2Fv2%2Fmedia&parent=78"}],"curies":[{"name":"wp","href":"https:\/\/api.w.org\/{rel}","templated":true}]}}